{"id":894,"date":"2026-03-03T14:35:05","date_gmt":"2026-03-03T13:35:05","guid":{"rendered":"https:\/\/ajc33.com\/?page_id=894"},"modified":"2026-03-03T14:38:01","modified_gmt":"2026-03-03T13:38:01","slug":"pourim-sameah","status":"publish","type":"page","link":"https:\/\/ajc33.com\/index.php\/pourim-sameah\/","title":{"rendered":"Pourim Samea&rsquo;h"},"content":{"rendered":"\n<blockquote class=\"wp-block-quote is-layout-flow wp-block-quote-is-layout-flow\">\n<p>Hag Pourim Samea&rsquo;h<\/p>\n\n\n\n<p>Bonne f\u00eate de Pourim pour tous les Juifs de la communaut\u00e9 de Bordeaux. Le commandement de Pourim est d&rsquo;abord la Joie, celle qui est v\u00e9cue dans la confiance du lien entre l&rsquo;Eternel et le peuple d&rsquo;Isra\u00ebl. Cette joie est aujourd&rsquo;hui confront\u00e9e \u00e0 l&rsquo;\u00e9preuve dramatique que vivent les Isra\u00e9liens et les Juifs de mani\u00e8re plus g\u00e9n\u00e9rale. Bien s\u00fbr , on ne peut que faire un rapprochement entre la tentative d&rsquo;extermination du peuple juif voulue par le sinistre Haman qui a eu lieu sur la terre de l&rsquo;Iran actuel et ce qui est en train de se d\u00e9rouler.<\/p>\n\n\n\n<p>L&rsquo;Eternel n&rsquo;a pas abandonn\u00e9 son peuple , m\u00eame s&rsquo;il n&rsquo;appara\u00eet pas dans le Livre d&rsquo;Esther lu dans la f\u00eate de Pourim.<\/p>\n\n\n\n<p>Que l&rsquo;Eternel prot\u00e8ge nos fr\u00e8res juifs et que la paix entre les nations reprenne rapidement ses droits.<\/p>\n\n\n\n<p>Philippe Leruste<\/p>\n\n\n\n<p>Vice-pr\u00e9sident de l&rsquo;Amiti\u00e9 jud\u00e9o-chr\u00e9tienne de France&nbsp;<\/p>\n\n\n\n<p>D\u00e9l\u00e9gu\u00e9 \u00e9piscopal pour les relations avec le Judaisme<\/p>\n\n\n\n<p>Ci-joint les voeux de Pourim de JD Durand , pr\u00e9sident de l&rsquo;Amiti\u00e9 jud\u00e9o-chr\u00e9tienne de France<\/p>\n\n\n\n<p><strong>Pourim 5786<\/strong><\/p>\n\n\n\n<p>Alors que les juifs du monde entier s\u2019appr\u00eatent \u00e0 c\u00e9l\u00e9brer la f\u00eate de Pourim, ce Mardi 3 Mars 2026, pr\u00e9c\u00e9d\u00e9e du je\u00fbne d\u2019Esther le 2 mars, l&rsquo;actualit\u00e9 en Isra\u00ebl et en Iran nous rappelle que l&rsquo;antisionisme et la volont\u00e9 de destruction d&rsquo;Isra\u00ebl sont toujours bien pr\u00e9sents. Il faut relire la Meguilah d&rsquo;Esther car elle est d&rsquo;actualit\u00e9. Sa lecture nous enseigne que les Isra\u00e9liens, les juifs sont encore et toujours les cibles et les boucs \u00e9missaires comme au temps du roi Assu\u00e9rus. Sa lecture est importante car elle nous enseigne que le projet d&rsquo;extermination du peuple juif par Haman a \u00e9chou\u00e9. La victoire de la reine Esther nous invite au courage et \u00e0 l&rsquo;esp\u00e9rance en d\u00e9pit de cette volont\u00e9 de destruction s&rsquo;exprimant par un antisionisme et un anti-isra\u00e9lisme qui se r\u00e9pand jusqu&rsquo;en France.<br>&nbsp;<\/p>\n\n\n\n<p>\u00ab\u00a0Pourim Same&rsquo;ah\u00a0\u00bb<\/p>\n\n\n\n<p>Jean-Dominique Durand-Pr\u00e9sident de l&rsquo;Amiti\u00e9 jud\u00e9o-chr\u00e9tienne de France<\/p>\n<\/blockquote>\n\n\n\n<figure class=\"wp-block-image size-full\"><img loading=\"lazy\" decoding=\"async\" width=\"259\" height=\"194\" src=\"https:\/\/ajc33.com\/wp-content\/uploads\/2026\/03\/pourim.jpg\" alt=\"\" class=\"wp-image-897\"\/><\/figure>\n","protected":false},"excerpt":{"rendered":"<p>Hag Pourim Samea&rsquo;h Bonne f\u00eate de Pourim pour tous les Juifs de la communaut\u00e9 de Bordeaux. Le commandement de Pourim est d&rsquo;abord la Joie, celle qui est v\u00e9cue dans la&hellip; <a href=\"https:\/\/ajc33.com\/index.php\/pourim-sameah\/\" class=\"more-link\">Lire la suite <span class=\"screen-reader-text\">Pourim Samea&rsquo;h<\/span><\/a><\/p>\n","protected":false},"author":1,"featured_media":0,"parent":0,"menu_order":0,"comment_status":"closed","ping_status":"closed","template":"","meta":{"footnotes":""},"tags":[],"class_list":["post-894","page","type-page","status-publish","hentry","without-featured-image"],"yoast_head":"<!-- This site is optimized with the Yoast SEO plugin v26.6 - https:\/\/yoast.com\/wordpress\/plugins\/seo\/ -->\n<title>Pourim Samea&#039;h - L&#039;amiti\u00e9 Jud\u00e9o-Chr\u00e9tienne de Bordeaux<\/title>\n<meta name=\"robots\" content=\"index, follow, max-snippet:-1, max-image-preview:large, max-video-preview:-1\" \/>\n<link rel=\"canonical\" href=\"https:\/\/ajc33.com\/index.php\/pourim-sameah\/\" \/>\n<meta property=\"og:locale\" content=\"fr_FR\" \/>\n<meta property=\"og:type\" content=\"article\" \/>\n<meta property=\"og:title\" content=\"Pourim Samea&#039;h - L&#039;amiti\u00e9 Jud\u00e9o-Chr\u00e9tienne de Bordeaux\" \/>\n<meta property=\"og:description\" content=\"Hag Pourim Samea&rsquo;h Bonne f\u00eate de Pourim pour tous les Juifs de la communaut\u00e9 de Bordeaux. Le commandement de Pourim est d&rsquo;abord la Joie, celle qui est v\u00e9cue dans la&hellip; Lire la suite Pourim Samea&rsquo;h\" \/>\n<meta property=\"og:url\" content=\"https:\/\/ajc33.com\/index.php\/pourim-sameah\/\" \/>\n<meta property=\"og:site_name\" content=\"L&#039;amiti\u00e9 Jud\u00e9o-Chr\u00e9tienne de Bordeaux\" \/>\n<meta property=\"article:modified_time\" content=\"2026-03-03T13:38:01+00:00\" \/>\n<meta property=\"og:image\" content=\"https:\/\/ajc33.com\/wp-content\/uploads\/2026\/03\/pourim.jpg\" \/>\n\t<meta property=\"og:image:width\" content=\"259\" \/>\n\t<meta property=\"og:image:height\" content=\"194\" \/>\n\t<meta property=\"og:image:type\" content=\"image\/jpeg\" \/>\n<meta name=\"twitter:card\" content=\"summary_large_image\" \/>\n<meta name=\"twitter:label1\" content=\"Dur\u00e9e de lecture estim\u00e9e\" \/>\n\t<meta name=\"twitter:data1\" content=\"1 minute\" \/>\n<script type=\"application\/ld+json\" class=\"yoast-schema-graph\">{\"@context\":\"https:\/\/schema.org\",\"@graph\":[{\"@type\":\"WebPage\",\"@id\":\"https:\/\/ajc33.com\/index.php\/pourim-sameah\/\",\"url\":\"https:\/\/ajc33.com\/index.php\/pourim-sameah\/\",\"name\":\"Pourim Samea'h - L&#039;amiti\u00e9 Jud\u00e9o-Chr\u00e9tienne de Bordeaux\",\"isPartOf\":{\"@id\":\"https:\/\/ajc33.com\/#website\"},\"primaryImageOfPage\":{\"@id\":\"https:\/\/ajc33.com\/index.php\/pourim-sameah\/#primaryimage\"},\"image\":{\"@id\":\"https:\/\/ajc33.com\/index.php\/pourim-sameah\/#primaryimage\"},\"thumbnailUrl\":\"https:\/\/ajc33.com\/wp-content\/uploads\/2026\/03\/pourim.jpg\",\"datePublished\":\"2026-03-03T13:35:05+00:00\",\"dateModified\":\"2026-03-03T13:38:01+00:00\",\"breadcrumb\":{\"@id\":\"https:\/\/ajc33.com\/index.php\/pourim-sameah\/#breadcrumb\"},\"inLanguage\":\"fr-FR\",\"potentialAction\":[{\"@type\":\"ReadAction\",\"target\":[\"https:\/\/ajc33.com\/index.php\/pourim-sameah\/\"]}]},{\"@type\":\"ImageObject\",\"inLanguage\":\"fr-FR\",\"@id\":\"https:\/\/ajc33.com\/index.php\/pourim-sameah\/#primaryimage\",\"url\":\"https:\/\/ajc33.com\/wp-content\/uploads\/2026\/03\/pourim.jpg\",\"contentUrl\":\"https:\/\/ajc33.com\/wp-content\/uploads\/2026\/03\/pourim.jpg\",\"width\":259,\"height\":194},{\"@type\":\"BreadcrumbList\",\"@id\":\"https:\/\/ajc33.com\/index.php\/pourim-sameah\/#breadcrumb\",\"itemListElement\":[{\"@type\":\"ListItem\",\"position\":1,\"name\":\"Home\",\"item\":\"https:\/\/ajc33.com\/\"},{\"@type\":\"ListItem\",\"position\":2,\"name\":\"Pourim Samea&rsquo;h\"}]},{\"@type\":\"WebSite\",\"@id\":\"https:\/\/ajc33.com\/#website\",\"url\":\"https:\/\/ajc33.com\/\",\"name\":\"L&#039;amiti\u00e9 Jud\u00e9o-Chr\u00e9tienne de Bordeaux\",\"description\":\"\",\"publisher\":{\"@id\":\"https:\/\/ajc33.com\/#organization\"},\"potentialAction\":[{\"@type\":\"SearchAction\",\"target\":{\"@type\":\"EntryPoint\",\"urlTemplate\":\"https:\/\/ajc33.com\/?s={search_term_string}\"},\"query-input\":{\"@type\":\"PropertyValueSpecification\",\"valueRequired\":true,\"valueName\":\"search_term_string\"}}],\"inLanguage\":\"fr-FR\"},{\"@type\":\"Organization\",\"@id\":\"https:\/\/ajc33.com\/#organization\",\"name\":\"L&#039;amiti\u00e9 Jud\u00e9o-Chr\u00e9tienne de Bordeaux\",\"url\":\"https:\/\/ajc33.com\/\",\"logo\":{\"@type\":\"ImageObject\",\"inLanguage\":\"fr-FR\",\"@id\":\"https:\/\/ajc33.com\/#\/schema\/logo\/image\/\",\"url\":\"https:\/\/ajc33.com\/wp-content\/uploads\/2018\/03\/cropped-ajc-bod-2.jpg\",\"contentUrl\":\"https:\/\/ajc33.com\/wp-content\/uploads\/2018\/03\/cropped-ajc-bod-2.jpg\",\"width\":200,\"height\":191,\"caption\":\"L&#039;amiti\u00e9 Jud\u00e9o-Chr\u00e9tienne de Bordeaux\"},\"image\":{\"@id\":\"https:\/\/ajc33.com\/#\/schema\/logo\/image\/\"}}]}<\/script>\n<!-- \/ Yoast SEO plugin. -->","yoast_head_json":{"title":"Pourim Samea'h - L&#039;amiti\u00e9 Jud\u00e9o-Chr\u00e9tienne de Bordeaux","robots":{"index":"index","follow":"follow","max-snippet":"max-snippet:-1","max-image-preview":"max-image-preview:large","max-video-preview":"max-video-preview:-1"},"canonical":"https:\/\/ajc33.com\/index.php\/pourim-sameah\/","og_locale":"fr_FR","og_type":"article","og_title":"Pourim Samea'h - L&#039;amiti\u00e9 Jud\u00e9o-Chr\u00e9tienne de Bordeaux","og_description":"Hag Pourim Samea&rsquo;h Bonne f\u00eate de Pourim pour tous les Juifs de la communaut\u00e9 de Bordeaux. Le commandement de Pourim est d&rsquo;abord la Joie, celle qui est v\u00e9cue dans la&hellip; Lire la suite Pourim Samea&rsquo;h","og_url":"https:\/\/ajc33.com\/index.php\/pourim-sameah\/","og_site_name":"L&#039;amiti\u00e9 Jud\u00e9o-Chr\u00e9tienne de Bordeaux","article_modified_time":"2026-03-03T13:38:01+00:00","og_image":[{"width":259,"height":194,"url":"https:\/\/ajc33.com\/wp-content\/uploads\/2026\/03\/pourim.jpg","type":"image\/jpeg"}],"twitter_card":"summary_large_image","twitter_misc":{"Dur\u00e9e de lecture estim\u00e9e":"1 minute"},"schema":{"@context":"https:\/\/schema.org","@graph":[{"@type":"WebPage","@id":"https:\/\/ajc33.com\/index.php\/pourim-sameah\/","url":"https:\/\/ajc33.com\/index.php\/pourim-sameah\/","name":"Pourim Samea'h - L&#039;amiti\u00e9 Jud\u00e9o-Chr\u00e9tienne de Bordeaux","isPartOf":{"@id":"https:\/\/ajc33.com\/#website"},"primaryImageOfPage":{"@id":"https:\/\/ajc33.com\/index.php\/pourim-sameah\/#primaryimage"},"image":{"@id":"https:\/\/ajc33.com\/index.php\/pourim-sameah\/#primaryimage"},"thumbnailUrl":"https:\/\/ajc33.com\/wp-content\/uploads\/2026\/03\/pourim.jpg","datePublished":"2026-03-03T13:35:05+00:00","dateModified":"2026-03-03T13:38:01+00:00","breadcrumb":{"@id":"https:\/\/ajc33.com\/index.php\/pourim-sameah\/#breadcrumb"},"inLanguage":"fr-FR","potentialAction":[{"@type":"ReadAction","target":["https:\/\/ajc33.com\/index.php\/pourim-sameah\/"]}]},{"@type":"ImageObject","inLanguage":"fr-FR","@id":"https:\/\/ajc33.com\/index.php\/pourim-sameah\/#primaryimage","url":"https:\/\/ajc33.com\/wp-content\/uploads\/2026\/03\/pourim.jpg","contentUrl":"https:\/\/ajc33.com\/wp-content\/uploads\/2026\/03\/pourim.jpg","width":259,"height":194},{"@type":"BreadcrumbList","@id":"https:\/\/ajc33.com\/index.php\/pourim-sameah\/#breadcrumb","itemListElement":[{"@type":"ListItem","position":1,"name":"Home","item":"https:\/\/ajc33.com\/"},{"@type":"ListItem","position":2,"name":"Pourim Samea&rsquo;h"}]},{"@type":"WebSite","@id":"https:\/\/ajc33.com\/#website","url":"https:\/\/ajc33.com\/","name":"L&#039;amiti\u00e9 Jud\u00e9o-Chr\u00e9tienne de Bordeaux","description":"","publisher":{"@id":"https:\/\/ajc33.com\/#organization"},"potentialAction":[{"@type":"SearchAction","target":{"@type":"EntryPoint","urlTemplate":"https:\/\/ajc33.com\/?s={search_term_string}"},"query-input":{"@type":"PropertyValueSpecification","valueRequired":true,"valueName":"search_term_string"}}],"inLanguage":"fr-FR"},{"@type":"Organization","@id":"https:\/\/ajc33.com\/#organization","name":"L&#039;amiti\u00e9 Jud\u00e9o-Chr\u00e9tienne de Bordeaux","url":"https:\/\/ajc33.com\/","logo":{"@type":"ImageObject","inLanguage":"fr-FR","@id":"https:\/\/ajc33.com\/#\/schema\/logo\/image\/","url":"https:\/\/ajc33.com\/wp-content\/uploads\/2018\/03\/cropped-ajc-bod-2.jpg","contentUrl":"https:\/\/ajc33.com\/wp-content\/uploads\/2018\/03\/cropped-ajc-bod-2.jpg","width":200,"height":191,"caption":"L&#039;amiti\u00e9 Jud\u00e9o-Chr\u00e9tienne de Bordeaux"},"image":{"@id":"https:\/\/ajc33.com\/#\/schema\/logo\/image\/"}}]}},"jetpack_sharing_enabled":true,"_links":{"self":[{"href":"https:\/\/ajc33.com\/index.php\/wp-json\/wp\/v2\/pages\/894","targetHints":{"allow":["GET"]}}],"collection":[{"href":"https:\/\/ajc33.com\/index.php\/wp-json\/wp\/v2\/pages"}],"about":[{"href":"https:\/\/ajc33.com\/index.php\/wp-json\/wp\/v2\/types\/page"}],"author":[{"embeddable":true,"href":"https:\/\/ajc33.com\/index.php\/wp-json\/wp\/v2\/users\/1"}],"replies":[{"embeddable":true,"href":"https:\/\/ajc33.com\/index.php\/wp-json\/wp\/v2\/comments?post=894"}],"version-history":[{"count":2,"href":"https:\/\/ajc33.com\/index.php\/wp-json\/wp\/v2\/pages\/894\/revisions"}],"predecessor-version":[{"id":898,"href":"https:\/\/ajc33.com\/index.php\/wp-json\/wp\/v2\/pages\/894\/revisions\/898"}],"wp:attachment":[{"href":"https:\/\/ajc33.com\/index.php\/wp-json\/wp\/v2\/media?parent=894"}],"wp:term":[{"taxonomy":"post_tag","embeddable":true,"href":"https:\/\/ajc33.com\/index.php\/wp-json\/wp\/v2\/tags?post=894"}],"curies":[{"name":"wp","href":"https:\/\/api.w.org\/{rel}","templated":true}]}}