{"id":889,"date":"2026-02-28T10:11:07","date_gmt":"2026-02-28T09:11:07","guid":{"rendered":"https:\/\/ajc33.com\/?page_id=889"},"modified":"2026-02-28T10:11:08","modified_gmt":"2026-02-28T09:11:08","slug":"changement-de-dates","status":"publish","type":"page","link":"https:\/\/ajc33.com\/","title":{"rendered":"Changement de dates"},"content":{"rendered":"\n<p>Chers amis,<\/p>\n\n\n\n<p><br>En raison de l\u2019arriv\u00e9e il y a seulement quelques jours du nouveau rabbin de Bordeaux, le Rabbin M\u00e9\u00efr KNAFO, nous sommes oblig\u00e9s de reporter notre rencontre autour du shabbat, pr\u00e9vue initialement le 12 mars.<\/p>\n\n\n\n<p><br>Notre rencontre aura lieu en d\u00e9finitive les 23 et 24 avril. Le 23 avril en soir\u00e9e, le Rabbin KNAFO prononcera \u00e0 la Synagogue une conf\u00e9rence sur les significations et les pratiques du shabbat. Le 24 avril apr\u00e8s-midi sera organis\u00e9e une visite comment\u00e9e de la Synagogue et ensuite nous aurons la possibilit\u00e9 de participer \u00e0 l\u2019office de shabbat du vendredi soir.<\/p>\n\n\n\n<p><br>Des informations plus pr\u00e9cises vous seront donn\u00e9es prochainement, mais vous pouvez d\u00e9j\u00e0 retenir la date de cette rencontre qui promet d\u2019\u00eatre d\u2019un tr\u00e8s grand int\u00e9r\u00eat.<\/p>\n\n\n\n<p>Bien fraternellement<\/p>\n\n\n\n<p>Philippe Leruste<\/p>\n","protected":false},"excerpt":{"rendered":"<p>Chers amis, En raison de l\u2019arriv\u00e9e il y a seulement quelques jours du nouveau rabbin de Bordeaux, le Rabbin M\u00e9\u00efr KNAFO, nous sommes oblig\u00e9s de reporter notre rencontre autour du&hellip; <a href=\"https:\/\/ajc33.com\/\" class=\"more-link\">Lire la suite <span class=\"screen-reader-text\">Changement de dates<\/span><\/a><\/p>\n","protected":false},"author":1,"featured_media":0,"parent":0,"menu_order":0,"comment_status":"closed","ping_status":"closed","template":"","meta":{"footnotes":""},"tags":[],"class_list":["post-889","page","type-page","status-publish","hentry","without-featured-image"],"yoast_head":"<!-- This site is optimized with the Yoast SEO plugin v26.6 - https:\/\/yoast.com\/wordpress\/plugins\/seo\/ -->\n<title>Changement de dates - L&#039;amiti\u00e9 Jud\u00e9o-Chr\u00e9tienne de Bordeaux<\/title>\n<meta name=\"robots\" content=\"index, follow, max-snippet:-1, max-image-preview:large, max-video-preview:-1\" \/>\n<link rel=\"canonical\" href=\"https:\/\/ajc33.com\/\" \/>\n<meta property=\"og:locale\" content=\"fr_FR\" \/>\n<meta property=\"og:type\" content=\"article\" \/>\n<meta property=\"og:title\" content=\"Changement de dates - L&#039;amiti\u00e9 Jud\u00e9o-Chr\u00e9tienne de Bordeaux\" \/>\n<meta property=\"og:description\" content=\"Chers amis, En raison de l\u2019arriv\u00e9e il y a seulement quelques jours du nouveau rabbin de Bordeaux, le Rabbin M\u00e9\u00efr KNAFO, nous sommes oblig\u00e9s de reporter notre rencontre autour du&hellip; Lire la suite Changement de dates\" \/>\n<meta property=\"og:url\" content=\"https:\/\/ajc33.com\/\" \/>\n<meta property=\"og:site_name\" content=\"L&#039;amiti\u00e9 Jud\u00e9o-Chr\u00e9tienne de Bordeaux\" \/>\n<meta property=\"article:modified_time\" content=\"2026-02-28T09:11:08+00:00\" \/>\n<meta name=\"twitter:card\" content=\"summary_large_image\" \/>\n<meta name=\"twitter:label1\" content=\"Dur\u00e9e de lecture estim\u00e9e\" \/>\n\t<meta name=\"twitter:data1\" content=\"1 minute\" \/>\n<script type=\"application\/ld+json\" class=\"yoast-schema-graph\">{\"@context\":\"https:\/\/schema.org\",\"@graph\":[{\"@type\":\"WebPage\",\"@id\":\"https:\/\/ajc33.com\/\",\"url\":\"https:\/\/ajc33.com\/\",\"name\":\"Changement de dates - L&#039;amiti\u00e9 Jud\u00e9o-Chr\u00e9tienne de Bordeaux\",\"isPartOf\":{\"@id\":\"https:\/\/ajc33.com\/#website\"},\"datePublished\":\"2026-02-28T09:11:07+00:00\",\"dateModified\":\"2026-02-28T09:11:08+00:00\",\"breadcrumb\":{\"@id\":\"https:\/\/ajc33.com\/#breadcrumb\"},\"inLanguage\":\"fr-FR\",\"potentialAction\":[{\"@type\":\"ReadAction\",\"target\":[\"https:\/\/ajc33.com\/\"]}]},{\"@type\":\"BreadcrumbList\",\"@id\":\"https:\/\/ajc33.com\/#breadcrumb\",\"itemListElement\":[{\"@type\":\"ListItem\",\"position\":1,\"name\":\"Home\",\"item\":\"https:\/\/ajc33.com\/\"},{\"@type\":\"ListItem\",\"position\":2,\"name\":\"Changement de dates\"}]},{\"@type\":\"WebSite\",\"@id\":\"https:\/\/ajc33.com\/#website\",\"url\":\"https:\/\/ajc33.com\/\",\"name\":\"L&#039;amiti\u00e9 Jud\u00e9o-Chr\u00e9tienne de Bordeaux\",\"description\":\"\",\"publisher\":{\"@id\":\"https:\/\/ajc33.com\/#organization\"},\"potentialAction\":[{\"@type\":\"SearchAction\",\"target\":{\"@type\":\"EntryPoint\",\"urlTemplate\":\"https:\/\/ajc33.com\/?s={search_term_string}\"},\"query-input\":{\"@type\":\"PropertyValueSpecification\",\"valueRequired\":true,\"valueName\":\"search_term_string\"}}],\"inLanguage\":\"fr-FR\"},{\"@type\":\"Organization\",\"@id\":\"https:\/\/ajc33.com\/#organization\",\"name\":\"L&#039;amiti\u00e9 Jud\u00e9o-Chr\u00e9tienne de Bordeaux\",\"url\":\"https:\/\/ajc33.com\/\",\"logo\":{\"@type\":\"ImageObject\",\"inLanguage\":\"fr-FR\",\"@id\":\"https:\/\/ajc33.com\/#\/schema\/logo\/image\/\",\"url\":\"https:\/\/ajc33.com\/wp-content\/uploads\/2018\/03\/cropped-ajc-bod-2.jpg\",\"contentUrl\":\"https:\/\/ajc33.com\/wp-content\/uploads\/2018\/03\/cropped-ajc-bod-2.jpg\",\"width\":200,\"height\":191,\"caption\":\"L&#039;amiti\u00e9 Jud\u00e9o-Chr\u00e9tienne de Bordeaux\"},\"image\":{\"@id\":\"https:\/\/ajc33.com\/#\/schema\/logo\/image\/\"}}]}<\/script>\n<!-- \/ Yoast SEO plugin. -->","yoast_head_json":{"title":"Changement de dates - L&#039;amiti\u00e9 Jud\u00e9o-Chr\u00e9tienne de Bordeaux","robots":{"index":"index","follow":"follow","max-snippet":"max-snippet:-1","max-image-preview":"max-image-preview:large","max-video-preview":"max-video-preview:-1"},"canonical":"https:\/\/ajc33.com\/","og_locale":"fr_FR","og_type":"article","og_title":"Changement de dates - L&#039;amiti\u00e9 Jud\u00e9o-Chr\u00e9tienne de Bordeaux","og_description":"Chers amis, En raison de l\u2019arriv\u00e9e il y a seulement quelques jours du nouveau rabbin de Bordeaux, le Rabbin M\u00e9\u00efr KNAFO, nous sommes oblig\u00e9s de reporter notre rencontre autour du&hellip; Lire la suite Changement de dates","og_url":"https:\/\/ajc33.com\/","og_site_name":"L&#039;amiti\u00e9 Jud\u00e9o-Chr\u00e9tienne de Bordeaux","article_modified_time":"2026-02-28T09:11:08+00:00","twitter_card":"summary_large_image","twitter_misc":{"Dur\u00e9e de lecture estim\u00e9e":"1 minute"},"schema":{"@context":"https:\/\/schema.org","@graph":[{"@type":"WebPage","@id":"https:\/\/ajc33.com\/","url":"https:\/\/ajc33.com\/","name":"Changement de dates - L&#039;amiti\u00e9 Jud\u00e9o-Chr\u00e9tienne de Bordeaux","isPartOf":{"@id":"https:\/\/ajc33.com\/#website"},"datePublished":"2026-02-28T09:11:07+00:00","dateModified":"2026-02-28T09:11:08+00:00","breadcrumb":{"@id":"https:\/\/ajc33.com\/#breadcrumb"},"inLanguage":"fr-FR","potentialAction":[{"@type":"ReadAction","target":["https:\/\/ajc33.com\/"]}]},{"@type":"BreadcrumbList","@id":"https:\/\/ajc33.com\/#breadcrumb","itemListElement":[{"@type":"ListItem","position":1,"name":"Home","item":"https:\/\/ajc33.com\/"},{"@type":"ListItem","position":2,"name":"Changement de dates"}]},{"@type":"WebSite","@id":"https:\/\/ajc33.com\/#website","url":"https:\/\/ajc33.com\/","name":"L&#039;amiti\u00e9 Jud\u00e9o-Chr\u00e9tienne de Bordeaux","description":"","publisher":{"@id":"https:\/\/ajc33.com\/#organization"},"potentialAction":[{"@type":"SearchAction","target":{"@type":"EntryPoint","urlTemplate":"https:\/\/ajc33.com\/?s={search_term_string}"},"query-input":{"@type":"PropertyValueSpecification","valueRequired":true,"valueName":"search_term_string"}}],"inLanguage":"fr-FR"},{"@type":"Organization","@id":"https:\/\/ajc33.com\/#organization","name":"L&#039;amiti\u00e9 Jud\u00e9o-Chr\u00e9tienne de Bordeaux","url":"https:\/\/ajc33.com\/","logo":{"@type":"ImageObject","inLanguage":"fr-FR","@id":"https:\/\/ajc33.com\/#\/schema\/logo\/image\/","url":"https:\/\/ajc33.com\/wp-content\/uploads\/2018\/03\/cropped-ajc-bod-2.jpg","contentUrl":"https:\/\/ajc33.com\/wp-content\/uploads\/2018\/03\/cropped-ajc-bod-2.jpg","width":200,"height":191,"caption":"L&#039;amiti\u00e9 Jud\u00e9o-Chr\u00e9tienne de Bordeaux"},"image":{"@id":"https:\/\/ajc33.com\/#\/schema\/logo\/image\/"}}]}},"jetpack_sharing_enabled":true,"_links":{"self":[{"href":"https:\/\/ajc33.com\/index.php\/wp-json\/wp\/v2\/pages\/889","targetHints":{"allow":["GET"]}}],"collection":[{"href":"https:\/\/ajc33.com\/index.php\/wp-json\/wp\/v2\/pages"}],"about":[{"href":"https:\/\/ajc33.com\/index.php\/wp-json\/wp\/v2\/types\/page"}],"author":[{"embeddable":true,"href":"https:\/\/ajc33.com\/index.php\/wp-json\/wp\/v2\/users\/1"}],"replies":[{"embeddable":true,"href":"https:\/\/ajc33.com\/index.php\/wp-json\/wp\/v2\/comments?post=889"}],"version-history":[{"count":1,"href":"https:\/\/ajc33.com\/index.php\/wp-json\/wp\/v2\/pages\/889\/revisions"}],"predecessor-version":[{"id":891,"href":"https:\/\/ajc33.com\/index.php\/wp-json\/wp\/v2\/pages\/889\/revisions\/891"}],"wp:attachment":[{"href":"https:\/\/ajc33.com\/index.php\/wp-json\/wp\/v2\/media?parent=889"}],"wp:term":[{"taxonomy":"post_tag","embeddable":true,"href":"https:\/\/ajc33.com\/index.php\/wp-json\/wp\/v2\/tags?post=889"}],"curies":[{"name":"wp","href":"https:\/\/api.w.org\/{rel}","templated":true}]}}