{"id":883,"date":"2026-01-19T14:34:16","date_gmt":"2026-01-19T13:34:16","guid":{"rendered":"https:\/\/ajc33.com\/?page_id=883"},"modified":"2026-01-19T14:34:19","modified_gmt":"2026-01-19T13:34:19","slug":"choisir-de-resister-au-mal-representation-le-5-fevrier-a-beaulieu","status":"publish","type":"page","link":"https:\/\/ajc33.com\/index.php\/choisir-de-resister-au-mal-representation-le-5-fevrier-a-beaulieu\/","title":{"rendered":"Choisir de r\u00e9sister au mal : repr\u00e9sentation le 5 f\u00e9vrier \u00e0 Beaulieu"},"content":{"rendered":"\n<figure class=\"wp-block-image size-full\"><img loading=\"lazy\" decoding=\"async\" width=\"795\" height=\"1024\" src=\"https:\/\/ajc33.com\/wp-content\/uploads\/2026\/01\/ajc0.png\" alt=\"\" class=\"wp-image-884\" srcset=\"https:\/\/ajc33.com\/wp-content\/uploads\/2026\/01\/ajc0.png 795w, https:\/\/ajc33.com\/wp-content\/uploads\/2026\/01\/ajc0-233x300.png 233w, https:\/\/ajc33.com\/wp-content\/uploads\/2026\/01\/ajc0-768x989.png 768w\" sizes=\"auto, (max-width: 795px) 100vw, 795px\" \/><\/figure>\n\n\n\n<figure class=\"wp-block-image size-full\"><img loading=\"lazy\" decoding=\"async\" width=\"739\" height=\"1024\" src=\"https:\/\/ajc33.com\/wp-content\/uploads\/2026\/01\/ajc1.png\" alt=\"\" class=\"wp-image-885\" srcset=\"https:\/\/ajc33.com\/wp-content\/uploads\/2026\/01\/ajc1.png 739w, https:\/\/ajc33.com\/wp-content\/uploads\/2026\/01\/ajc1-217x300.png 217w\" sizes=\"auto, (max-width: 739px) 100vw, 739px\" \/><\/figure>\n","protected":false},"excerpt":{"rendered":"","protected":false},"author":1,"featured_media":0,"parent":0,"menu_order":0,"comment_status":"closed","ping_status":"closed","template":"","meta":{"footnotes":""},"tags":[],"class_list":["post-883","page","type-page","status-publish","hentry","without-featured-image"],"yoast_head":"<!-- This site is optimized with the Yoast SEO plugin v26.6 - https:\/\/yoast.com\/wordpress\/plugins\/seo\/ -->\n<title>Choisir de r\u00e9sister au mal : repr\u00e9sentation le 5 f\u00e9vrier \u00e0 Beaulieu - L&#039;amiti\u00e9 Jud\u00e9o-Chr\u00e9tienne de Bordeaux<\/title>\n<meta name=\"robots\" content=\"index, follow, max-snippet:-1, max-image-preview:large, max-video-preview:-1\" \/>\n<link rel=\"canonical\" href=\"https:\/\/ajc33.com\/index.php\/choisir-de-resister-au-mal-representation-le-5-fevrier-a-beaulieu\/\" \/>\n<meta property=\"og:locale\" content=\"fr_FR\" \/>\n<meta property=\"og:type\" content=\"article\" \/>\n<meta property=\"og:title\" content=\"Choisir de r\u00e9sister au mal : repr\u00e9sentation le 5 f\u00e9vrier \u00e0 Beaulieu - L&#039;amiti\u00e9 Jud\u00e9o-Chr\u00e9tienne de Bordeaux\" \/>\n<meta property=\"og:url\" content=\"https:\/\/ajc33.com\/index.php\/choisir-de-resister-au-mal-representation-le-5-fevrier-a-beaulieu\/\" \/>\n<meta property=\"og:site_name\" content=\"L&#039;amiti\u00e9 Jud\u00e9o-Chr\u00e9tienne de Bordeaux\" \/>\n<meta property=\"article:modified_time\" content=\"2026-01-19T13:34:19+00:00\" \/>\n<meta property=\"og:image\" content=\"https:\/\/ajc33.com\/wp-content\/uploads\/2026\/01\/ajc0.png\" \/>\n\t<meta property=\"og:image:width\" content=\"795\" \/>\n\t<meta property=\"og:image:height\" content=\"1024\" \/>\n\t<meta property=\"og:image:type\" content=\"image\/png\" \/>\n<meta name=\"twitter:card\" content=\"summary_large_image\" \/>\n<meta name=\"twitter:label1\" content=\"Dur\u00e9e de lecture estim\u00e9e\" \/>\n\t<meta name=\"twitter:data1\" content=\"1 minute\" \/>\n<script type=\"application\/ld+json\" class=\"yoast-schema-graph\">{\"@context\":\"https:\/\/schema.org\",\"@graph\":[{\"@type\":\"WebPage\",\"@id\":\"https:\/\/ajc33.com\/index.php\/choisir-de-resister-au-mal-representation-le-5-fevrier-a-beaulieu\/\",\"url\":\"https:\/\/ajc33.com\/index.php\/choisir-de-resister-au-mal-representation-le-5-fevrier-a-beaulieu\/\",\"name\":\"Choisir de r\u00e9sister au mal : repr\u00e9sentation le 5 f\u00e9vrier \u00e0 Beaulieu - L&#039;amiti\u00e9 Jud\u00e9o-Chr\u00e9tienne de Bordeaux\",\"isPartOf\":{\"@id\":\"https:\/\/ajc33.com\/#website\"},\"primaryImageOfPage\":{\"@id\":\"https:\/\/ajc33.com\/index.php\/choisir-de-resister-au-mal-representation-le-5-fevrier-a-beaulieu\/#primaryimage\"},\"image\":{\"@id\":\"https:\/\/ajc33.com\/index.php\/choisir-de-resister-au-mal-representation-le-5-fevrier-a-beaulieu\/#primaryimage\"},\"thumbnailUrl\":\"https:\/\/ajc33.com\/wp-content\/uploads\/2026\/01\/ajc0.png\",\"datePublished\":\"2026-01-19T13:34:16+00:00\",\"dateModified\":\"2026-01-19T13:34:19+00:00\",\"breadcrumb\":{\"@id\":\"https:\/\/ajc33.com\/index.php\/choisir-de-resister-au-mal-representation-le-5-fevrier-a-beaulieu\/#breadcrumb\"},\"inLanguage\":\"fr-FR\",\"potentialAction\":[{\"@type\":\"ReadAction\",\"target\":[\"https:\/\/ajc33.com\/index.php\/choisir-de-resister-au-mal-representation-le-5-fevrier-a-beaulieu\/\"]}]},{\"@type\":\"ImageObject\",\"inLanguage\":\"fr-FR\",\"@id\":\"https:\/\/ajc33.com\/index.php\/choisir-de-resister-au-mal-representation-le-5-fevrier-a-beaulieu\/#primaryimage\",\"url\":\"https:\/\/ajc33.com\/wp-content\/uploads\/2026\/01\/ajc0.png\",\"contentUrl\":\"https:\/\/ajc33.com\/wp-content\/uploads\/2026\/01\/ajc0.png\",\"width\":795,\"height\":1024},{\"@type\":\"BreadcrumbList\",\"@id\":\"https:\/\/ajc33.com\/index.php\/choisir-de-resister-au-mal-representation-le-5-fevrier-a-beaulieu\/#breadcrumb\",\"itemListElement\":[{\"@type\":\"ListItem\",\"position\":1,\"name\":\"Home\",\"item\":\"https:\/\/ajc33.com\/\"},{\"@type\":\"ListItem\",\"position\":2,\"name\":\"Choisir de r\u00e9sister au mal : repr\u00e9sentation le 5 f\u00e9vrier \u00e0 Beaulieu\"}]},{\"@type\":\"WebSite\",\"@id\":\"https:\/\/ajc33.com\/#website\",\"url\":\"https:\/\/ajc33.com\/\",\"name\":\"L&#039;amiti\u00e9 Jud\u00e9o-Chr\u00e9tienne de Bordeaux\",\"description\":\"\",\"publisher\":{\"@id\":\"https:\/\/ajc33.com\/#organization\"},\"potentialAction\":[{\"@type\":\"SearchAction\",\"target\":{\"@type\":\"EntryPoint\",\"urlTemplate\":\"https:\/\/ajc33.com\/?s={search_term_string}\"},\"query-input\":{\"@type\":\"PropertyValueSpecification\",\"valueRequired\":true,\"valueName\":\"search_term_string\"}}],\"inLanguage\":\"fr-FR\"},{\"@type\":\"Organization\",\"@id\":\"https:\/\/ajc33.com\/#organization\",\"name\":\"L&#039;amiti\u00e9 Jud\u00e9o-Chr\u00e9tienne de Bordeaux\",\"url\":\"https:\/\/ajc33.com\/\",\"logo\":{\"@type\":\"ImageObject\",\"inLanguage\":\"fr-FR\",\"@id\":\"https:\/\/ajc33.com\/#\/schema\/logo\/image\/\",\"url\":\"https:\/\/ajc33.com\/wp-content\/uploads\/2018\/03\/cropped-ajc-bod-2.jpg\",\"contentUrl\":\"https:\/\/ajc33.com\/wp-content\/uploads\/2018\/03\/cropped-ajc-bod-2.jpg\",\"width\":200,\"height\":191,\"caption\":\"L&#039;amiti\u00e9 Jud\u00e9o-Chr\u00e9tienne de Bordeaux\"},\"image\":{\"@id\":\"https:\/\/ajc33.com\/#\/schema\/logo\/image\/\"}}]}<\/script>\n<!-- \/ Yoast SEO plugin. -->","yoast_head_json":{"title":"Choisir de r\u00e9sister au mal : repr\u00e9sentation le 5 f\u00e9vrier \u00e0 Beaulieu - L&#039;amiti\u00e9 Jud\u00e9o-Chr\u00e9tienne de Bordeaux","robots":{"index":"index","follow":"follow","max-snippet":"max-snippet:-1","max-image-preview":"max-image-preview:large","max-video-preview":"max-video-preview:-1"},"canonical":"https:\/\/ajc33.com\/index.php\/choisir-de-resister-au-mal-representation-le-5-fevrier-a-beaulieu\/","og_locale":"fr_FR","og_type":"article","og_title":"Choisir de r\u00e9sister au mal : repr\u00e9sentation le 5 f\u00e9vrier \u00e0 Beaulieu - L&#039;amiti\u00e9 Jud\u00e9o-Chr\u00e9tienne de Bordeaux","og_url":"https:\/\/ajc33.com\/index.php\/choisir-de-resister-au-mal-representation-le-5-fevrier-a-beaulieu\/","og_site_name":"L&#039;amiti\u00e9 Jud\u00e9o-Chr\u00e9tienne de Bordeaux","article_modified_time":"2026-01-19T13:34:19+00:00","og_image":[{"width":795,"height":1024,"url":"https:\/\/ajc33.com\/wp-content\/uploads\/2026\/01\/ajc0.png","type":"image\/png"}],"twitter_card":"summary_large_image","twitter_misc":{"Dur\u00e9e de lecture estim\u00e9e":"1 minute"},"schema":{"@context":"https:\/\/schema.org","@graph":[{"@type":"WebPage","@id":"https:\/\/ajc33.com\/index.php\/choisir-de-resister-au-mal-representation-le-5-fevrier-a-beaulieu\/","url":"https:\/\/ajc33.com\/index.php\/choisir-de-resister-au-mal-representation-le-5-fevrier-a-beaulieu\/","name":"Choisir de r\u00e9sister au mal : repr\u00e9sentation le 5 f\u00e9vrier \u00e0 Beaulieu - L&#039;amiti\u00e9 Jud\u00e9o-Chr\u00e9tienne de Bordeaux","isPartOf":{"@id":"https:\/\/ajc33.com\/#website"},"primaryImageOfPage":{"@id":"https:\/\/ajc33.com\/index.php\/choisir-de-resister-au-mal-representation-le-5-fevrier-a-beaulieu\/#primaryimage"},"image":{"@id":"https:\/\/ajc33.com\/index.php\/choisir-de-resister-au-mal-representation-le-5-fevrier-a-beaulieu\/#primaryimage"},"thumbnailUrl":"https:\/\/ajc33.com\/wp-content\/uploads\/2026\/01\/ajc0.png","datePublished":"2026-01-19T13:34:16+00:00","dateModified":"2026-01-19T13:34:19+00:00","breadcrumb":{"@id":"https:\/\/ajc33.com\/index.php\/choisir-de-resister-au-mal-representation-le-5-fevrier-a-beaulieu\/#breadcrumb"},"inLanguage":"fr-FR","potentialAction":[{"@type":"ReadAction","target":["https:\/\/ajc33.com\/index.php\/choisir-de-resister-au-mal-representation-le-5-fevrier-a-beaulieu\/"]}]},{"@type":"ImageObject","inLanguage":"fr-FR","@id":"https:\/\/ajc33.com\/index.php\/choisir-de-resister-au-mal-representation-le-5-fevrier-a-beaulieu\/#primaryimage","url":"https:\/\/ajc33.com\/wp-content\/uploads\/2026\/01\/ajc0.png","contentUrl":"https:\/\/ajc33.com\/wp-content\/uploads\/2026\/01\/ajc0.png","width":795,"height":1024},{"@type":"BreadcrumbList","@id":"https:\/\/ajc33.com\/index.php\/choisir-de-resister-au-mal-representation-le-5-fevrier-a-beaulieu\/#breadcrumb","itemListElement":[{"@type":"ListItem","position":1,"name":"Home","item":"https:\/\/ajc33.com\/"},{"@type":"ListItem","position":2,"name":"Choisir de r\u00e9sister au mal : repr\u00e9sentation le 5 f\u00e9vrier \u00e0 Beaulieu"}]},{"@type":"WebSite","@id":"https:\/\/ajc33.com\/#website","url":"https:\/\/ajc33.com\/","name":"L&#039;amiti\u00e9 Jud\u00e9o-Chr\u00e9tienne de Bordeaux","description":"","publisher":{"@id":"https:\/\/ajc33.com\/#organization"},"potentialAction":[{"@type":"SearchAction","target":{"@type":"EntryPoint","urlTemplate":"https:\/\/ajc33.com\/?s={search_term_string}"},"query-input":{"@type":"PropertyValueSpecification","valueRequired":true,"valueName":"search_term_string"}}],"inLanguage":"fr-FR"},{"@type":"Organization","@id":"https:\/\/ajc33.com\/#organization","name":"L&#039;amiti\u00e9 Jud\u00e9o-Chr\u00e9tienne de Bordeaux","url":"https:\/\/ajc33.com\/","logo":{"@type":"ImageObject","inLanguage":"fr-FR","@id":"https:\/\/ajc33.com\/#\/schema\/logo\/image\/","url":"https:\/\/ajc33.com\/wp-content\/uploads\/2018\/03\/cropped-ajc-bod-2.jpg","contentUrl":"https:\/\/ajc33.com\/wp-content\/uploads\/2018\/03\/cropped-ajc-bod-2.jpg","width":200,"height":191,"caption":"L&#039;amiti\u00e9 Jud\u00e9o-Chr\u00e9tienne de Bordeaux"},"image":{"@id":"https:\/\/ajc33.com\/#\/schema\/logo\/image\/"}}]}},"jetpack_sharing_enabled":true,"_links":{"self":[{"href":"https:\/\/ajc33.com\/index.php\/wp-json\/wp\/v2\/pages\/883","targetHints":{"allow":["GET"]}}],"collection":[{"href":"https:\/\/ajc33.com\/index.php\/wp-json\/wp\/v2\/pages"}],"about":[{"href":"https:\/\/ajc33.com\/index.php\/wp-json\/wp\/v2\/types\/page"}],"author":[{"embeddable":true,"href":"https:\/\/ajc33.com\/index.php\/wp-json\/wp\/v2\/users\/1"}],"replies":[{"embeddable":true,"href":"https:\/\/ajc33.com\/index.php\/wp-json\/wp\/v2\/comments?post=883"}],"version-history":[{"count":1,"href":"https:\/\/ajc33.com\/index.php\/wp-json\/wp\/v2\/pages\/883\/revisions"}],"predecessor-version":[{"id":887,"href":"https:\/\/ajc33.com\/index.php\/wp-json\/wp\/v2\/pages\/883\/revisions\/887"}],"wp:attachment":[{"href":"https:\/\/ajc33.com\/index.php\/wp-json\/wp\/v2\/media?parent=883"}],"wp:term":[{"taxonomy":"post_tag","embeddable":true,"href":"https:\/\/ajc33.com\/index.php\/wp-json\/wp\/v2\/tags?post=883"}],"curies":[{"name":"wp","href":"https:\/\/api.w.org\/{rel}","templated":true}]}}