{"id":878,"date":"2025-12-28T10:34:25","date_gmt":"2025-12-28T09:34:25","guid":{"rendered":"https:\/\/ajc33.com\/?page_id=878"},"modified":"2025-12-28T10:34:27","modified_gmt":"2025-12-28T09:34:27","slug":"voeux-de-didier-guedj-president-de-lajc-de-bordeaux","status":"publish","type":"page","link":"https:\/\/ajc33.com\/index.php\/voeux-de-didier-guedj-president-de-lajc-de-bordeaux\/","title":{"rendered":"V\u0153ux de Didier Guedj pr\u00e9sident de l&rsquo;AJC de Bordeaux"},"content":{"rendered":"\n<p>Chers amis,<\/p>\n\n\n\n<p>En ces temps de No\u00ebl, je tenais \u00e0 adresser \u00e0 tous nos fr\u00e8res chr\u00e9tiens, mes meilleurs v\u0153ux.<\/p>\n\n\n\n<p>Ce sont des temps de recueillement et d\u2019espoir. Recueillement dans la pri\u00e8re et la joie des r\u00e9unions familiales et humaines. Espoir de voir le monde s\u2019ouvrir \u00e0 plus de lumi\u00e8re et de paix .<\/p>\n\n\n\n<p>Puissent les chemins que nous parcourons ensemble devenir encore plus fructueux qu\u2019ils ne le sont d\u00e9j\u00e0.<\/p>\n\n\n\n<p>Avec tous mes v\u0153ux de joyeux No\u00ebl et de bonne f\u00eates de fin d\u2019ann\u00e9e.<\/p>\n\n\n\n<p>Didier Guedj<\/p>\n\n\n\n<p><\/p>\n","protected":false},"excerpt":{"rendered":"<p>Chers amis, En ces temps de No\u00ebl, je tenais \u00e0 adresser \u00e0 tous nos fr\u00e8res chr\u00e9tiens, mes meilleurs v\u0153ux. Ce sont des temps de recueillement et d\u2019espoir. Recueillement dans la&hellip; <a href=\"https:\/\/ajc33.com\/index.php\/voeux-de-didier-guedj-president-de-lajc-de-bordeaux\/\" class=\"more-link\">Lire la suite <span class=\"screen-reader-text\">V\u0153ux de Didier Guedj pr\u00e9sident de l&rsquo;AJC de Bordeaux<\/span><\/a><\/p>\n","protected":false},"author":1,"featured_media":0,"parent":0,"menu_order":0,"comment_status":"closed","ping_status":"closed","template":"","meta":{"footnotes":""},"tags":[],"class_list":["post-878","page","type-page","status-publish","hentry","without-featured-image"],"yoast_head":"<!-- This site is optimized with the Yoast SEO plugin v26.6 - https:\/\/yoast.com\/wordpress\/plugins\/seo\/ -->\n<title>V\u0153ux de Didier Guedj pr\u00e9sident de l&#039;AJC de Bordeaux - L&#039;amiti\u00e9 Jud\u00e9o-Chr\u00e9tienne de Bordeaux<\/title>\n<meta name=\"robots\" content=\"index, follow, max-snippet:-1, max-image-preview:large, max-video-preview:-1\" \/>\n<link rel=\"canonical\" href=\"https:\/\/ajc33.com\/index.php\/voeux-de-didier-guedj-president-de-lajc-de-bordeaux\/\" \/>\n<meta property=\"og:locale\" content=\"fr_FR\" \/>\n<meta property=\"og:type\" content=\"article\" \/>\n<meta property=\"og:title\" content=\"V\u0153ux de Didier Guedj pr\u00e9sident de l&#039;AJC de Bordeaux - L&#039;amiti\u00e9 Jud\u00e9o-Chr\u00e9tienne de Bordeaux\" \/>\n<meta property=\"og:description\" content=\"Chers amis, En ces temps de No\u00ebl, je tenais \u00e0 adresser \u00e0 tous nos fr\u00e8res chr\u00e9tiens, mes meilleurs v\u0153ux. Ce sont des temps de recueillement et d\u2019espoir. Recueillement dans la&hellip; Lire la suite V\u0153ux de Didier Guedj pr\u00e9sident de l&rsquo;AJC de Bordeaux\" \/>\n<meta property=\"og:url\" content=\"https:\/\/ajc33.com\/index.php\/voeux-de-didier-guedj-president-de-lajc-de-bordeaux\/\" \/>\n<meta property=\"og:site_name\" content=\"L&#039;amiti\u00e9 Jud\u00e9o-Chr\u00e9tienne de Bordeaux\" \/>\n<meta property=\"article:modified_time\" content=\"2025-12-28T09:34:27+00:00\" \/>\n<meta name=\"twitter:card\" content=\"summary_large_image\" \/>\n<meta name=\"twitter:label1\" content=\"Dur\u00e9e de lecture estim\u00e9e\" \/>\n\t<meta name=\"twitter:data1\" content=\"1 minute\" \/>\n<script type=\"application\/ld+json\" class=\"yoast-schema-graph\">{\"@context\":\"https:\/\/schema.org\",\"@graph\":[{\"@type\":\"WebPage\",\"@id\":\"https:\/\/ajc33.com\/index.php\/voeux-de-didier-guedj-president-de-lajc-de-bordeaux\/\",\"url\":\"https:\/\/ajc33.com\/index.php\/voeux-de-didier-guedj-president-de-lajc-de-bordeaux\/\",\"name\":\"V\u0153ux de Didier Guedj pr\u00e9sident de l'AJC de Bordeaux - L&#039;amiti\u00e9 Jud\u00e9o-Chr\u00e9tienne de Bordeaux\",\"isPartOf\":{\"@id\":\"https:\/\/ajc33.com\/#website\"},\"datePublished\":\"2025-12-28T09:34:25+00:00\",\"dateModified\":\"2025-12-28T09:34:27+00:00\",\"breadcrumb\":{\"@id\":\"https:\/\/ajc33.com\/index.php\/voeux-de-didier-guedj-president-de-lajc-de-bordeaux\/#breadcrumb\"},\"inLanguage\":\"fr-FR\",\"potentialAction\":[{\"@type\":\"ReadAction\",\"target\":[\"https:\/\/ajc33.com\/index.php\/voeux-de-didier-guedj-president-de-lajc-de-bordeaux\/\"]}]},{\"@type\":\"BreadcrumbList\",\"@id\":\"https:\/\/ajc33.com\/index.php\/voeux-de-didier-guedj-president-de-lajc-de-bordeaux\/#breadcrumb\",\"itemListElement\":[{\"@type\":\"ListItem\",\"position\":1,\"name\":\"Home\",\"item\":\"https:\/\/ajc33.com\/\"},{\"@type\":\"ListItem\",\"position\":2,\"name\":\"V\u0153ux de Didier Guedj pr\u00e9sident de l&rsquo;AJC de Bordeaux\"}]},{\"@type\":\"WebSite\",\"@id\":\"https:\/\/ajc33.com\/#website\",\"url\":\"https:\/\/ajc33.com\/\",\"name\":\"L&#039;amiti\u00e9 Jud\u00e9o-Chr\u00e9tienne de Bordeaux\",\"description\":\"\",\"publisher\":{\"@id\":\"https:\/\/ajc33.com\/#organization\"},\"potentialAction\":[{\"@type\":\"SearchAction\",\"target\":{\"@type\":\"EntryPoint\",\"urlTemplate\":\"https:\/\/ajc33.com\/?s={search_term_string}\"},\"query-input\":{\"@type\":\"PropertyValueSpecification\",\"valueRequired\":true,\"valueName\":\"search_term_string\"}}],\"inLanguage\":\"fr-FR\"},{\"@type\":\"Organization\",\"@id\":\"https:\/\/ajc33.com\/#organization\",\"name\":\"L&#039;amiti\u00e9 Jud\u00e9o-Chr\u00e9tienne de Bordeaux\",\"url\":\"https:\/\/ajc33.com\/\",\"logo\":{\"@type\":\"ImageObject\",\"inLanguage\":\"fr-FR\",\"@id\":\"https:\/\/ajc33.com\/#\/schema\/logo\/image\/\",\"url\":\"https:\/\/ajc33.com\/wp-content\/uploads\/2018\/03\/cropped-ajc-bod-2.jpg\",\"contentUrl\":\"https:\/\/ajc33.com\/wp-content\/uploads\/2018\/03\/cropped-ajc-bod-2.jpg\",\"width\":200,\"height\":191,\"caption\":\"L&#039;amiti\u00e9 Jud\u00e9o-Chr\u00e9tienne de Bordeaux\"},\"image\":{\"@id\":\"https:\/\/ajc33.com\/#\/schema\/logo\/image\/\"}}]}<\/script>\n<!-- \/ Yoast SEO plugin. -->","yoast_head_json":{"title":"V\u0153ux de Didier Guedj pr\u00e9sident de l'AJC de Bordeaux - L&#039;amiti\u00e9 Jud\u00e9o-Chr\u00e9tienne de Bordeaux","robots":{"index":"index","follow":"follow","max-snippet":"max-snippet:-1","max-image-preview":"max-image-preview:large","max-video-preview":"max-video-preview:-1"},"canonical":"https:\/\/ajc33.com\/index.php\/voeux-de-didier-guedj-president-de-lajc-de-bordeaux\/","og_locale":"fr_FR","og_type":"article","og_title":"V\u0153ux de Didier Guedj pr\u00e9sident de l'AJC de Bordeaux - L&#039;amiti\u00e9 Jud\u00e9o-Chr\u00e9tienne de Bordeaux","og_description":"Chers amis, En ces temps de No\u00ebl, je tenais \u00e0 adresser \u00e0 tous nos fr\u00e8res chr\u00e9tiens, mes meilleurs v\u0153ux. Ce sont des temps de recueillement et d\u2019espoir. Recueillement dans la&hellip; Lire la suite V\u0153ux de Didier Guedj pr\u00e9sident de l&rsquo;AJC de Bordeaux","og_url":"https:\/\/ajc33.com\/index.php\/voeux-de-didier-guedj-president-de-lajc-de-bordeaux\/","og_site_name":"L&#039;amiti\u00e9 Jud\u00e9o-Chr\u00e9tienne de Bordeaux","article_modified_time":"2025-12-28T09:34:27+00:00","twitter_card":"summary_large_image","twitter_misc":{"Dur\u00e9e de lecture estim\u00e9e":"1 minute"},"schema":{"@context":"https:\/\/schema.org","@graph":[{"@type":"WebPage","@id":"https:\/\/ajc33.com\/index.php\/voeux-de-didier-guedj-president-de-lajc-de-bordeaux\/","url":"https:\/\/ajc33.com\/index.php\/voeux-de-didier-guedj-president-de-lajc-de-bordeaux\/","name":"V\u0153ux de Didier Guedj pr\u00e9sident de l'AJC de Bordeaux - L&#039;amiti\u00e9 Jud\u00e9o-Chr\u00e9tienne de Bordeaux","isPartOf":{"@id":"https:\/\/ajc33.com\/#website"},"datePublished":"2025-12-28T09:34:25+00:00","dateModified":"2025-12-28T09:34:27+00:00","breadcrumb":{"@id":"https:\/\/ajc33.com\/index.php\/voeux-de-didier-guedj-president-de-lajc-de-bordeaux\/#breadcrumb"},"inLanguage":"fr-FR","potentialAction":[{"@type":"ReadAction","target":["https:\/\/ajc33.com\/index.php\/voeux-de-didier-guedj-president-de-lajc-de-bordeaux\/"]}]},{"@type":"BreadcrumbList","@id":"https:\/\/ajc33.com\/index.php\/voeux-de-didier-guedj-president-de-lajc-de-bordeaux\/#breadcrumb","itemListElement":[{"@type":"ListItem","position":1,"name":"Home","item":"https:\/\/ajc33.com\/"},{"@type":"ListItem","position":2,"name":"V\u0153ux de Didier Guedj pr\u00e9sident de l&rsquo;AJC de Bordeaux"}]},{"@type":"WebSite","@id":"https:\/\/ajc33.com\/#website","url":"https:\/\/ajc33.com\/","name":"L&#039;amiti\u00e9 Jud\u00e9o-Chr\u00e9tienne de Bordeaux","description":"","publisher":{"@id":"https:\/\/ajc33.com\/#organization"},"potentialAction":[{"@type":"SearchAction","target":{"@type":"EntryPoint","urlTemplate":"https:\/\/ajc33.com\/?s={search_term_string}"},"query-input":{"@type":"PropertyValueSpecification","valueRequired":true,"valueName":"search_term_string"}}],"inLanguage":"fr-FR"},{"@type":"Organization","@id":"https:\/\/ajc33.com\/#organization","name":"L&#039;amiti\u00e9 Jud\u00e9o-Chr\u00e9tienne de Bordeaux","url":"https:\/\/ajc33.com\/","logo":{"@type":"ImageObject","inLanguage":"fr-FR","@id":"https:\/\/ajc33.com\/#\/schema\/logo\/image\/","url":"https:\/\/ajc33.com\/wp-content\/uploads\/2018\/03\/cropped-ajc-bod-2.jpg","contentUrl":"https:\/\/ajc33.com\/wp-content\/uploads\/2018\/03\/cropped-ajc-bod-2.jpg","width":200,"height":191,"caption":"L&#039;amiti\u00e9 Jud\u00e9o-Chr\u00e9tienne de Bordeaux"},"image":{"@id":"https:\/\/ajc33.com\/#\/schema\/logo\/image\/"}}]}},"jetpack_sharing_enabled":true,"_links":{"self":[{"href":"https:\/\/ajc33.com\/index.php\/wp-json\/wp\/v2\/pages\/878","targetHints":{"allow":["GET"]}}],"collection":[{"href":"https:\/\/ajc33.com\/index.php\/wp-json\/wp\/v2\/pages"}],"about":[{"href":"https:\/\/ajc33.com\/index.php\/wp-json\/wp\/v2\/types\/page"}],"author":[{"embeddable":true,"href":"https:\/\/ajc33.com\/index.php\/wp-json\/wp\/v2\/users\/1"}],"replies":[{"embeddable":true,"href":"https:\/\/ajc33.com\/index.php\/wp-json\/wp\/v2\/comments?post=878"}],"version-history":[{"count":1,"href":"https:\/\/ajc33.com\/index.php\/wp-json\/wp\/v2\/pages\/878\/revisions"}],"predecessor-version":[{"id":880,"href":"https:\/\/ajc33.com\/index.php\/wp-json\/wp\/v2\/pages\/878\/revisions\/880"}],"wp:attachment":[{"href":"https:\/\/ajc33.com\/index.php\/wp-json\/wp\/v2\/media?parent=878"}],"wp:term":[{"taxonomy":"post_tag","embeddable":true,"href":"https:\/\/ajc33.com\/index.php\/wp-json\/wp\/v2\/tags?post=878"}],"curies":[{"name":"wp","href":"https:\/\/api.w.org\/{rel}","templated":true}]}}