{"id":863,"date":"2025-09-25T11:18:10","date_gmt":"2025-09-25T09:18:10","guid":{"rendered":"https:\/\/ajc33.com\/?page_id=863"},"modified":"2025-09-25T11:18:17","modified_gmt":"2025-09-25T09:18:17","slug":"voeux-nouvel-an-juif","status":"publish","type":"page","link":"https:\/\/ajc33.com\/index.php\/voeux-nouvel-an-juif\/","title":{"rendered":"V\u0153ux nouvel an juif"},"content":{"rendered":"\n<p>La p\u00e9riode des f\u00eates juives d\u2019automne, notamment marqu\u00e9e par le Nouvel An juif (Roch Hashanah) et le jour du Grand Pardon (Yom Kippur) est l\u2019occasion pour nous, Chr\u00e9tiens, de nous rappeler le lien spirituel fort et unique avec le peuple juif. <\/p>\n\n\n\n<p>Tout comme aux temps bibliques, le peuple juif est invit\u00e9 chaque ann\u00e9e, \u00e0 l\u2019automne, \u00e0 se mettre en pr\u00e9sence du Dieu qui, en contractant avec lui une alliance, lui a donn\u00e9 pour mission de r\u00e9v\u00e9ler son Nom \u00e0 toutes les nations (Lv 23). <\/p>\n\n\n\n<p><strong>ROSH HACHANA<\/strong>, le nouvel an juif, litt\u00e9ralement \u00ab t\u00eate de l\u2019ann\u00e9e \u00bb, dure deux jours et marque le commencement de l\u2019ann\u00e9e civile. On se souhaite une bonne ann\u00e9e, Shana tovah, douce comme est suave la pomme tremp\u00e9e dans le miel, mang\u00e9e rituellement \u00e0 cette f\u00eate. <\/p>\n\n\n\n<p><strong>Roch Hashanah<\/strong> comm\u00e9more la cr\u00e9ation du monde et la naissance de l\u2019humanit\u00e9. L\u2019homme partenaire de Dieu est responsable de l\u2019ach\u00e8vement de l\u2019\u0153uvre commenc\u00e9e par Dieu. Cette f\u00eate ouvre \u00e0 un jugement qui l\u2019inscrira (ou non) dans le \u00ab Livre de Vie \u00bb, s\u00fbr de la fid\u00e9lit\u00e9 de Dieu et de sa mis\u00e9ricorde. Chacun va pouvoir passer en revue pendant dix jours, son ann\u00e9e pass\u00e9e et demander pardon pour ses transgressions de l\u2019Alliance. \u00c0 l\u2019\u00e9coute du chofar (corne de b\u00e9lier), comme un appel au secours \u00e9mouvant: \u00ab P\u00e8re, au secours, sauve-moi, P\u00e8re, Notre P\u00e8re, notre Roi \u00bb. <strong>Roch Hashanah<\/strong> ouvre les \u00ab dix jours redoutables \u00bb, o\u00f9 chacun est invit\u00e9 \u00e0 une transformation de sa vie int\u00e9rieure, par un examen de conscience fouill\u00e9, quotidien, et en communaut\u00e9. Cette techouva est un retour vers Dieu, vers soi-m\u00eame et vers ses fr\u00e8res, \u00e0 qui on est tenu d\u2019aller demander pardon pour les fautes commises. <\/p>\n\n\n\n<p>Alors, au dixi\u00e8me jour, \u00e0 <strong>KIPPUR<\/strong>, apr\u00e8s les heures de je\u00fbne et de supplications, le pardon de Dieu peut descendre sur la Communaut\u00e9. Dieu est fid\u00e8le pour qui se tourne vers LUI ! C\u2019est alors la f\u00eate de <strong>SOUKKOT<\/strong>, f\u00eate des Cabanes, des Tentes, qui commence. C\u2019est une des trois f\u00eates de p\u00e8lerinage o\u00f9 les enfants d\u2019Isra\u00ebl montaient \u00e0 J\u00e9rusalem pour chanter <a href=\"https:\/\/bordeaux.catholique.fr\/actualites\/du-changement-dans-les-paroisses\/?utm_source=brevo&amp;utm_campaign=%20glise%20Catholique%20en%20Gironde%20-%20127%20juillet%202025&amp;utm_medium=email\"><\/a><a href=\"https:\/\/bordeaux.catholique.fr\/actualites\/du-changement-dans-les-paroisses\/?utm_source=brevo&amp;utm_campaign=%20glise%20Catholique%20en%20Gironde%20-%20127%20juillet%202025&amp;utm_medium=email\"><\/a><a href=\"https:\/\/bordeaux.catholique.fr\/actualites\/du-changement-dans-les-paroisses\/?utm_source=brevo&amp;utm_campaign=%20glise%20Catholique%20en%20Gironde%20-%20127%20juillet%202025&amp;utm_medium=email\"><\/a>et louer Dieu ; \u00e0 <strong>Soukkot<\/strong> ils font m\u00e9moire des quarante ann\u00e9es pass\u00e9es au d\u00e9sert, avec pour seule protection la nu\u00e9e divine qui les conduisait. Soukkot est une marche vers la pl\u00e9nitude du salut pour toutes les nations et vers la b\u00e9n\u00e9diction qui sera accord\u00e9e au septi\u00e8me jour de <strong>Soukkot<\/strong> : un jour, toute l\u2019humanit\u00e9 se retrouvera \u00e0 J\u00e9rusalem et reconna\u00eetra la souverainet\u00e9 d\u2019un seul Dieu. C\u2019est une vraie f\u00eate messianique ! <\/p>\n\n\n\n<p>Cette joie explosera au huiti\u00e8me jour de <strong>Soukkot<\/strong>, lors de la f\u00eate de <strong>Simhat Torah<\/strong>, de la joie de la Torah, le socle et le guide de la vie juive. Par ce rappel de ces f\u00eates, prenons conscience que nous avons \u00e9t\u00e9 greff\u00e9s en J\u00e9sus-Christ sur cette Alliance unique, jamais r\u00e9voqu\u00e9e et toujours nouvelle, qui nous inscrit dans une fraternit\u00e9 proche. Que nous sachions faire fructifier, au service de la paix, la mission commune re\u00e7ue de notre Cr\u00e9ateur. Et que la paix demeure en chacun de nous et entre nous. <\/p>\n\n\n\n<p><strong>Shana Tovah<\/strong>. Bonne ann\u00e9e \u00e0 nos fr\u00e8res juifs. En ce temps de renouveau de la Vie, o\u00f9 se m\u00ealent la gravit\u00e9 et la joie. <\/p>\n\n\n\n<p>Roch Hachana : Mardi 23 septembre et mercredi 24 septembre <\/p>\n\n\n\n<p>Yom Kippour : Jeudi 2 octobre <\/p>\n\n\n\n<p>Souccot : Lundi 6 octobre au mercredi 15 octobre <\/p>\n\n\n\n<p>Sim\u2019hat Torah : mercredi 15 octobre<\/p>\n\n\n\n<p> Philippe Leruste <\/p>\n\n\n\n<p>Diacre \u2013 d\u00e9l\u00e9gu\u00e9 \u00e9piscopal pour les relations avec le Juda\u00efsme \u00e0 Bordeaux Vice-pr\u00e9sident de l\u2019amiti\u00e9 jud\u00e9o-chr\u00e9tienne de Bordeaux<\/p>\n\n\n<div class=\"wp-block-image\">\n<figure class=\"aligncenter size-full\"><img loading=\"lazy\" decoding=\"async\" width=\"261\" height=\"193\" src=\"https:\/\/ajc33.com\/wp-content\/uploads\/2025\/09\/images.jpg\" alt=\"\" class=\"wp-image-864\"\/><\/figure>\n<\/div>","protected":false},"excerpt":{"rendered":"<p>La p\u00e9riode des f\u00eates juives d\u2019automne, notamment marqu\u00e9e par le Nouvel An juif (Roch Hashanah) et le jour du Grand Pardon (Yom Kippur) est l\u2019occasion pour nous, Chr\u00e9tiens, de nous&hellip; <a href=\"https:\/\/ajc33.com\/index.php\/voeux-nouvel-an-juif\/\" class=\"more-link\">Lire la suite <span class=\"screen-reader-text\">V\u0153ux nouvel an juif<\/span><\/a><\/p>\n","protected":false},"author":1,"featured_media":0,"parent":0,"menu_order":0,"comment_status":"closed","ping_status":"closed","template":"","meta":{"footnotes":""},"tags":[],"class_list":["post-863","page","type-page","status-publish","hentry","without-featured-image"],"yoast_head":"<!-- This site is optimized with the Yoast SEO plugin v26.6 - https:\/\/yoast.com\/wordpress\/plugins\/seo\/ -->\n<title>V\u0153ux nouvel an juif - L&#039;amiti\u00e9 Jud\u00e9o-Chr\u00e9tienne de Bordeaux<\/title>\n<meta name=\"robots\" content=\"index, follow, max-snippet:-1, max-image-preview:large, max-video-preview:-1\" \/>\n<link rel=\"canonical\" href=\"https:\/\/ajc33.com\/index.php\/voeux-nouvel-an-juif\/\" \/>\n<meta property=\"og:locale\" content=\"fr_FR\" \/>\n<meta property=\"og:type\" content=\"article\" \/>\n<meta property=\"og:title\" content=\"V\u0153ux nouvel an juif - L&#039;amiti\u00e9 Jud\u00e9o-Chr\u00e9tienne de Bordeaux\" \/>\n<meta property=\"og:description\" content=\"La p\u00e9riode des f\u00eates juives d\u2019automne, notamment marqu\u00e9e par le Nouvel An juif (Roch Hashanah) et le jour du Grand Pardon (Yom Kippur) est l\u2019occasion pour nous, Chr\u00e9tiens, de nous&hellip; Lire la suite V\u0153ux nouvel an juif\" \/>\n<meta property=\"og:url\" content=\"https:\/\/ajc33.com\/index.php\/voeux-nouvel-an-juif\/\" \/>\n<meta property=\"og:site_name\" content=\"L&#039;amiti\u00e9 Jud\u00e9o-Chr\u00e9tienne de Bordeaux\" \/>\n<meta property=\"article:modified_time\" content=\"2025-09-25T09:18:17+00:00\" \/>\n<meta property=\"og:image\" content=\"https:\/\/ajc33.com\/wp-content\/uploads\/2025\/09\/images.jpg\" \/>\n\t<meta property=\"og:image:width\" content=\"261\" \/>\n\t<meta property=\"og:image:height\" content=\"193\" \/>\n\t<meta property=\"og:image:type\" content=\"image\/jpeg\" \/>\n<meta name=\"twitter:card\" content=\"summary_large_image\" \/>\n<meta name=\"twitter:label1\" content=\"Dur\u00e9e de lecture estim\u00e9e\" \/>\n\t<meta name=\"twitter:data1\" content=\"4 minutes\" \/>\n<script type=\"application\/ld+json\" class=\"yoast-schema-graph\">{\"@context\":\"https:\/\/schema.org\",\"@graph\":[{\"@type\":\"WebPage\",\"@id\":\"https:\/\/ajc33.com\/index.php\/voeux-nouvel-an-juif\/\",\"url\":\"https:\/\/ajc33.com\/index.php\/voeux-nouvel-an-juif\/\",\"name\":\"V\u0153ux nouvel an juif - L&#039;amiti\u00e9 Jud\u00e9o-Chr\u00e9tienne de Bordeaux\",\"isPartOf\":{\"@id\":\"https:\/\/ajc33.com\/#website\"},\"primaryImageOfPage\":{\"@id\":\"https:\/\/ajc33.com\/index.php\/voeux-nouvel-an-juif\/#primaryimage\"},\"image\":{\"@id\":\"https:\/\/ajc33.com\/index.php\/voeux-nouvel-an-juif\/#primaryimage\"},\"thumbnailUrl\":\"https:\/\/ajc33.com\/wp-content\/uploads\/2025\/09\/images.jpg\",\"datePublished\":\"2025-09-25T09:18:10+00:00\",\"dateModified\":\"2025-09-25T09:18:17+00:00\",\"breadcrumb\":{\"@id\":\"https:\/\/ajc33.com\/index.php\/voeux-nouvel-an-juif\/#breadcrumb\"},\"inLanguage\":\"fr-FR\",\"potentialAction\":[{\"@type\":\"ReadAction\",\"target\":[\"https:\/\/ajc33.com\/index.php\/voeux-nouvel-an-juif\/\"]}]},{\"@type\":\"ImageObject\",\"inLanguage\":\"fr-FR\",\"@id\":\"https:\/\/ajc33.com\/index.php\/voeux-nouvel-an-juif\/#primaryimage\",\"url\":\"https:\/\/ajc33.com\/wp-content\/uploads\/2025\/09\/images.jpg\",\"contentUrl\":\"https:\/\/ajc33.com\/wp-content\/uploads\/2025\/09\/images.jpg\",\"width\":261,\"height\":193},{\"@type\":\"BreadcrumbList\",\"@id\":\"https:\/\/ajc33.com\/index.php\/voeux-nouvel-an-juif\/#breadcrumb\",\"itemListElement\":[{\"@type\":\"ListItem\",\"position\":1,\"name\":\"Home\",\"item\":\"https:\/\/ajc33.com\/\"},{\"@type\":\"ListItem\",\"position\":2,\"name\":\"V\u0153ux nouvel an juif\"}]},{\"@type\":\"WebSite\",\"@id\":\"https:\/\/ajc33.com\/#website\",\"url\":\"https:\/\/ajc33.com\/\",\"name\":\"L&#039;amiti\u00e9 Jud\u00e9o-Chr\u00e9tienne de Bordeaux\",\"description\":\"\",\"publisher\":{\"@id\":\"https:\/\/ajc33.com\/#organization\"},\"potentialAction\":[{\"@type\":\"SearchAction\",\"target\":{\"@type\":\"EntryPoint\",\"urlTemplate\":\"https:\/\/ajc33.com\/?s={search_term_string}\"},\"query-input\":{\"@type\":\"PropertyValueSpecification\",\"valueRequired\":true,\"valueName\":\"search_term_string\"}}],\"inLanguage\":\"fr-FR\"},{\"@type\":\"Organization\",\"@id\":\"https:\/\/ajc33.com\/#organization\",\"name\":\"L&#039;amiti\u00e9 Jud\u00e9o-Chr\u00e9tienne de Bordeaux\",\"url\":\"https:\/\/ajc33.com\/\",\"logo\":{\"@type\":\"ImageObject\",\"inLanguage\":\"fr-FR\",\"@id\":\"https:\/\/ajc33.com\/#\/schema\/logo\/image\/\",\"url\":\"https:\/\/ajc33.com\/wp-content\/uploads\/2018\/03\/cropped-ajc-bod-2.jpg\",\"contentUrl\":\"https:\/\/ajc33.com\/wp-content\/uploads\/2018\/03\/cropped-ajc-bod-2.jpg\",\"width\":200,\"height\":191,\"caption\":\"L&#039;amiti\u00e9 Jud\u00e9o-Chr\u00e9tienne de Bordeaux\"},\"image\":{\"@id\":\"https:\/\/ajc33.com\/#\/schema\/logo\/image\/\"}}]}<\/script>\n<!-- \/ Yoast SEO plugin. -->","yoast_head_json":{"title":"V\u0153ux nouvel an juif - L&#039;amiti\u00e9 Jud\u00e9o-Chr\u00e9tienne de Bordeaux","robots":{"index":"index","follow":"follow","max-snippet":"max-snippet:-1","max-image-preview":"max-image-preview:large","max-video-preview":"max-video-preview:-1"},"canonical":"https:\/\/ajc33.com\/index.php\/voeux-nouvel-an-juif\/","og_locale":"fr_FR","og_type":"article","og_title":"V\u0153ux nouvel an juif - L&#039;amiti\u00e9 Jud\u00e9o-Chr\u00e9tienne de Bordeaux","og_description":"La p\u00e9riode des f\u00eates juives d\u2019automne, notamment marqu\u00e9e par le Nouvel An juif (Roch Hashanah) et le jour du Grand Pardon (Yom Kippur) est l\u2019occasion pour nous, Chr\u00e9tiens, de nous&hellip; Lire la suite V\u0153ux nouvel an juif","og_url":"https:\/\/ajc33.com\/index.php\/voeux-nouvel-an-juif\/","og_site_name":"L&#039;amiti\u00e9 Jud\u00e9o-Chr\u00e9tienne de Bordeaux","article_modified_time":"2025-09-25T09:18:17+00:00","og_image":[{"width":261,"height":193,"url":"https:\/\/ajc33.com\/wp-content\/uploads\/2025\/09\/images.jpg","type":"image\/jpeg"}],"twitter_card":"summary_large_image","twitter_misc":{"Dur\u00e9e de lecture estim\u00e9e":"4 minutes"},"schema":{"@context":"https:\/\/schema.org","@graph":[{"@type":"WebPage","@id":"https:\/\/ajc33.com\/index.php\/voeux-nouvel-an-juif\/","url":"https:\/\/ajc33.com\/index.php\/voeux-nouvel-an-juif\/","name":"V\u0153ux nouvel an juif - L&#039;amiti\u00e9 Jud\u00e9o-Chr\u00e9tienne de Bordeaux","isPartOf":{"@id":"https:\/\/ajc33.com\/#website"},"primaryImageOfPage":{"@id":"https:\/\/ajc33.com\/index.php\/voeux-nouvel-an-juif\/#primaryimage"},"image":{"@id":"https:\/\/ajc33.com\/index.php\/voeux-nouvel-an-juif\/#primaryimage"},"thumbnailUrl":"https:\/\/ajc33.com\/wp-content\/uploads\/2025\/09\/images.jpg","datePublished":"2025-09-25T09:18:10+00:00","dateModified":"2025-09-25T09:18:17+00:00","breadcrumb":{"@id":"https:\/\/ajc33.com\/index.php\/voeux-nouvel-an-juif\/#breadcrumb"},"inLanguage":"fr-FR","potentialAction":[{"@type":"ReadAction","target":["https:\/\/ajc33.com\/index.php\/voeux-nouvel-an-juif\/"]}]},{"@type":"ImageObject","inLanguage":"fr-FR","@id":"https:\/\/ajc33.com\/index.php\/voeux-nouvel-an-juif\/#primaryimage","url":"https:\/\/ajc33.com\/wp-content\/uploads\/2025\/09\/images.jpg","contentUrl":"https:\/\/ajc33.com\/wp-content\/uploads\/2025\/09\/images.jpg","width":261,"height":193},{"@type":"BreadcrumbList","@id":"https:\/\/ajc33.com\/index.php\/voeux-nouvel-an-juif\/#breadcrumb","itemListElement":[{"@type":"ListItem","position":1,"name":"Home","item":"https:\/\/ajc33.com\/"},{"@type":"ListItem","position":2,"name":"V\u0153ux nouvel an juif"}]},{"@type":"WebSite","@id":"https:\/\/ajc33.com\/#website","url":"https:\/\/ajc33.com\/","name":"L&#039;amiti\u00e9 Jud\u00e9o-Chr\u00e9tienne de Bordeaux","description":"","publisher":{"@id":"https:\/\/ajc33.com\/#organization"},"potentialAction":[{"@type":"SearchAction","target":{"@type":"EntryPoint","urlTemplate":"https:\/\/ajc33.com\/?s={search_term_string}"},"query-input":{"@type":"PropertyValueSpecification","valueRequired":true,"valueName":"search_term_string"}}],"inLanguage":"fr-FR"},{"@type":"Organization","@id":"https:\/\/ajc33.com\/#organization","name":"L&#039;amiti\u00e9 Jud\u00e9o-Chr\u00e9tienne de Bordeaux","url":"https:\/\/ajc33.com\/","logo":{"@type":"ImageObject","inLanguage":"fr-FR","@id":"https:\/\/ajc33.com\/#\/schema\/logo\/image\/","url":"https:\/\/ajc33.com\/wp-content\/uploads\/2018\/03\/cropped-ajc-bod-2.jpg","contentUrl":"https:\/\/ajc33.com\/wp-content\/uploads\/2018\/03\/cropped-ajc-bod-2.jpg","width":200,"height":191,"caption":"L&#039;amiti\u00e9 Jud\u00e9o-Chr\u00e9tienne de Bordeaux"},"image":{"@id":"https:\/\/ajc33.com\/#\/schema\/logo\/image\/"}}]}},"jetpack_sharing_enabled":true,"_links":{"self":[{"href":"https:\/\/ajc33.com\/index.php\/wp-json\/wp\/v2\/pages\/863","targetHints":{"allow":["GET"]}}],"collection":[{"href":"https:\/\/ajc33.com\/index.php\/wp-json\/wp\/v2\/pages"}],"about":[{"href":"https:\/\/ajc33.com\/index.php\/wp-json\/wp\/v2\/types\/page"}],"author":[{"embeddable":true,"href":"https:\/\/ajc33.com\/index.php\/wp-json\/wp\/v2\/users\/1"}],"replies":[{"embeddable":true,"href":"https:\/\/ajc33.com\/index.php\/wp-json\/wp\/v2\/comments?post=863"}],"version-history":[{"count":1,"href":"https:\/\/ajc33.com\/index.php\/wp-json\/wp\/v2\/pages\/863\/revisions"}],"predecessor-version":[{"id":866,"href":"https:\/\/ajc33.com\/index.php\/wp-json\/wp\/v2\/pages\/863\/revisions\/866"}],"wp:attachment":[{"href":"https:\/\/ajc33.com\/index.php\/wp-json\/wp\/v2\/media?parent=863"}],"wp:term":[{"taxonomy":"post_tag","embeddable":true,"href":"https:\/\/ajc33.com\/index.php\/wp-json\/wp\/v2\/tags?post=863"}],"curies":[{"name":"wp","href":"https:\/\/api.w.org\/{rel}","templated":true}]}}