{"id":85,"date":"2018-04-17T20:12:33","date_gmt":"2018-04-17T18:12:33","guid":{"rendered":"http:\/\/ajc33.com\/?page_id=85"},"modified":"2018-04-17T20:13:29","modified_gmt":"2018-04-17T18:13:29","slug":"diaporama","status":"publish","type":"page","link":"https:\/\/ajc33.com\/index.php\/diaporama\/","title":{"rendered":"Diaporama"},"content":{"rendered":"<p>\u2003<div id=\"metaslider-id-71\" style=\"max-width: 500px;\" class=\"ml-slider-3-106-0 metaslider metaslider-flex metaslider-71 ml-slider has-dots-nav ms-theme-default\" role=\"region\" aria-label=\"New Slideshow\" data-height=\"500\" data-width=\"500\">\n    <div id=\"metaslider_container_71\">\n        <div id=\"metaslider_71\">\n            <ul class='slides'>\n                <li style=\"display: block; width: 100%;\" class=\"slide-72 ms-image \" aria-roledescription=\"slide\" data-date=\"2018-04-17 20:08:25\" data-filename=\"lederer-478x478.jpg\" data-slide-type=\"image\"><img loading=\"lazy\" decoding=\"async\" src=\"https:\/\/ajc33.com\/wp-content\/uploads\/2018\/04\/lederer-478x478.jpg\" height=\"500\" width=\"500\" alt=\"\" class=\"slider-71 slide-72 msDefaultImage\" title=\"lederer\" \/><\/li>\n                <li style=\"display: none; width: 100%;\" class=\"slide-73 ms-image \" aria-roledescription=\"slide\" data-date=\"2018-04-17 20:08:25\" data-filename=\"synagogue-500x500.jpg\" data-slide-type=\"image\"><img loading=\"lazy\" decoding=\"async\" src=\"https:\/\/ajc33.com\/wp-content\/uploads\/2018\/04\/synagogue-500x500.jpg\" height=\"500\" width=\"500\" alt=\"\" class=\"slider-71 slide-73 msDefaultImage\" title=\"synagogue\" \/><\/li>\n                <li style=\"display: none; width: 100%;\" class=\"slide-74 ms-image \" aria-roledescription=\"slide\" data-date=\"2018-04-17 20:08:25\" data-filename=\"philippeleruste-500x500.jpg\" data-slide-type=\"image\"><img loading=\"lazy\" decoding=\"async\" src=\"https:\/\/ajc33.com\/wp-content\/uploads\/2018\/04\/philippeleruste-500x500.jpg\" height=\"500\" width=\"500\" alt=\"\" class=\"slider-71 slide-74 msDefaultImage\" title=\"philippeleruste\" \/><\/li>\n                <li style=\"display: none; width: 100%;\" class=\"slide-75 ms-image \" aria-roledescription=\"slide\" data-date=\"2018-04-17 20:08:25\" data-filename=\"shofar-263x263.jpg\" data-slide-type=\"image\"><img loading=\"lazy\" decoding=\"async\" src=\"https:\/\/ajc33.com\/wp-content\/uploads\/2018\/04\/shofar-263x263.jpg\" height=\"500\" width=\"500\" alt=\"\" class=\"slider-71 slide-75 msDefaultImage\" title=\"shofar\" \/><\/li>\n                <li style=\"display: none; width: 100%;\" class=\"slide-76 ms-image \" aria-roledescription=\"slide\" data-date=\"2018-04-17 20:08:25\" data-filename=\"Souillac_Abbatiale_Sainte-Marie_le_proph\u00e8te_Isa\u00efe-400x400.jpg\" data-slide-type=\"image\"><img loading=\"lazy\" decoding=\"async\" src=\"https:\/\/ajc33.com\/wp-content\/uploads\/2018\/04\/Souillac_Abbatiale_Sainte-Marie_le_proph\u00e8te_Isa\u00efe-400x400.jpg\" height=\"500\" width=\"500\" alt=\"\" class=\"slider-71 slide-76 msDefaultImage\" title=\"Souillac,_Abbatiale_Sainte-Marie,_le_proph\u00e8te_Isa\u00efe\" \/><\/li>\n                <li style=\"display: none; width: 100%;\" class=\"slide-77 ms-image \" aria-roledescription=\"slide\" data-date=\"2018-04-17 20:08:25\" data-filename=\"menorah-500x500.jpg\" data-slide-type=\"image\"><img loading=\"lazy\" decoding=\"async\" src=\"https:\/\/ajc33.com\/wp-content\/uploads\/2018\/04\/menorah-500x500.jpg\" height=\"500\" width=\"500\" alt=\"\" class=\"slider-71 slide-77 msDefaultImage\" title=\"menorah\" \/><\/li>\n                <li style=\"display: none; width: 100%;\" class=\"slide-78 ms-image \" aria-roledescription=\"slide\" data-date=\"2018-04-17 20:08:25\" data-filename=\"didierguedj-500x500.jpg\" data-slide-type=\"image\"><img loading=\"lazy\" decoding=\"async\" src=\"https:\/\/ajc33.com\/wp-content\/uploads\/2018\/04\/didierguedj-500x500.jpg\" height=\"500\" width=\"500\" alt=\"\" class=\"slider-71 slide-78 msDefaultImage\" title=\"didierguedj\" \/><\/li>\n                <li style=\"display: none; width: 100%;\" class=\"slide-79 ms-image \" aria-roledescription=\"slide\" data-date=\"2018-04-17 20:08:25\" data-filename=\"ajc3.jpeg-479x480.jpg\" data-slide-type=\"image\"><img loading=\"lazy\" decoding=\"async\" src=\"https:\/\/ajc33.com\/wp-content\/uploads\/2018\/04\/ajc3.jpeg-479x480.jpg\" height=\"500\" width=\"500\" alt=\"\" class=\"slider-71 slide-79 msDefaultImage\" title=\"ajc3.jpeg\" \/><\/li>\n                <li style=\"display: none; width: 100%;\" class=\"slide-80 ms-image \" aria-roledescription=\"slide\" data-date=\"2018-04-17 20:08:25\" data-filename=\"ajc1.jpeg-1-479x480.jpg\" data-slide-type=\"image\"><img loading=\"lazy\" decoding=\"async\" src=\"https:\/\/ajc33.com\/wp-content\/uploads\/2018\/04\/ajc1.jpeg-1-479x480.jpg\" height=\"500\" width=\"500\" alt=\"\" class=\"slider-71 slide-80 msDefaultImage\" title=\"ajc1.jpeg\" \/><\/li>\n                <li style=\"display: none; width: 100%;\" class=\"slide-81 ms-image \" aria-roledescription=\"slide\" data-date=\"2018-04-17 20:08:25\" data-filename=\"ajc2.jpeg-479x480.jpg\" data-slide-type=\"image\"><img loading=\"lazy\" decoding=\"async\" src=\"https:\/\/ajc33.com\/wp-content\/uploads\/2018\/04\/ajc2.jpeg-479x480.jpg\" height=\"500\" width=\"500\" alt=\"\" class=\"slider-71 slide-81 msDefaultImage\" title=\"ajc2.jpeg\" \/><\/li>\n                <li style=\"display: none; width: 100%;\" class=\"slide-82 ms-image \" aria-roledescription=\"slide\" data-date=\"2018-04-17 20:08:25\" data-filename=\"ajc1.jpeg-479x480.jpg\" data-slide-type=\"image\"><img loading=\"lazy\" decoding=\"async\" src=\"https:\/\/ajc33.com\/wp-content\/uploads\/2018\/04\/ajc1.jpeg-479x480.jpg\" height=\"500\" width=\"500\" alt=\"\" class=\"slider-71 slide-82 msDefaultImage\" title=\"ajc1.jpeg\" \/><\/li>\n            <\/ul>\n        <\/div>\n        \n    <\/div>\n<\/div><\/p>\n","protected":false},"excerpt":{"rendered":"<p>\u2003<\/p>\n","protected":false},"author":1,"featured_media":0,"parent":0,"menu_order":0,"comment_status":"closed","ping_status":"closed","template":"","meta":{"footnotes":""},"tags":[],"class_list":["post-85","page","type-page","status-publish","hentry","without-featured-image"],"yoast_head":"<!-- This site is optimized with the Yoast SEO plugin v26.6 - https:\/\/yoast.com\/wordpress\/plugins\/seo\/ -->\n<title>Diaporama - L&#039;amiti\u00e9 Jud\u00e9o-Chr\u00e9tienne de Bordeaux<\/title>\n<meta name=\"robots\" content=\"index, follow, max-snippet:-1, max-image-preview:large, max-video-preview:-1\" \/>\n<link rel=\"canonical\" href=\"https:\/\/ajc33.com\/index.php\/diaporama\/\" \/>\n<meta property=\"og:locale\" content=\"fr_FR\" \/>\n<meta property=\"og:type\" content=\"article\" \/>\n<meta property=\"og:title\" content=\"Diaporama - L&#039;amiti\u00e9 Jud\u00e9o-Chr\u00e9tienne de Bordeaux\" \/>\n<meta property=\"og:description\" content=\"\u2003\" \/>\n<meta property=\"og:url\" content=\"https:\/\/ajc33.com\/index.php\/diaporama\/\" \/>\n<meta property=\"og:site_name\" content=\"L&#039;amiti\u00e9 Jud\u00e9o-Chr\u00e9tienne de Bordeaux\" \/>\n<meta property=\"article:modified_time\" content=\"2018-04-17T18:13:29+00:00\" \/>\n<meta name=\"twitter:card\" content=\"summary_large_image\" \/>\n<script type=\"application\/ld+json\" class=\"yoast-schema-graph\">{\"@context\":\"https:\/\/schema.org\",\"@graph\":[{\"@type\":\"WebPage\",\"@id\":\"https:\/\/ajc33.com\/index.php\/diaporama\/\",\"url\":\"https:\/\/ajc33.com\/index.php\/diaporama\/\",\"name\":\"Diaporama - L&#039;amiti\u00e9 Jud\u00e9o-Chr\u00e9tienne de Bordeaux\",\"isPartOf\":{\"@id\":\"https:\/\/ajc33.com\/#website\"},\"datePublished\":\"2018-04-17T18:12:33+00:00\",\"dateModified\":\"2018-04-17T18:13:29+00:00\",\"breadcrumb\":{\"@id\":\"https:\/\/ajc33.com\/index.php\/diaporama\/#breadcrumb\"},\"inLanguage\":\"fr-FR\",\"potentialAction\":[{\"@type\":\"ReadAction\",\"target\":[\"https:\/\/ajc33.com\/index.php\/diaporama\/\"]}]},{\"@type\":\"BreadcrumbList\",\"@id\":\"https:\/\/ajc33.com\/index.php\/diaporama\/#breadcrumb\",\"itemListElement\":[{\"@type\":\"ListItem\",\"position\":1,\"name\":\"Home\",\"item\":\"https:\/\/ajc33.com\/\"},{\"@type\":\"ListItem\",\"position\":2,\"name\":\"Diaporama\"}]},{\"@type\":\"WebSite\",\"@id\":\"https:\/\/ajc33.com\/#website\",\"url\":\"https:\/\/ajc33.com\/\",\"name\":\"L&#039;amiti\u00e9 Jud\u00e9o-Chr\u00e9tienne de Bordeaux\",\"description\":\"\",\"publisher\":{\"@id\":\"https:\/\/ajc33.com\/#organization\"},\"potentialAction\":[{\"@type\":\"SearchAction\",\"target\":{\"@type\":\"EntryPoint\",\"urlTemplate\":\"https:\/\/ajc33.com\/?s={search_term_string}\"},\"query-input\":{\"@type\":\"PropertyValueSpecification\",\"valueRequired\":true,\"valueName\":\"search_term_string\"}}],\"inLanguage\":\"fr-FR\"},{\"@type\":\"Organization\",\"@id\":\"https:\/\/ajc33.com\/#organization\",\"name\":\"L&#039;amiti\u00e9 Jud\u00e9o-Chr\u00e9tienne de Bordeaux\",\"url\":\"https:\/\/ajc33.com\/\",\"logo\":{\"@type\":\"ImageObject\",\"inLanguage\":\"fr-FR\",\"@id\":\"https:\/\/ajc33.com\/#\/schema\/logo\/image\/\",\"url\":\"https:\/\/ajc33.com\/wp-content\/uploads\/2018\/03\/cropped-ajc-bod-2.jpg\",\"contentUrl\":\"https:\/\/ajc33.com\/wp-content\/uploads\/2018\/03\/cropped-ajc-bod-2.jpg\",\"width\":200,\"height\":191,\"caption\":\"L&#039;amiti\u00e9 Jud\u00e9o-Chr\u00e9tienne de Bordeaux\"},\"image\":{\"@id\":\"https:\/\/ajc33.com\/#\/schema\/logo\/image\/\"}}]}<\/script>\n<!-- \/ Yoast SEO plugin. -->","yoast_head_json":{"title":"Diaporama - L&#039;amiti\u00e9 Jud\u00e9o-Chr\u00e9tienne de Bordeaux","robots":{"index":"index","follow":"follow","max-snippet":"max-snippet:-1","max-image-preview":"max-image-preview:large","max-video-preview":"max-video-preview:-1"},"canonical":"https:\/\/ajc33.com\/index.php\/diaporama\/","og_locale":"fr_FR","og_type":"article","og_title":"Diaporama - L&#039;amiti\u00e9 Jud\u00e9o-Chr\u00e9tienne de Bordeaux","og_description":"\u2003","og_url":"https:\/\/ajc33.com\/index.php\/diaporama\/","og_site_name":"L&#039;amiti\u00e9 Jud\u00e9o-Chr\u00e9tienne de Bordeaux","article_modified_time":"2018-04-17T18:13:29+00:00","twitter_card":"summary_large_image","schema":{"@context":"https:\/\/schema.org","@graph":[{"@type":"WebPage","@id":"https:\/\/ajc33.com\/index.php\/diaporama\/","url":"https:\/\/ajc33.com\/index.php\/diaporama\/","name":"Diaporama - L&#039;amiti\u00e9 Jud\u00e9o-Chr\u00e9tienne de Bordeaux","isPartOf":{"@id":"https:\/\/ajc33.com\/#website"},"datePublished":"2018-04-17T18:12:33+00:00","dateModified":"2018-04-17T18:13:29+00:00","breadcrumb":{"@id":"https:\/\/ajc33.com\/index.php\/diaporama\/#breadcrumb"},"inLanguage":"fr-FR","potentialAction":[{"@type":"ReadAction","target":["https:\/\/ajc33.com\/index.php\/diaporama\/"]}]},{"@type":"BreadcrumbList","@id":"https:\/\/ajc33.com\/index.php\/diaporama\/#breadcrumb","itemListElement":[{"@type":"ListItem","position":1,"name":"Home","item":"https:\/\/ajc33.com\/"},{"@type":"ListItem","position":2,"name":"Diaporama"}]},{"@type":"WebSite","@id":"https:\/\/ajc33.com\/#website","url":"https:\/\/ajc33.com\/","name":"L&#039;amiti\u00e9 Jud\u00e9o-Chr\u00e9tienne de Bordeaux","description":"","publisher":{"@id":"https:\/\/ajc33.com\/#organization"},"potentialAction":[{"@type":"SearchAction","target":{"@type":"EntryPoint","urlTemplate":"https:\/\/ajc33.com\/?s={search_term_string}"},"query-input":{"@type":"PropertyValueSpecification","valueRequired":true,"valueName":"search_term_string"}}],"inLanguage":"fr-FR"},{"@type":"Organization","@id":"https:\/\/ajc33.com\/#organization","name":"L&#039;amiti\u00e9 Jud\u00e9o-Chr\u00e9tienne de Bordeaux","url":"https:\/\/ajc33.com\/","logo":{"@type":"ImageObject","inLanguage":"fr-FR","@id":"https:\/\/ajc33.com\/#\/schema\/logo\/image\/","url":"https:\/\/ajc33.com\/wp-content\/uploads\/2018\/03\/cropped-ajc-bod-2.jpg","contentUrl":"https:\/\/ajc33.com\/wp-content\/uploads\/2018\/03\/cropped-ajc-bod-2.jpg","width":200,"height":191,"caption":"L&#039;amiti\u00e9 Jud\u00e9o-Chr\u00e9tienne de Bordeaux"},"image":{"@id":"https:\/\/ajc33.com\/#\/schema\/logo\/image\/"}}]}},"jetpack_sharing_enabled":true,"_links":{"self":[{"href":"https:\/\/ajc33.com\/index.php\/wp-json\/wp\/v2\/pages\/85","targetHints":{"allow":["GET"]}}],"collection":[{"href":"https:\/\/ajc33.com\/index.php\/wp-json\/wp\/v2\/pages"}],"about":[{"href":"https:\/\/ajc33.com\/index.php\/wp-json\/wp\/v2\/types\/page"}],"author":[{"embeddable":true,"href":"https:\/\/ajc33.com\/index.php\/wp-json\/wp\/v2\/users\/1"}],"replies":[{"embeddable":true,"href":"https:\/\/ajc33.com\/index.php\/wp-json\/wp\/v2\/comments?post=85"}],"version-history":[{"count":2,"href":"https:\/\/ajc33.com\/index.php\/wp-json\/wp\/v2\/pages\/85\/revisions"}],"predecessor-version":[{"id":88,"href":"https:\/\/ajc33.com\/index.php\/wp-json\/wp\/v2\/pages\/85\/revisions\/88"}],"wp:attachment":[{"href":"https:\/\/ajc33.com\/index.php\/wp-json\/wp\/v2\/media?parent=85"}],"wp:term":[{"taxonomy":"post_tag","embeddable":true,"href":"https:\/\/ajc33.com\/index.php\/wp-json\/wp\/v2\/tags?post=85"}],"curies":[{"name":"wp","href":"https:\/\/api.w.org\/{rel}","templated":true}]}}