{"id":827,"date":"2024-10-06T10:06:35","date_gmt":"2024-10-06T08:06:35","guid":{"rendered":"https:\/\/ajc33.com\/?page_id=827"},"modified":"2024-10-06T10:06:37","modified_gmt":"2024-10-06T08:06:37","slug":"rassemblement-a-bordeaux-le-dimanche-6-octobre-a-17h30","status":"publish","type":"page","link":"https:\/\/ajc33.com\/index.php\/rassemblement-a-bordeaux-le-dimanche-6-octobre-a-17h30\/","title":{"rendered":"Rassemblement \u00e0 Bordeaux le dimanche 6 octobre \u00e0 17h30"},"content":{"rendered":"\n<blockquote class=\"wp-block-quote is-layout-flow wp-block-quote-is-layout-flow\">\n<p>\u00c0 l\u2019appel de l\u2019ensemble des organisations communautaires, des associations et des collectifs juifs .<\/p>\n\n\n\n<p>Un rassemblement est organis\u00e9 \u00e0 Bordeaux le dimanche 6 octobre \u00e0 17 h 30 place de la R\u00e9publique \u00e0 Bordeaux&nbsp;<\/p>\n\n\n\n<p>pour rendre hommage \u00e0 toutes les victimes du 7 octobre 2023, en Isra\u00ebl,<\/p>\n\n\n\n<p>pour demander la lib\u00e9ration imm\u00e9diate de tous les otages,&nbsp;<\/p>\n\n\n\n<p>pour d\u00e9noncer le d\u00e9cha\u00eenement de haine antis\u00e9mite ,&nbsp;<\/p>\n\n\n\n<p>L\u2019Amiti\u00e9 jud\u00e9o-chr\u00e9tienne de Bordeaux , \u00e0 la suite de l\u2019Amiti\u00e9 jud\u00e9o-chr\u00e9tienne de Paris, s\u2019associe \u00e0 ce rassemblement et vous invite \u00e0 vous y joindre&nbsp;<\/p>\n\n\n\n<p>le dimanche 6 octobre 2024 a 17h30 Place de la R\u00e9publique \u00e0 Bordeaux<\/p>\n\n\n\n<p>Philippe Leruste<\/p>\n\n\n\n<p>Vice-pr\u00e9sident de l&rsquo;Amiti\u00e9 jud\u00e9o-chr\u00e9tienne de Bordeaux<\/p>\n<\/blockquote>\n","protected":false},"excerpt":{"rendered":"<p>\u00c0 l\u2019appel de l\u2019ensemble des organisations communautaires, des associations et des collectifs juifs . Un rassemblement est organis\u00e9 \u00e0 Bordeaux le dimanche 6 octobre \u00e0 17 h 30 place de&hellip; <a href=\"https:\/\/ajc33.com\/index.php\/rassemblement-a-bordeaux-le-dimanche-6-octobre-a-17h30\/\" class=\"more-link\">Lire la suite <span class=\"screen-reader-text\">Rassemblement \u00e0 Bordeaux le dimanche 6 octobre \u00e0 17h30<\/span><\/a><\/p>\n","protected":false},"author":1,"featured_media":0,"parent":0,"menu_order":0,"comment_status":"closed","ping_status":"closed","template":"","meta":{"footnotes":""},"tags":[],"class_list":["post-827","page","type-page","status-publish","hentry","without-featured-image"],"yoast_head":"<!-- This site is optimized with the Yoast SEO plugin v26.6 - https:\/\/yoast.com\/wordpress\/plugins\/seo\/ -->\n<title>Rassemblement \u00e0 Bordeaux le dimanche 6 octobre \u00e0 17h30 - L&#039;amiti\u00e9 Jud\u00e9o-Chr\u00e9tienne de Bordeaux<\/title>\n<meta name=\"robots\" content=\"index, follow, max-snippet:-1, max-image-preview:large, max-video-preview:-1\" \/>\n<link rel=\"canonical\" href=\"https:\/\/ajc33.com\/index.php\/rassemblement-a-bordeaux-le-dimanche-6-octobre-a-17h30\/\" \/>\n<meta property=\"og:locale\" content=\"fr_FR\" \/>\n<meta property=\"og:type\" content=\"article\" \/>\n<meta property=\"og:title\" content=\"Rassemblement \u00e0 Bordeaux le dimanche 6 octobre \u00e0 17h30 - L&#039;amiti\u00e9 Jud\u00e9o-Chr\u00e9tienne de Bordeaux\" \/>\n<meta property=\"og:description\" content=\"\u00c0 l\u2019appel de l\u2019ensemble des organisations communautaires, des associations et des collectifs juifs . Un rassemblement est organis\u00e9 \u00e0 Bordeaux le dimanche 6 octobre \u00e0 17 h 30 place de&hellip; Lire la suite Rassemblement \u00e0 Bordeaux le dimanche 6 octobre \u00e0 17h30\" \/>\n<meta property=\"og:url\" content=\"https:\/\/ajc33.com\/index.php\/rassemblement-a-bordeaux-le-dimanche-6-octobre-a-17h30\/\" \/>\n<meta property=\"og:site_name\" content=\"L&#039;amiti\u00e9 Jud\u00e9o-Chr\u00e9tienne de Bordeaux\" \/>\n<meta property=\"article:modified_time\" content=\"2024-10-06T08:06:37+00:00\" \/>\n<meta name=\"twitter:card\" content=\"summary_large_image\" \/>\n<script type=\"application\/ld+json\" class=\"yoast-schema-graph\">{\"@context\":\"https:\/\/schema.org\",\"@graph\":[{\"@type\":\"WebPage\",\"@id\":\"https:\/\/ajc33.com\/index.php\/rassemblement-a-bordeaux-le-dimanche-6-octobre-a-17h30\/\",\"url\":\"https:\/\/ajc33.com\/index.php\/rassemblement-a-bordeaux-le-dimanche-6-octobre-a-17h30\/\",\"name\":\"Rassemblement \u00e0 Bordeaux le dimanche 6 octobre \u00e0 17h30 - L&#039;amiti\u00e9 Jud\u00e9o-Chr\u00e9tienne de Bordeaux\",\"isPartOf\":{\"@id\":\"https:\/\/ajc33.com\/#website\"},\"datePublished\":\"2024-10-06T08:06:35+00:00\",\"dateModified\":\"2024-10-06T08:06:37+00:00\",\"breadcrumb\":{\"@id\":\"https:\/\/ajc33.com\/index.php\/rassemblement-a-bordeaux-le-dimanche-6-octobre-a-17h30\/#breadcrumb\"},\"inLanguage\":\"fr-FR\",\"potentialAction\":[{\"@type\":\"ReadAction\",\"target\":[\"https:\/\/ajc33.com\/index.php\/rassemblement-a-bordeaux-le-dimanche-6-octobre-a-17h30\/\"]}]},{\"@type\":\"BreadcrumbList\",\"@id\":\"https:\/\/ajc33.com\/index.php\/rassemblement-a-bordeaux-le-dimanche-6-octobre-a-17h30\/#breadcrumb\",\"itemListElement\":[{\"@type\":\"ListItem\",\"position\":1,\"name\":\"Home\",\"item\":\"https:\/\/ajc33.com\/\"},{\"@type\":\"ListItem\",\"position\":2,\"name\":\"Rassemblement \u00e0 Bordeaux le dimanche 6 octobre \u00e0 17h30\"}]},{\"@type\":\"WebSite\",\"@id\":\"https:\/\/ajc33.com\/#website\",\"url\":\"https:\/\/ajc33.com\/\",\"name\":\"L&#039;amiti\u00e9 Jud\u00e9o-Chr\u00e9tienne de Bordeaux\",\"description\":\"\",\"publisher\":{\"@id\":\"https:\/\/ajc33.com\/#organization\"},\"potentialAction\":[{\"@type\":\"SearchAction\",\"target\":{\"@type\":\"EntryPoint\",\"urlTemplate\":\"https:\/\/ajc33.com\/?s={search_term_string}\"},\"query-input\":{\"@type\":\"PropertyValueSpecification\",\"valueRequired\":true,\"valueName\":\"search_term_string\"}}],\"inLanguage\":\"fr-FR\"},{\"@type\":\"Organization\",\"@id\":\"https:\/\/ajc33.com\/#organization\",\"name\":\"L&#039;amiti\u00e9 Jud\u00e9o-Chr\u00e9tienne de Bordeaux\",\"url\":\"https:\/\/ajc33.com\/\",\"logo\":{\"@type\":\"ImageObject\",\"inLanguage\":\"fr-FR\",\"@id\":\"https:\/\/ajc33.com\/#\/schema\/logo\/image\/\",\"url\":\"https:\/\/ajc33.com\/wp-content\/uploads\/2018\/03\/cropped-ajc-bod-2.jpg\",\"contentUrl\":\"https:\/\/ajc33.com\/wp-content\/uploads\/2018\/03\/cropped-ajc-bod-2.jpg\",\"width\":200,\"height\":191,\"caption\":\"L&#039;amiti\u00e9 Jud\u00e9o-Chr\u00e9tienne de Bordeaux\"},\"image\":{\"@id\":\"https:\/\/ajc33.com\/#\/schema\/logo\/image\/\"}}]}<\/script>\n<!-- \/ Yoast SEO plugin. -->","yoast_head_json":{"title":"Rassemblement \u00e0 Bordeaux le dimanche 6 octobre \u00e0 17h30 - L&#039;amiti\u00e9 Jud\u00e9o-Chr\u00e9tienne de Bordeaux","robots":{"index":"index","follow":"follow","max-snippet":"max-snippet:-1","max-image-preview":"max-image-preview:large","max-video-preview":"max-video-preview:-1"},"canonical":"https:\/\/ajc33.com\/index.php\/rassemblement-a-bordeaux-le-dimanche-6-octobre-a-17h30\/","og_locale":"fr_FR","og_type":"article","og_title":"Rassemblement \u00e0 Bordeaux le dimanche 6 octobre \u00e0 17h30 - L&#039;amiti\u00e9 Jud\u00e9o-Chr\u00e9tienne de Bordeaux","og_description":"\u00c0 l\u2019appel de l\u2019ensemble des organisations communautaires, des associations et des collectifs juifs . Un rassemblement est organis\u00e9 \u00e0 Bordeaux le dimanche 6 octobre \u00e0 17 h 30 place de&hellip; Lire la suite Rassemblement \u00e0 Bordeaux le dimanche 6 octobre \u00e0 17h30","og_url":"https:\/\/ajc33.com\/index.php\/rassemblement-a-bordeaux-le-dimanche-6-octobre-a-17h30\/","og_site_name":"L&#039;amiti\u00e9 Jud\u00e9o-Chr\u00e9tienne de Bordeaux","article_modified_time":"2024-10-06T08:06:37+00:00","twitter_card":"summary_large_image","schema":{"@context":"https:\/\/schema.org","@graph":[{"@type":"WebPage","@id":"https:\/\/ajc33.com\/index.php\/rassemblement-a-bordeaux-le-dimanche-6-octobre-a-17h30\/","url":"https:\/\/ajc33.com\/index.php\/rassemblement-a-bordeaux-le-dimanche-6-octobre-a-17h30\/","name":"Rassemblement \u00e0 Bordeaux le dimanche 6 octobre \u00e0 17h30 - L&#039;amiti\u00e9 Jud\u00e9o-Chr\u00e9tienne de Bordeaux","isPartOf":{"@id":"https:\/\/ajc33.com\/#website"},"datePublished":"2024-10-06T08:06:35+00:00","dateModified":"2024-10-06T08:06:37+00:00","breadcrumb":{"@id":"https:\/\/ajc33.com\/index.php\/rassemblement-a-bordeaux-le-dimanche-6-octobre-a-17h30\/#breadcrumb"},"inLanguage":"fr-FR","potentialAction":[{"@type":"ReadAction","target":["https:\/\/ajc33.com\/index.php\/rassemblement-a-bordeaux-le-dimanche-6-octobre-a-17h30\/"]}]},{"@type":"BreadcrumbList","@id":"https:\/\/ajc33.com\/index.php\/rassemblement-a-bordeaux-le-dimanche-6-octobre-a-17h30\/#breadcrumb","itemListElement":[{"@type":"ListItem","position":1,"name":"Home","item":"https:\/\/ajc33.com\/"},{"@type":"ListItem","position":2,"name":"Rassemblement \u00e0 Bordeaux le dimanche 6 octobre \u00e0 17h30"}]},{"@type":"WebSite","@id":"https:\/\/ajc33.com\/#website","url":"https:\/\/ajc33.com\/","name":"L&#039;amiti\u00e9 Jud\u00e9o-Chr\u00e9tienne de Bordeaux","description":"","publisher":{"@id":"https:\/\/ajc33.com\/#organization"},"potentialAction":[{"@type":"SearchAction","target":{"@type":"EntryPoint","urlTemplate":"https:\/\/ajc33.com\/?s={search_term_string}"},"query-input":{"@type":"PropertyValueSpecification","valueRequired":true,"valueName":"search_term_string"}}],"inLanguage":"fr-FR"},{"@type":"Organization","@id":"https:\/\/ajc33.com\/#organization","name":"L&#039;amiti\u00e9 Jud\u00e9o-Chr\u00e9tienne de Bordeaux","url":"https:\/\/ajc33.com\/","logo":{"@type":"ImageObject","inLanguage":"fr-FR","@id":"https:\/\/ajc33.com\/#\/schema\/logo\/image\/","url":"https:\/\/ajc33.com\/wp-content\/uploads\/2018\/03\/cropped-ajc-bod-2.jpg","contentUrl":"https:\/\/ajc33.com\/wp-content\/uploads\/2018\/03\/cropped-ajc-bod-2.jpg","width":200,"height":191,"caption":"L&#039;amiti\u00e9 Jud\u00e9o-Chr\u00e9tienne de Bordeaux"},"image":{"@id":"https:\/\/ajc33.com\/#\/schema\/logo\/image\/"}}]}},"jetpack_sharing_enabled":true,"_links":{"self":[{"href":"https:\/\/ajc33.com\/index.php\/wp-json\/wp\/v2\/pages\/827","targetHints":{"allow":["GET"]}}],"collection":[{"href":"https:\/\/ajc33.com\/index.php\/wp-json\/wp\/v2\/pages"}],"about":[{"href":"https:\/\/ajc33.com\/index.php\/wp-json\/wp\/v2\/types\/page"}],"author":[{"embeddable":true,"href":"https:\/\/ajc33.com\/index.php\/wp-json\/wp\/v2\/users\/1"}],"replies":[{"embeddable":true,"href":"https:\/\/ajc33.com\/index.php\/wp-json\/wp\/v2\/comments?post=827"}],"version-history":[{"count":1,"href":"https:\/\/ajc33.com\/index.php\/wp-json\/wp\/v2\/pages\/827\/revisions"}],"predecessor-version":[{"id":829,"href":"https:\/\/ajc33.com\/index.php\/wp-json\/wp\/v2\/pages\/827\/revisions\/829"}],"wp:attachment":[{"href":"https:\/\/ajc33.com\/index.php\/wp-json\/wp\/v2\/media?parent=827"}],"wp:term":[{"taxonomy":"post_tag","embeddable":true,"href":"https:\/\/ajc33.com\/index.php\/wp-json\/wp\/v2\/tags?post=827"}],"curies":[{"name":"wp","href":"https:\/\/api.w.org\/{rel}","templated":true}]}}