{"id":796,"date":"2024-07-14T09:23:22","date_gmt":"2024-07-14T07:23:22","guid":{"rendered":"https:\/\/ajc33.com\/?page_id=796"},"modified":"2024-07-14T09:26:28","modified_gmt":"2024-07-14T07:26:28","slug":"plaquette-programme-2024-2025-5785","status":"publish","type":"page","link":"https:\/\/ajc33.com\/index.php\/plaquette-programme-2024-2025-5785\/","title":{"rendered":"Plaquette programme 2024-2025 \/ 5785"},"content":{"rendered":"\n<blockquote class=\"wp-block-quote is-layout-flow wp-block-quote-is-layout-flow\">\n<p><\/p>\n<\/blockquote>\n\n\n\n<p><\/p>\n\n\n\n<p>Le Service Dioc\u00e9sain pour les Relations avec<br>le Juda\u00efsme s\u2019associe au programme de<br>rencontres de l\u2019Amiti\u00e9 Jud\u00e9o-Chr\u00e9tienne<br>de Bordeaux (AJC Bx) et invite \u00e0 y participer.<\/p>\n\n\n\n<hr class=\"wp-block-separator has-alpha-channel-opacity\"\/>\n\n\n\n<p>L\u2019Amiti\u00e9 Jud\u00e9o-Chr\u00e9tienne de Bordeaux<br>(AJC Bx) s\u2019associe au programme de<br>rencontres du Service Dioc\u00e9sain pour les<br>Relations avec le Juda\u00efsme (SDRJ) et invite \u00e0 y participer.<\/p>\n\n\n\n<div class=\"wp-block-group\"><div class=\"wp-block-group__inner-container is-layout-constrained wp-block-group-is-layout-constrained\">\n<div class=\"wp-block-group is-nowrap is-layout-flex wp-container-core-group-is-layout-ad2f72ca wp-block-group-is-layout-flex\">\n<figure class=\"wp-block-image size-full\"><img loading=\"lazy\" decoding=\"async\" width=\"548\" height=\"242\" src=\"https:\/\/ajc33.com\/wp-content\/uploads\/2024\/02\/Relations-avec-le-judaisme-logo.png\" alt=\"\" class=\"wp-image-764\" srcset=\"https:\/\/ajc33.com\/wp-content\/uploads\/2024\/02\/Relations-avec-le-judaisme-logo.png 548w, https:\/\/ajc33.com\/wp-content\/uploads\/2024\/02\/Relations-avec-le-judaisme-logo-300x132.png 300w\" sizes=\"auto, (max-width: 548px) 100vw, 548px\" \/><\/figure>\n\n\n\n<figure class=\"wp-block-image size-full\"><img loading=\"lazy\" decoding=\"async\" width=\"200\" height=\"191\" src=\"https:\/\/ajc33.com\/wp-content\/uploads\/2024\/02\/logo-ajc33.jpg\" alt=\"\" class=\"wp-image-763\"\/><\/figure>\n<\/div>\n<\/div><\/div>\n\n\n\n<div data-wp-interactive=\"core\/file\" class=\"wp-block-file\"><object data-wp-bind--hidden=\"!state.hasPdfPreview\" hidden class=\"wp-block-file__embed\" data=\"https:\/\/ajc33.com\/wp-content\/uploads\/2024\/07\/V1-AJCBX-2024.pdf\" type=\"application\/pdf\" style=\"width:100%;height:600px\" aria-label=\"Contenu embarqu\u00e9 V1-AJCBX-2024.\"><\/object><a id=\"wp-block-file--media-b769ecf9-0856-4746-a41e-0cf0ebb6331a\" href=\"https:\/\/ajc33.com\/wp-content\/uploads\/2024\/07\/V1-AJCBX-2024.pdf\">V1-AJCBX-2024<\/a><a href=\"https:\/\/ajc33.com\/wp-content\/uploads\/2024\/07\/V1-AJCBX-2024.pdf\" class=\"wp-block-file__button wp-element-button\" download aria-describedby=\"wp-block-file--media-b769ecf9-0856-4746-a41e-0cf0ebb6331a\">T\u00e9l\u00e9charger<\/a><\/div>\n\n\n\n<p><\/p>\n\n\n\n<p><\/p>\n\n\n\n<div data-wp-interactive=\"core\/file\" class=\"wp-block-file\"><object data-wp-bind--hidden=\"!state.hasPdfPreview\" hidden class=\"wp-block-file__embed\" data=\"https:\/\/ajc33.com\/wp-content\/uploads\/2024\/07\/V1-SDRJ-2024-25.pdf\" type=\"application\/pdf\" style=\"width:100%;height:600px\" aria-label=\"Contenu embarqu\u00e9 V1-SDRJ-2024-25.\"><\/object><a id=\"wp-block-file--media-5bec39f7-722e-4f51-bddb-78570e0b1929\" href=\"https:\/\/ajc33.com\/wp-content\/uploads\/2024\/07\/V1-SDRJ-2024-25.pdf\">V1-SDRJ-2024-25<\/a><a href=\"https:\/\/ajc33.com\/wp-content\/uploads\/2024\/07\/V1-SDRJ-2024-25.pdf\" class=\"wp-block-file__button wp-element-button\" download aria-describedby=\"wp-block-file--media-5bec39f7-722e-4f51-bddb-78570e0b1929\">T\u00e9l\u00e9charger<\/a><\/div>\n","protected":false},"excerpt":{"rendered":"<p>Le Service Dioc\u00e9sain pour les Relations avecle Juda\u00efsme s\u2019associe au programme derencontres de l\u2019Amiti\u00e9 Jud\u00e9o-Chr\u00e9tiennede Bordeaux (AJC Bx) et invite \u00e0 y participer. L\u2019Amiti\u00e9 Jud\u00e9o-Chr\u00e9tienne de Bordeaux(AJC Bx) s\u2019associe au&hellip; <a href=\"https:\/\/ajc33.com\/index.php\/plaquette-programme-2024-2025-5785\/\" class=\"more-link\">Lire la suite <span class=\"screen-reader-text\">Plaquette programme 2024-2025 \/ 5785<\/span><\/a><\/p>\n","protected":false},"author":1,"featured_media":0,"parent":0,"menu_order":0,"comment_status":"closed","ping_status":"closed","template":"","meta":{"footnotes":""},"tags":[],"class_list":["post-796","page","type-page","status-publish","hentry","without-featured-image"],"yoast_head":"<!-- This site is optimized with the Yoast SEO plugin v26.6 - https:\/\/yoast.com\/wordpress\/plugins\/seo\/ -->\n<title>Plaquette programme 2024-2025 \/ 5785 - L&#039;amiti\u00e9 Jud\u00e9o-Chr\u00e9tienne de Bordeaux<\/title>\n<meta name=\"robots\" content=\"index, follow, max-snippet:-1, max-image-preview:large, max-video-preview:-1\" \/>\n<link rel=\"canonical\" href=\"https:\/\/ajc33.com\/index.php\/plaquette-programme-2024-2025-5785\/\" \/>\n<meta property=\"og:locale\" content=\"fr_FR\" \/>\n<meta property=\"og:type\" content=\"article\" \/>\n<meta property=\"og:title\" content=\"Plaquette programme 2024-2025 \/ 5785 - L&#039;amiti\u00e9 Jud\u00e9o-Chr\u00e9tienne de Bordeaux\" \/>\n<meta property=\"og:description\" content=\"Le Service Dioc\u00e9sain pour les Relations avecle Juda\u00efsme s\u2019associe au programme derencontres de l\u2019Amiti\u00e9 Jud\u00e9o-Chr\u00e9tiennede Bordeaux (AJC Bx) et invite \u00e0 y participer. L\u2019Amiti\u00e9 Jud\u00e9o-Chr\u00e9tienne de Bordeaux(AJC Bx) s\u2019associe au&hellip; Lire la suite Plaquette programme 2024-2025 \/ 5785\" \/>\n<meta property=\"og:url\" content=\"https:\/\/ajc33.com\/index.php\/plaquette-programme-2024-2025-5785\/\" \/>\n<meta property=\"og:site_name\" content=\"L&#039;amiti\u00e9 Jud\u00e9o-Chr\u00e9tienne de Bordeaux\" \/>\n<meta property=\"article:modified_time\" content=\"2024-07-14T07:26:28+00:00\" \/>\n<meta property=\"og:image\" content=\"https:\/\/ajc33.com\/wp-content\/uploads\/2024\/02\/Relations-avec-le-judaisme-logo.png\" \/>\n<meta name=\"twitter:card\" content=\"summary_large_image\" \/>\n<meta name=\"twitter:label1\" content=\"Dur\u00e9e de lecture estim\u00e9e\" \/>\n\t<meta name=\"twitter:data1\" content=\"1 minute\" \/>\n<script type=\"application\/ld+json\" class=\"yoast-schema-graph\">{\"@context\":\"https:\/\/schema.org\",\"@graph\":[{\"@type\":\"WebPage\",\"@id\":\"https:\/\/ajc33.com\/index.php\/plaquette-programme-2024-2025-5785\/\",\"url\":\"https:\/\/ajc33.com\/index.php\/plaquette-programme-2024-2025-5785\/\",\"name\":\"Plaquette programme 2024-2025 \/ 5785 - L&#039;amiti\u00e9 Jud\u00e9o-Chr\u00e9tienne de Bordeaux\",\"isPartOf\":{\"@id\":\"https:\/\/ajc33.com\/#website\"},\"primaryImageOfPage\":{\"@id\":\"https:\/\/ajc33.com\/index.php\/plaquette-programme-2024-2025-5785\/#primaryimage\"},\"image\":{\"@id\":\"https:\/\/ajc33.com\/index.php\/plaquette-programme-2024-2025-5785\/#primaryimage\"},\"thumbnailUrl\":\"https:\/\/ajc33.com\/wp-content\/uploads\/2024\/02\/Relations-avec-le-judaisme-logo.png\",\"datePublished\":\"2024-07-14T07:23:22+00:00\",\"dateModified\":\"2024-07-14T07:26:28+00:00\",\"breadcrumb\":{\"@id\":\"https:\/\/ajc33.com\/index.php\/plaquette-programme-2024-2025-5785\/#breadcrumb\"},\"inLanguage\":\"fr-FR\",\"potentialAction\":[{\"@type\":\"ReadAction\",\"target\":[\"https:\/\/ajc33.com\/index.php\/plaquette-programme-2024-2025-5785\/\"]}]},{\"@type\":\"ImageObject\",\"inLanguage\":\"fr-FR\",\"@id\":\"https:\/\/ajc33.com\/index.php\/plaquette-programme-2024-2025-5785\/#primaryimage\",\"url\":\"https:\/\/ajc33.com\/wp-content\/uploads\/2024\/02\/Relations-avec-le-judaisme-logo.png\",\"contentUrl\":\"https:\/\/ajc33.com\/wp-content\/uploads\/2024\/02\/Relations-avec-le-judaisme-logo.png\",\"width\":548,\"height\":242},{\"@type\":\"BreadcrumbList\",\"@id\":\"https:\/\/ajc33.com\/index.php\/plaquette-programme-2024-2025-5785\/#breadcrumb\",\"itemListElement\":[{\"@type\":\"ListItem\",\"position\":1,\"name\":\"Home\",\"item\":\"https:\/\/ajc33.com\/\"},{\"@type\":\"ListItem\",\"position\":2,\"name\":\"Plaquette programme 2024-2025 \/ 5785\"}]},{\"@type\":\"WebSite\",\"@id\":\"https:\/\/ajc33.com\/#website\",\"url\":\"https:\/\/ajc33.com\/\",\"name\":\"L&#039;amiti\u00e9 Jud\u00e9o-Chr\u00e9tienne de Bordeaux\",\"description\":\"\",\"publisher\":{\"@id\":\"https:\/\/ajc33.com\/#organization\"},\"potentialAction\":[{\"@type\":\"SearchAction\",\"target\":{\"@type\":\"EntryPoint\",\"urlTemplate\":\"https:\/\/ajc33.com\/?s={search_term_string}\"},\"query-input\":{\"@type\":\"PropertyValueSpecification\",\"valueRequired\":true,\"valueName\":\"search_term_string\"}}],\"inLanguage\":\"fr-FR\"},{\"@type\":\"Organization\",\"@id\":\"https:\/\/ajc33.com\/#organization\",\"name\":\"L&#039;amiti\u00e9 Jud\u00e9o-Chr\u00e9tienne de Bordeaux\",\"url\":\"https:\/\/ajc33.com\/\",\"logo\":{\"@type\":\"ImageObject\",\"inLanguage\":\"fr-FR\",\"@id\":\"https:\/\/ajc33.com\/#\/schema\/logo\/image\/\",\"url\":\"https:\/\/ajc33.com\/wp-content\/uploads\/2018\/03\/cropped-ajc-bod-2.jpg\",\"contentUrl\":\"https:\/\/ajc33.com\/wp-content\/uploads\/2018\/03\/cropped-ajc-bod-2.jpg\",\"width\":200,\"height\":191,\"caption\":\"L&#039;amiti\u00e9 Jud\u00e9o-Chr\u00e9tienne de Bordeaux\"},\"image\":{\"@id\":\"https:\/\/ajc33.com\/#\/schema\/logo\/image\/\"}}]}<\/script>\n<!-- \/ Yoast SEO plugin. -->","yoast_head_json":{"title":"Plaquette programme 2024-2025 \/ 5785 - L&#039;amiti\u00e9 Jud\u00e9o-Chr\u00e9tienne de Bordeaux","robots":{"index":"index","follow":"follow","max-snippet":"max-snippet:-1","max-image-preview":"max-image-preview:large","max-video-preview":"max-video-preview:-1"},"canonical":"https:\/\/ajc33.com\/index.php\/plaquette-programme-2024-2025-5785\/","og_locale":"fr_FR","og_type":"article","og_title":"Plaquette programme 2024-2025 \/ 5785 - L&#039;amiti\u00e9 Jud\u00e9o-Chr\u00e9tienne de Bordeaux","og_description":"Le Service Dioc\u00e9sain pour les Relations avecle Juda\u00efsme s\u2019associe au programme derencontres de l\u2019Amiti\u00e9 Jud\u00e9o-Chr\u00e9tiennede Bordeaux (AJC Bx) et invite \u00e0 y participer. L\u2019Amiti\u00e9 Jud\u00e9o-Chr\u00e9tienne de Bordeaux(AJC Bx) s\u2019associe au&hellip; Lire la suite Plaquette programme 2024-2025 \/ 5785","og_url":"https:\/\/ajc33.com\/index.php\/plaquette-programme-2024-2025-5785\/","og_site_name":"L&#039;amiti\u00e9 Jud\u00e9o-Chr\u00e9tienne de Bordeaux","article_modified_time":"2024-07-14T07:26:28+00:00","og_image":[{"url":"https:\/\/ajc33.com\/wp-content\/uploads\/2024\/02\/Relations-avec-le-judaisme-logo.png","type":"","width":"","height":""}],"twitter_card":"summary_large_image","twitter_misc":{"Dur\u00e9e de lecture estim\u00e9e":"1 minute"},"schema":{"@context":"https:\/\/schema.org","@graph":[{"@type":"WebPage","@id":"https:\/\/ajc33.com\/index.php\/plaquette-programme-2024-2025-5785\/","url":"https:\/\/ajc33.com\/index.php\/plaquette-programme-2024-2025-5785\/","name":"Plaquette programme 2024-2025 \/ 5785 - L&#039;amiti\u00e9 Jud\u00e9o-Chr\u00e9tienne de Bordeaux","isPartOf":{"@id":"https:\/\/ajc33.com\/#website"},"primaryImageOfPage":{"@id":"https:\/\/ajc33.com\/index.php\/plaquette-programme-2024-2025-5785\/#primaryimage"},"image":{"@id":"https:\/\/ajc33.com\/index.php\/plaquette-programme-2024-2025-5785\/#primaryimage"},"thumbnailUrl":"https:\/\/ajc33.com\/wp-content\/uploads\/2024\/02\/Relations-avec-le-judaisme-logo.png","datePublished":"2024-07-14T07:23:22+00:00","dateModified":"2024-07-14T07:26:28+00:00","breadcrumb":{"@id":"https:\/\/ajc33.com\/index.php\/plaquette-programme-2024-2025-5785\/#breadcrumb"},"inLanguage":"fr-FR","potentialAction":[{"@type":"ReadAction","target":["https:\/\/ajc33.com\/index.php\/plaquette-programme-2024-2025-5785\/"]}]},{"@type":"ImageObject","inLanguage":"fr-FR","@id":"https:\/\/ajc33.com\/index.php\/plaquette-programme-2024-2025-5785\/#primaryimage","url":"https:\/\/ajc33.com\/wp-content\/uploads\/2024\/02\/Relations-avec-le-judaisme-logo.png","contentUrl":"https:\/\/ajc33.com\/wp-content\/uploads\/2024\/02\/Relations-avec-le-judaisme-logo.png","width":548,"height":242},{"@type":"BreadcrumbList","@id":"https:\/\/ajc33.com\/index.php\/plaquette-programme-2024-2025-5785\/#breadcrumb","itemListElement":[{"@type":"ListItem","position":1,"name":"Home","item":"https:\/\/ajc33.com\/"},{"@type":"ListItem","position":2,"name":"Plaquette programme 2024-2025 \/ 5785"}]},{"@type":"WebSite","@id":"https:\/\/ajc33.com\/#website","url":"https:\/\/ajc33.com\/","name":"L&#039;amiti\u00e9 Jud\u00e9o-Chr\u00e9tienne de Bordeaux","description":"","publisher":{"@id":"https:\/\/ajc33.com\/#organization"},"potentialAction":[{"@type":"SearchAction","target":{"@type":"EntryPoint","urlTemplate":"https:\/\/ajc33.com\/?s={search_term_string}"},"query-input":{"@type":"PropertyValueSpecification","valueRequired":true,"valueName":"search_term_string"}}],"inLanguage":"fr-FR"},{"@type":"Organization","@id":"https:\/\/ajc33.com\/#organization","name":"L&#039;amiti\u00e9 Jud\u00e9o-Chr\u00e9tienne de Bordeaux","url":"https:\/\/ajc33.com\/","logo":{"@type":"ImageObject","inLanguage":"fr-FR","@id":"https:\/\/ajc33.com\/#\/schema\/logo\/image\/","url":"https:\/\/ajc33.com\/wp-content\/uploads\/2018\/03\/cropped-ajc-bod-2.jpg","contentUrl":"https:\/\/ajc33.com\/wp-content\/uploads\/2018\/03\/cropped-ajc-bod-2.jpg","width":200,"height":191,"caption":"L&#039;amiti\u00e9 Jud\u00e9o-Chr\u00e9tienne de Bordeaux"},"image":{"@id":"https:\/\/ajc33.com\/#\/schema\/logo\/image\/"}}]}},"jetpack_sharing_enabled":true,"_links":{"self":[{"href":"https:\/\/ajc33.com\/index.php\/wp-json\/wp\/v2\/pages\/796","targetHints":{"allow":["GET"]}}],"collection":[{"href":"https:\/\/ajc33.com\/index.php\/wp-json\/wp\/v2\/pages"}],"about":[{"href":"https:\/\/ajc33.com\/index.php\/wp-json\/wp\/v2\/types\/page"}],"author":[{"embeddable":true,"href":"https:\/\/ajc33.com\/index.php\/wp-json\/wp\/v2\/users\/1"}],"replies":[{"embeddable":true,"href":"https:\/\/ajc33.com\/index.php\/wp-json\/wp\/v2\/comments?post=796"}],"version-history":[{"count":2,"href":"https:\/\/ajc33.com\/index.php\/wp-json\/wp\/v2\/pages\/796\/revisions"}],"predecessor-version":[{"id":801,"href":"https:\/\/ajc33.com\/index.php\/wp-json\/wp\/v2\/pages\/796\/revisions\/801"}],"wp:attachment":[{"href":"https:\/\/ajc33.com\/index.php\/wp-json\/wp\/v2\/media?parent=796"}],"wp:term":[{"taxonomy":"post_tag","embeddable":true,"href":"https:\/\/ajc33.com\/index.php\/wp-json\/wp\/v2\/tags?post=796"}],"curies":[{"name":"wp","href":"https:\/\/api.w.org\/{rel}","templated":true}]}}