{"id":786,"date":"2024-06-26T11:40:36","date_gmt":"2024-06-26T09:40:36","guid":{"rendered":"https:\/\/ajc33.com\/?page_id=786"},"modified":"2024-06-26T11:40:38","modified_gmt":"2024-06-26T09:40:38","slug":"communique-de-lamitie-judeo-chretienne-de-france-2","status":"publish","type":"page","link":"https:\/\/ajc33.com\/index.php\/communique-de-lamitie-judeo-chretienne-de-france-2\/","title":{"rendered":"Communiqu\u00e9 de l&rsquo;Amiti\u00e9 Jud\u00e9o-Chr\u00e9tienne de France"},"content":{"rendered":"\n<p>Une fois de plus, la Communaut\u00e9 juive en France est bless\u00e9e avec une violence inou\u00efe.<br>Une fois de plus, l&rsquo;enfance juive est atteinte dans sa chair. Il y a 12 ans, trois enfants juifs \u00e9taient assassin\u00e9s \u00e0 Toulouse par un islamiste pour la seule raison d&rsquo;\u00eatre juifs.<br>Aujourd&rsquo;hui, une enfant de 12 ans a \u00e9t\u00e9 viol\u00e9e en se faisant traiter de \u201csale juive\u201d. Les trois jeunes agresseurs \u00e2g\u00e9s de 12 \u00e0 13 ans ont dit qu&rsquo;ils entendaient \u00ab\u00a0venger la Palestine\u00a0\u00bb ?<br>Jusqu&rsquo;o\u00f9 ira l&rsquo;horreur?<br>Jusqu&rsquo;o\u00f9 ira l&rsquo;infamie des agitateurs d&rsquo;antis\u00e9mitisme, les porteurs de haine contre les juifs?<br>Une fois de plus, l&rsquo;Amiti\u00e9 Jud\u00e9o-Chr\u00e9tienne de France demande au gouvernement de ne plus se contenter de bonnes paroles, mais de consid\u00e9rer enfin qu&rsquo;attiser l&rsquo;antis\u00e9mitisme est un d\u00e9lit qui conduit \u00e0 des drames \u00e9pouvantables, et de poursuivre devant les tribunaux les responsables politiques qui, par leurs paroles, incitent au passage \u00e0 l&rsquo;acte.<br>.<br>Jean-Dominique DURAND<br>Pr\u00e9sident de l\u2019Amiti\u00e9 Jud\u00e9o-Chr\u00e9tienne de France<br>21 juin 2024<\/p>\n\n\n\n<figure class=\"wp-block-image size-full\"><img loading=\"lazy\" decoding=\"async\" width=\"300\" height=\"400\" src=\"https:\/\/ajc33.com\/wp-content\/uploads\/2024\/06\/logo-ajcf.jpg\" alt=\"\" class=\"wp-image-787\" srcset=\"https:\/\/ajc33.com\/wp-content\/uploads\/2024\/06\/logo-ajcf.jpg 300w, https:\/\/ajc33.com\/wp-content\/uploads\/2024\/06\/logo-ajcf-225x300.jpg 225w\" sizes=\"auto, (max-width: 300px) 100vw, 300px\" \/><\/figure>\n","protected":false},"excerpt":{"rendered":"<p>Une fois de plus, la Communaut\u00e9 juive en France est bless\u00e9e avec une violence inou\u00efe.Une fois de plus, l&rsquo;enfance juive est atteinte dans sa chair. Il y a 12 ans,&hellip; <a href=\"https:\/\/ajc33.com\/index.php\/communique-de-lamitie-judeo-chretienne-de-france-2\/\" class=\"more-link\">Lire la suite <span class=\"screen-reader-text\">Communiqu\u00e9 de l&rsquo;Amiti\u00e9 Jud\u00e9o-Chr\u00e9tienne de France<\/span><\/a><\/p>\n","protected":false},"author":1,"featured_media":0,"parent":0,"menu_order":0,"comment_status":"closed","ping_status":"closed","template":"","meta":{"footnotes":""},"tags":[],"class_list":["post-786","page","type-page","status-publish","hentry","without-featured-image"],"yoast_head":"<!-- This site is optimized with the Yoast SEO plugin v26.6 - https:\/\/yoast.com\/wordpress\/plugins\/seo\/ -->\n<title>Communiqu\u00e9 de l&#039;Amiti\u00e9 Jud\u00e9o-Chr\u00e9tienne de France - L&#039;amiti\u00e9 Jud\u00e9o-Chr\u00e9tienne de Bordeaux<\/title>\n<meta name=\"robots\" content=\"index, follow, max-snippet:-1, max-image-preview:large, max-video-preview:-1\" \/>\n<link rel=\"canonical\" href=\"https:\/\/ajc33.com\/index.php\/communique-de-lamitie-judeo-chretienne-de-france-2\/\" \/>\n<meta property=\"og:locale\" content=\"fr_FR\" \/>\n<meta property=\"og:type\" content=\"article\" \/>\n<meta property=\"og:title\" content=\"Communiqu\u00e9 de l&#039;Amiti\u00e9 Jud\u00e9o-Chr\u00e9tienne de France - L&#039;amiti\u00e9 Jud\u00e9o-Chr\u00e9tienne de Bordeaux\" \/>\n<meta property=\"og:description\" content=\"Une fois de plus, la Communaut\u00e9 juive en France est bless\u00e9e avec une violence inou\u00efe.Une fois de plus, l&rsquo;enfance juive est atteinte dans sa chair. Il y a 12 ans,&hellip; Lire la suite Communiqu\u00e9 de l&rsquo;Amiti\u00e9 Jud\u00e9o-Chr\u00e9tienne de France\" \/>\n<meta property=\"og:url\" content=\"https:\/\/ajc33.com\/index.php\/communique-de-lamitie-judeo-chretienne-de-france-2\/\" \/>\n<meta property=\"og:site_name\" content=\"L&#039;amiti\u00e9 Jud\u00e9o-Chr\u00e9tienne de Bordeaux\" \/>\n<meta property=\"article:modified_time\" content=\"2024-06-26T09:40:38+00:00\" \/>\n<meta property=\"og:image\" content=\"https:\/\/ajc33.com\/wp-content\/uploads\/2024\/06\/logo-ajcf.jpg\" \/>\n<meta name=\"twitter:card\" content=\"summary_large_image\" \/>\n<meta name=\"twitter:label1\" content=\"Dur\u00e9e de lecture estim\u00e9e\" \/>\n\t<meta name=\"twitter:data1\" content=\"2 minutes\" \/>\n<script type=\"application\/ld+json\" class=\"yoast-schema-graph\">{\"@context\":\"https:\/\/schema.org\",\"@graph\":[{\"@type\":\"WebPage\",\"@id\":\"https:\/\/ajc33.com\/index.php\/communique-de-lamitie-judeo-chretienne-de-france-2\/\",\"url\":\"https:\/\/ajc33.com\/index.php\/communique-de-lamitie-judeo-chretienne-de-france-2\/\",\"name\":\"Communiqu\u00e9 de l'Amiti\u00e9 Jud\u00e9o-Chr\u00e9tienne de France - L&#039;amiti\u00e9 Jud\u00e9o-Chr\u00e9tienne de Bordeaux\",\"isPartOf\":{\"@id\":\"https:\/\/ajc33.com\/#website\"},\"primaryImageOfPage\":{\"@id\":\"https:\/\/ajc33.com\/index.php\/communique-de-lamitie-judeo-chretienne-de-france-2\/#primaryimage\"},\"image\":{\"@id\":\"https:\/\/ajc33.com\/index.php\/communique-de-lamitie-judeo-chretienne-de-france-2\/#primaryimage\"},\"thumbnailUrl\":\"https:\/\/ajc33.com\/wp-content\/uploads\/2024\/06\/logo-ajcf.jpg\",\"datePublished\":\"2024-06-26T09:40:36+00:00\",\"dateModified\":\"2024-06-26T09:40:38+00:00\",\"breadcrumb\":{\"@id\":\"https:\/\/ajc33.com\/index.php\/communique-de-lamitie-judeo-chretienne-de-france-2\/#breadcrumb\"},\"inLanguage\":\"fr-FR\",\"potentialAction\":[{\"@type\":\"ReadAction\",\"target\":[\"https:\/\/ajc33.com\/index.php\/communique-de-lamitie-judeo-chretienne-de-france-2\/\"]}]},{\"@type\":\"ImageObject\",\"inLanguage\":\"fr-FR\",\"@id\":\"https:\/\/ajc33.com\/index.php\/communique-de-lamitie-judeo-chretienne-de-france-2\/#primaryimage\",\"url\":\"https:\/\/ajc33.com\/wp-content\/uploads\/2024\/06\/logo-ajcf.jpg\",\"contentUrl\":\"https:\/\/ajc33.com\/wp-content\/uploads\/2024\/06\/logo-ajcf.jpg\",\"width\":300,\"height\":400},{\"@type\":\"BreadcrumbList\",\"@id\":\"https:\/\/ajc33.com\/index.php\/communique-de-lamitie-judeo-chretienne-de-france-2\/#breadcrumb\",\"itemListElement\":[{\"@type\":\"ListItem\",\"position\":1,\"name\":\"Home\",\"item\":\"https:\/\/ajc33.com\/\"},{\"@type\":\"ListItem\",\"position\":2,\"name\":\"Communiqu\u00e9 de l&#8217;Amiti\u00e9 Jud\u00e9o-Chr\u00e9tienne de France\"}]},{\"@type\":\"WebSite\",\"@id\":\"https:\/\/ajc33.com\/#website\",\"url\":\"https:\/\/ajc33.com\/\",\"name\":\"L&#039;amiti\u00e9 Jud\u00e9o-Chr\u00e9tienne de Bordeaux\",\"description\":\"\",\"publisher\":{\"@id\":\"https:\/\/ajc33.com\/#organization\"},\"potentialAction\":[{\"@type\":\"SearchAction\",\"target\":{\"@type\":\"EntryPoint\",\"urlTemplate\":\"https:\/\/ajc33.com\/?s={search_term_string}\"},\"query-input\":{\"@type\":\"PropertyValueSpecification\",\"valueRequired\":true,\"valueName\":\"search_term_string\"}}],\"inLanguage\":\"fr-FR\"},{\"@type\":\"Organization\",\"@id\":\"https:\/\/ajc33.com\/#organization\",\"name\":\"L&#039;amiti\u00e9 Jud\u00e9o-Chr\u00e9tienne de Bordeaux\",\"url\":\"https:\/\/ajc33.com\/\",\"logo\":{\"@type\":\"ImageObject\",\"inLanguage\":\"fr-FR\",\"@id\":\"https:\/\/ajc33.com\/#\/schema\/logo\/image\/\",\"url\":\"https:\/\/ajc33.com\/wp-content\/uploads\/2018\/03\/cropped-ajc-bod-2.jpg\",\"contentUrl\":\"https:\/\/ajc33.com\/wp-content\/uploads\/2018\/03\/cropped-ajc-bod-2.jpg\",\"width\":200,\"height\":191,\"caption\":\"L&#039;amiti\u00e9 Jud\u00e9o-Chr\u00e9tienne de Bordeaux\"},\"image\":{\"@id\":\"https:\/\/ajc33.com\/#\/schema\/logo\/image\/\"}}]}<\/script>\n<!-- \/ Yoast SEO plugin. -->","yoast_head_json":{"title":"Communiqu\u00e9 de l'Amiti\u00e9 Jud\u00e9o-Chr\u00e9tienne de France - L&#039;amiti\u00e9 Jud\u00e9o-Chr\u00e9tienne de Bordeaux","robots":{"index":"index","follow":"follow","max-snippet":"max-snippet:-1","max-image-preview":"max-image-preview:large","max-video-preview":"max-video-preview:-1"},"canonical":"https:\/\/ajc33.com\/index.php\/communique-de-lamitie-judeo-chretienne-de-france-2\/","og_locale":"fr_FR","og_type":"article","og_title":"Communiqu\u00e9 de l'Amiti\u00e9 Jud\u00e9o-Chr\u00e9tienne de France - L&#039;amiti\u00e9 Jud\u00e9o-Chr\u00e9tienne de Bordeaux","og_description":"Une fois de plus, la Communaut\u00e9 juive en France est bless\u00e9e avec une violence inou\u00efe.Une fois de plus, l&rsquo;enfance juive est atteinte dans sa chair. Il y a 12 ans,&hellip; Lire la suite Communiqu\u00e9 de l&rsquo;Amiti\u00e9 Jud\u00e9o-Chr\u00e9tienne de France","og_url":"https:\/\/ajc33.com\/index.php\/communique-de-lamitie-judeo-chretienne-de-france-2\/","og_site_name":"L&#039;amiti\u00e9 Jud\u00e9o-Chr\u00e9tienne de Bordeaux","article_modified_time":"2024-06-26T09:40:38+00:00","og_image":[{"url":"https:\/\/ajc33.com\/wp-content\/uploads\/2024\/06\/logo-ajcf.jpg","type":"","width":"","height":""}],"twitter_card":"summary_large_image","twitter_misc":{"Dur\u00e9e de lecture estim\u00e9e":"2 minutes"},"schema":{"@context":"https:\/\/schema.org","@graph":[{"@type":"WebPage","@id":"https:\/\/ajc33.com\/index.php\/communique-de-lamitie-judeo-chretienne-de-france-2\/","url":"https:\/\/ajc33.com\/index.php\/communique-de-lamitie-judeo-chretienne-de-france-2\/","name":"Communiqu\u00e9 de l'Amiti\u00e9 Jud\u00e9o-Chr\u00e9tienne de France - L&#039;amiti\u00e9 Jud\u00e9o-Chr\u00e9tienne de Bordeaux","isPartOf":{"@id":"https:\/\/ajc33.com\/#website"},"primaryImageOfPage":{"@id":"https:\/\/ajc33.com\/index.php\/communique-de-lamitie-judeo-chretienne-de-france-2\/#primaryimage"},"image":{"@id":"https:\/\/ajc33.com\/index.php\/communique-de-lamitie-judeo-chretienne-de-france-2\/#primaryimage"},"thumbnailUrl":"https:\/\/ajc33.com\/wp-content\/uploads\/2024\/06\/logo-ajcf.jpg","datePublished":"2024-06-26T09:40:36+00:00","dateModified":"2024-06-26T09:40:38+00:00","breadcrumb":{"@id":"https:\/\/ajc33.com\/index.php\/communique-de-lamitie-judeo-chretienne-de-france-2\/#breadcrumb"},"inLanguage":"fr-FR","potentialAction":[{"@type":"ReadAction","target":["https:\/\/ajc33.com\/index.php\/communique-de-lamitie-judeo-chretienne-de-france-2\/"]}]},{"@type":"ImageObject","inLanguage":"fr-FR","@id":"https:\/\/ajc33.com\/index.php\/communique-de-lamitie-judeo-chretienne-de-france-2\/#primaryimage","url":"https:\/\/ajc33.com\/wp-content\/uploads\/2024\/06\/logo-ajcf.jpg","contentUrl":"https:\/\/ajc33.com\/wp-content\/uploads\/2024\/06\/logo-ajcf.jpg","width":300,"height":400},{"@type":"BreadcrumbList","@id":"https:\/\/ajc33.com\/index.php\/communique-de-lamitie-judeo-chretienne-de-france-2\/#breadcrumb","itemListElement":[{"@type":"ListItem","position":1,"name":"Home","item":"https:\/\/ajc33.com\/"},{"@type":"ListItem","position":2,"name":"Communiqu\u00e9 de l&#8217;Amiti\u00e9 Jud\u00e9o-Chr\u00e9tienne de France"}]},{"@type":"WebSite","@id":"https:\/\/ajc33.com\/#website","url":"https:\/\/ajc33.com\/","name":"L&#039;amiti\u00e9 Jud\u00e9o-Chr\u00e9tienne de Bordeaux","description":"","publisher":{"@id":"https:\/\/ajc33.com\/#organization"},"potentialAction":[{"@type":"SearchAction","target":{"@type":"EntryPoint","urlTemplate":"https:\/\/ajc33.com\/?s={search_term_string}"},"query-input":{"@type":"PropertyValueSpecification","valueRequired":true,"valueName":"search_term_string"}}],"inLanguage":"fr-FR"},{"@type":"Organization","@id":"https:\/\/ajc33.com\/#organization","name":"L&#039;amiti\u00e9 Jud\u00e9o-Chr\u00e9tienne de Bordeaux","url":"https:\/\/ajc33.com\/","logo":{"@type":"ImageObject","inLanguage":"fr-FR","@id":"https:\/\/ajc33.com\/#\/schema\/logo\/image\/","url":"https:\/\/ajc33.com\/wp-content\/uploads\/2018\/03\/cropped-ajc-bod-2.jpg","contentUrl":"https:\/\/ajc33.com\/wp-content\/uploads\/2018\/03\/cropped-ajc-bod-2.jpg","width":200,"height":191,"caption":"L&#039;amiti\u00e9 Jud\u00e9o-Chr\u00e9tienne de Bordeaux"},"image":{"@id":"https:\/\/ajc33.com\/#\/schema\/logo\/image\/"}}]}},"jetpack_sharing_enabled":true,"_links":{"self":[{"href":"https:\/\/ajc33.com\/index.php\/wp-json\/wp\/v2\/pages\/786","targetHints":{"allow":["GET"]}}],"collection":[{"href":"https:\/\/ajc33.com\/index.php\/wp-json\/wp\/v2\/pages"}],"about":[{"href":"https:\/\/ajc33.com\/index.php\/wp-json\/wp\/v2\/types\/page"}],"author":[{"embeddable":true,"href":"https:\/\/ajc33.com\/index.php\/wp-json\/wp\/v2\/users\/1"}],"replies":[{"embeddable":true,"href":"https:\/\/ajc33.com\/index.php\/wp-json\/wp\/v2\/comments?post=786"}],"version-history":[{"count":1,"href":"https:\/\/ajc33.com\/index.php\/wp-json\/wp\/v2\/pages\/786\/revisions"}],"predecessor-version":[{"id":789,"href":"https:\/\/ajc33.com\/index.php\/wp-json\/wp\/v2\/pages\/786\/revisions\/789"}],"wp:attachment":[{"href":"https:\/\/ajc33.com\/index.php\/wp-json\/wp\/v2\/media?parent=786"}],"wp:term":[{"taxonomy":"post_tag","embeddable":true,"href":"https:\/\/ajc33.com\/index.php\/wp-json\/wp\/v2\/tags?post=786"}],"curies":[{"name":"wp","href":"https:\/\/api.w.org\/{rel}","templated":true}]}}