{"id":780,"date":"2024-04-30T12:44:48","date_gmt":"2024-04-30T10:44:48","guid":{"rendered":"https:\/\/ajc33.com\/?page_id=780"},"modified":"2024-04-30T12:44:51","modified_gmt":"2024-04-30T10:44:51","slug":"article-la-croix-22-avril-2024","status":"publish","type":"page","link":"https:\/\/ajc33.com\/index.php\/article-la-croix-22-avril-2024\/","title":{"rendered":"Article La Croix 22 avril 2024"},"content":{"rendered":"\n<p>Chers amis,<\/p>\n\n\n\n<p>Je vous transmets un article du journal La Croix dans son \u00e9dition du 22 avril, relatif au conflit entre Isra\u00ebl et le Hamas. L\u2019article est sign\u00e9 par Christophe Le Sourt, directeur du service national pour les relations avec le juda\u00efsme de la Conf\u00e9rence des \u00e9v\u00eaques de France, et par ses deux pr\u00e9d\u00e9cesseurs. L\u2019article a \u00e9t\u00e9 communiqu\u00e9 \u00e0 de nombreux responsables juifs.<\/p>\n\n\n\n<p>Bien \u00e0 vous.<\/p>\n\n\n\n<p>Philippe Leruste<\/p>\n\n\n\n<p>D\u00e9l\u00e9gu\u00e9 \u00e9piscopal pour les relations avec le juda\u00efsme<\/p>\n\n\n\n<p>Vice pr\u00e9sident de l\u2019AJC de Bordeaux<\/p>\n\n\n\n<div data-wp-interactive=\"core\/file\" class=\"wp-block-file\"><object data-wp-bind--hidden=\"!state.hasPdfPreview\" hidden class=\"wp-block-file__embed\" data=\"https:\/\/ajc33.com\/wp-content\/uploads\/2024\/04\/Lettre-aux-delegues-diocesains-Relations-avec-le-Judaisme.pdf\" type=\"application\/pdf\" style=\"width:100%;height:600px\" aria-label=\"Contenu embarqu\u00e9 Lettre-aux-delegues-diocesains-Relations-avec-le-Judaisme.\"><\/object><a id=\"wp-block-file--media-272473cd-de5e-4f97-94e5-521b33c159c3\" href=\"https:\/\/ajc33.com\/wp-content\/uploads\/2024\/04\/Lettre-aux-delegues-diocesains-Relations-avec-le-Judaisme.pdf\">Lettre-aux-delegues-diocesains-Relations-avec-le-Judaisme<\/a><a href=\"https:\/\/ajc33.com\/wp-content\/uploads\/2024\/04\/Lettre-aux-delegues-diocesains-Relations-avec-le-Judaisme.pdf\" class=\"wp-block-file__button wp-element-button\" download aria-describedby=\"wp-block-file--media-272473cd-de5e-4f97-94e5-521b33c159c3\">T\u00e9l\u00e9charger<\/a><\/div>\n","protected":false},"excerpt":{"rendered":"<p>Chers amis, Je vous transmets un article du journal La Croix dans son \u00e9dition du 22 avril, relatif au conflit entre Isra\u00ebl et le Hamas. L\u2019article est sign\u00e9 par Christophe&hellip; <a href=\"https:\/\/ajc33.com\/index.php\/article-la-croix-22-avril-2024\/\" class=\"more-link\">Lire la suite <span class=\"screen-reader-text\">Article La Croix 22 avril 2024<\/span><\/a><\/p>\n","protected":false},"author":1,"featured_media":0,"parent":0,"menu_order":0,"comment_status":"closed","ping_status":"closed","template":"","meta":{"footnotes":""},"tags":[],"class_list":["post-780","page","type-page","status-publish","hentry","without-featured-image"],"yoast_head":"<!-- This site is optimized with the Yoast SEO plugin v26.6 - https:\/\/yoast.com\/wordpress\/plugins\/seo\/ -->\n<title>Article La Croix 22 avril 2024 - L&#039;amiti\u00e9 Jud\u00e9o-Chr\u00e9tienne de Bordeaux<\/title>\n<meta name=\"robots\" content=\"index, follow, max-snippet:-1, max-image-preview:large, max-video-preview:-1\" \/>\n<link rel=\"canonical\" href=\"https:\/\/ajc33.com\/index.php\/article-la-croix-22-avril-2024\/\" \/>\n<meta property=\"og:locale\" content=\"fr_FR\" \/>\n<meta property=\"og:type\" content=\"article\" \/>\n<meta property=\"og:title\" content=\"Article La Croix 22 avril 2024 - L&#039;amiti\u00e9 Jud\u00e9o-Chr\u00e9tienne de Bordeaux\" \/>\n<meta property=\"og:description\" content=\"Chers amis, Je vous transmets un article du journal La Croix dans son \u00e9dition du 22 avril, relatif au conflit entre Isra\u00ebl et le Hamas. L\u2019article est sign\u00e9 par Christophe&hellip; Lire la suite Article La Croix 22 avril 2024\" \/>\n<meta property=\"og:url\" content=\"https:\/\/ajc33.com\/index.php\/article-la-croix-22-avril-2024\/\" \/>\n<meta property=\"og:site_name\" content=\"L&#039;amiti\u00e9 Jud\u00e9o-Chr\u00e9tienne de Bordeaux\" \/>\n<meta property=\"article:modified_time\" content=\"2024-04-30T10:44:51+00:00\" \/>\n<meta name=\"twitter:card\" content=\"summary_large_image\" \/>\n<meta name=\"twitter:label1\" content=\"Dur\u00e9e de lecture estim\u00e9e\" \/>\n\t<meta name=\"twitter:data1\" content=\"1 minute\" \/>\n<script type=\"application\/ld+json\" class=\"yoast-schema-graph\">{\"@context\":\"https:\/\/schema.org\",\"@graph\":[{\"@type\":\"WebPage\",\"@id\":\"https:\/\/ajc33.com\/index.php\/article-la-croix-22-avril-2024\/\",\"url\":\"https:\/\/ajc33.com\/index.php\/article-la-croix-22-avril-2024\/\",\"name\":\"Article La Croix 22 avril 2024 - L&#039;amiti\u00e9 Jud\u00e9o-Chr\u00e9tienne de Bordeaux\",\"isPartOf\":{\"@id\":\"https:\/\/ajc33.com\/#website\"},\"datePublished\":\"2024-04-30T10:44:48+00:00\",\"dateModified\":\"2024-04-30T10:44:51+00:00\",\"breadcrumb\":{\"@id\":\"https:\/\/ajc33.com\/index.php\/article-la-croix-22-avril-2024\/#breadcrumb\"},\"inLanguage\":\"fr-FR\",\"potentialAction\":[{\"@type\":\"ReadAction\",\"target\":[\"https:\/\/ajc33.com\/index.php\/article-la-croix-22-avril-2024\/\"]}]},{\"@type\":\"BreadcrumbList\",\"@id\":\"https:\/\/ajc33.com\/index.php\/article-la-croix-22-avril-2024\/#breadcrumb\",\"itemListElement\":[{\"@type\":\"ListItem\",\"position\":1,\"name\":\"Home\",\"item\":\"https:\/\/ajc33.com\/\"},{\"@type\":\"ListItem\",\"position\":2,\"name\":\"Article La Croix 22 avril 2024\"}]},{\"@type\":\"WebSite\",\"@id\":\"https:\/\/ajc33.com\/#website\",\"url\":\"https:\/\/ajc33.com\/\",\"name\":\"L&#039;amiti\u00e9 Jud\u00e9o-Chr\u00e9tienne de Bordeaux\",\"description\":\"\",\"publisher\":{\"@id\":\"https:\/\/ajc33.com\/#organization\"},\"potentialAction\":[{\"@type\":\"SearchAction\",\"target\":{\"@type\":\"EntryPoint\",\"urlTemplate\":\"https:\/\/ajc33.com\/?s={search_term_string}\"},\"query-input\":{\"@type\":\"PropertyValueSpecification\",\"valueRequired\":true,\"valueName\":\"search_term_string\"}}],\"inLanguage\":\"fr-FR\"},{\"@type\":\"Organization\",\"@id\":\"https:\/\/ajc33.com\/#organization\",\"name\":\"L&#039;amiti\u00e9 Jud\u00e9o-Chr\u00e9tienne de Bordeaux\",\"url\":\"https:\/\/ajc33.com\/\",\"logo\":{\"@type\":\"ImageObject\",\"inLanguage\":\"fr-FR\",\"@id\":\"https:\/\/ajc33.com\/#\/schema\/logo\/image\/\",\"url\":\"https:\/\/ajc33.com\/wp-content\/uploads\/2018\/03\/cropped-ajc-bod-2.jpg\",\"contentUrl\":\"https:\/\/ajc33.com\/wp-content\/uploads\/2018\/03\/cropped-ajc-bod-2.jpg\",\"width\":200,\"height\":191,\"caption\":\"L&#039;amiti\u00e9 Jud\u00e9o-Chr\u00e9tienne de Bordeaux\"},\"image\":{\"@id\":\"https:\/\/ajc33.com\/#\/schema\/logo\/image\/\"}}]}<\/script>\n<!-- \/ Yoast SEO plugin. -->","yoast_head_json":{"title":"Article La Croix 22 avril 2024 - L&#039;amiti\u00e9 Jud\u00e9o-Chr\u00e9tienne de Bordeaux","robots":{"index":"index","follow":"follow","max-snippet":"max-snippet:-1","max-image-preview":"max-image-preview:large","max-video-preview":"max-video-preview:-1"},"canonical":"https:\/\/ajc33.com\/index.php\/article-la-croix-22-avril-2024\/","og_locale":"fr_FR","og_type":"article","og_title":"Article La Croix 22 avril 2024 - L&#039;amiti\u00e9 Jud\u00e9o-Chr\u00e9tienne de Bordeaux","og_description":"Chers amis, Je vous transmets un article du journal La Croix dans son \u00e9dition du 22 avril, relatif au conflit entre Isra\u00ebl et le Hamas. L\u2019article est sign\u00e9 par Christophe&hellip; Lire la suite Article La Croix 22 avril 2024","og_url":"https:\/\/ajc33.com\/index.php\/article-la-croix-22-avril-2024\/","og_site_name":"L&#039;amiti\u00e9 Jud\u00e9o-Chr\u00e9tienne de Bordeaux","article_modified_time":"2024-04-30T10:44:51+00:00","twitter_card":"summary_large_image","twitter_misc":{"Dur\u00e9e de lecture estim\u00e9e":"1 minute"},"schema":{"@context":"https:\/\/schema.org","@graph":[{"@type":"WebPage","@id":"https:\/\/ajc33.com\/index.php\/article-la-croix-22-avril-2024\/","url":"https:\/\/ajc33.com\/index.php\/article-la-croix-22-avril-2024\/","name":"Article La Croix 22 avril 2024 - L&#039;amiti\u00e9 Jud\u00e9o-Chr\u00e9tienne de Bordeaux","isPartOf":{"@id":"https:\/\/ajc33.com\/#website"},"datePublished":"2024-04-30T10:44:48+00:00","dateModified":"2024-04-30T10:44:51+00:00","breadcrumb":{"@id":"https:\/\/ajc33.com\/index.php\/article-la-croix-22-avril-2024\/#breadcrumb"},"inLanguage":"fr-FR","potentialAction":[{"@type":"ReadAction","target":["https:\/\/ajc33.com\/index.php\/article-la-croix-22-avril-2024\/"]}]},{"@type":"BreadcrumbList","@id":"https:\/\/ajc33.com\/index.php\/article-la-croix-22-avril-2024\/#breadcrumb","itemListElement":[{"@type":"ListItem","position":1,"name":"Home","item":"https:\/\/ajc33.com\/"},{"@type":"ListItem","position":2,"name":"Article La Croix 22 avril 2024"}]},{"@type":"WebSite","@id":"https:\/\/ajc33.com\/#website","url":"https:\/\/ajc33.com\/","name":"L&#039;amiti\u00e9 Jud\u00e9o-Chr\u00e9tienne de Bordeaux","description":"","publisher":{"@id":"https:\/\/ajc33.com\/#organization"},"potentialAction":[{"@type":"SearchAction","target":{"@type":"EntryPoint","urlTemplate":"https:\/\/ajc33.com\/?s={search_term_string}"},"query-input":{"@type":"PropertyValueSpecification","valueRequired":true,"valueName":"search_term_string"}}],"inLanguage":"fr-FR"},{"@type":"Organization","@id":"https:\/\/ajc33.com\/#organization","name":"L&#039;amiti\u00e9 Jud\u00e9o-Chr\u00e9tienne de Bordeaux","url":"https:\/\/ajc33.com\/","logo":{"@type":"ImageObject","inLanguage":"fr-FR","@id":"https:\/\/ajc33.com\/#\/schema\/logo\/image\/","url":"https:\/\/ajc33.com\/wp-content\/uploads\/2018\/03\/cropped-ajc-bod-2.jpg","contentUrl":"https:\/\/ajc33.com\/wp-content\/uploads\/2018\/03\/cropped-ajc-bod-2.jpg","width":200,"height":191,"caption":"L&#039;amiti\u00e9 Jud\u00e9o-Chr\u00e9tienne de Bordeaux"},"image":{"@id":"https:\/\/ajc33.com\/#\/schema\/logo\/image\/"}}]}},"jetpack_sharing_enabled":true,"_links":{"self":[{"href":"https:\/\/ajc33.com\/index.php\/wp-json\/wp\/v2\/pages\/780","targetHints":{"allow":["GET"]}}],"collection":[{"href":"https:\/\/ajc33.com\/index.php\/wp-json\/wp\/v2\/pages"}],"about":[{"href":"https:\/\/ajc33.com\/index.php\/wp-json\/wp\/v2\/types\/page"}],"author":[{"embeddable":true,"href":"https:\/\/ajc33.com\/index.php\/wp-json\/wp\/v2\/users\/1"}],"replies":[{"embeddable":true,"href":"https:\/\/ajc33.com\/index.php\/wp-json\/wp\/v2\/comments?post=780"}],"version-history":[{"count":1,"href":"https:\/\/ajc33.com\/index.php\/wp-json\/wp\/v2\/pages\/780\/revisions"}],"predecessor-version":[{"id":783,"href":"https:\/\/ajc33.com\/index.php\/wp-json\/wp\/v2\/pages\/780\/revisions\/783"}],"wp:attachment":[{"href":"https:\/\/ajc33.com\/index.php\/wp-json\/wp\/v2\/media?parent=780"}],"wp:term":[{"taxonomy":"post_tag","embeddable":true,"href":"https:\/\/ajc33.com\/index.php\/wp-json\/wp\/v2\/tags?post=780"}],"curies":[{"name":"wp","href":"https:\/\/api.w.org\/{rel}","templated":true}]}}