{"id":745,"date":"2024-01-23T10:51:26","date_gmt":"2024-01-23T09:51:26","guid":{"rendered":"https:\/\/ajc33.com\/?page_id=745"},"modified":"2024-01-23T10:51:28","modified_gmt":"2024-01-23T09:51:28","slug":"commentaire-a-deux-voix-des-textes-du-dimanche-de-la-parole","status":"publish","type":"page","link":"https:\/\/ajc33.com\/index.php\/commentaire-a-deux-voix-des-textes-du-dimanche-de-la-parole\/","title":{"rendered":"Commentaire \u00e0 deux voix des textes du dimanche de la Parole"},"content":{"rendered":"\n<blockquote class=\"wp-block-quote is-layout-flow wp-block-quote-is-layout-flow\">\n<h2 class=\"wp-block-heading\">Plac\u00e9 au c\u0153ur de la semaine de pri\u00e8re pour l\u2019Unit\u00e9 des chr\u00e9tiens, le Dimanche de la Parole de Dieu, institu\u00e9 par le Pape Fran\u00e7ois, rappelle la dimension \u0153cum\u00e9nique de la Parole de Dieu et souligne le lien profond entre les deux Testaments.<\/h2>\n\n\n\n<p><strong>Pour accompagner notre r\u00e9flexion sur la Parole,&nbsp;<br>le Grand Rabbin Gilles Bernheim et le fr\u00e8re Louis-Marie, prieur d\u2019Abu Gosh, ont accept\u00e9 de commenter de J\u00e9rusalem<br>les textes du 1<\/strong><strong><sup>er<\/sup><\/strong><strong>&nbsp;et du 2\u00e8me Testament du Dimanche 21 janvier 2024 :<br>Jonas&nbsp;3,1-5.10&nbsp;et Marc&nbsp;1, 14-20.<\/strong><\/p>\n<\/blockquote>\n\n\n\n<figure class=\"wp-block-embed is-type-video is-provider-youtube wp-block-embed-youtube wp-embed-aspect-16-9 wp-has-aspect-ratio\"><div class=\"wp-block-embed__wrapper\">\n<div class=\"jetpack-video-wrapper\"><iframe loading=\"lazy\" title=\"Comentaire \u00e0 deux voix des textes du Dimanche de la Parole du 21 janvier 2024\" width=\"825\" height=\"464\" src=\"https:\/\/www.youtube.com\/embed\/1OmDu8uX-_A?feature=oembed\" frameborder=\"0\" allow=\"accelerometer; autoplay; clipboard-write; encrypted-media; gyroscope; picture-in-picture; web-share\" allowfullscreen><\/iframe><\/div>\n<\/div><\/figure>\n","protected":false},"excerpt":{"rendered":"<p>Plac\u00e9 au c\u0153ur de la semaine de pri\u00e8re pour l\u2019Unit\u00e9 des chr\u00e9tiens, le Dimanche de la Parole de Dieu, institu\u00e9 par le Pape Fran\u00e7ois, rappelle la dimension \u0153cum\u00e9nique de la&hellip; <a href=\"https:\/\/ajc33.com\/index.php\/commentaire-a-deux-voix-des-textes-du-dimanche-de-la-parole\/\" class=\"more-link\">Lire la suite <span class=\"screen-reader-text\">Commentaire \u00e0 deux voix des textes du dimanche de la Parole<\/span><\/a><\/p>\n","protected":false},"author":1,"featured_media":0,"parent":0,"menu_order":0,"comment_status":"closed","ping_status":"closed","template":"","meta":{"footnotes":""},"tags":[],"class_list":["post-745","page","type-page","status-publish","hentry","without-featured-image"],"yoast_head":"<!-- This site is optimized with the Yoast SEO plugin v26.6 - https:\/\/yoast.com\/wordpress\/plugins\/seo\/ -->\n<title>Commentaire \u00e0 deux voix des textes du dimanche de la Parole - L&#039;amiti\u00e9 Jud\u00e9o-Chr\u00e9tienne de Bordeaux<\/title>\n<meta name=\"robots\" content=\"index, follow, max-snippet:-1, max-image-preview:large, max-video-preview:-1\" \/>\n<link rel=\"canonical\" href=\"https:\/\/ajc33.com\/index.php\/commentaire-a-deux-voix-des-textes-du-dimanche-de-la-parole\/\" \/>\n<meta property=\"og:locale\" content=\"fr_FR\" \/>\n<meta property=\"og:type\" content=\"article\" \/>\n<meta property=\"og:title\" content=\"Commentaire \u00e0 deux voix des textes du dimanche de la Parole - L&#039;amiti\u00e9 Jud\u00e9o-Chr\u00e9tienne de Bordeaux\" \/>\n<meta property=\"og:description\" content=\"Plac\u00e9 au c\u0153ur de la semaine de pri\u00e8re pour l\u2019Unit\u00e9 des chr\u00e9tiens, le Dimanche de la Parole de Dieu, institu\u00e9 par le Pape Fran\u00e7ois, rappelle la dimension \u0153cum\u00e9nique de la&hellip; Lire la suite Commentaire \u00e0 deux voix des textes du dimanche de la Parole\" \/>\n<meta property=\"og:url\" content=\"https:\/\/ajc33.com\/index.php\/commentaire-a-deux-voix-des-textes-du-dimanche-de-la-parole\/\" \/>\n<meta property=\"og:site_name\" content=\"L&#039;amiti\u00e9 Jud\u00e9o-Chr\u00e9tienne de Bordeaux\" \/>\n<meta property=\"article:modified_time\" content=\"2024-01-23T09:51:28+00:00\" \/>\n<meta name=\"twitter:card\" content=\"summary_large_image\" \/>\n<meta name=\"twitter:label1\" content=\"Dur\u00e9e de lecture estim\u00e9e\" \/>\n\t<meta name=\"twitter:data1\" content=\"1 minute\" \/>\n<script type=\"application\/ld+json\" class=\"yoast-schema-graph\">{\"@context\":\"https:\/\/schema.org\",\"@graph\":[{\"@type\":\"WebPage\",\"@id\":\"https:\/\/ajc33.com\/index.php\/commentaire-a-deux-voix-des-textes-du-dimanche-de-la-parole\/\",\"url\":\"https:\/\/ajc33.com\/index.php\/commentaire-a-deux-voix-des-textes-du-dimanche-de-la-parole\/\",\"name\":\"Commentaire \u00e0 deux voix des textes du dimanche de la Parole - L&#039;amiti\u00e9 Jud\u00e9o-Chr\u00e9tienne de Bordeaux\",\"isPartOf\":{\"@id\":\"https:\/\/ajc33.com\/#website\"},\"datePublished\":\"2024-01-23T09:51:26+00:00\",\"dateModified\":\"2024-01-23T09:51:28+00:00\",\"breadcrumb\":{\"@id\":\"https:\/\/ajc33.com\/index.php\/commentaire-a-deux-voix-des-textes-du-dimanche-de-la-parole\/#breadcrumb\"},\"inLanguage\":\"fr-FR\",\"potentialAction\":[{\"@type\":\"ReadAction\",\"target\":[\"https:\/\/ajc33.com\/index.php\/commentaire-a-deux-voix-des-textes-du-dimanche-de-la-parole\/\"]}]},{\"@type\":\"BreadcrumbList\",\"@id\":\"https:\/\/ajc33.com\/index.php\/commentaire-a-deux-voix-des-textes-du-dimanche-de-la-parole\/#breadcrumb\",\"itemListElement\":[{\"@type\":\"ListItem\",\"position\":1,\"name\":\"Home\",\"item\":\"https:\/\/ajc33.com\/\"},{\"@type\":\"ListItem\",\"position\":2,\"name\":\"Commentaire \u00e0 deux voix des textes du dimanche de la Parole\"}]},{\"@type\":\"WebSite\",\"@id\":\"https:\/\/ajc33.com\/#website\",\"url\":\"https:\/\/ajc33.com\/\",\"name\":\"L&#039;amiti\u00e9 Jud\u00e9o-Chr\u00e9tienne de Bordeaux\",\"description\":\"\",\"publisher\":{\"@id\":\"https:\/\/ajc33.com\/#organization\"},\"potentialAction\":[{\"@type\":\"SearchAction\",\"target\":{\"@type\":\"EntryPoint\",\"urlTemplate\":\"https:\/\/ajc33.com\/?s={search_term_string}\"},\"query-input\":{\"@type\":\"PropertyValueSpecification\",\"valueRequired\":true,\"valueName\":\"search_term_string\"}}],\"inLanguage\":\"fr-FR\"},{\"@type\":\"Organization\",\"@id\":\"https:\/\/ajc33.com\/#organization\",\"name\":\"L&#039;amiti\u00e9 Jud\u00e9o-Chr\u00e9tienne de Bordeaux\",\"url\":\"https:\/\/ajc33.com\/\",\"logo\":{\"@type\":\"ImageObject\",\"inLanguage\":\"fr-FR\",\"@id\":\"https:\/\/ajc33.com\/#\/schema\/logo\/image\/\",\"url\":\"https:\/\/ajc33.com\/wp-content\/uploads\/2018\/03\/cropped-ajc-bod-2.jpg\",\"contentUrl\":\"https:\/\/ajc33.com\/wp-content\/uploads\/2018\/03\/cropped-ajc-bod-2.jpg\",\"width\":200,\"height\":191,\"caption\":\"L&#039;amiti\u00e9 Jud\u00e9o-Chr\u00e9tienne de Bordeaux\"},\"image\":{\"@id\":\"https:\/\/ajc33.com\/#\/schema\/logo\/image\/\"}}]}<\/script>\n<!-- \/ Yoast SEO plugin. -->","yoast_head_json":{"title":"Commentaire \u00e0 deux voix des textes du dimanche de la Parole - L&#039;amiti\u00e9 Jud\u00e9o-Chr\u00e9tienne de Bordeaux","robots":{"index":"index","follow":"follow","max-snippet":"max-snippet:-1","max-image-preview":"max-image-preview:large","max-video-preview":"max-video-preview:-1"},"canonical":"https:\/\/ajc33.com\/index.php\/commentaire-a-deux-voix-des-textes-du-dimanche-de-la-parole\/","og_locale":"fr_FR","og_type":"article","og_title":"Commentaire \u00e0 deux voix des textes du dimanche de la Parole - L&#039;amiti\u00e9 Jud\u00e9o-Chr\u00e9tienne de Bordeaux","og_description":"Plac\u00e9 au c\u0153ur de la semaine de pri\u00e8re pour l\u2019Unit\u00e9 des chr\u00e9tiens, le Dimanche de la Parole de Dieu, institu\u00e9 par le Pape Fran\u00e7ois, rappelle la dimension \u0153cum\u00e9nique de la&hellip; Lire la suite Commentaire \u00e0 deux voix des textes du dimanche de la Parole","og_url":"https:\/\/ajc33.com\/index.php\/commentaire-a-deux-voix-des-textes-du-dimanche-de-la-parole\/","og_site_name":"L&#039;amiti\u00e9 Jud\u00e9o-Chr\u00e9tienne de Bordeaux","article_modified_time":"2024-01-23T09:51:28+00:00","twitter_card":"summary_large_image","twitter_misc":{"Dur\u00e9e de lecture estim\u00e9e":"1 minute"},"schema":{"@context":"https:\/\/schema.org","@graph":[{"@type":"WebPage","@id":"https:\/\/ajc33.com\/index.php\/commentaire-a-deux-voix-des-textes-du-dimanche-de-la-parole\/","url":"https:\/\/ajc33.com\/index.php\/commentaire-a-deux-voix-des-textes-du-dimanche-de-la-parole\/","name":"Commentaire \u00e0 deux voix des textes du dimanche de la Parole - L&#039;amiti\u00e9 Jud\u00e9o-Chr\u00e9tienne de Bordeaux","isPartOf":{"@id":"https:\/\/ajc33.com\/#website"},"datePublished":"2024-01-23T09:51:26+00:00","dateModified":"2024-01-23T09:51:28+00:00","breadcrumb":{"@id":"https:\/\/ajc33.com\/index.php\/commentaire-a-deux-voix-des-textes-du-dimanche-de-la-parole\/#breadcrumb"},"inLanguage":"fr-FR","potentialAction":[{"@type":"ReadAction","target":["https:\/\/ajc33.com\/index.php\/commentaire-a-deux-voix-des-textes-du-dimanche-de-la-parole\/"]}]},{"@type":"BreadcrumbList","@id":"https:\/\/ajc33.com\/index.php\/commentaire-a-deux-voix-des-textes-du-dimanche-de-la-parole\/#breadcrumb","itemListElement":[{"@type":"ListItem","position":1,"name":"Home","item":"https:\/\/ajc33.com\/"},{"@type":"ListItem","position":2,"name":"Commentaire \u00e0 deux voix des textes du dimanche de la Parole"}]},{"@type":"WebSite","@id":"https:\/\/ajc33.com\/#website","url":"https:\/\/ajc33.com\/","name":"L&#039;amiti\u00e9 Jud\u00e9o-Chr\u00e9tienne de Bordeaux","description":"","publisher":{"@id":"https:\/\/ajc33.com\/#organization"},"potentialAction":[{"@type":"SearchAction","target":{"@type":"EntryPoint","urlTemplate":"https:\/\/ajc33.com\/?s={search_term_string}"},"query-input":{"@type":"PropertyValueSpecification","valueRequired":true,"valueName":"search_term_string"}}],"inLanguage":"fr-FR"},{"@type":"Organization","@id":"https:\/\/ajc33.com\/#organization","name":"L&#039;amiti\u00e9 Jud\u00e9o-Chr\u00e9tienne de Bordeaux","url":"https:\/\/ajc33.com\/","logo":{"@type":"ImageObject","inLanguage":"fr-FR","@id":"https:\/\/ajc33.com\/#\/schema\/logo\/image\/","url":"https:\/\/ajc33.com\/wp-content\/uploads\/2018\/03\/cropped-ajc-bod-2.jpg","contentUrl":"https:\/\/ajc33.com\/wp-content\/uploads\/2018\/03\/cropped-ajc-bod-2.jpg","width":200,"height":191,"caption":"L&#039;amiti\u00e9 Jud\u00e9o-Chr\u00e9tienne de Bordeaux"},"image":{"@id":"https:\/\/ajc33.com\/#\/schema\/logo\/image\/"}}]}},"jetpack_sharing_enabled":true,"_links":{"self":[{"href":"https:\/\/ajc33.com\/index.php\/wp-json\/wp\/v2\/pages\/745","targetHints":{"allow":["GET"]}}],"collection":[{"href":"https:\/\/ajc33.com\/index.php\/wp-json\/wp\/v2\/pages"}],"about":[{"href":"https:\/\/ajc33.com\/index.php\/wp-json\/wp\/v2\/types\/page"}],"author":[{"embeddable":true,"href":"https:\/\/ajc33.com\/index.php\/wp-json\/wp\/v2\/users\/1"}],"replies":[{"embeddable":true,"href":"https:\/\/ajc33.com\/index.php\/wp-json\/wp\/v2\/comments?post=745"}],"version-history":[{"count":1,"href":"https:\/\/ajc33.com\/index.php\/wp-json\/wp\/v2\/pages\/745\/revisions"}],"predecessor-version":[{"id":747,"href":"https:\/\/ajc33.com\/index.php\/wp-json\/wp\/v2\/pages\/745\/revisions\/747"}],"wp:attachment":[{"href":"https:\/\/ajc33.com\/index.php\/wp-json\/wp\/v2\/media?parent=745"}],"wp:term":[{"taxonomy":"post_tag","embeddable":true,"href":"https:\/\/ajc33.com\/index.php\/wp-json\/wp\/v2\/tags?post=745"}],"curies":[{"name":"wp","href":"https:\/\/api.w.org\/{rel}","templated":true}]}}