{"id":702,"date":"2023-10-11T11:18:31","date_gmt":"2023-10-11T09:18:31","guid":{"rendered":"https:\/\/ajc33.com\/?page_id=702"},"modified":"2023-10-11T11:18:33","modified_gmt":"2023-10-11T09:18:33","slug":"la-declaration-de-delphine-horvilleur","status":"publish","type":"page","link":"https:\/\/ajc33.com\/index.php\/la-declaration-de-delphine-horvilleur\/","title":{"rendered":"La d\u00e9claration de Delphine Horvilleur"},"content":{"rendered":"\n<p><\/p>\n\n\n\n<p>Ce soir, comme beaucoup, je pleure et j\u2019enrage.<\/p>\n\n\n\n<p>Je pleure pour toutes ces familles qui porteront en terre dans les jours \u00e0 venir leurs disparus, pleureront leurs bless\u00e9s, et chercheront avec effroi leur enfants kidnapp\u00e9s.<\/p>\n\n\n\n<p>Je pleure les victimes de cet ignoble terrorisme du Hamas, force de mort qui entra\u00eene un peu plus loin encore cette r\u00e9gion dans le chaos et l\u2019obscurit\u00e9 d\u00e9vastatrice.<\/p>\n\n\n\n<p>Et <a><\/a>j\u2019enrage contre ceux qui leur trouvent la moindre excuse, ou pire applaudissent \u00e0 mi-mot leur bravoure ou leur r\u00e9sistance. Aucune lutte ne justifie ce terrorisme. Jamais.<\/p>\n\n\n\n<p>Quoi qu\u2019on pense de la politique d\u2019un gouvernement isra\u00e9lien ou des droits l\u00e9gitimes des uns et des autres sur ce territoire, les palestiniens m\u00e9ritent mieux qu\u2019un soutien ignoble, en leur nom, \u00e0 une organisation assassine.<\/p>\n\n\n\n<p>Je pleure et j\u2019enrage face \u00e0 cette guerre devenue in\u00e9vitable et dans mon immense chagrin, j\u2019en veux \u00e0 ceux qui vont \u00ab compter les points \u00bb et pi\u00e9tiner un peu plus la d\u00e9cence et le sacr\u00e9 de la vie.<\/p>\n","protected":false},"excerpt":{"rendered":"<p>Ce soir, comme beaucoup, je pleure et j\u2019enrage. Je pleure pour toutes ces familles qui porteront en terre dans les jours \u00e0 venir leurs disparus, pleureront leurs bless\u00e9s, et chercheront&hellip; <a href=\"https:\/\/ajc33.com\/index.php\/la-declaration-de-delphine-horvilleur\/\" class=\"more-link\">Lire la suite <span class=\"screen-reader-text\">La d\u00e9claration de Delphine Horvilleur<\/span><\/a><\/p>\n","protected":false},"author":1,"featured_media":0,"parent":0,"menu_order":0,"comment_status":"closed","ping_status":"closed","template":"","meta":{"footnotes":""},"tags":[],"class_list":["post-702","page","type-page","status-publish","hentry","without-featured-image"],"yoast_head":"<!-- This site is optimized with the Yoast SEO plugin v26.6 - https:\/\/yoast.com\/wordpress\/plugins\/seo\/ -->\n<title>La d\u00e9claration de Delphine Horvilleur - L&#039;amiti\u00e9 Jud\u00e9o-Chr\u00e9tienne de Bordeaux<\/title>\n<meta name=\"robots\" content=\"index, follow, max-snippet:-1, max-image-preview:large, max-video-preview:-1\" \/>\n<link rel=\"canonical\" href=\"https:\/\/ajc33.com\/index.php\/la-declaration-de-delphine-horvilleur\/\" \/>\n<meta property=\"og:locale\" content=\"fr_FR\" \/>\n<meta property=\"og:type\" content=\"article\" \/>\n<meta property=\"og:title\" content=\"La d\u00e9claration de Delphine Horvilleur - L&#039;amiti\u00e9 Jud\u00e9o-Chr\u00e9tienne de Bordeaux\" \/>\n<meta property=\"og:description\" content=\"Ce soir, comme beaucoup, je pleure et j\u2019enrage. Je pleure pour toutes ces familles qui porteront en terre dans les jours \u00e0 venir leurs disparus, pleureront leurs bless\u00e9s, et chercheront&hellip; Lire la suite La d\u00e9claration de Delphine Horvilleur\" \/>\n<meta property=\"og:url\" content=\"https:\/\/ajc33.com\/index.php\/la-declaration-de-delphine-horvilleur\/\" \/>\n<meta property=\"og:site_name\" content=\"L&#039;amiti\u00e9 Jud\u00e9o-Chr\u00e9tienne de Bordeaux\" \/>\n<meta property=\"article:modified_time\" content=\"2023-10-11T09:18:33+00:00\" \/>\n<meta name=\"twitter:card\" content=\"summary_large_image\" \/>\n<meta name=\"twitter:label1\" content=\"Dur\u00e9e de lecture estim\u00e9e\" \/>\n\t<meta name=\"twitter:data1\" content=\"1 minute\" \/>\n<script type=\"application\/ld+json\" class=\"yoast-schema-graph\">{\"@context\":\"https:\/\/schema.org\",\"@graph\":[{\"@type\":\"WebPage\",\"@id\":\"https:\/\/ajc33.com\/index.php\/la-declaration-de-delphine-horvilleur\/\",\"url\":\"https:\/\/ajc33.com\/index.php\/la-declaration-de-delphine-horvilleur\/\",\"name\":\"La d\u00e9claration de Delphine Horvilleur - L&#039;amiti\u00e9 Jud\u00e9o-Chr\u00e9tienne de Bordeaux\",\"isPartOf\":{\"@id\":\"https:\/\/ajc33.com\/#website\"},\"datePublished\":\"2023-10-11T09:18:31+00:00\",\"dateModified\":\"2023-10-11T09:18:33+00:00\",\"breadcrumb\":{\"@id\":\"https:\/\/ajc33.com\/index.php\/la-declaration-de-delphine-horvilleur\/#breadcrumb\"},\"inLanguage\":\"fr-FR\",\"potentialAction\":[{\"@type\":\"ReadAction\",\"target\":[\"https:\/\/ajc33.com\/index.php\/la-declaration-de-delphine-horvilleur\/\"]}]},{\"@type\":\"BreadcrumbList\",\"@id\":\"https:\/\/ajc33.com\/index.php\/la-declaration-de-delphine-horvilleur\/#breadcrumb\",\"itemListElement\":[{\"@type\":\"ListItem\",\"position\":1,\"name\":\"Home\",\"item\":\"https:\/\/ajc33.com\/\"},{\"@type\":\"ListItem\",\"position\":2,\"name\":\"La d\u00e9claration de Delphine Horvilleur\"}]},{\"@type\":\"WebSite\",\"@id\":\"https:\/\/ajc33.com\/#website\",\"url\":\"https:\/\/ajc33.com\/\",\"name\":\"L&#039;amiti\u00e9 Jud\u00e9o-Chr\u00e9tienne de Bordeaux\",\"description\":\"\",\"publisher\":{\"@id\":\"https:\/\/ajc33.com\/#organization\"},\"potentialAction\":[{\"@type\":\"SearchAction\",\"target\":{\"@type\":\"EntryPoint\",\"urlTemplate\":\"https:\/\/ajc33.com\/?s={search_term_string}\"},\"query-input\":{\"@type\":\"PropertyValueSpecification\",\"valueRequired\":true,\"valueName\":\"search_term_string\"}}],\"inLanguage\":\"fr-FR\"},{\"@type\":\"Organization\",\"@id\":\"https:\/\/ajc33.com\/#organization\",\"name\":\"L&#039;amiti\u00e9 Jud\u00e9o-Chr\u00e9tienne de Bordeaux\",\"url\":\"https:\/\/ajc33.com\/\",\"logo\":{\"@type\":\"ImageObject\",\"inLanguage\":\"fr-FR\",\"@id\":\"https:\/\/ajc33.com\/#\/schema\/logo\/image\/\",\"url\":\"https:\/\/ajc33.com\/wp-content\/uploads\/2018\/03\/cropped-ajc-bod-2.jpg\",\"contentUrl\":\"https:\/\/ajc33.com\/wp-content\/uploads\/2018\/03\/cropped-ajc-bod-2.jpg\",\"width\":200,\"height\":191,\"caption\":\"L&#039;amiti\u00e9 Jud\u00e9o-Chr\u00e9tienne de Bordeaux\"},\"image\":{\"@id\":\"https:\/\/ajc33.com\/#\/schema\/logo\/image\/\"}}]}<\/script>\n<!-- \/ Yoast SEO plugin. -->","yoast_head_json":{"title":"La d\u00e9claration de Delphine Horvilleur - L&#039;amiti\u00e9 Jud\u00e9o-Chr\u00e9tienne de Bordeaux","robots":{"index":"index","follow":"follow","max-snippet":"max-snippet:-1","max-image-preview":"max-image-preview:large","max-video-preview":"max-video-preview:-1"},"canonical":"https:\/\/ajc33.com\/index.php\/la-declaration-de-delphine-horvilleur\/","og_locale":"fr_FR","og_type":"article","og_title":"La d\u00e9claration de Delphine Horvilleur - L&#039;amiti\u00e9 Jud\u00e9o-Chr\u00e9tienne de Bordeaux","og_description":"Ce soir, comme beaucoup, je pleure et j\u2019enrage. Je pleure pour toutes ces familles qui porteront en terre dans les jours \u00e0 venir leurs disparus, pleureront leurs bless\u00e9s, et chercheront&hellip; Lire la suite La d\u00e9claration de Delphine Horvilleur","og_url":"https:\/\/ajc33.com\/index.php\/la-declaration-de-delphine-horvilleur\/","og_site_name":"L&#039;amiti\u00e9 Jud\u00e9o-Chr\u00e9tienne de Bordeaux","article_modified_time":"2023-10-11T09:18:33+00:00","twitter_card":"summary_large_image","twitter_misc":{"Dur\u00e9e de lecture estim\u00e9e":"1 minute"},"schema":{"@context":"https:\/\/schema.org","@graph":[{"@type":"WebPage","@id":"https:\/\/ajc33.com\/index.php\/la-declaration-de-delphine-horvilleur\/","url":"https:\/\/ajc33.com\/index.php\/la-declaration-de-delphine-horvilleur\/","name":"La d\u00e9claration de Delphine Horvilleur - L&#039;amiti\u00e9 Jud\u00e9o-Chr\u00e9tienne de Bordeaux","isPartOf":{"@id":"https:\/\/ajc33.com\/#website"},"datePublished":"2023-10-11T09:18:31+00:00","dateModified":"2023-10-11T09:18:33+00:00","breadcrumb":{"@id":"https:\/\/ajc33.com\/index.php\/la-declaration-de-delphine-horvilleur\/#breadcrumb"},"inLanguage":"fr-FR","potentialAction":[{"@type":"ReadAction","target":["https:\/\/ajc33.com\/index.php\/la-declaration-de-delphine-horvilleur\/"]}]},{"@type":"BreadcrumbList","@id":"https:\/\/ajc33.com\/index.php\/la-declaration-de-delphine-horvilleur\/#breadcrumb","itemListElement":[{"@type":"ListItem","position":1,"name":"Home","item":"https:\/\/ajc33.com\/"},{"@type":"ListItem","position":2,"name":"La d\u00e9claration de Delphine Horvilleur"}]},{"@type":"WebSite","@id":"https:\/\/ajc33.com\/#website","url":"https:\/\/ajc33.com\/","name":"L&#039;amiti\u00e9 Jud\u00e9o-Chr\u00e9tienne de Bordeaux","description":"","publisher":{"@id":"https:\/\/ajc33.com\/#organization"},"potentialAction":[{"@type":"SearchAction","target":{"@type":"EntryPoint","urlTemplate":"https:\/\/ajc33.com\/?s={search_term_string}"},"query-input":{"@type":"PropertyValueSpecification","valueRequired":true,"valueName":"search_term_string"}}],"inLanguage":"fr-FR"},{"@type":"Organization","@id":"https:\/\/ajc33.com\/#organization","name":"L&#039;amiti\u00e9 Jud\u00e9o-Chr\u00e9tienne de Bordeaux","url":"https:\/\/ajc33.com\/","logo":{"@type":"ImageObject","inLanguage":"fr-FR","@id":"https:\/\/ajc33.com\/#\/schema\/logo\/image\/","url":"https:\/\/ajc33.com\/wp-content\/uploads\/2018\/03\/cropped-ajc-bod-2.jpg","contentUrl":"https:\/\/ajc33.com\/wp-content\/uploads\/2018\/03\/cropped-ajc-bod-2.jpg","width":200,"height":191,"caption":"L&#039;amiti\u00e9 Jud\u00e9o-Chr\u00e9tienne de Bordeaux"},"image":{"@id":"https:\/\/ajc33.com\/#\/schema\/logo\/image\/"}}]}},"jetpack_sharing_enabled":true,"_links":{"self":[{"href":"https:\/\/ajc33.com\/index.php\/wp-json\/wp\/v2\/pages\/702","targetHints":{"allow":["GET"]}}],"collection":[{"href":"https:\/\/ajc33.com\/index.php\/wp-json\/wp\/v2\/pages"}],"about":[{"href":"https:\/\/ajc33.com\/index.php\/wp-json\/wp\/v2\/types\/page"}],"author":[{"embeddable":true,"href":"https:\/\/ajc33.com\/index.php\/wp-json\/wp\/v2\/users\/1"}],"replies":[{"embeddable":true,"href":"https:\/\/ajc33.com\/index.php\/wp-json\/wp\/v2\/comments?post=702"}],"version-history":[{"count":1,"href":"https:\/\/ajc33.com\/index.php\/wp-json\/wp\/v2\/pages\/702\/revisions"}],"predecessor-version":[{"id":704,"href":"https:\/\/ajc33.com\/index.php\/wp-json\/wp\/v2\/pages\/702\/revisions\/704"}],"wp:attachment":[{"href":"https:\/\/ajc33.com\/index.php\/wp-json\/wp\/v2\/media?parent=702"}],"wp:term":[{"taxonomy":"post_tag","embeddable":true,"href":"https:\/\/ajc33.com\/index.php\/wp-json\/wp\/v2\/tags?post=702"}],"curies":[{"name":"wp","href":"https:\/\/api.w.org\/{rel}","templated":true}]}}