{"id":654,"date":"2023-06-22T09:43:47","date_gmt":"2023-06-22T07:43:47","guid":{"rendered":"https:\/\/ajc33.com\/?page_id=654"},"modified":"2023-06-22T09:43:49","modified_gmt":"2023-06-22T07:43:49","slug":"notre-visite-a-bayonne","status":"publish","type":"page","link":"https:\/\/ajc33.com\/index.php\/notre-visite-a-bayonne\/","title":{"rendered":"Notre visite \u00e0 Bayonne"},"content":{"rendered":"\n<p><\/p>\n\n\n\n<p>Depuis la fin du XVe si\u00e8cle , de nombreux Juifs ont d\u00fb \u00e9migrer depuis l\u2019Espagne ou le Portugal et se sont implant\u00e9s \u00e0 Bayonne . Leur r\u00f4le depuis le XVIe si\u00e8cle a toujours \u00e9t\u00e9 important dans cette ville et dans ses environs.<\/p>\n\n\n\n<p>L\u2019AJC de Bordeaux a propos\u00e9 de mieux conna\u00eetre cette riche histoire en se d\u00e9pla\u00e7ant \u00e0 Bayonne pour rencontrer plusieurs responsables de la communaut\u00e9 juive et visiter les principaux sites du juda\u00efsme  le 11 juin dernier.<\/p>\n\n\n\n<p><\/p>\n\n\n\n<p>Un retour en image de notre visite.<\/p>\n\n\n\n<p>Merci aux participants.<\/p>\n\n\n\n<p><\/p>\n\n\n\n<figure class=\"wp-block-video\"><video height=\"816\" style=\"aspect-ratio: 1056 \/ 816;\" width=\"1056\" controls src=\"https:\/\/ajc33.com\/wp-content\/uploads\/2023\/06\/Visite-Bayonne-AJC-Bordeaux-Juin-2023.mp4\"><\/video><\/figure>\n","protected":false},"excerpt":{"rendered":"<p>Depuis la fin du XVe si\u00e8cle , de nombreux Juifs ont d\u00fb \u00e9migrer depuis l\u2019Espagne ou le Portugal et se sont implant\u00e9s \u00e0 Bayonne . Leur r\u00f4le depuis le XVIe&hellip; <a href=\"https:\/\/ajc33.com\/index.php\/notre-visite-a-bayonne\/\" class=\"more-link\">Lire la suite <span class=\"screen-reader-text\">Notre visite \u00e0 Bayonne<\/span><\/a><\/p>\n","protected":false},"author":1,"featured_media":0,"parent":0,"menu_order":0,"comment_status":"closed","ping_status":"closed","template":"","meta":{"footnotes":""},"tags":[],"class_list":["post-654","page","type-page","status-publish","hentry","without-featured-image"],"yoast_head":"<!-- This site is optimized with the Yoast SEO plugin v26.6 - https:\/\/yoast.com\/wordpress\/plugins\/seo\/ -->\n<title>Notre visite \u00e0 Bayonne - L&#039;amiti\u00e9 Jud\u00e9o-Chr\u00e9tienne de Bordeaux<\/title>\n<meta name=\"robots\" content=\"index, follow, max-snippet:-1, max-image-preview:large, max-video-preview:-1\" \/>\n<link rel=\"canonical\" href=\"https:\/\/ajc33.com\/index.php\/notre-visite-a-bayonne\/\" \/>\n<meta property=\"og:locale\" content=\"fr_FR\" \/>\n<meta property=\"og:type\" content=\"article\" \/>\n<meta property=\"og:title\" content=\"Notre visite \u00e0 Bayonne - L&#039;amiti\u00e9 Jud\u00e9o-Chr\u00e9tienne de Bordeaux\" \/>\n<meta property=\"og:description\" content=\"Depuis la fin du XVe si\u00e8cle , de nombreux Juifs ont d\u00fb \u00e9migrer depuis l\u2019Espagne ou le Portugal et se sont implant\u00e9s \u00e0 Bayonne . Leur r\u00f4le depuis le XVIe&hellip; Lire la suite Notre visite \u00e0 Bayonne\" \/>\n<meta property=\"og:url\" content=\"https:\/\/ajc33.com\/index.php\/notre-visite-a-bayonne\/\" \/>\n<meta property=\"og:site_name\" content=\"L&#039;amiti\u00e9 Jud\u00e9o-Chr\u00e9tienne de Bordeaux\" \/>\n<meta property=\"article:modified_time\" content=\"2023-06-22T07:43:49+00:00\" \/>\n<meta name=\"twitter:card\" content=\"summary_large_image\" \/>\n<meta name=\"twitter:label1\" content=\"Dur\u00e9e de lecture estim\u00e9e\" \/>\n\t<meta name=\"twitter:data1\" content=\"1 minute\" \/>\n<script type=\"application\/ld+json\" class=\"yoast-schema-graph\">{\"@context\":\"https:\/\/schema.org\",\"@graph\":[{\"@type\":\"WebPage\",\"@id\":\"https:\/\/ajc33.com\/index.php\/notre-visite-a-bayonne\/\",\"url\":\"https:\/\/ajc33.com\/index.php\/notre-visite-a-bayonne\/\",\"name\":\"Notre visite \u00e0 Bayonne - L&#039;amiti\u00e9 Jud\u00e9o-Chr\u00e9tienne de Bordeaux\",\"isPartOf\":{\"@id\":\"https:\/\/ajc33.com\/#website\"},\"datePublished\":\"2023-06-22T07:43:47+00:00\",\"dateModified\":\"2023-06-22T07:43:49+00:00\",\"breadcrumb\":{\"@id\":\"https:\/\/ajc33.com\/index.php\/notre-visite-a-bayonne\/#breadcrumb\"},\"inLanguage\":\"fr-FR\",\"potentialAction\":[{\"@type\":\"ReadAction\",\"target\":[\"https:\/\/ajc33.com\/index.php\/notre-visite-a-bayonne\/\"]}]},{\"@type\":\"BreadcrumbList\",\"@id\":\"https:\/\/ajc33.com\/index.php\/notre-visite-a-bayonne\/#breadcrumb\",\"itemListElement\":[{\"@type\":\"ListItem\",\"position\":1,\"name\":\"Home\",\"item\":\"https:\/\/ajc33.com\/\"},{\"@type\":\"ListItem\",\"position\":2,\"name\":\"Notre visite \u00e0 Bayonne\"}]},{\"@type\":\"WebSite\",\"@id\":\"https:\/\/ajc33.com\/#website\",\"url\":\"https:\/\/ajc33.com\/\",\"name\":\"L&#039;amiti\u00e9 Jud\u00e9o-Chr\u00e9tienne de Bordeaux\",\"description\":\"\",\"publisher\":{\"@id\":\"https:\/\/ajc33.com\/#organization\"},\"potentialAction\":[{\"@type\":\"SearchAction\",\"target\":{\"@type\":\"EntryPoint\",\"urlTemplate\":\"https:\/\/ajc33.com\/?s={search_term_string}\"},\"query-input\":{\"@type\":\"PropertyValueSpecification\",\"valueRequired\":true,\"valueName\":\"search_term_string\"}}],\"inLanguage\":\"fr-FR\"},{\"@type\":\"Organization\",\"@id\":\"https:\/\/ajc33.com\/#organization\",\"name\":\"L&#039;amiti\u00e9 Jud\u00e9o-Chr\u00e9tienne de Bordeaux\",\"url\":\"https:\/\/ajc33.com\/\",\"logo\":{\"@type\":\"ImageObject\",\"inLanguage\":\"fr-FR\",\"@id\":\"https:\/\/ajc33.com\/#\/schema\/logo\/image\/\",\"url\":\"https:\/\/ajc33.com\/wp-content\/uploads\/2018\/03\/cropped-ajc-bod-2.jpg\",\"contentUrl\":\"https:\/\/ajc33.com\/wp-content\/uploads\/2018\/03\/cropped-ajc-bod-2.jpg\",\"width\":200,\"height\":191,\"caption\":\"L&#039;amiti\u00e9 Jud\u00e9o-Chr\u00e9tienne de Bordeaux\"},\"image\":{\"@id\":\"https:\/\/ajc33.com\/#\/schema\/logo\/image\/\"}}]}<\/script>\n<!-- \/ Yoast SEO plugin. -->","yoast_head_json":{"title":"Notre visite \u00e0 Bayonne - L&#039;amiti\u00e9 Jud\u00e9o-Chr\u00e9tienne de Bordeaux","robots":{"index":"index","follow":"follow","max-snippet":"max-snippet:-1","max-image-preview":"max-image-preview:large","max-video-preview":"max-video-preview:-1"},"canonical":"https:\/\/ajc33.com\/index.php\/notre-visite-a-bayonne\/","og_locale":"fr_FR","og_type":"article","og_title":"Notre visite \u00e0 Bayonne - L&#039;amiti\u00e9 Jud\u00e9o-Chr\u00e9tienne de Bordeaux","og_description":"Depuis la fin du XVe si\u00e8cle , de nombreux Juifs ont d\u00fb \u00e9migrer depuis l\u2019Espagne ou le Portugal et se sont implant\u00e9s \u00e0 Bayonne . Leur r\u00f4le depuis le XVIe&hellip; Lire la suite Notre visite \u00e0 Bayonne","og_url":"https:\/\/ajc33.com\/index.php\/notre-visite-a-bayonne\/","og_site_name":"L&#039;amiti\u00e9 Jud\u00e9o-Chr\u00e9tienne de Bordeaux","article_modified_time":"2023-06-22T07:43:49+00:00","twitter_card":"summary_large_image","twitter_misc":{"Dur\u00e9e de lecture estim\u00e9e":"1 minute"},"schema":{"@context":"https:\/\/schema.org","@graph":[{"@type":"WebPage","@id":"https:\/\/ajc33.com\/index.php\/notre-visite-a-bayonne\/","url":"https:\/\/ajc33.com\/index.php\/notre-visite-a-bayonne\/","name":"Notre visite \u00e0 Bayonne - L&#039;amiti\u00e9 Jud\u00e9o-Chr\u00e9tienne de Bordeaux","isPartOf":{"@id":"https:\/\/ajc33.com\/#website"},"datePublished":"2023-06-22T07:43:47+00:00","dateModified":"2023-06-22T07:43:49+00:00","breadcrumb":{"@id":"https:\/\/ajc33.com\/index.php\/notre-visite-a-bayonne\/#breadcrumb"},"inLanguage":"fr-FR","potentialAction":[{"@type":"ReadAction","target":["https:\/\/ajc33.com\/index.php\/notre-visite-a-bayonne\/"]}]},{"@type":"BreadcrumbList","@id":"https:\/\/ajc33.com\/index.php\/notre-visite-a-bayonne\/#breadcrumb","itemListElement":[{"@type":"ListItem","position":1,"name":"Home","item":"https:\/\/ajc33.com\/"},{"@type":"ListItem","position":2,"name":"Notre visite \u00e0 Bayonne"}]},{"@type":"WebSite","@id":"https:\/\/ajc33.com\/#website","url":"https:\/\/ajc33.com\/","name":"L&#039;amiti\u00e9 Jud\u00e9o-Chr\u00e9tienne de Bordeaux","description":"","publisher":{"@id":"https:\/\/ajc33.com\/#organization"},"potentialAction":[{"@type":"SearchAction","target":{"@type":"EntryPoint","urlTemplate":"https:\/\/ajc33.com\/?s={search_term_string}"},"query-input":{"@type":"PropertyValueSpecification","valueRequired":true,"valueName":"search_term_string"}}],"inLanguage":"fr-FR"},{"@type":"Organization","@id":"https:\/\/ajc33.com\/#organization","name":"L&#039;amiti\u00e9 Jud\u00e9o-Chr\u00e9tienne de Bordeaux","url":"https:\/\/ajc33.com\/","logo":{"@type":"ImageObject","inLanguage":"fr-FR","@id":"https:\/\/ajc33.com\/#\/schema\/logo\/image\/","url":"https:\/\/ajc33.com\/wp-content\/uploads\/2018\/03\/cropped-ajc-bod-2.jpg","contentUrl":"https:\/\/ajc33.com\/wp-content\/uploads\/2018\/03\/cropped-ajc-bod-2.jpg","width":200,"height":191,"caption":"L&#039;amiti\u00e9 Jud\u00e9o-Chr\u00e9tienne de Bordeaux"},"image":{"@id":"https:\/\/ajc33.com\/#\/schema\/logo\/image\/"}}]}},"jetpack_sharing_enabled":true,"_links":{"self":[{"href":"https:\/\/ajc33.com\/index.php\/wp-json\/wp\/v2\/pages\/654","targetHints":{"allow":["GET"]}}],"collection":[{"href":"https:\/\/ajc33.com\/index.php\/wp-json\/wp\/v2\/pages"}],"about":[{"href":"https:\/\/ajc33.com\/index.php\/wp-json\/wp\/v2\/types\/page"}],"author":[{"embeddable":true,"href":"https:\/\/ajc33.com\/index.php\/wp-json\/wp\/v2\/users\/1"}],"replies":[{"embeddable":true,"href":"https:\/\/ajc33.com\/index.php\/wp-json\/wp\/v2\/comments?post=654"}],"version-history":[{"count":1,"href":"https:\/\/ajc33.com\/index.php\/wp-json\/wp\/v2\/pages\/654\/revisions"}],"predecessor-version":[{"id":657,"href":"https:\/\/ajc33.com\/index.php\/wp-json\/wp\/v2\/pages\/654\/revisions\/657"}],"wp:attachment":[{"href":"https:\/\/ajc33.com\/index.php\/wp-json\/wp\/v2\/media?parent=654"}],"wp:term":[{"taxonomy":"post_tag","embeddable":true,"href":"https:\/\/ajc33.com\/index.php\/wp-json\/wp\/v2\/tags?post=654"}],"curies":[{"name":"wp","href":"https:\/\/api.w.org\/{rel}","templated":true}]}}