{"id":651,"date":"2023-06-21T13:58:52","date_gmt":"2023-06-21T11:58:52","guid":{"rendered":"https:\/\/ajc33.com\/?page_id=651"},"modified":"2023-06-21T13:58:55","modified_gmt":"2023-06-21T11:58:55","slug":"ajc-bordeaux-en-visite-a-bayonne","status":"publish","type":"page","link":"https:\/\/ajc33.com\/index.php\/ajc-bordeaux-en-visite-a-bayonne\/","title":{"rendered":"AJC Bordeaux en visite \u00e0 Bayonne"},"content":{"rendered":"\n<p>Depuis la fin du XVe si\u00e8cle , de nombreux Juifs ont d\u00fb \u00e9migrer depuis l\u2019Espagne ou le Portugal et se sont implant\u00e9s \u00e0 Bayonne . <\/p>\n\n\n\n<p>Leur r\u00f4le depuis le XVIe si\u00e8cle a toujours \u00e9t\u00e9 important dans cette ville et dans ses environs. L\u2019AJC de Bordeaux propose de mieux conna\u00eetre cette riche histoire en se d\u00e9pla\u00e7ant \u00e0 Bayonne pour rencontrer plusieurs responsables de la communaut\u00e9 juive et visiter les principaux sites du juda\u00efsme. <\/p>\n\n\n\n<p>Cette rencontre a eu lieu le dimanche 11 juin prochain. Le programme s&rsquo;est d\u00e9roul\u00e9 de la mani\u00e8re suivante : &#8211; visite de la synagogue; -visite du mus\u00e9e juif; -visite du Mikv\u00e9 , l\u2019un des plus anciens bains rituels de France ; il a fait l\u2019objet dans les derni\u00e8res ann\u00e9es d\u2019une tr\u00e8s belle restauration; -conf\u00e9rence sur l\u2019histoire des Juifs \u00e0 Bayonne; -visite du cimeti\u00e8re juif de Bayonne, l\u2019un des plus anciens cimeti\u00e8res juifs de France; un picnic tir\u00e9 du sac nous a permis d&rsquo;\u00e9changer entre nous tant sur ce que nous venions de vivre que sur les motivations de notre venue ou int\u00e9r\u00eat pour ces rencontre d&rsquo;amiti\u00e9 jud\u00e9o-chr\u00e9tienne. <\/p>\n\n\n\n<p>un kiddush nous a \u00e9t\u00e9 servi \u00e0 l&rsquo;issue de la journ\u00e9e. Nous avons \u00e9t\u00e9 magnifiquement accueilli et instruits et nous les remercions vivement. Des membres de l&rsquo;Ajc de Pau \u00e9taient m\u00eame venus nous retrouver.<\/p>\n\n\n\n<p><\/p>\n\n\n\n<figure class=\"wp-block-embed is-type-video is-provider-youtube wp-block-embed-youtube wp-embed-aspect-16-9 wp-has-aspect-ratio\"><div class=\"wp-block-embed__wrapper\">\n<div class=\"jetpack-video-wrapper\"><iframe loading=\"lazy\" title=\"\u00c0 L&#039;ORIGINE HORIZON \u00abLE MUS\u00c9E DU JUDA\u00cfSME DE BAYONNE\u00bb\" width=\"825\" height=\"464\" src=\"https:\/\/www.youtube.com\/embed\/jF4GmO49LLg?feature=oembed\" frameborder=\"0\" allow=\"accelerometer; autoplay; clipboard-write; encrypted-media; gyroscope; picture-in-picture; web-share\" allowfullscreen><\/iframe><\/div>\n<\/div><\/figure>\n","protected":false},"excerpt":{"rendered":"<p>Depuis la fin du XVe si\u00e8cle , de nombreux Juifs ont d\u00fb \u00e9migrer depuis l\u2019Espagne ou le Portugal et se sont implant\u00e9s \u00e0 Bayonne . Leur r\u00f4le depuis le XVIe&hellip; <a href=\"https:\/\/ajc33.com\/index.php\/ajc-bordeaux-en-visite-a-bayonne\/\" class=\"more-link\">Lire la suite <span class=\"screen-reader-text\">AJC Bordeaux en visite \u00e0 Bayonne<\/span><\/a><\/p>\n","protected":false},"author":1,"featured_media":0,"parent":0,"menu_order":0,"comment_status":"closed","ping_status":"closed","template":"","meta":{"footnotes":""},"tags":[],"class_list":["post-651","page","type-page","status-publish","hentry","without-featured-image"],"yoast_head":"<!-- This site is optimized with the Yoast SEO plugin v26.6 - https:\/\/yoast.com\/wordpress\/plugins\/seo\/ -->\n<title>AJC Bordeaux en visite \u00e0 Bayonne - L&#039;amiti\u00e9 Jud\u00e9o-Chr\u00e9tienne de Bordeaux<\/title>\n<meta name=\"robots\" content=\"index, follow, max-snippet:-1, max-image-preview:large, max-video-preview:-1\" \/>\n<link rel=\"canonical\" href=\"https:\/\/ajc33.com\/index.php\/ajc-bordeaux-en-visite-a-bayonne\/\" \/>\n<meta property=\"og:locale\" content=\"fr_FR\" \/>\n<meta property=\"og:type\" content=\"article\" \/>\n<meta property=\"og:title\" content=\"AJC Bordeaux en visite \u00e0 Bayonne - L&#039;amiti\u00e9 Jud\u00e9o-Chr\u00e9tienne de Bordeaux\" \/>\n<meta property=\"og:description\" content=\"Depuis la fin du XVe si\u00e8cle , de nombreux Juifs ont d\u00fb \u00e9migrer depuis l\u2019Espagne ou le Portugal et se sont implant\u00e9s \u00e0 Bayonne . Leur r\u00f4le depuis le XVIe&hellip; Lire la suite AJC Bordeaux en visite \u00e0 Bayonne\" \/>\n<meta property=\"og:url\" content=\"https:\/\/ajc33.com\/index.php\/ajc-bordeaux-en-visite-a-bayonne\/\" \/>\n<meta property=\"og:site_name\" content=\"L&#039;amiti\u00e9 Jud\u00e9o-Chr\u00e9tienne de Bordeaux\" \/>\n<meta property=\"article:modified_time\" content=\"2023-06-21T11:58:55+00:00\" \/>\n<meta name=\"twitter:card\" content=\"summary_large_image\" \/>\n<meta name=\"twitter:label1\" content=\"Dur\u00e9e de lecture estim\u00e9e\" \/>\n\t<meta name=\"twitter:data1\" content=\"2 minutes\" \/>\n<script type=\"application\/ld+json\" class=\"yoast-schema-graph\">{\"@context\":\"https:\/\/schema.org\",\"@graph\":[{\"@type\":\"WebPage\",\"@id\":\"https:\/\/ajc33.com\/index.php\/ajc-bordeaux-en-visite-a-bayonne\/\",\"url\":\"https:\/\/ajc33.com\/index.php\/ajc-bordeaux-en-visite-a-bayonne\/\",\"name\":\"AJC Bordeaux en visite \u00e0 Bayonne - L&#039;amiti\u00e9 Jud\u00e9o-Chr\u00e9tienne de Bordeaux\",\"isPartOf\":{\"@id\":\"https:\/\/ajc33.com\/#website\"},\"datePublished\":\"2023-06-21T11:58:52+00:00\",\"dateModified\":\"2023-06-21T11:58:55+00:00\",\"breadcrumb\":{\"@id\":\"https:\/\/ajc33.com\/index.php\/ajc-bordeaux-en-visite-a-bayonne\/#breadcrumb\"},\"inLanguage\":\"fr-FR\",\"potentialAction\":[{\"@type\":\"ReadAction\",\"target\":[\"https:\/\/ajc33.com\/index.php\/ajc-bordeaux-en-visite-a-bayonne\/\"]}]},{\"@type\":\"BreadcrumbList\",\"@id\":\"https:\/\/ajc33.com\/index.php\/ajc-bordeaux-en-visite-a-bayonne\/#breadcrumb\",\"itemListElement\":[{\"@type\":\"ListItem\",\"position\":1,\"name\":\"Home\",\"item\":\"https:\/\/ajc33.com\/\"},{\"@type\":\"ListItem\",\"position\":2,\"name\":\"AJC Bordeaux en visite \u00e0 Bayonne\"}]},{\"@type\":\"WebSite\",\"@id\":\"https:\/\/ajc33.com\/#website\",\"url\":\"https:\/\/ajc33.com\/\",\"name\":\"L&#039;amiti\u00e9 Jud\u00e9o-Chr\u00e9tienne de Bordeaux\",\"description\":\"\",\"publisher\":{\"@id\":\"https:\/\/ajc33.com\/#organization\"},\"potentialAction\":[{\"@type\":\"SearchAction\",\"target\":{\"@type\":\"EntryPoint\",\"urlTemplate\":\"https:\/\/ajc33.com\/?s={search_term_string}\"},\"query-input\":{\"@type\":\"PropertyValueSpecification\",\"valueRequired\":true,\"valueName\":\"search_term_string\"}}],\"inLanguage\":\"fr-FR\"},{\"@type\":\"Organization\",\"@id\":\"https:\/\/ajc33.com\/#organization\",\"name\":\"L&#039;amiti\u00e9 Jud\u00e9o-Chr\u00e9tienne de Bordeaux\",\"url\":\"https:\/\/ajc33.com\/\",\"logo\":{\"@type\":\"ImageObject\",\"inLanguage\":\"fr-FR\",\"@id\":\"https:\/\/ajc33.com\/#\/schema\/logo\/image\/\",\"url\":\"https:\/\/ajc33.com\/wp-content\/uploads\/2018\/03\/cropped-ajc-bod-2.jpg\",\"contentUrl\":\"https:\/\/ajc33.com\/wp-content\/uploads\/2018\/03\/cropped-ajc-bod-2.jpg\",\"width\":200,\"height\":191,\"caption\":\"L&#039;amiti\u00e9 Jud\u00e9o-Chr\u00e9tienne de Bordeaux\"},\"image\":{\"@id\":\"https:\/\/ajc33.com\/#\/schema\/logo\/image\/\"}}]}<\/script>\n<!-- \/ Yoast SEO plugin. -->","yoast_head_json":{"title":"AJC Bordeaux en visite \u00e0 Bayonne - L&#039;amiti\u00e9 Jud\u00e9o-Chr\u00e9tienne de Bordeaux","robots":{"index":"index","follow":"follow","max-snippet":"max-snippet:-1","max-image-preview":"max-image-preview:large","max-video-preview":"max-video-preview:-1"},"canonical":"https:\/\/ajc33.com\/index.php\/ajc-bordeaux-en-visite-a-bayonne\/","og_locale":"fr_FR","og_type":"article","og_title":"AJC Bordeaux en visite \u00e0 Bayonne - L&#039;amiti\u00e9 Jud\u00e9o-Chr\u00e9tienne de Bordeaux","og_description":"Depuis la fin du XVe si\u00e8cle , de nombreux Juifs ont d\u00fb \u00e9migrer depuis l\u2019Espagne ou le Portugal et se sont implant\u00e9s \u00e0 Bayonne . Leur r\u00f4le depuis le XVIe&hellip; Lire la suite AJC Bordeaux en visite \u00e0 Bayonne","og_url":"https:\/\/ajc33.com\/index.php\/ajc-bordeaux-en-visite-a-bayonne\/","og_site_name":"L&#039;amiti\u00e9 Jud\u00e9o-Chr\u00e9tienne de Bordeaux","article_modified_time":"2023-06-21T11:58:55+00:00","twitter_card":"summary_large_image","twitter_misc":{"Dur\u00e9e de lecture estim\u00e9e":"2 minutes"},"schema":{"@context":"https:\/\/schema.org","@graph":[{"@type":"WebPage","@id":"https:\/\/ajc33.com\/index.php\/ajc-bordeaux-en-visite-a-bayonne\/","url":"https:\/\/ajc33.com\/index.php\/ajc-bordeaux-en-visite-a-bayonne\/","name":"AJC Bordeaux en visite \u00e0 Bayonne - L&#039;amiti\u00e9 Jud\u00e9o-Chr\u00e9tienne de Bordeaux","isPartOf":{"@id":"https:\/\/ajc33.com\/#website"},"datePublished":"2023-06-21T11:58:52+00:00","dateModified":"2023-06-21T11:58:55+00:00","breadcrumb":{"@id":"https:\/\/ajc33.com\/index.php\/ajc-bordeaux-en-visite-a-bayonne\/#breadcrumb"},"inLanguage":"fr-FR","potentialAction":[{"@type":"ReadAction","target":["https:\/\/ajc33.com\/index.php\/ajc-bordeaux-en-visite-a-bayonne\/"]}]},{"@type":"BreadcrumbList","@id":"https:\/\/ajc33.com\/index.php\/ajc-bordeaux-en-visite-a-bayonne\/#breadcrumb","itemListElement":[{"@type":"ListItem","position":1,"name":"Home","item":"https:\/\/ajc33.com\/"},{"@type":"ListItem","position":2,"name":"AJC Bordeaux en visite \u00e0 Bayonne"}]},{"@type":"WebSite","@id":"https:\/\/ajc33.com\/#website","url":"https:\/\/ajc33.com\/","name":"L&#039;amiti\u00e9 Jud\u00e9o-Chr\u00e9tienne de Bordeaux","description":"","publisher":{"@id":"https:\/\/ajc33.com\/#organization"},"potentialAction":[{"@type":"SearchAction","target":{"@type":"EntryPoint","urlTemplate":"https:\/\/ajc33.com\/?s={search_term_string}"},"query-input":{"@type":"PropertyValueSpecification","valueRequired":true,"valueName":"search_term_string"}}],"inLanguage":"fr-FR"},{"@type":"Organization","@id":"https:\/\/ajc33.com\/#organization","name":"L&#039;amiti\u00e9 Jud\u00e9o-Chr\u00e9tienne de Bordeaux","url":"https:\/\/ajc33.com\/","logo":{"@type":"ImageObject","inLanguage":"fr-FR","@id":"https:\/\/ajc33.com\/#\/schema\/logo\/image\/","url":"https:\/\/ajc33.com\/wp-content\/uploads\/2018\/03\/cropped-ajc-bod-2.jpg","contentUrl":"https:\/\/ajc33.com\/wp-content\/uploads\/2018\/03\/cropped-ajc-bod-2.jpg","width":200,"height":191,"caption":"L&#039;amiti\u00e9 Jud\u00e9o-Chr\u00e9tienne de Bordeaux"},"image":{"@id":"https:\/\/ajc33.com\/#\/schema\/logo\/image\/"}}]}},"jetpack_sharing_enabled":true,"_links":{"self":[{"href":"https:\/\/ajc33.com\/index.php\/wp-json\/wp\/v2\/pages\/651","targetHints":{"allow":["GET"]}}],"collection":[{"href":"https:\/\/ajc33.com\/index.php\/wp-json\/wp\/v2\/pages"}],"about":[{"href":"https:\/\/ajc33.com\/index.php\/wp-json\/wp\/v2\/types\/page"}],"author":[{"embeddable":true,"href":"https:\/\/ajc33.com\/index.php\/wp-json\/wp\/v2\/users\/1"}],"replies":[{"embeddable":true,"href":"https:\/\/ajc33.com\/index.php\/wp-json\/wp\/v2\/comments?post=651"}],"version-history":[{"count":1,"href":"https:\/\/ajc33.com\/index.php\/wp-json\/wp\/v2\/pages\/651\/revisions"}],"predecessor-version":[{"id":653,"href":"https:\/\/ajc33.com\/index.php\/wp-json\/wp\/v2\/pages\/651\/revisions\/653"}],"wp:attachment":[{"href":"https:\/\/ajc33.com\/index.php\/wp-json\/wp\/v2\/media?parent=651"}],"wp:term":[{"taxonomy":"post_tag","embeddable":true,"href":"https:\/\/ajc33.com\/index.php\/wp-json\/wp\/v2\/tags?post=651"}],"curies":[{"name":"wp","href":"https:\/\/api.w.org\/{rel}","templated":true}]}}