{"id":646,"date":"2023-06-20T11:55:26","date_gmt":"2023-06-20T09:55:26","guid":{"rendered":"https:\/\/ajc33.com\/?page_id=646"},"modified":"2023-06-20T11:55:28","modified_gmt":"2023-06-20T09:55:28","slug":"guy-nouchi-nous-a-quitte","status":"publish","type":"page","link":"https:\/\/ajc33.com\/index.php\/guy-nouchi-nous-a-quitte\/","title":{"rendered":"Guy Nouchi nous a quitt\u00e9 !"},"content":{"rendered":"\n<p>Guy Nouchi nous a quitt\u00e9 ce samedi 17 juin. Un matin de Shabbat\u2026<\/p>\n\n\n\n<p>Il \u00e9tait membre du comit\u00e9 directeur de l\u2019Amiti\u00e9 Jud\u00e9o-Chr\u00e9tienne de Bordeaux depuis de longues ann\u00e9es.<\/p>\n\n\n\n<p>Car, s\u2019il avait \u00e0 c\u0153ur de vivre en homme ouvert au monde, il d\u00e9sirait profond\u00e9ment \u00eatre ouvert, en dialogue et en amiti\u00e9, avec les chr\u00e9tiens.<\/p>\n\n\n\n<p>Avec <a><\/a>Annette sa femme, il nous semblait que c\u2019\u00e9tait leur respiration naturelle depuis toujours.<\/p>\n\n\n\n<p>Fid\u00e8le aux rencontres et conf\u00e9rences de l&rsquo;AJC, il nous accueillait aussi \u00e0 la synagogue lorsque nous y \u00e9tions invit\u00e9s, pour une comm\u00e9moration ou une f\u00eate, nous donnant les explications n\u00e9cessaires ; il se faisait une joie de nous ouvrir aussi sa porte pour un repas de shabbat, ou une bar-mitsvah ou bat-mitsvah de ses petits-enfants ; ou simplement un th\u00e9 dans l\u2019apr\u00e8s-midi pour un moment de rencontre. Discret et chaleureux.<\/p>\n\n\n\n<p>Quel signe nous est donn\u00e9 par ce d\u00e9part un jour de shabbat ?<\/p>\n\n\n\n<p>Peut-\u00eatre celui d&rsquo;entendre et de dire inlassablement \u00ab Shabbat Shalom\u2026 \u00bb<\/p>\n\n\n\n<p>A la suite du Ps 122 \u00ab Que la paix r\u00e8gne dans tes murs, J\u00e9rusalem, et la tranquillit\u00e9 dans tes palais.<\/p>\n\n\n\n<p>A cause de mes fr\u00e8res et mes amis, je dirai \u00ab\u00a0la paix soit chez toi !\u00a0\u00bb.<\/p>\n\n\n\n<p>A cause de la maison du Seigneur notre Dieu, je veux ton bonheur \u00bb<\/p>\n\n\n\n<p>Merci, Guy. Repose en paix.<\/p>\n\n\n\n<p>B\u00e9nis sois l&rsquo;Eternel pour cette rencontre !<\/p>\n\n\n\n<p>Catherine et Philippe Leruste<\/p>\n\n\n\n<p>AJC BORDEAUX<\/p>\n\n\n\n<figure class=\"wp-block-image size-full\"><img loading=\"lazy\" decoding=\"async\" width=\"600\" height=\"529\" src=\"https:\/\/ajc33.com\/wp-content\/uploads\/2023\/06\/guy.jpg\" alt=\"\" class=\"wp-image-647\" srcset=\"https:\/\/ajc33.com\/wp-content\/uploads\/2023\/06\/guy.jpg 600w, https:\/\/ajc33.com\/wp-content\/uploads\/2023\/06\/guy-300x265.jpg 300w\" sizes=\"auto, (max-width: 600px) 100vw, 600px\" \/><\/figure>\n","protected":false},"excerpt":{"rendered":"<p>Guy Nouchi nous a quitt\u00e9 ce samedi 17 juin. Un matin de Shabbat\u2026 Il \u00e9tait membre du comit\u00e9 directeur de l\u2019Amiti\u00e9 Jud\u00e9o-Chr\u00e9tienne de Bordeaux depuis de longues ann\u00e9es. Car, s\u2019il&hellip; <a href=\"https:\/\/ajc33.com\/index.php\/guy-nouchi-nous-a-quitte\/\" class=\"more-link\">Lire la suite <span class=\"screen-reader-text\">Guy Nouchi nous a quitt\u00e9 !<\/span><\/a><\/p>\n","protected":false},"author":1,"featured_media":0,"parent":0,"menu_order":0,"comment_status":"closed","ping_status":"closed","template":"","meta":{"footnotes":""},"tags":[],"class_list":["post-646","page","type-page","status-publish","hentry","without-featured-image"],"yoast_head":"<!-- This site is optimized with the Yoast SEO plugin v26.6 - https:\/\/yoast.com\/wordpress\/plugins\/seo\/ -->\n<title>Guy Nouchi nous a quitt\u00e9 ! - L&#039;amiti\u00e9 Jud\u00e9o-Chr\u00e9tienne de Bordeaux<\/title>\n<meta name=\"robots\" content=\"index, follow, max-snippet:-1, max-image-preview:large, max-video-preview:-1\" \/>\n<link rel=\"canonical\" href=\"https:\/\/ajc33.com\/index.php\/guy-nouchi-nous-a-quitte\/\" \/>\n<meta property=\"og:locale\" content=\"fr_FR\" \/>\n<meta property=\"og:type\" content=\"article\" \/>\n<meta property=\"og:title\" content=\"Guy Nouchi nous a quitt\u00e9 ! - L&#039;amiti\u00e9 Jud\u00e9o-Chr\u00e9tienne de Bordeaux\" \/>\n<meta property=\"og:description\" content=\"Guy Nouchi nous a quitt\u00e9 ce samedi 17 juin. Un matin de Shabbat\u2026 Il \u00e9tait membre du comit\u00e9 directeur de l\u2019Amiti\u00e9 Jud\u00e9o-Chr\u00e9tienne de Bordeaux depuis de longues ann\u00e9es. Car, s\u2019il&hellip; Lire la suite Guy Nouchi nous a quitt\u00e9 !\" \/>\n<meta property=\"og:url\" content=\"https:\/\/ajc33.com\/index.php\/guy-nouchi-nous-a-quitte\/\" \/>\n<meta property=\"og:site_name\" content=\"L&#039;amiti\u00e9 Jud\u00e9o-Chr\u00e9tienne de Bordeaux\" \/>\n<meta property=\"article:modified_time\" content=\"2023-06-20T09:55:28+00:00\" \/>\n<meta property=\"og:image\" content=\"https:\/\/ajc33.com\/wp-content\/uploads\/2023\/06\/guy.jpg\" \/>\n<meta name=\"twitter:card\" content=\"summary_large_image\" \/>\n<meta name=\"twitter:label1\" content=\"Dur\u00e9e de lecture estim\u00e9e\" \/>\n\t<meta name=\"twitter:data1\" content=\"2 minutes\" \/>\n<script type=\"application\/ld+json\" class=\"yoast-schema-graph\">{\"@context\":\"https:\/\/schema.org\",\"@graph\":[{\"@type\":\"WebPage\",\"@id\":\"https:\/\/ajc33.com\/index.php\/guy-nouchi-nous-a-quitte\/\",\"url\":\"https:\/\/ajc33.com\/index.php\/guy-nouchi-nous-a-quitte\/\",\"name\":\"Guy Nouchi nous a quitt\u00e9 ! - L&#039;amiti\u00e9 Jud\u00e9o-Chr\u00e9tienne de Bordeaux\",\"isPartOf\":{\"@id\":\"https:\/\/ajc33.com\/#website\"},\"primaryImageOfPage\":{\"@id\":\"https:\/\/ajc33.com\/index.php\/guy-nouchi-nous-a-quitte\/#primaryimage\"},\"image\":{\"@id\":\"https:\/\/ajc33.com\/index.php\/guy-nouchi-nous-a-quitte\/#primaryimage\"},\"thumbnailUrl\":\"https:\/\/ajc33.com\/wp-content\/uploads\/2023\/06\/guy.jpg\",\"datePublished\":\"2023-06-20T09:55:26+00:00\",\"dateModified\":\"2023-06-20T09:55:28+00:00\",\"breadcrumb\":{\"@id\":\"https:\/\/ajc33.com\/index.php\/guy-nouchi-nous-a-quitte\/#breadcrumb\"},\"inLanguage\":\"fr-FR\",\"potentialAction\":[{\"@type\":\"ReadAction\",\"target\":[\"https:\/\/ajc33.com\/index.php\/guy-nouchi-nous-a-quitte\/\"]}]},{\"@type\":\"ImageObject\",\"inLanguage\":\"fr-FR\",\"@id\":\"https:\/\/ajc33.com\/index.php\/guy-nouchi-nous-a-quitte\/#primaryimage\",\"url\":\"https:\/\/ajc33.com\/wp-content\/uploads\/2023\/06\/guy.jpg\",\"contentUrl\":\"https:\/\/ajc33.com\/wp-content\/uploads\/2023\/06\/guy.jpg\",\"width\":600,\"height\":529},{\"@type\":\"BreadcrumbList\",\"@id\":\"https:\/\/ajc33.com\/index.php\/guy-nouchi-nous-a-quitte\/#breadcrumb\",\"itemListElement\":[{\"@type\":\"ListItem\",\"position\":1,\"name\":\"Home\",\"item\":\"https:\/\/ajc33.com\/\"},{\"@type\":\"ListItem\",\"position\":2,\"name\":\"Guy Nouchi nous a quitt\u00e9 !\"}]},{\"@type\":\"WebSite\",\"@id\":\"https:\/\/ajc33.com\/#website\",\"url\":\"https:\/\/ajc33.com\/\",\"name\":\"L&#039;amiti\u00e9 Jud\u00e9o-Chr\u00e9tienne de Bordeaux\",\"description\":\"\",\"publisher\":{\"@id\":\"https:\/\/ajc33.com\/#organization\"},\"potentialAction\":[{\"@type\":\"SearchAction\",\"target\":{\"@type\":\"EntryPoint\",\"urlTemplate\":\"https:\/\/ajc33.com\/?s={search_term_string}\"},\"query-input\":{\"@type\":\"PropertyValueSpecification\",\"valueRequired\":true,\"valueName\":\"search_term_string\"}}],\"inLanguage\":\"fr-FR\"},{\"@type\":\"Organization\",\"@id\":\"https:\/\/ajc33.com\/#organization\",\"name\":\"L&#039;amiti\u00e9 Jud\u00e9o-Chr\u00e9tienne de Bordeaux\",\"url\":\"https:\/\/ajc33.com\/\",\"logo\":{\"@type\":\"ImageObject\",\"inLanguage\":\"fr-FR\",\"@id\":\"https:\/\/ajc33.com\/#\/schema\/logo\/image\/\",\"url\":\"https:\/\/ajc33.com\/wp-content\/uploads\/2018\/03\/cropped-ajc-bod-2.jpg\",\"contentUrl\":\"https:\/\/ajc33.com\/wp-content\/uploads\/2018\/03\/cropped-ajc-bod-2.jpg\",\"width\":200,\"height\":191,\"caption\":\"L&#039;amiti\u00e9 Jud\u00e9o-Chr\u00e9tienne de Bordeaux\"},\"image\":{\"@id\":\"https:\/\/ajc33.com\/#\/schema\/logo\/image\/\"}}]}<\/script>\n<!-- \/ Yoast SEO plugin. -->","yoast_head_json":{"title":"Guy Nouchi nous a quitt\u00e9 ! - L&#039;amiti\u00e9 Jud\u00e9o-Chr\u00e9tienne de Bordeaux","robots":{"index":"index","follow":"follow","max-snippet":"max-snippet:-1","max-image-preview":"max-image-preview:large","max-video-preview":"max-video-preview:-1"},"canonical":"https:\/\/ajc33.com\/index.php\/guy-nouchi-nous-a-quitte\/","og_locale":"fr_FR","og_type":"article","og_title":"Guy Nouchi nous a quitt\u00e9 ! - L&#039;amiti\u00e9 Jud\u00e9o-Chr\u00e9tienne de Bordeaux","og_description":"Guy Nouchi nous a quitt\u00e9 ce samedi 17 juin. Un matin de Shabbat\u2026 Il \u00e9tait membre du comit\u00e9 directeur de l\u2019Amiti\u00e9 Jud\u00e9o-Chr\u00e9tienne de Bordeaux depuis de longues ann\u00e9es. Car, s\u2019il&hellip; Lire la suite Guy Nouchi nous a quitt\u00e9 !","og_url":"https:\/\/ajc33.com\/index.php\/guy-nouchi-nous-a-quitte\/","og_site_name":"L&#039;amiti\u00e9 Jud\u00e9o-Chr\u00e9tienne de Bordeaux","article_modified_time":"2023-06-20T09:55:28+00:00","og_image":[{"url":"https:\/\/ajc33.com\/wp-content\/uploads\/2023\/06\/guy.jpg","type":"","width":"","height":""}],"twitter_card":"summary_large_image","twitter_misc":{"Dur\u00e9e de lecture estim\u00e9e":"2 minutes"},"schema":{"@context":"https:\/\/schema.org","@graph":[{"@type":"WebPage","@id":"https:\/\/ajc33.com\/index.php\/guy-nouchi-nous-a-quitte\/","url":"https:\/\/ajc33.com\/index.php\/guy-nouchi-nous-a-quitte\/","name":"Guy Nouchi nous a quitt\u00e9 ! - L&#039;amiti\u00e9 Jud\u00e9o-Chr\u00e9tienne de Bordeaux","isPartOf":{"@id":"https:\/\/ajc33.com\/#website"},"primaryImageOfPage":{"@id":"https:\/\/ajc33.com\/index.php\/guy-nouchi-nous-a-quitte\/#primaryimage"},"image":{"@id":"https:\/\/ajc33.com\/index.php\/guy-nouchi-nous-a-quitte\/#primaryimage"},"thumbnailUrl":"https:\/\/ajc33.com\/wp-content\/uploads\/2023\/06\/guy.jpg","datePublished":"2023-06-20T09:55:26+00:00","dateModified":"2023-06-20T09:55:28+00:00","breadcrumb":{"@id":"https:\/\/ajc33.com\/index.php\/guy-nouchi-nous-a-quitte\/#breadcrumb"},"inLanguage":"fr-FR","potentialAction":[{"@type":"ReadAction","target":["https:\/\/ajc33.com\/index.php\/guy-nouchi-nous-a-quitte\/"]}]},{"@type":"ImageObject","inLanguage":"fr-FR","@id":"https:\/\/ajc33.com\/index.php\/guy-nouchi-nous-a-quitte\/#primaryimage","url":"https:\/\/ajc33.com\/wp-content\/uploads\/2023\/06\/guy.jpg","contentUrl":"https:\/\/ajc33.com\/wp-content\/uploads\/2023\/06\/guy.jpg","width":600,"height":529},{"@type":"BreadcrumbList","@id":"https:\/\/ajc33.com\/index.php\/guy-nouchi-nous-a-quitte\/#breadcrumb","itemListElement":[{"@type":"ListItem","position":1,"name":"Home","item":"https:\/\/ajc33.com\/"},{"@type":"ListItem","position":2,"name":"Guy Nouchi nous a quitt\u00e9 !"}]},{"@type":"WebSite","@id":"https:\/\/ajc33.com\/#website","url":"https:\/\/ajc33.com\/","name":"L&#039;amiti\u00e9 Jud\u00e9o-Chr\u00e9tienne de Bordeaux","description":"","publisher":{"@id":"https:\/\/ajc33.com\/#organization"},"potentialAction":[{"@type":"SearchAction","target":{"@type":"EntryPoint","urlTemplate":"https:\/\/ajc33.com\/?s={search_term_string}"},"query-input":{"@type":"PropertyValueSpecification","valueRequired":true,"valueName":"search_term_string"}}],"inLanguage":"fr-FR"},{"@type":"Organization","@id":"https:\/\/ajc33.com\/#organization","name":"L&#039;amiti\u00e9 Jud\u00e9o-Chr\u00e9tienne de Bordeaux","url":"https:\/\/ajc33.com\/","logo":{"@type":"ImageObject","inLanguage":"fr-FR","@id":"https:\/\/ajc33.com\/#\/schema\/logo\/image\/","url":"https:\/\/ajc33.com\/wp-content\/uploads\/2018\/03\/cropped-ajc-bod-2.jpg","contentUrl":"https:\/\/ajc33.com\/wp-content\/uploads\/2018\/03\/cropped-ajc-bod-2.jpg","width":200,"height":191,"caption":"L&#039;amiti\u00e9 Jud\u00e9o-Chr\u00e9tienne de Bordeaux"},"image":{"@id":"https:\/\/ajc33.com\/#\/schema\/logo\/image\/"}}]}},"jetpack_sharing_enabled":true,"_links":{"self":[{"href":"https:\/\/ajc33.com\/index.php\/wp-json\/wp\/v2\/pages\/646","targetHints":{"allow":["GET"]}}],"collection":[{"href":"https:\/\/ajc33.com\/index.php\/wp-json\/wp\/v2\/pages"}],"about":[{"href":"https:\/\/ajc33.com\/index.php\/wp-json\/wp\/v2\/types\/page"}],"author":[{"embeddable":true,"href":"https:\/\/ajc33.com\/index.php\/wp-json\/wp\/v2\/users\/1"}],"replies":[{"embeddable":true,"href":"https:\/\/ajc33.com\/index.php\/wp-json\/wp\/v2\/comments?post=646"}],"version-history":[{"count":1,"href":"https:\/\/ajc33.com\/index.php\/wp-json\/wp\/v2\/pages\/646\/revisions"}],"predecessor-version":[{"id":649,"href":"https:\/\/ajc33.com\/index.php\/wp-json\/wp\/v2\/pages\/646\/revisions\/649"}],"wp:attachment":[{"href":"https:\/\/ajc33.com\/index.php\/wp-json\/wp\/v2\/media?parent=646"}],"wp:term":[{"taxonomy":"post_tag","embeddable":true,"href":"https:\/\/ajc33.com\/index.php\/wp-json\/wp\/v2\/tags?post=646"}],"curies":[{"name":"wp","href":"https:\/\/api.w.org\/{rel}","templated":true}]}}