{"id":640,"date":"2023-04-27T09:44:42","date_gmt":"2023-04-27T07:44:42","guid":{"rendered":"https:\/\/ajc33.com\/?page_id=640"},"modified":"2023-04-27T09:44:44","modified_gmt":"2023-04-27T07:44:44","slug":"3-jours-pour-la-memoire","status":"publish","type":"page","link":"https:\/\/ajc33.com\/index.php\/3-jours-pour-la-memoire\/","title":{"rendered":"3 jours pour la m\u00e9moire."},"content":{"rendered":"\n<blockquote class=\"wp-block-quote is-layout-flow wp-block-quote-is-layout-flow\">\n<p>Madame, Monsieur, Le Crif Bordeaux-Aquitaine et ses partenaires sont heureux de vous inviter \u00e0 la seconde \u00e9dition des \u00ab 3 jours pour la m\u00e9moire \u00bb qui aura lieu les 2, 3 et 4 mai 2023, \u00e0 19h, \u00e0 l\u2019Espace Beaulieu (145 rue Saint-Gen\u00e8s Bordeaux). Vous trouverez, ci-joint, le programme complet. Pour celles et ceux qui ne seraient pas d\u00e9j\u00e0 inscrits, nous vous invitons \u00e0 compl\u00e9ter<\/p>\n\n\n\n<p><a href=\"https:\/\/docs.google.com\/forms\/d\/e\/1FAIpQLSdLMytV0eawhl0GB9EyzPl93YS2nH_O0LUEGm-Xcw1jxLrbXg\/viewform?usp=sf_link\" target=\"_blank\" rel=\"noreferrer noopener\">le formulaire d\u2019inscription ci-joint<\/a>. <\/p>\n\n\n\n<p>Dans l\u2019attente de vous retrouver tr\u00e8s prochainement. Bien cordialement,<\/p>\n\n\n\n<p>Albert Massiah<\/p>\n\n\n\n<p><em>Pr\u00e9sident du Crif Bordeaux-Aquitaine<\/em><\/p>\n<\/blockquote>\n\n\n\n<figure class=\"wp-block-image size-full\"><img loading=\"lazy\" decoding=\"async\" width=\"994\" height=\"697\" src=\"https:\/\/ajc33.com\/wp-content\/uploads\/2023\/04\/Crif.jpg\" alt=\"\" class=\"wp-image-641\" srcset=\"https:\/\/ajc33.com\/wp-content\/uploads\/2023\/04\/Crif.jpg 994w, https:\/\/ajc33.com\/wp-content\/uploads\/2023\/04\/Crif-300x210.jpg 300w, https:\/\/ajc33.com\/wp-content\/uploads\/2023\/04\/Crif-768x539.jpg 768w\" sizes=\"auto, (max-width: 994px) 100vw, 994px\" \/><\/figure>\n","protected":false},"excerpt":{"rendered":"<p>Madame, Monsieur, Le Crif Bordeaux-Aquitaine et ses partenaires sont heureux de vous inviter \u00e0 la seconde \u00e9dition des \u00ab 3 jours pour la m\u00e9moire \u00bb qui aura lieu les 2,&hellip; <a href=\"https:\/\/ajc33.com\/index.php\/3-jours-pour-la-memoire\/\" class=\"more-link\">Lire la suite <span class=\"screen-reader-text\">3 jours pour la m\u00e9moire.<\/span><\/a><\/p>\n","protected":false},"author":1,"featured_media":0,"parent":0,"menu_order":0,"comment_status":"closed","ping_status":"closed","template":"","meta":{"footnotes":""},"tags":[],"class_list":["post-640","page","type-page","status-publish","hentry","without-featured-image"],"yoast_head":"<!-- This site is optimized with the Yoast SEO plugin v26.6 - https:\/\/yoast.com\/wordpress\/plugins\/seo\/ -->\n<title>3 jours pour la m\u00e9moire. - L&#039;amiti\u00e9 Jud\u00e9o-Chr\u00e9tienne de Bordeaux<\/title>\n<meta name=\"robots\" content=\"index, follow, max-snippet:-1, max-image-preview:large, max-video-preview:-1\" \/>\n<link rel=\"canonical\" href=\"https:\/\/ajc33.com\/index.php\/3-jours-pour-la-memoire\/\" \/>\n<meta property=\"og:locale\" content=\"fr_FR\" \/>\n<meta property=\"og:type\" content=\"article\" \/>\n<meta property=\"og:title\" content=\"3 jours pour la m\u00e9moire. - L&#039;amiti\u00e9 Jud\u00e9o-Chr\u00e9tienne de Bordeaux\" \/>\n<meta property=\"og:description\" content=\"Madame, Monsieur, Le Crif Bordeaux-Aquitaine et ses partenaires sont heureux de vous inviter \u00e0 la seconde \u00e9dition des \u00ab 3 jours pour la m\u00e9moire \u00bb qui aura lieu les 2,&hellip; Lire la suite 3 jours pour la m\u00e9moire.\" \/>\n<meta property=\"og:url\" content=\"https:\/\/ajc33.com\/index.php\/3-jours-pour-la-memoire\/\" \/>\n<meta property=\"og:site_name\" content=\"L&#039;amiti\u00e9 Jud\u00e9o-Chr\u00e9tienne de Bordeaux\" \/>\n<meta property=\"article:modified_time\" content=\"2023-04-27T07:44:44+00:00\" \/>\n<meta property=\"og:image\" content=\"https:\/\/ajc33.com\/wp-content\/uploads\/2023\/04\/Crif.jpg\" \/>\n<meta name=\"twitter:card\" content=\"summary_large_image\" \/>\n<meta name=\"twitter:label1\" content=\"Dur\u00e9e de lecture estim\u00e9e\" \/>\n\t<meta name=\"twitter:data1\" content=\"1 minute\" \/>\n<script type=\"application\/ld+json\" class=\"yoast-schema-graph\">{\"@context\":\"https:\/\/schema.org\",\"@graph\":[{\"@type\":\"WebPage\",\"@id\":\"https:\/\/ajc33.com\/index.php\/3-jours-pour-la-memoire\/\",\"url\":\"https:\/\/ajc33.com\/index.php\/3-jours-pour-la-memoire\/\",\"name\":\"3 jours pour la m\u00e9moire. - L&#039;amiti\u00e9 Jud\u00e9o-Chr\u00e9tienne de Bordeaux\",\"isPartOf\":{\"@id\":\"https:\/\/ajc33.com\/#website\"},\"primaryImageOfPage\":{\"@id\":\"https:\/\/ajc33.com\/index.php\/3-jours-pour-la-memoire\/#primaryimage\"},\"image\":{\"@id\":\"https:\/\/ajc33.com\/index.php\/3-jours-pour-la-memoire\/#primaryimage\"},\"thumbnailUrl\":\"https:\/\/ajc33.com\/wp-content\/uploads\/2023\/04\/Crif.jpg\",\"datePublished\":\"2023-04-27T07:44:42+00:00\",\"dateModified\":\"2023-04-27T07:44:44+00:00\",\"breadcrumb\":{\"@id\":\"https:\/\/ajc33.com\/index.php\/3-jours-pour-la-memoire\/#breadcrumb\"},\"inLanguage\":\"fr-FR\",\"potentialAction\":[{\"@type\":\"ReadAction\",\"target\":[\"https:\/\/ajc33.com\/index.php\/3-jours-pour-la-memoire\/\"]}]},{\"@type\":\"ImageObject\",\"inLanguage\":\"fr-FR\",\"@id\":\"https:\/\/ajc33.com\/index.php\/3-jours-pour-la-memoire\/#primaryimage\",\"url\":\"https:\/\/ajc33.com\/wp-content\/uploads\/2023\/04\/Crif.jpg\",\"contentUrl\":\"https:\/\/ajc33.com\/wp-content\/uploads\/2023\/04\/Crif.jpg\",\"width\":994,\"height\":697},{\"@type\":\"BreadcrumbList\",\"@id\":\"https:\/\/ajc33.com\/index.php\/3-jours-pour-la-memoire\/#breadcrumb\",\"itemListElement\":[{\"@type\":\"ListItem\",\"position\":1,\"name\":\"Home\",\"item\":\"https:\/\/ajc33.com\/\"},{\"@type\":\"ListItem\",\"position\":2,\"name\":\"3 jours pour la m\u00e9moire.\"}]},{\"@type\":\"WebSite\",\"@id\":\"https:\/\/ajc33.com\/#website\",\"url\":\"https:\/\/ajc33.com\/\",\"name\":\"L&#039;amiti\u00e9 Jud\u00e9o-Chr\u00e9tienne de Bordeaux\",\"description\":\"\",\"publisher\":{\"@id\":\"https:\/\/ajc33.com\/#organization\"},\"potentialAction\":[{\"@type\":\"SearchAction\",\"target\":{\"@type\":\"EntryPoint\",\"urlTemplate\":\"https:\/\/ajc33.com\/?s={search_term_string}\"},\"query-input\":{\"@type\":\"PropertyValueSpecification\",\"valueRequired\":true,\"valueName\":\"search_term_string\"}}],\"inLanguage\":\"fr-FR\"},{\"@type\":\"Organization\",\"@id\":\"https:\/\/ajc33.com\/#organization\",\"name\":\"L&#039;amiti\u00e9 Jud\u00e9o-Chr\u00e9tienne de Bordeaux\",\"url\":\"https:\/\/ajc33.com\/\",\"logo\":{\"@type\":\"ImageObject\",\"inLanguage\":\"fr-FR\",\"@id\":\"https:\/\/ajc33.com\/#\/schema\/logo\/image\/\",\"url\":\"https:\/\/ajc33.com\/wp-content\/uploads\/2018\/03\/cropped-ajc-bod-2.jpg\",\"contentUrl\":\"https:\/\/ajc33.com\/wp-content\/uploads\/2018\/03\/cropped-ajc-bod-2.jpg\",\"width\":200,\"height\":191,\"caption\":\"L&#039;amiti\u00e9 Jud\u00e9o-Chr\u00e9tienne de Bordeaux\"},\"image\":{\"@id\":\"https:\/\/ajc33.com\/#\/schema\/logo\/image\/\"}}]}<\/script>\n<!-- \/ Yoast SEO plugin. -->","yoast_head_json":{"title":"3 jours pour la m\u00e9moire. - L&#039;amiti\u00e9 Jud\u00e9o-Chr\u00e9tienne de Bordeaux","robots":{"index":"index","follow":"follow","max-snippet":"max-snippet:-1","max-image-preview":"max-image-preview:large","max-video-preview":"max-video-preview:-1"},"canonical":"https:\/\/ajc33.com\/index.php\/3-jours-pour-la-memoire\/","og_locale":"fr_FR","og_type":"article","og_title":"3 jours pour la m\u00e9moire. - L&#039;amiti\u00e9 Jud\u00e9o-Chr\u00e9tienne de Bordeaux","og_description":"Madame, Monsieur, Le Crif Bordeaux-Aquitaine et ses partenaires sont heureux de vous inviter \u00e0 la seconde \u00e9dition des \u00ab 3 jours pour la m\u00e9moire \u00bb qui aura lieu les 2,&hellip; Lire la suite 3 jours pour la m\u00e9moire.","og_url":"https:\/\/ajc33.com\/index.php\/3-jours-pour-la-memoire\/","og_site_name":"L&#039;amiti\u00e9 Jud\u00e9o-Chr\u00e9tienne de Bordeaux","article_modified_time":"2023-04-27T07:44:44+00:00","og_image":[{"url":"https:\/\/ajc33.com\/wp-content\/uploads\/2023\/04\/Crif.jpg","type":"","width":"","height":""}],"twitter_card":"summary_large_image","twitter_misc":{"Dur\u00e9e de lecture estim\u00e9e":"1 minute"},"schema":{"@context":"https:\/\/schema.org","@graph":[{"@type":"WebPage","@id":"https:\/\/ajc33.com\/index.php\/3-jours-pour-la-memoire\/","url":"https:\/\/ajc33.com\/index.php\/3-jours-pour-la-memoire\/","name":"3 jours pour la m\u00e9moire. - L&#039;amiti\u00e9 Jud\u00e9o-Chr\u00e9tienne de Bordeaux","isPartOf":{"@id":"https:\/\/ajc33.com\/#website"},"primaryImageOfPage":{"@id":"https:\/\/ajc33.com\/index.php\/3-jours-pour-la-memoire\/#primaryimage"},"image":{"@id":"https:\/\/ajc33.com\/index.php\/3-jours-pour-la-memoire\/#primaryimage"},"thumbnailUrl":"https:\/\/ajc33.com\/wp-content\/uploads\/2023\/04\/Crif.jpg","datePublished":"2023-04-27T07:44:42+00:00","dateModified":"2023-04-27T07:44:44+00:00","breadcrumb":{"@id":"https:\/\/ajc33.com\/index.php\/3-jours-pour-la-memoire\/#breadcrumb"},"inLanguage":"fr-FR","potentialAction":[{"@type":"ReadAction","target":["https:\/\/ajc33.com\/index.php\/3-jours-pour-la-memoire\/"]}]},{"@type":"ImageObject","inLanguage":"fr-FR","@id":"https:\/\/ajc33.com\/index.php\/3-jours-pour-la-memoire\/#primaryimage","url":"https:\/\/ajc33.com\/wp-content\/uploads\/2023\/04\/Crif.jpg","contentUrl":"https:\/\/ajc33.com\/wp-content\/uploads\/2023\/04\/Crif.jpg","width":994,"height":697},{"@type":"BreadcrumbList","@id":"https:\/\/ajc33.com\/index.php\/3-jours-pour-la-memoire\/#breadcrumb","itemListElement":[{"@type":"ListItem","position":1,"name":"Home","item":"https:\/\/ajc33.com\/"},{"@type":"ListItem","position":2,"name":"3 jours pour la m\u00e9moire."}]},{"@type":"WebSite","@id":"https:\/\/ajc33.com\/#website","url":"https:\/\/ajc33.com\/","name":"L&#039;amiti\u00e9 Jud\u00e9o-Chr\u00e9tienne de Bordeaux","description":"","publisher":{"@id":"https:\/\/ajc33.com\/#organization"},"potentialAction":[{"@type":"SearchAction","target":{"@type":"EntryPoint","urlTemplate":"https:\/\/ajc33.com\/?s={search_term_string}"},"query-input":{"@type":"PropertyValueSpecification","valueRequired":true,"valueName":"search_term_string"}}],"inLanguage":"fr-FR"},{"@type":"Organization","@id":"https:\/\/ajc33.com\/#organization","name":"L&#039;amiti\u00e9 Jud\u00e9o-Chr\u00e9tienne de Bordeaux","url":"https:\/\/ajc33.com\/","logo":{"@type":"ImageObject","inLanguage":"fr-FR","@id":"https:\/\/ajc33.com\/#\/schema\/logo\/image\/","url":"https:\/\/ajc33.com\/wp-content\/uploads\/2018\/03\/cropped-ajc-bod-2.jpg","contentUrl":"https:\/\/ajc33.com\/wp-content\/uploads\/2018\/03\/cropped-ajc-bod-2.jpg","width":200,"height":191,"caption":"L&#039;amiti\u00e9 Jud\u00e9o-Chr\u00e9tienne de Bordeaux"},"image":{"@id":"https:\/\/ajc33.com\/#\/schema\/logo\/image\/"}}]}},"jetpack_sharing_enabled":true,"_links":{"self":[{"href":"https:\/\/ajc33.com\/index.php\/wp-json\/wp\/v2\/pages\/640","targetHints":{"allow":["GET"]}}],"collection":[{"href":"https:\/\/ajc33.com\/index.php\/wp-json\/wp\/v2\/pages"}],"about":[{"href":"https:\/\/ajc33.com\/index.php\/wp-json\/wp\/v2\/types\/page"}],"author":[{"embeddable":true,"href":"https:\/\/ajc33.com\/index.php\/wp-json\/wp\/v2\/users\/1"}],"replies":[{"embeddable":true,"href":"https:\/\/ajc33.com\/index.php\/wp-json\/wp\/v2\/comments?post=640"}],"version-history":[{"count":1,"href":"https:\/\/ajc33.com\/index.php\/wp-json\/wp\/v2\/pages\/640\/revisions"}],"predecessor-version":[{"id":643,"href":"https:\/\/ajc33.com\/index.php\/wp-json\/wp\/v2\/pages\/640\/revisions\/643"}],"wp:attachment":[{"href":"https:\/\/ajc33.com\/index.php\/wp-json\/wp\/v2\/media?parent=640"}],"wp:term":[{"taxonomy":"post_tag","embeddable":true,"href":"https:\/\/ajc33.com\/index.php\/wp-json\/wp\/v2\/tags?post=640"}],"curies":[{"name":"wp","href":"https:\/\/api.w.org\/{rel}","templated":true}]}}