{"id":611,"date":"2023-03-08T13:23:35","date_gmt":"2023-03-08T12:23:35","guid":{"rendered":"https:\/\/ajc33.com\/?page_id=611"},"modified":"2023-03-08T13:27:55","modified_gmt":"2023-03-08T12:27:55","slug":"journee-nationale-contre-lantisemitisme-ajcf-en-lien-avec-leglise-de-france","status":"publish","type":"page","link":"https:\/\/ajc33.com\/index.php\/journee-nationale-contre-lantisemitisme-ajcf-en-lien-avec-leglise-de-france\/","title":{"rendered":"Journ\u00e9e Nationale contre l\u2019antis\u00e9mitisme- AJCF en lien avec l&rsquo;Eglise de France"},"content":{"rendered":"\n<blockquote class=\"wp-block-quote is-layout-flow wp-block-quote-is-layout-flow\">\n<blockquote class=\"wp-block-quote is-layout-flow wp-block-quote-is-layout-flow\">\n<p>L\u2019Amiti\u00e9 Jud\u00e9o- Chr\u00e9tienne de France a institu\u00e9 en 2021 une journ\u00e9e d\u2019action consacr\u00e9e \u00e0 la lutte contre l\u2019antis\u00e9mitisme, qui se tiendra chaque ann\u00e9e le dimanche le plus proche du 19 mars, date \u00e0 laquelle en 2012 a eu lieu l\u2019attentat de Toulouse marqu\u00e9 par l\u2019assassinat dans une \u00e9cole juive de trois enfants et du p\u00e8re de deux d\u2019entre eux.<\/p>\n\n\n\n<p><br>Le 20 mars 2022, cette journ\u00e9e nationale, organis\u00e9e en collaboration avec la Conf\u00e9rence des \u00c9v\u00eaques de France, la F\u00e9d\u00e9ration &nbsp;protestante de France, le Consistoire Isra\u00e9lite central, le CRIF et le B\u2019nai B\u2019rit, s\u2019est tenue au M\u00e9morial &nbsp;de la Shoah \u00e0 Paris.<br><br>L\u2019ann\u00e9e 2021 avait d\u00e9j\u00e0 \u00e9t\u00e9 marqu\u00e9e par la d\u00e9claration du 1er f\u00e9vrier de la Conf\u00e9rence des \u00c9v\u00eaques de France d\u2019engagement \u00e0 lutter contre l\u2019antis\u00e9mitisme et l\u2019antijudaisme. Le 26 mai 2021, Monseigneur Jean-Paul James a relay\u00e9 &nbsp;cette d\u00e9claration pour le dioc\u00e8se de Bordeaux, en collaboration avec le rabbin Moshe Taieb, rabbin de Bordeaux et le pr\u00e9sident r\u00e9gional du CRIF Albert Massiah. Le texte de l\u2019allocution de Monseigneur Eric de Moulins-Beaufort, prononc\u00e9e le 1er f\u00e9vrier 2021 et la vid\u00e9o de la manifestation qui a suivi le 26 mai, figurent sur le site du dioc\u00e8se de Bordeaux.<\/p>\n\n\n\n<p>L\u2019ann\u00e9e 2021-2022 de l\u2019Amiti\u00e9 Jud\u00e9o- Chr\u00e9tienne de Bordeaux et du Service dioc\u00e9sain pour les Relations avec le Juda\u00efsme a \u00e9t\u00e9 consacr\u00e9e essentiellement \u00e0 la lutte contre l\u2019antis\u00e9mitisme et l\u2019antijuda\u00efsme.<\/p>\n\n\n\n<p>Au titre de l\u2019ann\u00e9e 2023, l\u2019Amiti\u00e9 Jud\u00e9o-Chr\u00e9tienne de Bordeaux, en lien avec le Service dioc\u00e9sain pour les relations avec le Juda\u00efsme, propose aux cur\u00e9s des paroisses du dioc\u00e8se de faire conna\u00eetre \u00e0 leurs paroissiens sous la forme qu\u2019ils d\u00e9cideront, l\u2019allocution du pr\u00e9sident Jean-Dominique Durand, pr\u00e9sident de l\u2019Amiti\u00e9 Jud\u00e9o-Chr\u00e9tienne de France, AJCF, prononc\u00e9e en conclusion de la journ\u00e9e nationale du 20 mars 2022. Ce texte permet de saisir les \u00e9l\u00e9ments essentiels qui caract\u00e9risent le fl\u00e9au toujours renaissant de l\u2019antis\u00e9mitisme, ainsi que la n\u00e9cessit\u00e9 d\u2019adopter \u00e0 son \u00e9gard une attitude vigilante et d\u00e9termin\u00e9e.<\/p>\n\n\n\n<p><br>Vous trouverez ci-joint le texte de cette allocution.<br><br>La pr\u00e9sente communication figurent dans son ensemble sur le site du dioc\u00e8se de Bordeaux.<\/p>\n\n\n\n<p>L\u2019Amiti\u00e9 Jud\u00e9o-Chr\u00e9tienne de Bordeaux<\/p>\n<\/blockquote>\n<\/blockquote>\n\n\n\n<div data-wp-interactive=\"core\/file\" class=\"wp-block-file\"><object data-wp-bind--hidden=\"!state.hasPdfPreview\" hidden class=\"wp-block-file__embed\" data=\"https:\/\/ajc33.com\/wp-content\/uploads\/2023\/03\/Antisemitisme-texte-JDDurand-1.pdf\" type=\"application\/pdf\" style=\"width:100%;height:600px\" aria-label=\"Contenu embarqu\u00e9 Antisemitisme-texte-JDDurand-1.\"><\/object><a id=\"wp-block-file--media-f47dff1e-f3f4-429d-88fd-c5c165fbd515\" href=\"https:\/\/ajc33.com\/wp-content\/uploads\/2023\/03\/Antisemitisme-texte-JDDurand-1.pdf\">Antisemitisme-texte-JDDurand-1<\/a><a href=\"https:\/\/ajc33.com\/wp-content\/uploads\/2023\/03\/Antisemitisme-texte-JDDurand-1.pdf\" class=\"wp-block-file__button wp-element-button\" download aria-describedby=\"wp-block-file--media-f47dff1e-f3f4-429d-88fd-c5c165fbd515\">T\u00e9l\u00e9charger<\/a><\/div>\n","protected":false},"excerpt":{"rendered":"","protected":false},"author":1,"featured_media":0,"parent":0,"menu_order":0,"comment_status":"closed","ping_status":"closed","template":"","meta":{"footnotes":""},"tags":[],"class_list":["post-611","page","type-page","status-publish","hentry","without-featured-image"],"yoast_head":"<!-- This site is optimized with the Yoast SEO plugin v26.6 - https:\/\/yoast.com\/wordpress\/plugins\/seo\/ -->\n<title>Journ\u00e9e Nationale contre l\u2019antis\u00e9mitisme- AJCF en lien avec l&#039;Eglise de France - L&#039;amiti\u00e9 Jud\u00e9o-Chr\u00e9tienne de Bordeaux<\/title>\n<meta name=\"description\" content=\"Au titre de l\u2019ann\u00e9e 2023, l\u2019Amiti\u00e9 Jud\u00e9o-Chr\u00e9tienne de Bordeaux, en lien avec le Service dioc\u00e9sain pour les relations avec le Juda\u00efsme, propose aux cur\u00e9s des paroisses du dioc\u00e8se de faire conna\u00eetre \u00e0 leurs paroissiens sous la forme qu\u2019ils d\u00e9cideront, l\u2019allocution du pr\u00e9sident Jean-Dominique Durand, pr\u00e9sident de l\u2019Amiti\u00e9 Jud\u00e9o-Chr\u00e9tienne de France, AJCF, prononc\u00e9e en conclusion de la journ\u00e9e nationale du 20 mars 2022. Ce texte permet de saisir les \u00e9l\u00e9ments essentiels qui caract\u00e9risent le fl\u00e9au toujours renaissant de l\u2019antis\u00e9mitisme, ainsi que la n\u00e9cessit\u00e9 d\u2019adopter \u00e0 son \u00e9gard une attitude vigilante et d\u00e9termin\u00e9e.\" \/>\n<meta name=\"robots\" content=\"index, follow, max-snippet:-1, max-image-preview:large, max-video-preview:-1\" \/>\n<link rel=\"canonical\" href=\"https:\/\/ajc33.com\/index.php\/journee-nationale-contre-lantisemitisme-ajcf-en-lien-avec-leglise-de-france\/\" \/>\n<meta property=\"og:locale\" content=\"fr_FR\" \/>\n<meta property=\"og:type\" content=\"article\" \/>\n<meta property=\"og:title\" content=\"Journ\u00e9e Nationale contre l\u2019antis\u00e9mitisme- AJCF en lien avec l&#039;Eglise de France - L&#039;amiti\u00e9 Jud\u00e9o-Chr\u00e9tienne de Bordeaux\" \/>\n<meta property=\"og:description\" content=\"Au titre de l\u2019ann\u00e9e 2023, l\u2019Amiti\u00e9 Jud\u00e9o-Chr\u00e9tienne de Bordeaux, en lien avec le Service dioc\u00e9sain pour les relations avec le Juda\u00efsme, propose aux cur\u00e9s des paroisses du dioc\u00e8se de faire conna\u00eetre \u00e0 leurs paroissiens sous la forme qu\u2019ils d\u00e9cideront, l\u2019allocution du pr\u00e9sident Jean-Dominique Durand, pr\u00e9sident de l\u2019Amiti\u00e9 Jud\u00e9o-Chr\u00e9tienne de France, AJCF, prononc\u00e9e en conclusion de la journ\u00e9e nationale du 20 mars 2022. Ce texte permet de saisir les \u00e9l\u00e9ments essentiels qui caract\u00e9risent le fl\u00e9au toujours renaissant de l\u2019antis\u00e9mitisme, ainsi que la n\u00e9cessit\u00e9 d\u2019adopter \u00e0 son \u00e9gard une attitude vigilante et d\u00e9termin\u00e9e.\" \/>\n<meta property=\"og:url\" content=\"https:\/\/ajc33.com\/index.php\/journee-nationale-contre-lantisemitisme-ajcf-en-lien-avec-leglise-de-france\/\" \/>\n<meta property=\"og:site_name\" content=\"L&#039;amiti\u00e9 Jud\u00e9o-Chr\u00e9tienne de Bordeaux\" \/>\n<meta property=\"article:modified_time\" content=\"2023-03-08T12:27:55+00:00\" \/>\n<meta name=\"twitter:card\" content=\"summary_large_image\" \/>\n<meta name=\"twitter:label1\" content=\"Dur\u00e9e de lecture estim\u00e9e\" \/>\n\t<meta name=\"twitter:data1\" content=\"2 minutes\" \/>\n<script type=\"application\/ld+json\" class=\"yoast-schema-graph\">{\"@context\":\"https:\/\/schema.org\",\"@graph\":[{\"@type\":\"WebPage\",\"@id\":\"https:\/\/ajc33.com\/index.php\/journee-nationale-contre-lantisemitisme-ajcf-en-lien-avec-leglise-de-france\/\",\"url\":\"https:\/\/ajc33.com\/index.php\/journee-nationale-contre-lantisemitisme-ajcf-en-lien-avec-leglise-de-france\/\",\"name\":\"Journ\u00e9e Nationale contre l\u2019antis\u00e9mitisme- AJCF en lien avec l'Eglise de France - L&#039;amiti\u00e9 Jud\u00e9o-Chr\u00e9tienne de Bordeaux\",\"isPartOf\":{\"@id\":\"https:\/\/ajc33.com\/#website\"},\"datePublished\":\"2023-03-08T12:23:35+00:00\",\"dateModified\":\"2023-03-08T12:27:55+00:00\",\"description\":\"Au titre de l\u2019ann\u00e9e 2023, l\u2019Amiti\u00e9 Jud\u00e9o-Chr\u00e9tienne de Bordeaux, en lien avec le Service dioc\u00e9sain pour les relations avec le Juda\u00efsme, propose aux cur\u00e9s des paroisses du dioc\u00e8se de faire conna\u00eetre \u00e0 leurs paroissiens sous la forme qu\u2019ils d\u00e9cideront, l\u2019allocution du pr\u00e9sident Jean-Dominique Durand, pr\u00e9sident de l\u2019Amiti\u00e9 Jud\u00e9o-Chr\u00e9tienne de France, AJCF, prononc\u00e9e en conclusion de la journ\u00e9e nationale du 20 mars 2022. Ce texte permet de saisir les \u00e9l\u00e9ments essentiels qui caract\u00e9risent le fl\u00e9au toujours renaissant de l\u2019antis\u00e9mitisme, ainsi que la n\u00e9cessit\u00e9 d\u2019adopter \u00e0 son \u00e9gard une attitude vigilante et d\u00e9termin\u00e9e.\",\"breadcrumb\":{\"@id\":\"https:\/\/ajc33.com\/index.php\/journee-nationale-contre-lantisemitisme-ajcf-en-lien-avec-leglise-de-france\/#breadcrumb\"},\"inLanguage\":\"fr-FR\",\"potentialAction\":[{\"@type\":\"ReadAction\",\"target\":[\"https:\/\/ajc33.com\/index.php\/journee-nationale-contre-lantisemitisme-ajcf-en-lien-avec-leglise-de-france\/\"]}]},{\"@type\":\"BreadcrumbList\",\"@id\":\"https:\/\/ajc33.com\/index.php\/journee-nationale-contre-lantisemitisme-ajcf-en-lien-avec-leglise-de-france\/#breadcrumb\",\"itemListElement\":[{\"@type\":\"ListItem\",\"position\":1,\"name\":\"Home\",\"item\":\"https:\/\/ajc33.com\/\"},{\"@type\":\"ListItem\",\"position\":2,\"name\":\"Journ\u00e9e Nationale contre l\u2019antis\u00e9mitisme- AJCF en lien avec l&#8217;Eglise de France\"}]},{\"@type\":\"WebSite\",\"@id\":\"https:\/\/ajc33.com\/#website\",\"url\":\"https:\/\/ajc33.com\/\",\"name\":\"L&#039;amiti\u00e9 Jud\u00e9o-Chr\u00e9tienne de Bordeaux\",\"description\":\"\",\"publisher\":{\"@id\":\"https:\/\/ajc33.com\/#organization\"},\"potentialAction\":[{\"@type\":\"SearchAction\",\"target\":{\"@type\":\"EntryPoint\",\"urlTemplate\":\"https:\/\/ajc33.com\/?s={search_term_string}\"},\"query-input\":{\"@type\":\"PropertyValueSpecification\",\"valueRequired\":true,\"valueName\":\"search_term_string\"}}],\"inLanguage\":\"fr-FR\"},{\"@type\":\"Organization\",\"@id\":\"https:\/\/ajc33.com\/#organization\",\"name\":\"L&#039;amiti\u00e9 Jud\u00e9o-Chr\u00e9tienne de Bordeaux\",\"url\":\"https:\/\/ajc33.com\/\",\"logo\":{\"@type\":\"ImageObject\",\"inLanguage\":\"fr-FR\",\"@id\":\"https:\/\/ajc33.com\/#\/schema\/logo\/image\/\",\"url\":\"https:\/\/ajc33.com\/wp-content\/uploads\/2018\/03\/cropped-ajc-bod-2.jpg\",\"contentUrl\":\"https:\/\/ajc33.com\/wp-content\/uploads\/2018\/03\/cropped-ajc-bod-2.jpg\",\"width\":200,\"height\":191,\"caption\":\"L&#039;amiti\u00e9 Jud\u00e9o-Chr\u00e9tienne de Bordeaux\"},\"image\":{\"@id\":\"https:\/\/ajc33.com\/#\/schema\/logo\/image\/\"}}]}<\/script>\n<!-- \/ Yoast SEO plugin. -->","yoast_head_json":{"title":"Journ\u00e9e Nationale contre l\u2019antis\u00e9mitisme- AJCF en lien avec l'Eglise de France - L&#039;amiti\u00e9 Jud\u00e9o-Chr\u00e9tienne de Bordeaux","description":"Au titre de l\u2019ann\u00e9e 2023, l\u2019Amiti\u00e9 Jud\u00e9o-Chr\u00e9tienne de Bordeaux, en lien avec le Service dioc\u00e9sain pour les relations avec le Juda\u00efsme, propose aux cur\u00e9s des paroisses du dioc\u00e8se de faire conna\u00eetre \u00e0 leurs paroissiens sous la forme qu\u2019ils d\u00e9cideront, l\u2019allocution du pr\u00e9sident Jean-Dominique Durand, pr\u00e9sident de l\u2019Amiti\u00e9 Jud\u00e9o-Chr\u00e9tienne de France, AJCF, prononc\u00e9e en conclusion de la journ\u00e9e nationale du 20 mars 2022. Ce texte permet de saisir les \u00e9l\u00e9ments essentiels qui caract\u00e9risent le fl\u00e9au toujours renaissant de l\u2019antis\u00e9mitisme, ainsi que la n\u00e9cessit\u00e9 d\u2019adopter \u00e0 son \u00e9gard une attitude vigilante et d\u00e9termin\u00e9e.","robots":{"index":"index","follow":"follow","max-snippet":"max-snippet:-1","max-image-preview":"max-image-preview:large","max-video-preview":"max-video-preview:-1"},"canonical":"https:\/\/ajc33.com\/index.php\/journee-nationale-contre-lantisemitisme-ajcf-en-lien-avec-leglise-de-france\/","og_locale":"fr_FR","og_type":"article","og_title":"Journ\u00e9e Nationale contre l\u2019antis\u00e9mitisme- AJCF en lien avec l'Eglise de France - L&#039;amiti\u00e9 Jud\u00e9o-Chr\u00e9tienne de Bordeaux","og_description":"Au titre de l\u2019ann\u00e9e 2023, l\u2019Amiti\u00e9 Jud\u00e9o-Chr\u00e9tienne de Bordeaux, en lien avec le Service dioc\u00e9sain pour les relations avec le Juda\u00efsme, propose aux cur\u00e9s des paroisses du dioc\u00e8se de faire conna\u00eetre \u00e0 leurs paroissiens sous la forme qu\u2019ils d\u00e9cideront, l\u2019allocution du pr\u00e9sident Jean-Dominique Durand, pr\u00e9sident de l\u2019Amiti\u00e9 Jud\u00e9o-Chr\u00e9tienne de France, AJCF, prononc\u00e9e en conclusion de la journ\u00e9e nationale du 20 mars 2022. Ce texte permet de saisir les \u00e9l\u00e9ments essentiels qui caract\u00e9risent le fl\u00e9au toujours renaissant de l\u2019antis\u00e9mitisme, ainsi que la n\u00e9cessit\u00e9 d\u2019adopter \u00e0 son \u00e9gard une attitude vigilante et d\u00e9termin\u00e9e.","og_url":"https:\/\/ajc33.com\/index.php\/journee-nationale-contre-lantisemitisme-ajcf-en-lien-avec-leglise-de-france\/","og_site_name":"L&#039;amiti\u00e9 Jud\u00e9o-Chr\u00e9tienne de Bordeaux","article_modified_time":"2023-03-08T12:27:55+00:00","twitter_card":"summary_large_image","twitter_misc":{"Dur\u00e9e de lecture estim\u00e9e":"2 minutes"},"schema":{"@context":"https:\/\/schema.org","@graph":[{"@type":"WebPage","@id":"https:\/\/ajc33.com\/index.php\/journee-nationale-contre-lantisemitisme-ajcf-en-lien-avec-leglise-de-france\/","url":"https:\/\/ajc33.com\/index.php\/journee-nationale-contre-lantisemitisme-ajcf-en-lien-avec-leglise-de-france\/","name":"Journ\u00e9e Nationale contre l\u2019antis\u00e9mitisme- AJCF en lien avec l'Eglise de France - L&#039;amiti\u00e9 Jud\u00e9o-Chr\u00e9tienne de Bordeaux","isPartOf":{"@id":"https:\/\/ajc33.com\/#website"},"datePublished":"2023-03-08T12:23:35+00:00","dateModified":"2023-03-08T12:27:55+00:00","description":"Au titre de l\u2019ann\u00e9e 2023, l\u2019Amiti\u00e9 Jud\u00e9o-Chr\u00e9tienne de Bordeaux, en lien avec le Service dioc\u00e9sain pour les relations avec le Juda\u00efsme, propose aux cur\u00e9s des paroisses du dioc\u00e8se de faire conna\u00eetre \u00e0 leurs paroissiens sous la forme qu\u2019ils d\u00e9cideront, l\u2019allocution du pr\u00e9sident Jean-Dominique Durand, pr\u00e9sident de l\u2019Amiti\u00e9 Jud\u00e9o-Chr\u00e9tienne de France, AJCF, prononc\u00e9e en conclusion de la journ\u00e9e nationale du 20 mars 2022. Ce texte permet de saisir les \u00e9l\u00e9ments essentiels qui caract\u00e9risent le fl\u00e9au toujours renaissant de l\u2019antis\u00e9mitisme, ainsi que la n\u00e9cessit\u00e9 d\u2019adopter \u00e0 son \u00e9gard une attitude vigilante et d\u00e9termin\u00e9e.","breadcrumb":{"@id":"https:\/\/ajc33.com\/index.php\/journee-nationale-contre-lantisemitisme-ajcf-en-lien-avec-leglise-de-france\/#breadcrumb"},"inLanguage":"fr-FR","potentialAction":[{"@type":"ReadAction","target":["https:\/\/ajc33.com\/index.php\/journee-nationale-contre-lantisemitisme-ajcf-en-lien-avec-leglise-de-france\/"]}]},{"@type":"BreadcrumbList","@id":"https:\/\/ajc33.com\/index.php\/journee-nationale-contre-lantisemitisme-ajcf-en-lien-avec-leglise-de-france\/#breadcrumb","itemListElement":[{"@type":"ListItem","position":1,"name":"Home","item":"https:\/\/ajc33.com\/"},{"@type":"ListItem","position":2,"name":"Journ\u00e9e Nationale contre l\u2019antis\u00e9mitisme- AJCF en lien avec l&#8217;Eglise de France"}]},{"@type":"WebSite","@id":"https:\/\/ajc33.com\/#website","url":"https:\/\/ajc33.com\/","name":"L&#039;amiti\u00e9 Jud\u00e9o-Chr\u00e9tienne de Bordeaux","description":"","publisher":{"@id":"https:\/\/ajc33.com\/#organization"},"potentialAction":[{"@type":"SearchAction","target":{"@type":"EntryPoint","urlTemplate":"https:\/\/ajc33.com\/?s={search_term_string}"},"query-input":{"@type":"PropertyValueSpecification","valueRequired":true,"valueName":"search_term_string"}}],"inLanguage":"fr-FR"},{"@type":"Organization","@id":"https:\/\/ajc33.com\/#organization","name":"L&#039;amiti\u00e9 Jud\u00e9o-Chr\u00e9tienne de Bordeaux","url":"https:\/\/ajc33.com\/","logo":{"@type":"ImageObject","inLanguage":"fr-FR","@id":"https:\/\/ajc33.com\/#\/schema\/logo\/image\/","url":"https:\/\/ajc33.com\/wp-content\/uploads\/2018\/03\/cropped-ajc-bod-2.jpg","contentUrl":"https:\/\/ajc33.com\/wp-content\/uploads\/2018\/03\/cropped-ajc-bod-2.jpg","width":200,"height":191,"caption":"L&#039;amiti\u00e9 Jud\u00e9o-Chr\u00e9tienne de Bordeaux"},"image":{"@id":"https:\/\/ajc33.com\/#\/schema\/logo\/image\/"}}]}},"jetpack_sharing_enabled":true,"_links":{"self":[{"href":"https:\/\/ajc33.com\/index.php\/wp-json\/wp\/v2\/pages\/611","targetHints":{"allow":["GET"]}}],"collection":[{"href":"https:\/\/ajc33.com\/index.php\/wp-json\/wp\/v2\/pages"}],"about":[{"href":"https:\/\/ajc33.com\/index.php\/wp-json\/wp\/v2\/types\/page"}],"author":[{"embeddable":true,"href":"https:\/\/ajc33.com\/index.php\/wp-json\/wp\/v2\/users\/1"}],"replies":[{"embeddable":true,"href":"https:\/\/ajc33.com\/index.php\/wp-json\/wp\/v2\/comments?post=611"}],"version-history":[{"count":1,"href":"https:\/\/ajc33.com\/index.php\/wp-json\/wp\/v2\/pages\/611\/revisions"}],"predecessor-version":[{"id":614,"href":"https:\/\/ajc33.com\/index.php\/wp-json\/wp\/v2\/pages\/611\/revisions\/614"}],"wp:attachment":[{"href":"https:\/\/ajc33.com\/index.php\/wp-json\/wp\/v2\/media?parent=611"}],"wp:term":[{"taxonomy":"post_tag","embeddable":true,"href":"https:\/\/ajc33.com\/index.php\/wp-json\/wp\/v2\/tags?post=611"}],"curies":[{"name":"wp","href":"https:\/\/api.w.org\/{rel}","templated":true}]}}