{"id":596,"date":"2023-02-03T16:01:32","date_gmt":"2023-02-03T15:01:32","guid":{"rendered":"https:\/\/ajc33.com\/?page_id=596"},"modified":"2023-02-07T17:35:12","modified_gmt":"2023-02-07T16:35:12","slug":"les-racines-juives-dans-levangile-de-matthieu","status":"publish","type":"page","link":"https:\/\/ajc33.com\/index.php\/les-racines-juives-dans-levangile-de-matthieu\/","title":{"rendered":"<strong>Les racines juives dans l&rsquo;\u00c9vangile de Matthieu<\/strong>"},"content":{"rendered":"\n<p>Attention<\/p>\n\n\n\n<p>L&rsquo;intervention du&nbsp;rabbin Rivon Krygier&nbsp;pr\u00e9vue&nbsp;<strong>initialement au lundi 27 mars 2023 est&nbsp;<\/strong><strong>avanc\u00e9e au lundi 13 mars&nbsp;<\/strong>19h-22h&nbsp;avec collation d&rsquo;amiti\u00e9<\/p>\n\n\n\n<p>Nous nous excusons de ce contre temps ind\u00e9pendant de notre volont\u00e9 . Le Rabbin, dans le contexte de l&rsquo;actualit\u00e9 en Israel , est appel\u00e9 \u00e0 un colloque \u00e0 Bruxelles. Nous avons beaucoup de chances qu&rsquo;il ait accept\u00e9 de venir au lieu d&rsquo;annuler.<\/p>\n\n\n\n<p>Retenons la date et venez nombreux .<\/p>\n\n\n\n<blockquote class=\"wp-block-quote is-layout-flow wp-block-quote-is-layout-flow\">\n<blockquote class=\"wp-block-quote is-layout-flow wp-block-quote-is-layout-flow\">\n<figure class=\"wp-block-table\"><table><tbody><tr><td>2022-20235783<br><strong>Service Dioc\u00e9sain pour les&nbsp;<\/strong><br><strong>relations avec le Juda\u00efsme&nbsp;<\/strong><strong>&amp;<\/strong><strong>L\u2019Amiti\u00e9 Jud\u00e9o-Chr\u00e9tienne de Bordeaux<\/strong><\/td><\/tr><\/tbody><\/table><\/figure>\n<\/blockquote>\n\n\n\n<figure class=\"wp-block-image size-large\"><img loading=\"lazy\" decoding=\"async\" width=\"1024\" height=\"676\" src=\"https:\/\/ajc33.com\/wp-content\/uploads\/2023\/02\/ajc-1024x676.png\" alt=\"\" class=\"wp-image-597\" srcset=\"https:\/\/ajc33.com\/wp-content\/uploads\/2023\/02\/ajc-1024x676.png 1024w, https:\/\/ajc33.com\/wp-content\/uploads\/2023\/02\/ajc-300x198.png 300w, https:\/\/ajc33.com\/wp-content\/uploads\/2023\/02\/ajc-768x507.png 768w, https:\/\/ajc33.com\/wp-content\/uploads\/2023\/02\/ajc.png 1072w\" sizes=\"auto, (max-width: 1024px) 100vw, 1024px\" \/><\/figure>\n<cite><strong>Lecture des racines juives de l\u2019Evangile selon saint Matthieu<\/strong><br><strong>&nbsp; &nbsp; &nbsp; &nbsp; &nbsp; &nbsp; &nbsp; &nbsp; Par le Rabbin de Bordeaux Moshe Ta\u00efeb<\/strong><br>&nbsp;<br>&nbsp;Depuis maintenant d\u2019assez nombreuses ann\u00e9es, et de mani\u00e8re de plus en plus pr\u00e9cise, l\u2019Eglise, au plus haut niveau, demande aux fid\u00e8les une lecture rapproch\u00e9e et travaill\u00e9e du Premier Testament et du Nouveau Testament.&nbsp;<br>Dans cette d\u00e9marche, elle demande de s\u2019ouvrir aux apports des ex\u00e9g\u00e8ses juives du Premier Testament. R\u00e9cemment encore, le Pape Fran\u00e7ois a demand\u00e9 aux communaut\u00e9s catholiques de pouvoir b\u00e9n\u00e9ficier des immenses richesses de la Tradition juive. Pour les Chr\u00e9tiens, cette d\u00e9marche est une condition du dialogue entre Juifs et Chr\u00e9tiens et la possibilit\u00e9 d\u2019un approfondissement de la foi. Mais, pour les communaut\u00e9s juives aussi, un tel rapprochement montre que l\u2019Eglise reconna\u00eet le \u00ab lien intrins\u00e8que \u00bb, comme le disait le Pape Jean-Paul II, qui existe entre la foi chr\u00e9tienne et le Juda\u00efsme.<br>&nbsp;On peut rappeler en ce sens qu\u2019\u00e0 l\u2019occasion de la c\u00e9l\u00e9bration du cinquantenaire de Nostra Aetate, le 23 novembre 2015, le Grand Rabbin de France Ha\u00efm Korsia a remis au Cardinal Vingt Trois une d\u00e9claration, sign\u00e9e par des Rabbins de plusieurs courants du Juda\u00efsme, pour le jubil\u00e9 de fraternit\u00e9 entre Juifs et Chr\u00e9tiens, ouvrant des perspectives de travail, de r\u00e9flexion \u00e9thique et biblique pour les cinquante a prochaines ann\u00e9es (vous pouvez regarder cette manifestation, sur le site internet des Bernardins notamment, ou sur le site de l\u2019AJCF). Cette d\u00e9claration a \u00e9t\u00e9 suivie par d\u2019autres au niveau national comme international.<br><br>La proposition de lecture biblique que nous vous faisons s\u2019inscrit dans cette d\u00e9marche. Au cours de trois rencontres, indissociables les unes des autres, le Rabbin de Bordeaux Moshe Ta\u00efeb nous livrera sa lecture de l\u2019Evangile selon Saint Matthieu \u00e0 la lumi\u00e8re de&nbsp;<br>la tradition rabbinique. Ainsi seront compl\u00e9t\u00e9es, \u00e9clair\u00e9es, voire modifi\u00e9es, nos lectures habituelles de cet Evangile.<br>&nbsp;<br>&nbsp; &nbsp; &nbsp; &nbsp; &nbsp; &nbsp; &nbsp; &nbsp; &nbsp; &nbsp; &nbsp; &nbsp;Trois dates pour suivre en continu :<br>&nbsp; &nbsp; &nbsp; &nbsp; &nbsp; &nbsp; &nbsp; &nbsp; &nbsp; &nbsp; &nbsp; &nbsp; &nbsp; &nbsp; &nbsp; &nbsp; &nbsp;&nbsp;<br>&nbsp; &nbsp; &nbsp; &nbsp; &nbsp; &nbsp; &nbsp; &nbsp; &nbsp; &nbsp; &nbsp; &nbsp; &nbsp; &nbsp; &nbsp; &nbsp; &nbsp; &nbsp; Jeudi 23 F\u00e9vrier 2023<br>&nbsp; &nbsp; &nbsp; &nbsp; &nbsp; &nbsp; &nbsp; &nbsp; &nbsp; &nbsp; &nbsp; &nbsp; &nbsp; &nbsp; &nbsp; &nbsp; &nbsp; &nbsp; &nbsp;Jeudi 16 Mars 2023<br>&nbsp;<br><strong>&nbsp; &nbsp; &nbsp; &nbsp; &nbsp; &nbsp; &nbsp; &nbsp; &nbsp; &nbsp; &nbsp; &nbsp; &nbsp; &nbsp; &nbsp; &nbsp; &nbsp; &nbsp; &nbsp; &nbsp;de 20h \u00e0 22h<\/strong><br><strong>&nbsp; &nbsp; &nbsp; &nbsp; &nbsp; &nbsp; &nbsp; &nbsp; &nbsp; &nbsp; &nbsp; &nbsp; &nbsp; \u00e0 la Maison St Louis Beaulieu&nbsp;<\/strong><br><strong>&nbsp; &nbsp; &nbsp; &nbsp; &nbsp; &nbsp; &nbsp; &nbsp; &nbsp; &nbsp; &nbsp; &nbsp; &nbsp; &nbsp; &nbsp; &nbsp;145 rue de Saint Gen\u00e8s<\/strong><br><strong>&nbsp; &nbsp; &nbsp; &nbsp; &nbsp; &nbsp; &nbsp; &nbsp; &nbsp; &nbsp; &nbsp; &nbsp; &nbsp; &nbsp; &nbsp; &nbsp; &nbsp; &nbsp; &nbsp; 33000 Bordeaux<\/strong><br><br>&nbsp; &nbsp; &nbsp; &nbsp; &nbsp; &nbsp; &nbsp; &nbsp; &nbsp; &nbsp;Tarif pour les trois s\u00e9ance : 15\u20ac \/10\u20ac (adh\u00e9rents AJC)<br>ch\u00e8que \u00e0 l\u2019ordre de \u00ab association dioc\u00e9saine de Bordeaux \u00bb envoy\u00e9 \u00e0 J.Barberes 68 av de Magudas 33700 Merignac&nbsp;<a href=\"mailto:jbarberes@club-internet.fr\" target=\"_blank\" rel=\"noreferrer noopener\">jbarberes@club-internet.fr<\/a><br>&nbsp; &nbsp; &nbsp; &nbsp; &nbsp; &nbsp; &nbsp; &nbsp; &nbsp; &nbsp; &nbsp; &nbsp; &nbsp; &nbsp; &nbsp; &nbsp; &nbsp; &nbsp; &nbsp; &nbsp; &nbsp; &nbsp; &nbsp; &nbsp; &nbsp; &nbsp; &nbsp; &nbsp;&nbsp;&nbsp;&nbsp; ou<\/cite><\/blockquote>\n\n\n\n<p><a href=\"https:\/\/www.helloasso.com\/associations\/association-amitie-judeo-chretienne-d-aquitaine\/evenements\/lecture-biblique\">https:\/\/www.helloasso.com\/associations\/association-amitie-judeo-chretienne-d-aquitaine\/evenements\/lecture-biblique<\/a><\/p>\n\n\n\n<p><\/p>\n","protected":false},"excerpt":{"rendered":"<p>Attention L&rsquo;intervention du&nbsp;rabbin Rivon Krygier&nbsp;pr\u00e9vue&nbsp;initialement au lundi 27 mars 2023 est&nbsp;avanc\u00e9e au lundi 13 mars&nbsp;19h-22h&nbsp;avec collation d&rsquo;amiti\u00e9 Nous nous excusons de ce contre temps ind\u00e9pendant de notre volont\u00e9 . Le&hellip; <a href=\"https:\/\/ajc33.com\/index.php\/les-racines-juives-dans-levangile-de-matthieu\/\" class=\"more-link\">Lire la suite <span class=\"screen-reader-text\">Les racines juives dans l&rsquo;\u00c9vangile de Matthieu<\/span><\/a><\/p>\n","protected":false},"author":1,"featured_media":0,"parent":0,"menu_order":0,"comment_status":"closed","ping_status":"closed","template":"","meta":{"footnotes":""},"tags":[],"class_list":["post-596","page","type-page","status-publish","hentry","without-featured-image"],"yoast_head":"<!-- This site is optimized with the Yoast SEO plugin v26.6 - https:\/\/yoast.com\/wordpress\/plugins\/seo\/ -->\n<title>Les racines juives dans l&#039;\u00c9vangile de Matthieu - L&#039;amiti\u00e9 Jud\u00e9o-Chr\u00e9tienne de Bordeaux<\/title>\n<meta name=\"robots\" content=\"index, follow, max-snippet:-1, max-image-preview:large, max-video-preview:-1\" \/>\n<link rel=\"canonical\" href=\"https:\/\/ajc33.com\/index.php\/les-racines-juives-dans-levangile-de-matthieu\/\" \/>\n<meta property=\"og:locale\" content=\"fr_FR\" \/>\n<meta property=\"og:type\" content=\"article\" \/>\n<meta property=\"og:title\" content=\"Les racines juives dans l&#039;\u00c9vangile de Matthieu - L&#039;amiti\u00e9 Jud\u00e9o-Chr\u00e9tienne de Bordeaux\" \/>\n<meta property=\"og:description\" content=\"Attention L&rsquo;intervention du&nbsp;rabbin Rivon Krygier&nbsp;pr\u00e9vue&nbsp;initialement au lundi 27 mars 2023 est&nbsp;avanc\u00e9e au lundi 13 mars&nbsp;19h-22h&nbsp;avec collation d&rsquo;amiti\u00e9 Nous nous excusons de ce contre temps ind\u00e9pendant de notre volont\u00e9 . Le&hellip; Lire la suite Les racines juives dans l&rsquo;\u00c9vangile de Matthieu\" \/>\n<meta property=\"og:url\" content=\"https:\/\/ajc33.com\/index.php\/les-racines-juives-dans-levangile-de-matthieu\/\" \/>\n<meta property=\"og:site_name\" content=\"L&#039;amiti\u00e9 Jud\u00e9o-Chr\u00e9tienne de Bordeaux\" \/>\n<meta property=\"article:modified_time\" content=\"2023-02-07T16:35:12+00:00\" \/>\n<meta property=\"og:image\" content=\"https:\/\/ajc33.com\/wp-content\/uploads\/2023\/02\/ajc-1024x676.png\" \/>\n<meta name=\"twitter:card\" content=\"summary_large_image\" \/>\n<meta name=\"twitter:label1\" content=\"Dur\u00e9e de lecture estim\u00e9e\" \/>\n\t<meta name=\"twitter:data1\" content=\"3 minutes\" \/>\n<script type=\"application\/ld+json\" class=\"yoast-schema-graph\">{\"@context\":\"https:\/\/schema.org\",\"@graph\":[{\"@type\":\"WebPage\",\"@id\":\"https:\/\/ajc33.com\/index.php\/les-racines-juives-dans-levangile-de-matthieu\/\",\"url\":\"https:\/\/ajc33.com\/index.php\/les-racines-juives-dans-levangile-de-matthieu\/\",\"name\":\"Les racines juives dans l'\u00c9vangile de Matthieu - L&#039;amiti\u00e9 Jud\u00e9o-Chr\u00e9tienne de Bordeaux\",\"isPartOf\":{\"@id\":\"https:\/\/ajc33.com\/#website\"},\"primaryImageOfPage\":{\"@id\":\"https:\/\/ajc33.com\/index.php\/les-racines-juives-dans-levangile-de-matthieu\/#primaryimage\"},\"image\":{\"@id\":\"https:\/\/ajc33.com\/index.php\/les-racines-juives-dans-levangile-de-matthieu\/#primaryimage\"},\"thumbnailUrl\":\"https:\/\/ajc33.com\/wp-content\/uploads\/2023\/02\/ajc-1024x676.png\",\"datePublished\":\"2023-02-03T15:01:32+00:00\",\"dateModified\":\"2023-02-07T16:35:12+00:00\",\"breadcrumb\":{\"@id\":\"https:\/\/ajc33.com\/index.php\/les-racines-juives-dans-levangile-de-matthieu\/#breadcrumb\"},\"inLanguage\":\"fr-FR\",\"potentialAction\":[{\"@type\":\"ReadAction\",\"target\":[\"https:\/\/ajc33.com\/index.php\/les-racines-juives-dans-levangile-de-matthieu\/\"]}]},{\"@type\":\"ImageObject\",\"inLanguage\":\"fr-FR\",\"@id\":\"https:\/\/ajc33.com\/index.php\/les-racines-juives-dans-levangile-de-matthieu\/#primaryimage\",\"url\":\"https:\/\/ajc33.com\/wp-content\/uploads\/2023\/02\/ajc.png\",\"contentUrl\":\"https:\/\/ajc33.com\/wp-content\/uploads\/2023\/02\/ajc.png\",\"width\":1072,\"height\":708},{\"@type\":\"BreadcrumbList\",\"@id\":\"https:\/\/ajc33.com\/index.php\/les-racines-juives-dans-levangile-de-matthieu\/#breadcrumb\",\"itemListElement\":[{\"@type\":\"ListItem\",\"position\":1,\"name\":\"Home\",\"item\":\"https:\/\/ajc33.com\/\"},{\"@type\":\"ListItem\",\"position\":2,\"name\":\"Les racines juives dans l&#8217;\u00c9vangile de Matthieu\"}]},{\"@type\":\"WebSite\",\"@id\":\"https:\/\/ajc33.com\/#website\",\"url\":\"https:\/\/ajc33.com\/\",\"name\":\"L&#039;amiti\u00e9 Jud\u00e9o-Chr\u00e9tienne de Bordeaux\",\"description\":\"\",\"publisher\":{\"@id\":\"https:\/\/ajc33.com\/#organization\"},\"potentialAction\":[{\"@type\":\"SearchAction\",\"target\":{\"@type\":\"EntryPoint\",\"urlTemplate\":\"https:\/\/ajc33.com\/?s={search_term_string}\"},\"query-input\":{\"@type\":\"PropertyValueSpecification\",\"valueRequired\":true,\"valueName\":\"search_term_string\"}}],\"inLanguage\":\"fr-FR\"},{\"@type\":\"Organization\",\"@id\":\"https:\/\/ajc33.com\/#organization\",\"name\":\"L&#039;amiti\u00e9 Jud\u00e9o-Chr\u00e9tienne de Bordeaux\",\"url\":\"https:\/\/ajc33.com\/\",\"logo\":{\"@type\":\"ImageObject\",\"inLanguage\":\"fr-FR\",\"@id\":\"https:\/\/ajc33.com\/#\/schema\/logo\/image\/\",\"url\":\"https:\/\/ajc33.com\/wp-content\/uploads\/2018\/03\/cropped-ajc-bod-2.jpg\",\"contentUrl\":\"https:\/\/ajc33.com\/wp-content\/uploads\/2018\/03\/cropped-ajc-bod-2.jpg\",\"width\":200,\"height\":191,\"caption\":\"L&#039;amiti\u00e9 Jud\u00e9o-Chr\u00e9tienne de Bordeaux\"},\"image\":{\"@id\":\"https:\/\/ajc33.com\/#\/schema\/logo\/image\/\"}}]}<\/script>\n<!-- \/ Yoast SEO plugin. -->","yoast_head_json":{"title":"Les racines juives dans l'\u00c9vangile de Matthieu - L&#039;amiti\u00e9 Jud\u00e9o-Chr\u00e9tienne de Bordeaux","robots":{"index":"index","follow":"follow","max-snippet":"max-snippet:-1","max-image-preview":"max-image-preview:large","max-video-preview":"max-video-preview:-1"},"canonical":"https:\/\/ajc33.com\/index.php\/les-racines-juives-dans-levangile-de-matthieu\/","og_locale":"fr_FR","og_type":"article","og_title":"Les racines juives dans l'\u00c9vangile de Matthieu - L&#039;amiti\u00e9 Jud\u00e9o-Chr\u00e9tienne de Bordeaux","og_description":"Attention L&rsquo;intervention du&nbsp;rabbin Rivon Krygier&nbsp;pr\u00e9vue&nbsp;initialement au lundi 27 mars 2023 est&nbsp;avanc\u00e9e au lundi 13 mars&nbsp;19h-22h&nbsp;avec collation d&rsquo;amiti\u00e9 Nous nous excusons de ce contre temps ind\u00e9pendant de notre volont\u00e9 . Le&hellip; Lire la suite Les racines juives dans l&rsquo;\u00c9vangile de Matthieu","og_url":"https:\/\/ajc33.com\/index.php\/les-racines-juives-dans-levangile-de-matthieu\/","og_site_name":"L&#039;amiti\u00e9 Jud\u00e9o-Chr\u00e9tienne de Bordeaux","article_modified_time":"2023-02-07T16:35:12+00:00","og_image":[{"url":"https:\/\/ajc33.com\/wp-content\/uploads\/2023\/02\/ajc-1024x676.png","type":"","width":"","height":""}],"twitter_card":"summary_large_image","twitter_misc":{"Dur\u00e9e de lecture estim\u00e9e":"3 minutes"},"schema":{"@context":"https:\/\/schema.org","@graph":[{"@type":"WebPage","@id":"https:\/\/ajc33.com\/index.php\/les-racines-juives-dans-levangile-de-matthieu\/","url":"https:\/\/ajc33.com\/index.php\/les-racines-juives-dans-levangile-de-matthieu\/","name":"Les racines juives dans l'\u00c9vangile de Matthieu - L&#039;amiti\u00e9 Jud\u00e9o-Chr\u00e9tienne de Bordeaux","isPartOf":{"@id":"https:\/\/ajc33.com\/#website"},"primaryImageOfPage":{"@id":"https:\/\/ajc33.com\/index.php\/les-racines-juives-dans-levangile-de-matthieu\/#primaryimage"},"image":{"@id":"https:\/\/ajc33.com\/index.php\/les-racines-juives-dans-levangile-de-matthieu\/#primaryimage"},"thumbnailUrl":"https:\/\/ajc33.com\/wp-content\/uploads\/2023\/02\/ajc-1024x676.png","datePublished":"2023-02-03T15:01:32+00:00","dateModified":"2023-02-07T16:35:12+00:00","breadcrumb":{"@id":"https:\/\/ajc33.com\/index.php\/les-racines-juives-dans-levangile-de-matthieu\/#breadcrumb"},"inLanguage":"fr-FR","potentialAction":[{"@type":"ReadAction","target":["https:\/\/ajc33.com\/index.php\/les-racines-juives-dans-levangile-de-matthieu\/"]}]},{"@type":"ImageObject","inLanguage":"fr-FR","@id":"https:\/\/ajc33.com\/index.php\/les-racines-juives-dans-levangile-de-matthieu\/#primaryimage","url":"https:\/\/ajc33.com\/wp-content\/uploads\/2023\/02\/ajc.png","contentUrl":"https:\/\/ajc33.com\/wp-content\/uploads\/2023\/02\/ajc.png","width":1072,"height":708},{"@type":"BreadcrumbList","@id":"https:\/\/ajc33.com\/index.php\/les-racines-juives-dans-levangile-de-matthieu\/#breadcrumb","itemListElement":[{"@type":"ListItem","position":1,"name":"Home","item":"https:\/\/ajc33.com\/"},{"@type":"ListItem","position":2,"name":"Les racines juives dans l&#8217;\u00c9vangile de Matthieu"}]},{"@type":"WebSite","@id":"https:\/\/ajc33.com\/#website","url":"https:\/\/ajc33.com\/","name":"L&#039;amiti\u00e9 Jud\u00e9o-Chr\u00e9tienne de Bordeaux","description":"","publisher":{"@id":"https:\/\/ajc33.com\/#organization"},"potentialAction":[{"@type":"SearchAction","target":{"@type":"EntryPoint","urlTemplate":"https:\/\/ajc33.com\/?s={search_term_string}"},"query-input":{"@type":"PropertyValueSpecification","valueRequired":true,"valueName":"search_term_string"}}],"inLanguage":"fr-FR"},{"@type":"Organization","@id":"https:\/\/ajc33.com\/#organization","name":"L&#039;amiti\u00e9 Jud\u00e9o-Chr\u00e9tienne de Bordeaux","url":"https:\/\/ajc33.com\/","logo":{"@type":"ImageObject","inLanguage":"fr-FR","@id":"https:\/\/ajc33.com\/#\/schema\/logo\/image\/","url":"https:\/\/ajc33.com\/wp-content\/uploads\/2018\/03\/cropped-ajc-bod-2.jpg","contentUrl":"https:\/\/ajc33.com\/wp-content\/uploads\/2018\/03\/cropped-ajc-bod-2.jpg","width":200,"height":191,"caption":"L&#039;amiti\u00e9 Jud\u00e9o-Chr\u00e9tienne de Bordeaux"},"image":{"@id":"https:\/\/ajc33.com\/#\/schema\/logo\/image\/"}}]}},"jetpack_sharing_enabled":true,"_links":{"self":[{"href":"https:\/\/ajc33.com\/index.php\/wp-json\/wp\/v2\/pages\/596","targetHints":{"allow":["GET"]}}],"collection":[{"href":"https:\/\/ajc33.com\/index.php\/wp-json\/wp\/v2\/pages"}],"about":[{"href":"https:\/\/ajc33.com\/index.php\/wp-json\/wp\/v2\/types\/page"}],"author":[{"embeddable":true,"href":"https:\/\/ajc33.com\/index.php\/wp-json\/wp\/v2\/users\/1"}],"replies":[{"embeddable":true,"href":"https:\/\/ajc33.com\/index.php\/wp-json\/wp\/v2\/comments?post=596"}],"version-history":[{"count":2,"href":"https:\/\/ajc33.com\/index.php\/wp-json\/wp\/v2\/pages\/596\/revisions"}],"predecessor-version":[{"id":605,"href":"https:\/\/ajc33.com\/index.php\/wp-json\/wp\/v2\/pages\/596\/revisions\/605"}],"wp:attachment":[{"href":"https:\/\/ajc33.com\/index.php\/wp-json\/wp\/v2\/media?parent=596"}],"wp:term":[{"taxonomy":"post_tag","embeddable":true,"href":"https:\/\/ajc33.com\/index.php\/wp-json\/wp\/v2\/tags?post=596"}],"curies":[{"name":"wp","href":"https:\/\/api.w.org\/{rel}","templated":true}]}}