{"id":583,"date":"2022-12-20T16:27:45","date_gmt":"2022-12-20T15:27:45","guid":{"rendered":"https:\/\/ajc33.com\/?page_id=583"},"modified":"2022-12-20T16:27:46","modified_gmt":"2022-12-20T15:27:46","slug":"mercredi-21-decembre-commence-la-fete-de-hanoukka","status":"publish","type":"page","link":"https:\/\/ajc33.com\/index.php\/mercredi-21-decembre-commence-la-fete-de-hanoukka\/","title":{"rendered":"Mercredi 21 D\u00e9cembre commence la f\u00eate de Hanoukka"},"content":{"rendered":"\n<p>Serviteurs de la lumi\u00e8re<br>Mercredi 21 D\u00e9cembre commence la f\u00eate de Hanoukka. La f\u00eate des lumi\u00e8res. A la diff\u00e9rence<br>de Roch Hachana, de Yom Kippour ou de Pessah, qui sont des f\u00eates bibliques, Hanoukka<br>est une f\u00eate instaur\u00e9e par le Talmud. Elle c\u00e9l\u00e8bre un \u00e9v\u00e9nement de l\u2019histoire juive remontant<br>au 2\u00b0 si\u00e8cle avant notre \u00e8re.<br>Il s\u2019agit de comm\u00e9morer la restauration et la cons\u00e9cration du Temple de J\u00e9rusalem apr\u00e8s sa<br>profanation. La Jud\u00e9e \u00e9tait alors gouvern\u00e9e par le roi Antiochus IV \u00c9piphane, de la dynastie<br>des S\u00e9leucides. Ce dernier avait impos\u00e9 son pouvoir par la violence, obligeant les Juifs \u00e0<br>pratiquer les rites hell\u00e9niques au d\u00e9triment de ceux de leur religion. Selon le livre des<br>Maccab\u00e9es, plusieurs milliers de Juifs qui tent\u00e8rent de se r\u00e9volter furent massacr\u00e9s. Apr\u00e8s<br>que le Temple de J\u00e9rusalem ait \u00e9t\u00e9 profan\u00e9 et vou\u00e9 au culte de Zeus, quelques r\u00e9sistants<br>Juifs parvinrent \u00e0 d\u00e9faire les troupes s\u00e9leucides et \u00e0 reconqu\u00e9rir J\u00e9rusalem, \u00e9difiant un<br>nouvel autel dans le Temple. Le mot \u00ab Hanoukka \u00bb signifie \u00ab inauguration \u00bb.<br>Il y a une histoire \u00e9tonnante \u00e0 l\u2019origine de l\u2019un des principaux rites d\u2019Hanoukka : lorsqu\u2019ils<br>voulurent allumer la M\u00e9norah du Temple, il est dit que les habitants de J\u00e9rusalem ne<br>trouv\u00e8rent qu\u2019une seule fiole d\u2019huile d\u2019olive. Une si petite quantit\u00e9 ne pouvait durer qu\u2019une<br>journ\u00e9e. Or, la tradition explique qu\u2019un miracle se produisit et que l\u2019huile de cette fiole br\u00fbla<br>pendant huit jours. C\u2019est pour cette raison que pendant Hanoukka, chaque soir, \u00e0 la tomb\u00e9e<br>de la nuit, est allum\u00e9e une des bougies du chandelier. C\u2019est ainsi que le chandelier utilis\u00e9<br>pour cette f\u00eate comporte neuf branches, huit pour accueillir les huit bougies et une neuvi\u00e8me<br>pour porter la bougie utilis\u00e9e pour l\u2019allumage. Cette bougie est appel\u00e9e \u00ab shamesh \u00bb, ce qui<br>signifie \u00ab serviteur \u00bb.<br>Alors que nous allons vivre les prochains jours entre Hanoukka et No\u00ebl, nous mesurons<br>toute l\u2019importance de la symbolique de la lumi\u00e8re.<br>Puissions-nous, durant cette p\u00e9riode, \u00e9changer des v\u0153ux qui nous engagent toujours<br>davantage sur les chemins de la fraternit\u00e9.<br>Puissions-nous \u00eatre des serviteurs de la lumi\u00e8re.<\/p>\n\n\n\n<p><br>Philippe Leruste<br>Vice- pr\u00e9sident de l\u2019Amiti\u00e9 jud\u00e9o-chr\u00e9tienne de Bordeaux<br>D\u00e9l\u00e9gu\u00e9 \u00e9piscopal pour les relations avec le Juda\u00efsme<\/p>\n\n\n\n<figure class=\"wp-block-image size-full\"><img loading=\"lazy\" decoding=\"async\" width=\"612\" height=\"408\" src=\"https:\/\/ajc33.com\/wp-content\/uploads\/2022\/12\/khanuka.jpg\" alt=\"\" class=\"wp-image-584\" srcset=\"https:\/\/ajc33.com\/wp-content\/uploads\/2022\/12\/khanuka.jpg 612w, https:\/\/ajc33.com\/wp-content\/uploads\/2022\/12\/khanuka-300x200.jpg 300w\" sizes=\"auto, (max-width: 612px) 100vw, 612px\" \/><figcaption class=\"wp-element-caption\"> <\/figcaption><\/figure>\n","protected":false},"excerpt":{"rendered":"<p>Serviteurs de la lumi\u00e8reMercredi 21 D\u00e9cembre commence la f\u00eate de Hanoukka. La f\u00eate des lumi\u00e8res. A la diff\u00e9rencede Roch Hachana, de Yom Kippour ou de Pessah, qui sont des f\u00eates&hellip; <a href=\"https:\/\/ajc33.com\/index.php\/mercredi-21-decembre-commence-la-fete-de-hanoukka\/\" class=\"more-link\">Lire la suite <span class=\"screen-reader-text\">Mercredi 21 D\u00e9cembre commence la f\u00eate de Hanoukka<\/span><\/a><\/p>\n","protected":false},"author":1,"featured_media":0,"parent":0,"menu_order":0,"comment_status":"closed","ping_status":"closed","template":"","meta":{"footnotes":""},"tags":[],"class_list":["post-583","page","type-page","status-publish","hentry","without-featured-image"],"yoast_head":"<!-- This site is optimized with the Yoast SEO plugin v26.6 - https:\/\/yoast.com\/wordpress\/plugins\/seo\/ -->\n<title>Mercredi 21 D\u00e9cembre commence la f\u00eate de Hanoukka - L&#039;amiti\u00e9 Jud\u00e9o-Chr\u00e9tienne de Bordeaux<\/title>\n<meta name=\"robots\" content=\"index, follow, max-snippet:-1, max-image-preview:large, max-video-preview:-1\" \/>\n<link rel=\"canonical\" href=\"https:\/\/ajc33.com\/index.php\/mercredi-21-decembre-commence-la-fete-de-hanoukka\/\" \/>\n<meta property=\"og:locale\" content=\"fr_FR\" \/>\n<meta property=\"og:type\" content=\"article\" \/>\n<meta property=\"og:title\" content=\"Mercredi 21 D\u00e9cembre commence la f\u00eate de Hanoukka - L&#039;amiti\u00e9 Jud\u00e9o-Chr\u00e9tienne de Bordeaux\" \/>\n<meta property=\"og:description\" content=\"Serviteurs de la lumi\u00e8reMercredi 21 D\u00e9cembre commence la f\u00eate de Hanoukka. La f\u00eate des lumi\u00e8res. A la diff\u00e9rencede Roch Hachana, de Yom Kippour ou de Pessah, qui sont des f\u00eates&hellip; Lire la suite Mercredi 21 D\u00e9cembre commence la f\u00eate de Hanoukka\" \/>\n<meta property=\"og:url\" content=\"https:\/\/ajc33.com\/index.php\/mercredi-21-decembre-commence-la-fete-de-hanoukka\/\" \/>\n<meta property=\"og:site_name\" content=\"L&#039;amiti\u00e9 Jud\u00e9o-Chr\u00e9tienne de Bordeaux\" \/>\n<meta property=\"article:modified_time\" content=\"2022-12-20T15:27:46+00:00\" \/>\n<meta property=\"og:image\" content=\"https:\/\/ajc33.com\/wp-content\/uploads\/2022\/12\/khanuka.jpg\" \/>\n<meta name=\"twitter:card\" content=\"summary_large_image\" \/>\n<meta name=\"twitter:label1\" content=\"Dur\u00e9e de lecture estim\u00e9e\" \/>\n\t<meta name=\"twitter:data1\" content=\"3 minutes\" \/>\n<script type=\"application\/ld+json\" class=\"yoast-schema-graph\">{\"@context\":\"https:\/\/schema.org\",\"@graph\":[{\"@type\":\"WebPage\",\"@id\":\"https:\/\/ajc33.com\/index.php\/mercredi-21-decembre-commence-la-fete-de-hanoukka\/\",\"url\":\"https:\/\/ajc33.com\/index.php\/mercredi-21-decembre-commence-la-fete-de-hanoukka\/\",\"name\":\"Mercredi 21 D\u00e9cembre commence la f\u00eate de Hanoukka - L&#039;amiti\u00e9 Jud\u00e9o-Chr\u00e9tienne de Bordeaux\",\"isPartOf\":{\"@id\":\"https:\/\/ajc33.com\/#website\"},\"primaryImageOfPage\":{\"@id\":\"https:\/\/ajc33.com\/index.php\/mercredi-21-decembre-commence-la-fete-de-hanoukka\/#primaryimage\"},\"image\":{\"@id\":\"https:\/\/ajc33.com\/index.php\/mercredi-21-decembre-commence-la-fete-de-hanoukka\/#primaryimage\"},\"thumbnailUrl\":\"https:\/\/ajc33.com\/wp-content\/uploads\/2022\/12\/khanuka.jpg\",\"datePublished\":\"2022-12-20T15:27:45+00:00\",\"dateModified\":\"2022-12-20T15:27:46+00:00\",\"breadcrumb\":{\"@id\":\"https:\/\/ajc33.com\/index.php\/mercredi-21-decembre-commence-la-fete-de-hanoukka\/#breadcrumb\"},\"inLanguage\":\"fr-FR\",\"potentialAction\":[{\"@type\":\"ReadAction\",\"target\":[\"https:\/\/ajc33.com\/index.php\/mercredi-21-decembre-commence-la-fete-de-hanoukka\/\"]}]},{\"@type\":\"ImageObject\",\"inLanguage\":\"fr-FR\",\"@id\":\"https:\/\/ajc33.com\/index.php\/mercredi-21-decembre-commence-la-fete-de-hanoukka\/#primaryimage\",\"url\":\"https:\/\/ajc33.com\/wp-content\/uploads\/2022\/12\/khanuka.jpg\",\"contentUrl\":\"https:\/\/ajc33.com\/wp-content\/uploads\/2022\/12\/khanuka.jpg\",\"width\":612,\"height\":408,\"caption\":\"Religion image of jewish holiday Hanukkah background with menorah (traditional candelabra) and candles\"},{\"@type\":\"BreadcrumbList\",\"@id\":\"https:\/\/ajc33.com\/index.php\/mercredi-21-decembre-commence-la-fete-de-hanoukka\/#breadcrumb\",\"itemListElement\":[{\"@type\":\"ListItem\",\"position\":1,\"name\":\"Home\",\"item\":\"https:\/\/ajc33.com\/\"},{\"@type\":\"ListItem\",\"position\":2,\"name\":\"Mercredi 21 D\u00e9cembre commence la f\u00eate de Hanoukka\"}]},{\"@type\":\"WebSite\",\"@id\":\"https:\/\/ajc33.com\/#website\",\"url\":\"https:\/\/ajc33.com\/\",\"name\":\"L&#039;amiti\u00e9 Jud\u00e9o-Chr\u00e9tienne de Bordeaux\",\"description\":\"\",\"publisher\":{\"@id\":\"https:\/\/ajc33.com\/#organization\"},\"potentialAction\":[{\"@type\":\"SearchAction\",\"target\":{\"@type\":\"EntryPoint\",\"urlTemplate\":\"https:\/\/ajc33.com\/?s={search_term_string}\"},\"query-input\":{\"@type\":\"PropertyValueSpecification\",\"valueRequired\":true,\"valueName\":\"search_term_string\"}}],\"inLanguage\":\"fr-FR\"},{\"@type\":\"Organization\",\"@id\":\"https:\/\/ajc33.com\/#organization\",\"name\":\"L&#039;amiti\u00e9 Jud\u00e9o-Chr\u00e9tienne de Bordeaux\",\"url\":\"https:\/\/ajc33.com\/\",\"logo\":{\"@type\":\"ImageObject\",\"inLanguage\":\"fr-FR\",\"@id\":\"https:\/\/ajc33.com\/#\/schema\/logo\/image\/\",\"url\":\"https:\/\/ajc33.com\/wp-content\/uploads\/2018\/03\/cropped-ajc-bod-2.jpg\",\"contentUrl\":\"https:\/\/ajc33.com\/wp-content\/uploads\/2018\/03\/cropped-ajc-bod-2.jpg\",\"width\":200,\"height\":191,\"caption\":\"L&#039;amiti\u00e9 Jud\u00e9o-Chr\u00e9tienne de Bordeaux\"},\"image\":{\"@id\":\"https:\/\/ajc33.com\/#\/schema\/logo\/image\/\"}}]}<\/script>\n<!-- \/ Yoast SEO plugin. -->","yoast_head_json":{"title":"Mercredi 21 D\u00e9cembre commence la f\u00eate de Hanoukka - L&#039;amiti\u00e9 Jud\u00e9o-Chr\u00e9tienne de Bordeaux","robots":{"index":"index","follow":"follow","max-snippet":"max-snippet:-1","max-image-preview":"max-image-preview:large","max-video-preview":"max-video-preview:-1"},"canonical":"https:\/\/ajc33.com\/index.php\/mercredi-21-decembre-commence-la-fete-de-hanoukka\/","og_locale":"fr_FR","og_type":"article","og_title":"Mercredi 21 D\u00e9cembre commence la f\u00eate de Hanoukka - L&#039;amiti\u00e9 Jud\u00e9o-Chr\u00e9tienne de Bordeaux","og_description":"Serviteurs de la lumi\u00e8reMercredi 21 D\u00e9cembre commence la f\u00eate de Hanoukka. La f\u00eate des lumi\u00e8res. A la diff\u00e9rencede Roch Hachana, de Yom Kippour ou de Pessah, qui sont des f\u00eates&hellip; Lire la suite Mercredi 21 D\u00e9cembre commence la f\u00eate de Hanoukka","og_url":"https:\/\/ajc33.com\/index.php\/mercredi-21-decembre-commence-la-fete-de-hanoukka\/","og_site_name":"L&#039;amiti\u00e9 Jud\u00e9o-Chr\u00e9tienne de Bordeaux","article_modified_time":"2022-12-20T15:27:46+00:00","og_image":[{"url":"https:\/\/ajc33.com\/wp-content\/uploads\/2022\/12\/khanuka.jpg","type":"","width":"","height":""}],"twitter_card":"summary_large_image","twitter_misc":{"Dur\u00e9e de lecture estim\u00e9e":"3 minutes"},"schema":{"@context":"https:\/\/schema.org","@graph":[{"@type":"WebPage","@id":"https:\/\/ajc33.com\/index.php\/mercredi-21-decembre-commence-la-fete-de-hanoukka\/","url":"https:\/\/ajc33.com\/index.php\/mercredi-21-decembre-commence-la-fete-de-hanoukka\/","name":"Mercredi 21 D\u00e9cembre commence la f\u00eate de Hanoukka - L&#039;amiti\u00e9 Jud\u00e9o-Chr\u00e9tienne de Bordeaux","isPartOf":{"@id":"https:\/\/ajc33.com\/#website"},"primaryImageOfPage":{"@id":"https:\/\/ajc33.com\/index.php\/mercredi-21-decembre-commence-la-fete-de-hanoukka\/#primaryimage"},"image":{"@id":"https:\/\/ajc33.com\/index.php\/mercredi-21-decembre-commence-la-fete-de-hanoukka\/#primaryimage"},"thumbnailUrl":"https:\/\/ajc33.com\/wp-content\/uploads\/2022\/12\/khanuka.jpg","datePublished":"2022-12-20T15:27:45+00:00","dateModified":"2022-12-20T15:27:46+00:00","breadcrumb":{"@id":"https:\/\/ajc33.com\/index.php\/mercredi-21-decembre-commence-la-fete-de-hanoukka\/#breadcrumb"},"inLanguage":"fr-FR","potentialAction":[{"@type":"ReadAction","target":["https:\/\/ajc33.com\/index.php\/mercredi-21-decembre-commence-la-fete-de-hanoukka\/"]}]},{"@type":"ImageObject","inLanguage":"fr-FR","@id":"https:\/\/ajc33.com\/index.php\/mercredi-21-decembre-commence-la-fete-de-hanoukka\/#primaryimage","url":"https:\/\/ajc33.com\/wp-content\/uploads\/2022\/12\/khanuka.jpg","contentUrl":"https:\/\/ajc33.com\/wp-content\/uploads\/2022\/12\/khanuka.jpg","width":612,"height":408,"caption":"Religion image of jewish holiday Hanukkah background with menorah (traditional candelabra) and candles"},{"@type":"BreadcrumbList","@id":"https:\/\/ajc33.com\/index.php\/mercredi-21-decembre-commence-la-fete-de-hanoukka\/#breadcrumb","itemListElement":[{"@type":"ListItem","position":1,"name":"Home","item":"https:\/\/ajc33.com\/"},{"@type":"ListItem","position":2,"name":"Mercredi 21 D\u00e9cembre commence la f\u00eate de Hanoukka"}]},{"@type":"WebSite","@id":"https:\/\/ajc33.com\/#website","url":"https:\/\/ajc33.com\/","name":"L&#039;amiti\u00e9 Jud\u00e9o-Chr\u00e9tienne de Bordeaux","description":"","publisher":{"@id":"https:\/\/ajc33.com\/#organization"},"potentialAction":[{"@type":"SearchAction","target":{"@type":"EntryPoint","urlTemplate":"https:\/\/ajc33.com\/?s={search_term_string}"},"query-input":{"@type":"PropertyValueSpecification","valueRequired":true,"valueName":"search_term_string"}}],"inLanguage":"fr-FR"},{"@type":"Organization","@id":"https:\/\/ajc33.com\/#organization","name":"L&#039;amiti\u00e9 Jud\u00e9o-Chr\u00e9tienne de Bordeaux","url":"https:\/\/ajc33.com\/","logo":{"@type":"ImageObject","inLanguage":"fr-FR","@id":"https:\/\/ajc33.com\/#\/schema\/logo\/image\/","url":"https:\/\/ajc33.com\/wp-content\/uploads\/2018\/03\/cropped-ajc-bod-2.jpg","contentUrl":"https:\/\/ajc33.com\/wp-content\/uploads\/2018\/03\/cropped-ajc-bod-2.jpg","width":200,"height":191,"caption":"L&#039;amiti\u00e9 Jud\u00e9o-Chr\u00e9tienne de Bordeaux"},"image":{"@id":"https:\/\/ajc33.com\/#\/schema\/logo\/image\/"}}]}},"jetpack_sharing_enabled":true,"_links":{"self":[{"href":"https:\/\/ajc33.com\/index.php\/wp-json\/wp\/v2\/pages\/583","targetHints":{"allow":["GET"]}}],"collection":[{"href":"https:\/\/ajc33.com\/index.php\/wp-json\/wp\/v2\/pages"}],"about":[{"href":"https:\/\/ajc33.com\/index.php\/wp-json\/wp\/v2\/types\/page"}],"author":[{"embeddable":true,"href":"https:\/\/ajc33.com\/index.php\/wp-json\/wp\/v2\/users\/1"}],"replies":[{"embeddable":true,"href":"https:\/\/ajc33.com\/index.php\/wp-json\/wp\/v2\/comments?post=583"}],"version-history":[{"count":1,"href":"https:\/\/ajc33.com\/index.php\/wp-json\/wp\/v2\/pages\/583\/revisions"}],"predecessor-version":[{"id":586,"href":"https:\/\/ajc33.com\/index.php\/wp-json\/wp\/v2\/pages\/583\/revisions\/586"}],"wp:attachment":[{"href":"https:\/\/ajc33.com\/index.php\/wp-json\/wp\/v2\/media?parent=583"}],"wp:term":[{"taxonomy":"post_tag","embeddable":true,"href":"https:\/\/ajc33.com\/index.php\/wp-json\/wp\/v2\/tags?post=583"}],"curies":[{"name":"wp","href":"https:\/\/api.w.org\/{rel}","templated":true}]}}