{"id":579,"date":"2022-12-14T12:14:03","date_gmt":"2022-12-14T11:14:03","guid":{"rendered":"https:\/\/ajc33.com\/?page_id=579"},"modified":"2022-12-14T12:14:04","modified_gmt":"2022-12-14T11:14:04","slug":"lamitie-judeo-chretienne-un-ouvrage-fragile-toujours-a-consolider-vatican-news","status":"publish","type":"page","link":"https:\/\/ajc33.com\/index.php\/lamitie-judeo-chretienne-un-ouvrage-fragile-toujours-a-consolider-vatican-news\/","title":{"rendered":"L\u2019amiti\u00e9 jud\u00e9o-chr\u00e9tienne, un ouvrage fragile \u00abtoujours \u00e0 consolider\u00bb &#8211; Vatican News"},"content":{"rendered":"\n<p>Bonjour<\/p>\n\n\n\n<p>Voici un retour du d\u00e9placement \u00e0 Rome des membres de l&rsquo;AJCF, dont deux couples bordelais partis nous repr\u00e9senter pour cette rencontre avec le Pape Fran\u00e7ois, \u00e0 l&rsquo;occasion de l&rsquo;ouverture de l&rsquo;ann\u00e9e de comm\u00e9moration de Jules Isaac. Ils auront l&rsquo;occasion de nous raconter leur rencontre avec le Pape , leurs impressions, leurs \u00e9changes , mais aussi toutes les autres rencontres faites \u00e0 cette occasion de voyage de 3 jours \u00e0 Rome.<\/p>\n\n\n\n<p>Bonne fin d&rsquo;Avent et Bonne f\u00eate de No\u00ebl qui se situe au milieu de la f\u00eate de Hanouka. Que la Lumi\u00e8re brille et soit signe de fraternit\u00e9 entre Juifs et Chr\u00e9tiens. Qu&rsquo;elle brille en chacun de nous et \u00e9claire autour de nous chacune de nos rencontres dans nos familles et dans ce monde. Que Sa Parole soit , par chacun de nous, Lumi\u00e8re et source de Paix.<\/p>\n\n\n\n<p>A bient\u00f4t<\/p>\n\n\n\n<p>Catherine et Philippe Leruste<br><\/p>\n\n\n\n<p><a href=\"https:\/\/www.vaticannews.va\/fr\/pape\/news\/2022-12\/pape-francois-amities-judeo-chretienne-kessous-durand.html\">https:\/\/www.vaticannews.va\/fr\/pape\/news\/2022-12\/pape-francois-amities-judeo-chretienne-kessous-durand.html<\/a><\/p>\n\n\n\n<p><\/p>\n","protected":false},"excerpt":{"rendered":"<p>Bonjour Voici un retour du d\u00e9placement \u00e0 Rome des membres de l&rsquo;AJCF, dont deux couples bordelais partis nous repr\u00e9senter pour cette rencontre avec le Pape Fran\u00e7ois, \u00e0 l&rsquo;occasion de l&rsquo;ouverture&hellip; <a href=\"https:\/\/ajc33.com\/index.php\/lamitie-judeo-chretienne-un-ouvrage-fragile-toujours-a-consolider-vatican-news\/\" class=\"more-link\">Lire la suite <span class=\"screen-reader-text\">L\u2019amiti\u00e9 jud\u00e9o-chr\u00e9tienne, un ouvrage fragile \u00abtoujours \u00e0 consolider\u00bb &#8211; Vatican News<\/span><\/a><\/p>\n","protected":false},"author":1,"featured_media":0,"parent":0,"menu_order":0,"comment_status":"closed","ping_status":"closed","template":"","meta":{"footnotes":""},"tags":[],"class_list":["post-579","page","type-page","status-publish","hentry","without-featured-image"],"yoast_head":"<!-- This site is optimized with the Yoast SEO plugin v26.6 - https:\/\/yoast.com\/wordpress\/plugins\/seo\/ -->\n<title>L\u2019amiti\u00e9 jud\u00e9o-chr\u00e9tienne, un ouvrage fragile \u00abtoujours \u00e0 consolider\u00bb - Vatican News - L&#039;amiti\u00e9 Jud\u00e9o-Chr\u00e9tienne de Bordeaux<\/title>\n<meta name=\"robots\" content=\"index, follow, max-snippet:-1, max-image-preview:large, max-video-preview:-1\" \/>\n<link rel=\"canonical\" href=\"https:\/\/ajc33.com\/index.php\/lamitie-judeo-chretienne-un-ouvrage-fragile-toujours-a-consolider-vatican-news\/\" \/>\n<meta property=\"og:locale\" content=\"fr_FR\" \/>\n<meta property=\"og:type\" content=\"article\" \/>\n<meta property=\"og:title\" content=\"L\u2019amiti\u00e9 jud\u00e9o-chr\u00e9tienne, un ouvrage fragile \u00abtoujours \u00e0 consolider\u00bb - Vatican News - L&#039;amiti\u00e9 Jud\u00e9o-Chr\u00e9tienne de Bordeaux\" \/>\n<meta property=\"og:description\" content=\"Bonjour Voici un retour du d\u00e9placement \u00e0 Rome des membres de l&rsquo;AJCF, dont deux couples bordelais partis nous repr\u00e9senter pour cette rencontre avec le Pape Fran\u00e7ois, \u00e0 l&rsquo;occasion de l&rsquo;ouverture&hellip; Lire la suite L\u2019amiti\u00e9 jud\u00e9o-chr\u00e9tienne, un ouvrage fragile \u00abtoujours \u00e0 consolider\u00bb &#8211; Vatican News\" \/>\n<meta property=\"og:url\" content=\"https:\/\/ajc33.com\/index.php\/lamitie-judeo-chretienne-un-ouvrage-fragile-toujours-a-consolider-vatican-news\/\" \/>\n<meta property=\"og:site_name\" content=\"L&#039;amiti\u00e9 Jud\u00e9o-Chr\u00e9tienne de Bordeaux\" \/>\n<meta property=\"article:modified_time\" content=\"2022-12-14T11:14:04+00:00\" \/>\n<meta name=\"twitter:card\" content=\"summary_large_image\" \/>\n<meta name=\"twitter:label1\" content=\"Dur\u00e9e de lecture estim\u00e9e\" \/>\n\t<meta name=\"twitter:data1\" content=\"1 minute\" \/>\n<script type=\"application\/ld+json\" class=\"yoast-schema-graph\">{\"@context\":\"https:\/\/schema.org\",\"@graph\":[{\"@type\":\"WebPage\",\"@id\":\"https:\/\/ajc33.com\/index.php\/lamitie-judeo-chretienne-un-ouvrage-fragile-toujours-a-consolider-vatican-news\/\",\"url\":\"https:\/\/ajc33.com\/index.php\/lamitie-judeo-chretienne-un-ouvrage-fragile-toujours-a-consolider-vatican-news\/\",\"name\":\"L\u2019amiti\u00e9 jud\u00e9o-chr\u00e9tienne, un ouvrage fragile \u00abtoujours \u00e0 consolider\u00bb - Vatican News - L&#039;amiti\u00e9 Jud\u00e9o-Chr\u00e9tienne de Bordeaux\",\"isPartOf\":{\"@id\":\"https:\/\/ajc33.com\/#website\"},\"datePublished\":\"2022-12-14T11:14:03+00:00\",\"dateModified\":\"2022-12-14T11:14:04+00:00\",\"breadcrumb\":{\"@id\":\"https:\/\/ajc33.com\/index.php\/lamitie-judeo-chretienne-un-ouvrage-fragile-toujours-a-consolider-vatican-news\/#breadcrumb\"},\"inLanguage\":\"fr-FR\",\"potentialAction\":[{\"@type\":\"ReadAction\",\"target\":[\"https:\/\/ajc33.com\/index.php\/lamitie-judeo-chretienne-un-ouvrage-fragile-toujours-a-consolider-vatican-news\/\"]}]},{\"@type\":\"BreadcrumbList\",\"@id\":\"https:\/\/ajc33.com\/index.php\/lamitie-judeo-chretienne-un-ouvrage-fragile-toujours-a-consolider-vatican-news\/#breadcrumb\",\"itemListElement\":[{\"@type\":\"ListItem\",\"position\":1,\"name\":\"Home\",\"item\":\"https:\/\/ajc33.com\/\"},{\"@type\":\"ListItem\",\"position\":2,\"name\":\"L\u2019amiti\u00e9 jud\u00e9o-chr\u00e9tienne, un ouvrage fragile \u00abtoujours \u00e0 consolider\u00bb &#8211; Vatican News\"}]},{\"@type\":\"WebSite\",\"@id\":\"https:\/\/ajc33.com\/#website\",\"url\":\"https:\/\/ajc33.com\/\",\"name\":\"L&#039;amiti\u00e9 Jud\u00e9o-Chr\u00e9tienne de Bordeaux\",\"description\":\"\",\"publisher\":{\"@id\":\"https:\/\/ajc33.com\/#organization\"},\"potentialAction\":[{\"@type\":\"SearchAction\",\"target\":{\"@type\":\"EntryPoint\",\"urlTemplate\":\"https:\/\/ajc33.com\/?s={search_term_string}\"},\"query-input\":{\"@type\":\"PropertyValueSpecification\",\"valueRequired\":true,\"valueName\":\"search_term_string\"}}],\"inLanguage\":\"fr-FR\"},{\"@type\":\"Organization\",\"@id\":\"https:\/\/ajc33.com\/#organization\",\"name\":\"L&#039;amiti\u00e9 Jud\u00e9o-Chr\u00e9tienne de Bordeaux\",\"url\":\"https:\/\/ajc33.com\/\",\"logo\":{\"@type\":\"ImageObject\",\"inLanguage\":\"fr-FR\",\"@id\":\"https:\/\/ajc33.com\/#\/schema\/logo\/image\/\",\"url\":\"https:\/\/ajc33.com\/wp-content\/uploads\/2018\/03\/cropped-ajc-bod-2.jpg\",\"contentUrl\":\"https:\/\/ajc33.com\/wp-content\/uploads\/2018\/03\/cropped-ajc-bod-2.jpg\",\"width\":200,\"height\":191,\"caption\":\"L&#039;amiti\u00e9 Jud\u00e9o-Chr\u00e9tienne de Bordeaux\"},\"image\":{\"@id\":\"https:\/\/ajc33.com\/#\/schema\/logo\/image\/\"}}]}<\/script>\n<!-- \/ Yoast SEO plugin. -->","yoast_head_json":{"title":"L\u2019amiti\u00e9 jud\u00e9o-chr\u00e9tienne, un ouvrage fragile \u00abtoujours \u00e0 consolider\u00bb - Vatican News - L&#039;amiti\u00e9 Jud\u00e9o-Chr\u00e9tienne de Bordeaux","robots":{"index":"index","follow":"follow","max-snippet":"max-snippet:-1","max-image-preview":"max-image-preview:large","max-video-preview":"max-video-preview:-1"},"canonical":"https:\/\/ajc33.com\/index.php\/lamitie-judeo-chretienne-un-ouvrage-fragile-toujours-a-consolider-vatican-news\/","og_locale":"fr_FR","og_type":"article","og_title":"L\u2019amiti\u00e9 jud\u00e9o-chr\u00e9tienne, un ouvrage fragile \u00abtoujours \u00e0 consolider\u00bb - Vatican News - L&#039;amiti\u00e9 Jud\u00e9o-Chr\u00e9tienne de Bordeaux","og_description":"Bonjour Voici un retour du d\u00e9placement \u00e0 Rome des membres de l&rsquo;AJCF, dont deux couples bordelais partis nous repr\u00e9senter pour cette rencontre avec le Pape Fran\u00e7ois, \u00e0 l&rsquo;occasion de l&rsquo;ouverture&hellip; Lire la suite L\u2019amiti\u00e9 jud\u00e9o-chr\u00e9tienne, un ouvrage fragile \u00abtoujours \u00e0 consolider\u00bb &#8211; Vatican News","og_url":"https:\/\/ajc33.com\/index.php\/lamitie-judeo-chretienne-un-ouvrage-fragile-toujours-a-consolider-vatican-news\/","og_site_name":"L&#039;amiti\u00e9 Jud\u00e9o-Chr\u00e9tienne de Bordeaux","article_modified_time":"2022-12-14T11:14:04+00:00","twitter_card":"summary_large_image","twitter_misc":{"Dur\u00e9e de lecture estim\u00e9e":"1 minute"},"schema":{"@context":"https:\/\/schema.org","@graph":[{"@type":"WebPage","@id":"https:\/\/ajc33.com\/index.php\/lamitie-judeo-chretienne-un-ouvrage-fragile-toujours-a-consolider-vatican-news\/","url":"https:\/\/ajc33.com\/index.php\/lamitie-judeo-chretienne-un-ouvrage-fragile-toujours-a-consolider-vatican-news\/","name":"L\u2019amiti\u00e9 jud\u00e9o-chr\u00e9tienne, un ouvrage fragile \u00abtoujours \u00e0 consolider\u00bb - Vatican News - L&#039;amiti\u00e9 Jud\u00e9o-Chr\u00e9tienne de Bordeaux","isPartOf":{"@id":"https:\/\/ajc33.com\/#website"},"datePublished":"2022-12-14T11:14:03+00:00","dateModified":"2022-12-14T11:14:04+00:00","breadcrumb":{"@id":"https:\/\/ajc33.com\/index.php\/lamitie-judeo-chretienne-un-ouvrage-fragile-toujours-a-consolider-vatican-news\/#breadcrumb"},"inLanguage":"fr-FR","potentialAction":[{"@type":"ReadAction","target":["https:\/\/ajc33.com\/index.php\/lamitie-judeo-chretienne-un-ouvrage-fragile-toujours-a-consolider-vatican-news\/"]}]},{"@type":"BreadcrumbList","@id":"https:\/\/ajc33.com\/index.php\/lamitie-judeo-chretienne-un-ouvrage-fragile-toujours-a-consolider-vatican-news\/#breadcrumb","itemListElement":[{"@type":"ListItem","position":1,"name":"Home","item":"https:\/\/ajc33.com\/"},{"@type":"ListItem","position":2,"name":"L\u2019amiti\u00e9 jud\u00e9o-chr\u00e9tienne, un ouvrage fragile \u00abtoujours \u00e0 consolider\u00bb &#8211; Vatican News"}]},{"@type":"WebSite","@id":"https:\/\/ajc33.com\/#website","url":"https:\/\/ajc33.com\/","name":"L&#039;amiti\u00e9 Jud\u00e9o-Chr\u00e9tienne de Bordeaux","description":"","publisher":{"@id":"https:\/\/ajc33.com\/#organization"},"potentialAction":[{"@type":"SearchAction","target":{"@type":"EntryPoint","urlTemplate":"https:\/\/ajc33.com\/?s={search_term_string}"},"query-input":{"@type":"PropertyValueSpecification","valueRequired":true,"valueName":"search_term_string"}}],"inLanguage":"fr-FR"},{"@type":"Organization","@id":"https:\/\/ajc33.com\/#organization","name":"L&#039;amiti\u00e9 Jud\u00e9o-Chr\u00e9tienne de Bordeaux","url":"https:\/\/ajc33.com\/","logo":{"@type":"ImageObject","inLanguage":"fr-FR","@id":"https:\/\/ajc33.com\/#\/schema\/logo\/image\/","url":"https:\/\/ajc33.com\/wp-content\/uploads\/2018\/03\/cropped-ajc-bod-2.jpg","contentUrl":"https:\/\/ajc33.com\/wp-content\/uploads\/2018\/03\/cropped-ajc-bod-2.jpg","width":200,"height":191,"caption":"L&#039;amiti\u00e9 Jud\u00e9o-Chr\u00e9tienne de Bordeaux"},"image":{"@id":"https:\/\/ajc33.com\/#\/schema\/logo\/image\/"}}]}},"jetpack_sharing_enabled":true,"_links":{"self":[{"href":"https:\/\/ajc33.com\/index.php\/wp-json\/wp\/v2\/pages\/579","targetHints":{"allow":["GET"]}}],"collection":[{"href":"https:\/\/ajc33.com\/index.php\/wp-json\/wp\/v2\/pages"}],"about":[{"href":"https:\/\/ajc33.com\/index.php\/wp-json\/wp\/v2\/types\/page"}],"author":[{"embeddable":true,"href":"https:\/\/ajc33.com\/index.php\/wp-json\/wp\/v2\/users\/1"}],"replies":[{"embeddable":true,"href":"https:\/\/ajc33.com\/index.php\/wp-json\/wp\/v2\/comments?post=579"}],"version-history":[{"count":1,"href":"https:\/\/ajc33.com\/index.php\/wp-json\/wp\/v2\/pages\/579\/revisions"}],"predecessor-version":[{"id":581,"href":"https:\/\/ajc33.com\/index.php\/wp-json\/wp\/v2\/pages\/579\/revisions\/581"}],"wp:attachment":[{"href":"https:\/\/ajc33.com\/index.php\/wp-json\/wp\/v2\/media?parent=579"}],"wp:term":[{"taxonomy":"post_tag","embeddable":true,"href":"https:\/\/ajc33.com\/index.php\/wp-json\/wp\/v2\/tags?post=579"}],"curies":[{"name":"wp","href":"https:\/\/api.w.org\/{rel}","templated":true}]}}