{"id":550,"date":"2022-09-24T12:31:58","date_gmt":"2022-09-24T10:31:58","guid":{"rendered":"https:\/\/ajc33.com\/?page_id=550"},"modified":"2022-09-24T12:32:00","modified_gmt":"2022-09-24T10:32:00","slug":"programme-ajc-33-pour-la-periode-2022-2023","status":"publish","type":"page","link":"https:\/\/ajc33.com\/index.php\/programme-ajc-33-pour-la-periode-2022-2023\/","title":{"rendered":"Programme AJC 33 pour la p\u00e9riode 2022-2023"},"content":{"rendered":"\n<figure class=\"wp-block-image size-large\"><img loading=\"lazy\" decoding=\"async\" width=\"1024\" height=\"717\" src=\"https:\/\/ajc33.com\/wp-content\/uploads\/2022\/09\/ajc1-1024x717.png\" alt=\"\" class=\"wp-image-552\" srcset=\"https:\/\/ajc33.com\/wp-content\/uploads\/2022\/09\/ajc1-1024x717.png 1024w, https:\/\/ajc33.com\/wp-content\/uploads\/2022\/09\/ajc1-300x210.png 300w, https:\/\/ajc33.com\/wp-content\/uploads\/2022\/09\/ajc1-768x538.png 768w, https:\/\/ajc33.com\/wp-content\/uploads\/2022\/09\/ajc1.png 1147w\" sizes=\"auto, (max-width: 1024px) 100vw, 1024px\" \/><\/figure>\n\n\n\n<figure class=\"wp-block-image size-large\"><img loading=\"lazy\" decoding=\"async\" width=\"1024\" height=\"729\" src=\"https:\/\/ajc33.com\/wp-content\/uploads\/2022\/09\/ajc2-1024x729.png\" alt=\"\" class=\"wp-image-551\" srcset=\"https:\/\/ajc33.com\/wp-content\/uploads\/2022\/09\/ajc2-1024x729.png 1024w, https:\/\/ajc33.com\/wp-content\/uploads\/2022\/09\/ajc2-300x214.png 300w, https:\/\/ajc33.com\/wp-content\/uploads\/2022\/09\/ajc2-768x547.png 768w, https:\/\/ajc33.com\/wp-content\/uploads\/2022\/09\/ajc2.png 1121w\" sizes=\"auto, (max-width: 1024px) 100vw, 1024px\" \/><\/figure>\n","protected":false},"excerpt":{"rendered":"","protected":false},"author":1,"featured_media":0,"parent":0,"menu_order":0,"comment_status":"closed","ping_status":"closed","template":"","meta":{"footnotes":""},"tags":[],"class_list":["post-550","page","type-page","status-publish","hentry","without-featured-image"],"yoast_head":"<!-- This site is optimized with the Yoast SEO plugin v26.6 - https:\/\/yoast.com\/wordpress\/plugins\/seo\/ -->\n<title>Programme AJC 33 pour la p\u00e9riode 2022-2023 - L&#039;amiti\u00e9 Jud\u00e9o-Chr\u00e9tienne de Bordeaux<\/title>\n<meta name=\"robots\" content=\"index, follow, max-snippet:-1, max-image-preview:large, max-video-preview:-1\" \/>\n<link rel=\"canonical\" href=\"https:\/\/ajc33.com\/index.php\/programme-ajc-33-pour-la-periode-2022-2023\/\" \/>\n<meta property=\"og:locale\" content=\"fr_FR\" \/>\n<meta property=\"og:type\" content=\"article\" \/>\n<meta property=\"og:title\" content=\"Programme AJC 33 pour la p\u00e9riode 2022-2023 - L&#039;amiti\u00e9 Jud\u00e9o-Chr\u00e9tienne de Bordeaux\" \/>\n<meta property=\"og:url\" content=\"https:\/\/ajc33.com\/index.php\/programme-ajc-33-pour-la-periode-2022-2023\/\" \/>\n<meta property=\"og:site_name\" content=\"L&#039;amiti\u00e9 Jud\u00e9o-Chr\u00e9tienne de Bordeaux\" \/>\n<meta property=\"article:modified_time\" content=\"2022-09-24T10:32:00+00:00\" \/>\n<meta property=\"og:image\" content=\"https:\/\/ajc33.com\/wp-content\/uploads\/2022\/09\/ajc1-1024x717.png\" \/>\n<meta name=\"twitter:card\" content=\"summary_large_image\" \/>\n<meta name=\"twitter:label1\" content=\"Dur\u00e9e de lecture estim\u00e9e\" \/>\n\t<meta name=\"twitter:data1\" content=\"1 minute\" \/>\n<script type=\"application\/ld+json\" class=\"yoast-schema-graph\">{\"@context\":\"https:\/\/schema.org\",\"@graph\":[{\"@type\":\"WebPage\",\"@id\":\"https:\/\/ajc33.com\/index.php\/programme-ajc-33-pour-la-periode-2022-2023\/\",\"url\":\"https:\/\/ajc33.com\/index.php\/programme-ajc-33-pour-la-periode-2022-2023\/\",\"name\":\"Programme AJC 33 pour la p\u00e9riode 2022-2023 - L&#039;amiti\u00e9 Jud\u00e9o-Chr\u00e9tienne de Bordeaux\",\"isPartOf\":{\"@id\":\"https:\/\/ajc33.com\/#website\"},\"primaryImageOfPage\":{\"@id\":\"https:\/\/ajc33.com\/index.php\/programme-ajc-33-pour-la-periode-2022-2023\/#primaryimage\"},\"image\":{\"@id\":\"https:\/\/ajc33.com\/index.php\/programme-ajc-33-pour-la-periode-2022-2023\/#primaryimage\"},\"thumbnailUrl\":\"https:\/\/ajc33.com\/wp-content\/uploads\/2022\/09\/ajc1-1024x717.png\",\"datePublished\":\"2022-09-24T10:31:58+00:00\",\"dateModified\":\"2022-09-24T10:32:00+00:00\",\"breadcrumb\":{\"@id\":\"https:\/\/ajc33.com\/index.php\/programme-ajc-33-pour-la-periode-2022-2023\/#breadcrumb\"},\"inLanguage\":\"fr-FR\",\"potentialAction\":[{\"@type\":\"ReadAction\",\"target\":[\"https:\/\/ajc33.com\/index.php\/programme-ajc-33-pour-la-periode-2022-2023\/\"]}]},{\"@type\":\"ImageObject\",\"inLanguage\":\"fr-FR\",\"@id\":\"https:\/\/ajc33.com\/index.php\/programme-ajc-33-pour-la-periode-2022-2023\/#primaryimage\",\"url\":\"https:\/\/ajc33.com\/wp-content\/uploads\/2022\/09\/ajc1.png\",\"contentUrl\":\"https:\/\/ajc33.com\/wp-content\/uploads\/2022\/09\/ajc1.png\",\"width\":1147,\"height\":803},{\"@type\":\"BreadcrumbList\",\"@id\":\"https:\/\/ajc33.com\/index.php\/programme-ajc-33-pour-la-periode-2022-2023\/#breadcrumb\",\"itemListElement\":[{\"@type\":\"ListItem\",\"position\":1,\"name\":\"Home\",\"item\":\"https:\/\/ajc33.com\/\"},{\"@type\":\"ListItem\",\"position\":2,\"name\":\"Programme AJC 33 pour la p\u00e9riode 2022-2023\"}]},{\"@type\":\"WebSite\",\"@id\":\"https:\/\/ajc33.com\/#website\",\"url\":\"https:\/\/ajc33.com\/\",\"name\":\"L&#039;amiti\u00e9 Jud\u00e9o-Chr\u00e9tienne de Bordeaux\",\"description\":\"\",\"publisher\":{\"@id\":\"https:\/\/ajc33.com\/#organization\"},\"potentialAction\":[{\"@type\":\"SearchAction\",\"target\":{\"@type\":\"EntryPoint\",\"urlTemplate\":\"https:\/\/ajc33.com\/?s={search_term_string}\"},\"query-input\":{\"@type\":\"PropertyValueSpecification\",\"valueRequired\":true,\"valueName\":\"search_term_string\"}}],\"inLanguage\":\"fr-FR\"},{\"@type\":\"Organization\",\"@id\":\"https:\/\/ajc33.com\/#organization\",\"name\":\"L&#039;amiti\u00e9 Jud\u00e9o-Chr\u00e9tienne de Bordeaux\",\"url\":\"https:\/\/ajc33.com\/\",\"logo\":{\"@type\":\"ImageObject\",\"inLanguage\":\"fr-FR\",\"@id\":\"https:\/\/ajc33.com\/#\/schema\/logo\/image\/\",\"url\":\"https:\/\/ajc33.com\/wp-content\/uploads\/2018\/03\/cropped-ajc-bod-2.jpg\",\"contentUrl\":\"https:\/\/ajc33.com\/wp-content\/uploads\/2018\/03\/cropped-ajc-bod-2.jpg\",\"width\":200,\"height\":191,\"caption\":\"L&#039;amiti\u00e9 Jud\u00e9o-Chr\u00e9tienne de Bordeaux\"},\"image\":{\"@id\":\"https:\/\/ajc33.com\/#\/schema\/logo\/image\/\"}}]}<\/script>\n<!-- \/ Yoast SEO plugin. -->","yoast_head_json":{"title":"Programme AJC 33 pour la p\u00e9riode 2022-2023 - L&#039;amiti\u00e9 Jud\u00e9o-Chr\u00e9tienne de Bordeaux","robots":{"index":"index","follow":"follow","max-snippet":"max-snippet:-1","max-image-preview":"max-image-preview:large","max-video-preview":"max-video-preview:-1"},"canonical":"https:\/\/ajc33.com\/index.php\/programme-ajc-33-pour-la-periode-2022-2023\/","og_locale":"fr_FR","og_type":"article","og_title":"Programme AJC 33 pour la p\u00e9riode 2022-2023 - L&#039;amiti\u00e9 Jud\u00e9o-Chr\u00e9tienne de Bordeaux","og_url":"https:\/\/ajc33.com\/index.php\/programme-ajc-33-pour-la-periode-2022-2023\/","og_site_name":"L&#039;amiti\u00e9 Jud\u00e9o-Chr\u00e9tienne de Bordeaux","article_modified_time":"2022-09-24T10:32:00+00:00","og_image":[{"url":"https:\/\/ajc33.com\/wp-content\/uploads\/2022\/09\/ajc1-1024x717.png","type":"","width":"","height":""}],"twitter_card":"summary_large_image","twitter_misc":{"Dur\u00e9e de lecture estim\u00e9e":"1 minute"},"schema":{"@context":"https:\/\/schema.org","@graph":[{"@type":"WebPage","@id":"https:\/\/ajc33.com\/index.php\/programme-ajc-33-pour-la-periode-2022-2023\/","url":"https:\/\/ajc33.com\/index.php\/programme-ajc-33-pour-la-periode-2022-2023\/","name":"Programme AJC 33 pour la p\u00e9riode 2022-2023 - L&#039;amiti\u00e9 Jud\u00e9o-Chr\u00e9tienne de Bordeaux","isPartOf":{"@id":"https:\/\/ajc33.com\/#website"},"primaryImageOfPage":{"@id":"https:\/\/ajc33.com\/index.php\/programme-ajc-33-pour-la-periode-2022-2023\/#primaryimage"},"image":{"@id":"https:\/\/ajc33.com\/index.php\/programme-ajc-33-pour-la-periode-2022-2023\/#primaryimage"},"thumbnailUrl":"https:\/\/ajc33.com\/wp-content\/uploads\/2022\/09\/ajc1-1024x717.png","datePublished":"2022-09-24T10:31:58+00:00","dateModified":"2022-09-24T10:32:00+00:00","breadcrumb":{"@id":"https:\/\/ajc33.com\/index.php\/programme-ajc-33-pour-la-periode-2022-2023\/#breadcrumb"},"inLanguage":"fr-FR","potentialAction":[{"@type":"ReadAction","target":["https:\/\/ajc33.com\/index.php\/programme-ajc-33-pour-la-periode-2022-2023\/"]}]},{"@type":"ImageObject","inLanguage":"fr-FR","@id":"https:\/\/ajc33.com\/index.php\/programme-ajc-33-pour-la-periode-2022-2023\/#primaryimage","url":"https:\/\/ajc33.com\/wp-content\/uploads\/2022\/09\/ajc1.png","contentUrl":"https:\/\/ajc33.com\/wp-content\/uploads\/2022\/09\/ajc1.png","width":1147,"height":803},{"@type":"BreadcrumbList","@id":"https:\/\/ajc33.com\/index.php\/programme-ajc-33-pour-la-periode-2022-2023\/#breadcrumb","itemListElement":[{"@type":"ListItem","position":1,"name":"Home","item":"https:\/\/ajc33.com\/"},{"@type":"ListItem","position":2,"name":"Programme AJC 33 pour la p\u00e9riode 2022-2023"}]},{"@type":"WebSite","@id":"https:\/\/ajc33.com\/#website","url":"https:\/\/ajc33.com\/","name":"L&#039;amiti\u00e9 Jud\u00e9o-Chr\u00e9tienne de Bordeaux","description":"","publisher":{"@id":"https:\/\/ajc33.com\/#organization"},"potentialAction":[{"@type":"SearchAction","target":{"@type":"EntryPoint","urlTemplate":"https:\/\/ajc33.com\/?s={search_term_string}"},"query-input":{"@type":"PropertyValueSpecification","valueRequired":true,"valueName":"search_term_string"}}],"inLanguage":"fr-FR"},{"@type":"Organization","@id":"https:\/\/ajc33.com\/#organization","name":"L&#039;amiti\u00e9 Jud\u00e9o-Chr\u00e9tienne de Bordeaux","url":"https:\/\/ajc33.com\/","logo":{"@type":"ImageObject","inLanguage":"fr-FR","@id":"https:\/\/ajc33.com\/#\/schema\/logo\/image\/","url":"https:\/\/ajc33.com\/wp-content\/uploads\/2018\/03\/cropped-ajc-bod-2.jpg","contentUrl":"https:\/\/ajc33.com\/wp-content\/uploads\/2018\/03\/cropped-ajc-bod-2.jpg","width":200,"height":191,"caption":"L&#039;amiti\u00e9 Jud\u00e9o-Chr\u00e9tienne de Bordeaux"},"image":{"@id":"https:\/\/ajc33.com\/#\/schema\/logo\/image\/"}}]}},"jetpack_sharing_enabled":true,"_links":{"self":[{"href":"https:\/\/ajc33.com\/index.php\/wp-json\/wp\/v2\/pages\/550","targetHints":{"allow":["GET"]}}],"collection":[{"href":"https:\/\/ajc33.com\/index.php\/wp-json\/wp\/v2\/pages"}],"about":[{"href":"https:\/\/ajc33.com\/index.php\/wp-json\/wp\/v2\/types\/page"}],"author":[{"embeddable":true,"href":"https:\/\/ajc33.com\/index.php\/wp-json\/wp\/v2\/users\/1"}],"replies":[{"embeddable":true,"href":"https:\/\/ajc33.com\/index.php\/wp-json\/wp\/v2\/comments?post=550"}],"version-history":[{"count":1,"href":"https:\/\/ajc33.com\/index.php\/wp-json\/wp\/v2\/pages\/550\/revisions"}],"predecessor-version":[{"id":554,"href":"https:\/\/ajc33.com\/index.php\/wp-json\/wp\/v2\/pages\/550\/revisions\/554"}],"wp:attachment":[{"href":"https:\/\/ajc33.com\/index.php\/wp-json\/wp\/v2\/media?parent=550"}],"wp:term":[{"taxonomy":"post_tag","embeddable":true,"href":"https:\/\/ajc33.com\/index.php\/wp-json\/wp\/v2\/tags?post=550"}],"curies":[{"name":"wp","href":"https:\/\/api.w.org\/{rel}","templated":true}]}}