{"id":506,"date":"2022-02-15T11:04:55","date_gmt":"2022-02-15T10:04:55","guid":{"rendered":"https:\/\/ajc33.com\/?page_id=506"},"modified":"2022-03-25T11:02:41","modified_gmt":"2022-03-25T10:02:41","slug":"sur-le-livre-desther-et-la-perennisation-du-peuple-juif","status":"publish","type":"page","link":"https:\/\/ajc33.com\/index.php\/sur-le-livre-desther-et-la-perennisation-du-peuple-juif\/","title":{"rendered":"Sur le livre d&rsquo;Esther et la p\u00e9rennisation du peuple juif changement de date et de lieu !"},"content":{"rendered":"\n<figure class=\"wp-block-image size-large\"><img loading=\"lazy\" decoding=\"async\" width=\"1024\" height=\"725\" src=\"https:\/\/ajc33.com\/wp-content\/uploads\/2022\/02\/Pub-Taieb-2021-2022-AJC-diocese-14-mars-1_Page_2-1024x725.jpg\" alt=\"\" class=\"wp-image-508\" srcset=\"https:\/\/ajc33.com\/wp-content\/uploads\/2022\/02\/Pub-Taieb-2021-2022-AJC-diocese-14-mars-1_Page_2-1024x725.jpg 1024w, https:\/\/ajc33.com\/wp-content\/uploads\/2022\/02\/Pub-Taieb-2021-2022-AJC-diocese-14-mars-1_Page_2-300x212.jpg 300w, https:\/\/ajc33.com\/wp-content\/uploads\/2022\/02\/Pub-Taieb-2021-2022-AJC-diocese-14-mars-1_Page_2-768x543.jpg 768w, https:\/\/ajc33.com\/wp-content\/uploads\/2022\/02\/Pub-Taieb-2021-2022-AJC-diocese-14-mars-1_Page_2.jpg 1416w\" sizes=\"auto, (max-width: 1024px) 100vw, 1024px\" \/><\/figure>\n\n\n\n<figure class=\"wp-block-image size-large\"><img loading=\"lazy\" decoding=\"async\" width=\"1024\" height=\"724\" src=\"https:\/\/ajc33.com\/wp-content\/uploads\/2022\/02\/Pub-Taieb-2021-2022-AJC-diocese-14-mars-1_Page_1-1024x724.jpg\" alt=\"\" class=\"wp-image-509\" srcset=\"https:\/\/ajc33.com\/wp-content\/uploads\/2022\/02\/Pub-Taieb-2021-2022-AJC-diocese-14-mars-1_Page_1-1024x724.jpg 1024w, https:\/\/ajc33.com\/wp-content\/uploads\/2022\/02\/Pub-Taieb-2021-2022-AJC-diocese-14-mars-1_Page_1-300x212.jpg 300w, https:\/\/ajc33.com\/wp-content\/uploads\/2022\/02\/Pub-Taieb-2021-2022-AJC-diocese-14-mars-1_Page_1-768x543.jpg 768w, https:\/\/ajc33.com\/wp-content\/uploads\/2022\/02\/Pub-Taieb-2021-2022-AJC-diocese-14-mars-1_Page_1-1536x1087.jpg 1536w, https:\/\/ajc33.com\/wp-content\/uploads\/2022\/02\/Pub-Taieb-2021-2022-AJC-diocese-14-mars-1_Page_1-2048x1449.jpg 2048w\" sizes=\"auto, (max-width: 1024px) 100vw, 1024px\" \/><\/figure>\n\n\n\n<p>Cette rencontre est report\u00e9e au 7 juin \u00e0 20h \u00e0 la synagogue de Bordeaux<\/p>\n\n\n\n<p><\/p>\n\n\n\n<p><strong><u>Nous devions nous retrouver\u00a0<\/u>le 28 mars\u00a0avec le rabbin de Bordeaux Moshe Taieb &#8211; cette date de rencontre est report\u00e9e au 7 juin<\/strong><\/p>\n\n\n\n<p><strong>Notez bien les derniers changements ind\u00e9pendants de notre volont\u00e9, croyez-le bien. Nous nous retrouverons avec le rabbin Taieb, non plus \u00e0 la maison St Louis Beaulieu, mais \u00e0 la Synagogue avec un programme encore plus attrayant. Cette derni\u00e8re date suit imm\u00e9diatement la f\u00eate de\u00a0Shavouot\u00a0(et de Pentec\u00f4te) qui correspond au don de la Torah par l&rsquo;Eternel au peuple d&rsquo;Israel.<\/strong> <strong>L&rsquo;importance de l&rsquo;\u00e9tude toujours ouverte de la Torah, et le peuple juif observant la Torah, en tant que \u00ab\u00a0lumi\u00e8re des nations\u00a0\u00bb sont une r\u00e9ponse \u00e0 l&rsquo;antis\u00e9mitisme quand il soutient que le peuple juif est renferm\u00e9 sur lui-m\u00eame et indiff\u00e9rent aux non-Juifs.<\/strong><\/p>\n\n\n\n<p><\/p>\n","protected":false},"excerpt":{"rendered":"<p>Cette rencontre est report\u00e9e au 7 juin \u00e0 20h \u00e0 la synagogue de Bordeaux Nous devions nous retrouver\u00a0le 28 mars\u00a0avec le rabbin de Bordeaux Moshe Taieb &#8211; cette date de&hellip; <a href=\"https:\/\/ajc33.com\/index.php\/sur-le-livre-desther-et-la-perennisation-du-peuple-juif\/\" class=\"more-link\">Lire la suite <span class=\"screen-reader-text\">Sur le livre d&rsquo;Esther et la p\u00e9rennisation du peuple juif changement de date et de lieu !<\/span><\/a><\/p>\n","protected":false},"author":1,"featured_media":0,"parent":0,"menu_order":0,"comment_status":"closed","ping_status":"closed","template":"","meta":{"footnotes":""},"tags":[14,13,43],"class_list":["post-506","page","type-page","status-publish","hentry","tag-ajc33","tag-bordeaux","tag-judaisme","without-featured-image"],"yoast_head":"<!-- This site is optimized with the Yoast SEO plugin v26.6 - https:\/\/yoast.com\/wordpress\/plugins\/seo\/ -->\n<title>Sur le livre d&#039;Esther et la p\u00e9rennisation du peuple juif changement de date et de lieu ! - L&#039;amiti\u00e9 Jud\u00e9o-Chr\u00e9tienne de Bordeaux<\/title>\n<meta name=\"robots\" content=\"index, follow, max-snippet:-1, max-image-preview:large, max-video-preview:-1\" \/>\n<link rel=\"canonical\" href=\"https:\/\/ajc33.com\/index.php\/sur-le-livre-desther-et-la-perennisation-du-peuple-juif\/\" \/>\n<meta property=\"og:locale\" content=\"fr_FR\" \/>\n<meta property=\"og:type\" content=\"article\" \/>\n<meta property=\"og:title\" content=\"Sur le livre d&#039;Esther et la p\u00e9rennisation du peuple juif changement de date et de lieu ! - L&#039;amiti\u00e9 Jud\u00e9o-Chr\u00e9tienne de Bordeaux\" \/>\n<meta property=\"og:description\" content=\"Cette rencontre est report\u00e9e au 7 juin \u00e0 20h \u00e0 la synagogue de Bordeaux Nous devions nous retrouver\u00a0le 28 mars\u00a0avec le rabbin de Bordeaux Moshe Taieb &#8211; cette date de&hellip; Lire la suite Sur le livre d&rsquo;Esther et la p\u00e9rennisation du peuple juif changement de date et de lieu !\" \/>\n<meta property=\"og:url\" content=\"https:\/\/ajc33.com\/index.php\/sur-le-livre-desther-et-la-perennisation-du-peuple-juif\/\" \/>\n<meta property=\"og:site_name\" content=\"L&#039;amiti\u00e9 Jud\u00e9o-Chr\u00e9tienne de Bordeaux\" \/>\n<meta property=\"article:modified_time\" content=\"2022-03-25T10:02:41+00:00\" \/>\n<meta property=\"og:image\" content=\"https:\/\/ajc33.com\/wp-content\/uploads\/2022\/02\/Pub-Taieb-2021-2022-AJC-diocese-14-mars-1_Page_2-1024x725.jpg\" \/>\n<meta name=\"twitter:card\" content=\"summary_large_image\" \/>\n<meta name=\"twitter:label1\" content=\"Dur\u00e9e de lecture estim\u00e9e\" \/>\n\t<meta name=\"twitter:data1\" content=\"2 minutes\" \/>\n<script type=\"application\/ld+json\" class=\"yoast-schema-graph\">{\"@context\":\"https:\/\/schema.org\",\"@graph\":[{\"@type\":\"WebPage\",\"@id\":\"https:\/\/ajc33.com\/index.php\/sur-le-livre-desther-et-la-perennisation-du-peuple-juif\/\",\"url\":\"https:\/\/ajc33.com\/index.php\/sur-le-livre-desther-et-la-perennisation-du-peuple-juif\/\",\"name\":\"Sur le livre d'Esther et la p\u00e9rennisation du peuple juif changement de date et de lieu ! - L&#039;amiti\u00e9 Jud\u00e9o-Chr\u00e9tienne de Bordeaux\",\"isPartOf\":{\"@id\":\"https:\/\/ajc33.com\/#website\"},\"primaryImageOfPage\":{\"@id\":\"https:\/\/ajc33.com\/index.php\/sur-le-livre-desther-et-la-perennisation-du-peuple-juif\/#primaryimage\"},\"image\":{\"@id\":\"https:\/\/ajc33.com\/index.php\/sur-le-livre-desther-et-la-perennisation-du-peuple-juif\/#primaryimage\"},\"thumbnailUrl\":\"https:\/\/ajc33.com\/wp-content\/uploads\/2022\/02\/Pub-Taieb-2021-2022-AJC-diocese-14-mars-1_Page_2-1024x725.jpg\",\"datePublished\":\"2022-02-15T10:04:55+00:00\",\"dateModified\":\"2022-03-25T10:02:41+00:00\",\"breadcrumb\":{\"@id\":\"https:\/\/ajc33.com\/index.php\/sur-le-livre-desther-et-la-perennisation-du-peuple-juif\/#breadcrumb\"},\"inLanguage\":\"fr-FR\",\"potentialAction\":[{\"@type\":\"ReadAction\",\"target\":[\"https:\/\/ajc33.com\/index.php\/sur-le-livre-desther-et-la-perennisation-du-peuple-juif\/\"]}]},{\"@type\":\"ImageObject\",\"inLanguage\":\"fr-FR\",\"@id\":\"https:\/\/ajc33.com\/index.php\/sur-le-livre-desther-et-la-perennisation-du-peuple-juif\/#primaryimage\",\"url\":\"https:\/\/ajc33.com\/wp-content\/uploads\/2022\/02\/Pub-Taieb-2021-2022-AJC-diocese-14-mars-1_Page_2.jpg\",\"contentUrl\":\"https:\/\/ajc33.com\/wp-content\/uploads\/2022\/02\/Pub-Taieb-2021-2022-AJC-diocese-14-mars-1_Page_2.jpg\",\"width\":1416,\"height\":1002},{\"@type\":\"BreadcrumbList\",\"@id\":\"https:\/\/ajc33.com\/index.php\/sur-le-livre-desther-et-la-perennisation-du-peuple-juif\/#breadcrumb\",\"itemListElement\":[{\"@type\":\"ListItem\",\"position\":1,\"name\":\"Home\",\"item\":\"https:\/\/ajc33.com\/\"},{\"@type\":\"ListItem\",\"position\":2,\"name\":\"Sur le livre d&#8217;Esther et la p\u00e9rennisation du peuple juif changement de date et de lieu !\"}]},{\"@type\":\"WebSite\",\"@id\":\"https:\/\/ajc33.com\/#website\",\"url\":\"https:\/\/ajc33.com\/\",\"name\":\"L&#039;amiti\u00e9 Jud\u00e9o-Chr\u00e9tienne de Bordeaux\",\"description\":\"\",\"publisher\":{\"@id\":\"https:\/\/ajc33.com\/#organization\"},\"potentialAction\":[{\"@type\":\"SearchAction\",\"target\":{\"@type\":\"EntryPoint\",\"urlTemplate\":\"https:\/\/ajc33.com\/?s={search_term_string}\"},\"query-input\":{\"@type\":\"PropertyValueSpecification\",\"valueRequired\":true,\"valueName\":\"search_term_string\"}}],\"inLanguage\":\"fr-FR\"},{\"@type\":\"Organization\",\"@id\":\"https:\/\/ajc33.com\/#organization\",\"name\":\"L&#039;amiti\u00e9 Jud\u00e9o-Chr\u00e9tienne de Bordeaux\",\"url\":\"https:\/\/ajc33.com\/\",\"logo\":{\"@type\":\"ImageObject\",\"inLanguage\":\"fr-FR\",\"@id\":\"https:\/\/ajc33.com\/#\/schema\/logo\/image\/\",\"url\":\"https:\/\/ajc33.com\/wp-content\/uploads\/2018\/03\/cropped-ajc-bod-2.jpg\",\"contentUrl\":\"https:\/\/ajc33.com\/wp-content\/uploads\/2018\/03\/cropped-ajc-bod-2.jpg\",\"width\":200,\"height\":191,\"caption\":\"L&#039;amiti\u00e9 Jud\u00e9o-Chr\u00e9tienne de Bordeaux\"},\"image\":{\"@id\":\"https:\/\/ajc33.com\/#\/schema\/logo\/image\/\"}}]}<\/script>\n<!-- \/ Yoast SEO plugin. -->","yoast_head_json":{"title":"Sur le livre d'Esther et la p\u00e9rennisation du peuple juif changement de date et de lieu ! - L&#039;amiti\u00e9 Jud\u00e9o-Chr\u00e9tienne de Bordeaux","robots":{"index":"index","follow":"follow","max-snippet":"max-snippet:-1","max-image-preview":"max-image-preview:large","max-video-preview":"max-video-preview:-1"},"canonical":"https:\/\/ajc33.com\/index.php\/sur-le-livre-desther-et-la-perennisation-du-peuple-juif\/","og_locale":"fr_FR","og_type":"article","og_title":"Sur le livre d'Esther et la p\u00e9rennisation du peuple juif changement de date et de lieu ! - L&#039;amiti\u00e9 Jud\u00e9o-Chr\u00e9tienne de Bordeaux","og_description":"Cette rencontre est report\u00e9e au 7 juin \u00e0 20h \u00e0 la synagogue de Bordeaux Nous devions nous retrouver\u00a0le 28 mars\u00a0avec le rabbin de Bordeaux Moshe Taieb &#8211; cette date de&hellip; Lire la suite Sur le livre d&rsquo;Esther et la p\u00e9rennisation du peuple juif changement de date et de lieu !","og_url":"https:\/\/ajc33.com\/index.php\/sur-le-livre-desther-et-la-perennisation-du-peuple-juif\/","og_site_name":"L&#039;amiti\u00e9 Jud\u00e9o-Chr\u00e9tienne de Bordeaux","article_modified_time":"2022-03-25T10:02:41+00:00","og_image":[{"url":"https:\/\/ajc33.com\/wp-content\/uploads\/2022\/02\/Pub-Taieb-2021-2022-AJC-diocese-14-mars-1_Page_2-1024x725.jpg","type":"","width":"","height":""}],"twitter_card":"summary_large_image","twitter_misc":{"Dur\u00e9e de lecture estim\u00e9e":"2 minutes"},"schema":{"@context":"https:\/\/schema.org","@graph":[{"@type":"WebPage","@id":"https:\/\/ajc33.com\/index.php\/sur-le-livre-desther-et-la-perennisation-du-peuple-juif\/","url":"https:\/\/ajc33.com\/index.php\/sur-le-livre-desther-et-la-perennisation-du-peuple-juif\/","name":"Sur le livre d'Esther et la p\u00e9rennisation du peuple juif changement de date et de lieu ! - L&#039;amiti\u00e9 Jud\u00e9o-Chr\u00e9tienne de Bordeaux","isPartOf":{"@id":"https:\/\/ajc33.com\/#website"},"primaryImageOfPage":{"@id":"https:\/\/ajc33.com\/index.php\/sur-le-livre-desther-et-la-perennisation-du-peuple-juif\/#primaryimage"},"image":{"@id":"https:\/\/ajc33.com\/index.php\/sur-le-livre-desther-et-la-perennisation-du-peuple-juif\/#primaryimage"},"thumbnailUrl":"https:\/\/ajc33.com\/wp-content\/uploads\/2022\/02\/Pub-Taieb-2021-2022-AJC-diocese-14-mars-1_Page_2-1024x725.jpg","datePublished":"2022-02-15T10:04:55+00:00","dateModified":"2022-03-25T10:02:41+00:00","breadcrumb":{"@id":"https:\/\/ajc33.com\/index.php\/sur-le-livre-desther-et-la-perennisation-du-peuple-juif\/#breadcrumb"},"inLanguage":"fr-FR","potentialAction":[{"@type":"ReadAction","target":["https:\/\/ajc33.com\/index.php\/sur-le-livre-desther-et-la-perennisation-du-peuple-juif\/"]}]},{"@type":"ImageObject","inLanguage":"fr-FR","@id":"https:\/\/ajc33.com\/index.php\/sur-le-livre-desther-et-la-perennisation-du-peuple-juif\/#primaryimage","url":"https:\/\/ajc33.com\/wp-content\/uploads\/2022\/02\/Pub-Taieb-2021-2022-AJC-diocese-14-mars-1_Page_2.jpg","contentUrl":"https:\/\/ajc33.com\/wp-content\/uploads\/2022\/02\/Pub-Taieb-2021-2022-AJC-diocese-14-mars-1_Page_2.jpg","width":1416,"height":1002},{"@type":"BreadcrumbList","@id":"https:\/\/ajc33.com\/index.php\/sur-le-livre-desther-et-la-perennisation-du-peuple-juif\/#breadcrumb","itemListElement":[{"@type":"ListItem","position":1,"name":"Home","item":"https:\/\/ajc33.com\/"},{"@type":"ListItem","position":2,"name":"Sur le livre d&#8217;Esther et la p\u00e9rennisation du peuple juif changement de date et de lieu !"}]},{"@type":"WebSite","@id":"https:\/\/ajc33.com\/#website","url":"https:\/\/ajc33.com\/","name":"L&#039;amiti\u00e9 Jud\u00e9o-Chr\u00e9tienne de Bordeaux","description":"","publisher":{"@id":"https:\/\/ajc33.com\/#organization"},"potentialAction":[{"@type":"SearchAction","target":{"@type":"EntryPoint","urlTemplate":"https:\/\/ajc33.com\/?s={search_term_string}"},"query-input":{"@type":"PropertyValueSpecification","valueRequired":true,"valueName":"search_term_string"}}],"inLanguage":"fr-FR"},{"@type":"Organization","@id":"https:\/\/ajc33.com\/#organization","name":"L&#039;amiti\u00e9 Jud\u00e9o-Chr\u00e9tienne de Bordeaux","url":"https:\/\/ajc33.com\/","logo":{"@type":"ImageObject","inLanguage":"fr-FR","@id":"https:\/\/ajc33.com\/#\/schema\/logo\/image\/","url":"https:\/\/ajc33.com\/wp-content\/uploads\/2018\/03\/cropped-ajc-bod-2.jpg","contentUrl":"https:\/\/ajc33.com\/wp-content\/uploads\/2018\/03\/cropped-ajc-bod-2.jpg","width":200,"height":191,"caption":"L&#039;amiti\u00e9 Jud\u00e9o-Chr\u00e9tienne de Bordeaux"},"image":{"@id":"https:\/\/ajc33.com\/#\/schema\/logo\/image\/"}}]}},"jetpack_sharing_enabled":true,"_links":{"self":[{"href":"https:\/\/ajc33.com\/index.php\/wp-json\/wp\/v2\/pages\/506","targetHints":{"allow":["GET"]}}],"collection":[{"href":"https:\/\/ajc33.com\/index.php\/wp-json\/wp\/v2\/pages"}],"about":[{"href":"https:\/\/ajc33.com\/index.php\/wp-json\/wp\/v2\/types\/page"}],"author":[{"embeddable":true,"href":"https:\/\/ajc33.com\/index.php\/wp-json\/wp\/v2\/users\/1"}],"replies":[{"embeddable":true,"href":"https:\/\/ajc33.com\/index.php\/wp-json\/wp\/v2\/comments?post=506"}],"version-history":[{"count":2,"href":"https:\/\/ajc33.com\/index.php\/wp-json\/wp\/v2\/pages\/506\/revisions"}],"predecessor-version":[{"id":524,"href":"https:\/\/ajc33.com\/index.php\/wp-json\/wp\/v2\/pages\/506\/revisions\/524"}],"wp:attachment":[{"href":"https:\/\/ajc33.com\/index.php\/wp-json\/wp\/v2\/media?parent=506"}],"wp:term":[{"taxonomy":"post_tag","embeddable":true,"href":"https:\/\/ajc33.com\/index.php\/wp-json\/wp\/v2\/tags?post=506"}],"curies":[{"name":"wp","href":"https:\/\/api.w.org\/{rel}","templated":true}]}}