{"id":482,"date":"2021-09-24T20:04:50","date_gmt":"2021-09-24T18:04:50","guid":{"rendered":"https:\/\/ajc33.com\/?page_id=482"},"modified":"2021-09-24T20:05:28","modified_gmt":"2021-09-24T18:05:28","slug":"etat-des-relations-juifs-chretiens-en-france-et-reflexions-sur-les-perspectives-davenir","status":"publish","type":"page","link":"https:\/\/ajc33.com\/index.php\/etat-des-relations-juifs-chretiens-en-france-et-reflexions-sur-les-perspectives-davenir\/","title":{"rendered":"\u00ab Etat des relations Juifs &#8211; Chr\u00e9tiens en France et R\u00e9flexions sur les perspectives d\u2019avenir\u00a0\u00bb"},"content":{"rendered":"\n<p><strong>Ann\u00e9e 2021-2022-<\/strong>&nbsp;&nbsp;&nbsp;&nbsp;&nbsp;&nbsp;&nbsp;&nbsp;&nbsp;&nbsp;&nbsp;&nbsp;&nbsp;&nbsp;&nbsp;&nbsp;&nbsp;&nbsp;&nbsp;&nbsp;&nbsp;&nbsp;&nbsp;&nbsp;&nbsp;&nbsp;&nbsp;&nbsp;&nbsp;&nbsp;&nbsp;&nbsp;&nbsp;&nbsp;&nbsp;&nbsp;&nbsp;&nbsp;&nbsp;&nbsp;&nbsp;&nbsp;&nbsp;&nbsp;&nbsp;&nbsp;&nbsp;&nbsp;&nbsp;&nbsp;&nbsp; <strong>Ann\u00e9e <\/strong><strong>5782<\/strong><\/p>\n\n\n\n<figure class=\"wp-block-image size-large\"><img loading=\"lazy\" decoding=\"async\" width=\"200\" height=\"191\" src=\"https:\/\/ajc33.com\/wp-content\/uploads\/2018\/03\/cropped-ajc-bod-2.jpg\" alt=\"\" class=\"wp-image-102\"\/><\/figure>\n\n\n\n<h1 class=\"wp-block-heading\">L\u2019AMITIE JUDEO-CHRETIENNE de BORDEAUX <\/h1>\n\n\n\n<p>L\u2019amiti\u00e9 jud\u00e9o-chr\u00e9tienne de Bordeaux re\u00e7oit le <strong><em>nouveau pr\u00e9sident de l\u2019AJCF<\/em><\/strong><\/p>\n\n\n\n<h1 class=\"wp-block-heading\">Jean-Dominique Durand<\/h1>\n\n\n\n<p><strong>Le mercredi 6 octobre \u00e0 20 h \u00e0 la Maison St Louis Beaulieu 145 rue St Gen\u00e8s \u00e0 Bordeaux<\/strong><\/p>\n\n\n\n<p><strong>Sur \u00ab Etat des relations Juifs &#8211; Chr\u00e9tiens en France et R\u00e9flexions sur les perspectives d\u2019avenir\u00a0\u00bb<\/strong><\/p>\n\n\n\n<p>Jean-Dominique Durand est Professeur \u00e9m\u00e9rite d&rsquo;histoire religieuse contemporaine (et surtout de l&rsquo;histoire de l&rsquo;\u00c9glise). Il a fortement contribu\u00e9 au combat contre le n\u00e9gationnisme de Faurisson et de ses adeptes, \u00e0 faire avorter le projet de b\u00e9atification du P\u00e8re Dehon en raison de ses propos antis\u00e9mites, et, lorsqu&rsquo;il \u00e9tait adjoint de l&rsquo;ancien maire de Lyon et charg\u00e9 des relations avec les cultes, \u00e0 renforcer les liens de la municipalit\u00e9 avec la communaut\u00e9 juive et veiller \u00e0 la perp\u00e9tuation de la m\u00e9moire de la Shoah. La lutte contre l&rsquo;antis\u00e9mitisme est, pour lui, l&rsquo;objectif prioritaire, mais aussi le d\u00e9veloppement et le rayonnement de l&rsquo;amiti\u00e9 entre juifs et chr\u00e9tiens.<\/p>\n\n\n\n<p>Entr\u00e9e libre avec <strong>P.A.F. (adh\u00e9rents : 5\u20ac ; non-adh\u00e9rents : 8\u20ac)<\/strong><\/p>\n\n\n\n<p><strong>Mail contact : <\/strong><a href=\"mailto:cph.leruste@hotmail.fr\"><strong>cph.leruste@hotmail.fr<\/strong><strong> <\/strong><\/a><strong>; site internet : <u>https:\/\/ajc33.com\/<\/u><\/strong><\/p>\n\n\n\n<p><strong>Facebook : <u>https:\/\/<\/u><\/strong><a href=\"http:\/\/www.facebook.com\/AJCbordeaux\"><strong>www.facebook.com\/AJCbordeaux<\/strong><\/a><strong><\/strong><\/p>\n","protected":false},"excerpt":{"rendered":"<p>Ann\u00e9e 2021-2022-&nbsp;&nbsp;&nbsp;&nbsp;&nbsp;&nbsp;&nbsp;&nbsp;&nbsp;&nbsp;&nbsp;&nbsp;&nbsp;&nbsp;&nbsp;&nbsp;&nbsp;&nbsp;&nbsp;&nbsp;&nbsp;&nbsp;&nbsp;&nbsp;&nbsp;&nbsp;&nbsp;&nbsp;&nbsp;&nbsp;&nbsp;&nbsp;&nbsp;&nbsp;&nbsp;&nbsp;&nbsp;&nbsp;&nbsp;&nbsp;&nbsp;&nbsp;&nbsp;&nbsp;&nbsp;&nbsp;&nbsp;&nbsp;&nbsp;&nbsp;&nbsp; Ann\u00e9e 5782 L\u2019AMITIE JUDEO-CHRETIENNE de BORDEAUX L\u2019amiti\u00e9 jud\u00e9o-chr\u00e9tienne de Bordeaux re\u00e7oit le nouveau pr\u00e9sident de l\u2019AJCF Jean-Dominique Durand Le mercredi 6 octobre \u00e0 20 h \u00e0 la Maison&hellip; <a href=\"https:\/\/ajc33.com\/index.php\/etat-des-relations-juifs-chretiens-en-france-et-reflexions-sur-les-perspectives-davenir\/\" class=\"more-link\">Lire la suite <span class=\"screen-reader-text\">\u00ab Etat des relations Juifs &#8211; Chr\u00e9tiens en France et R\u00e9flexions sur les perspectives d\u2019avenir\u00a0\u00bb<\/span><\/a><\/p>\n","protected":false},"author":1,"featured_media":0,"parent":0,"menu_order":0,"comment_status":"closed","ping_status":"closed","template":"","meta":{"footnotes":""},"tags":[],"class_list":["post-482","page","type-page","status-publish","hentry","without-featured-image"],"yoast_head":"<!-- This site is optimized with the Yoast SEO plugin v26.6 - https:\/\/yoast.com\/wordpress\/plugins\/seo\/ -->\n<title>\u00ab Etat des relations Juifs - Chr\u00e9tiens en France et R\u00e9flexions sur les perspectives d\u2019avenir&quot; - L&#039;amiti\u00e9 Jud\u00e9o-Chr\u00e9tienne de Bordeaux<\/title>\n<meta name=\"robots\" content=\"index, follow, max-snippet:-1, max-image-preview:large, max-video-preview:-1\" \/>\n<link rel=\"canonical\" href=\"https:\/\/ajc33.com\/index.php\/etat-des-relations-juifs-chretiens-en-france-et-reflexions-sur-les-perspectives-davenir\/\" \/>\n<meta property=\"og:locale\" content=\"fr_FR\" \/>\n<meta property=\"og:type\" content=\"article\" \/>\n<meta property=\"og:title\" content=\"\u00ab Etat des relations Juifs - Chr\u00e9tiens en France et R\u00e9flexions sur les perspectives d\u2019avenir&quot; - L&#039;amiti\u00e9 Jud\u00e9o-Chr\u00e9tienne de Bordeaux\" \/>\n<meta property=\"og:description\" content=\"Ann\u00e9e 2021-2022-&nbsp;&nbsp;&nbsp;&nbsp;&nbsp;&nbsp;&nbsp;&nbsp;&nbsp;&nbsp;&nbsp;&nbsp;&nbsp;&nbsp;&nbsp;&nbsp;&nbsp;&nbsp;&nbsp;&nbsp;&nbsp;&nbsp;&nbsp;&nbsp;&nbsp;&nbsp;&nbsp;&nbsp;&nbsp;&nbsp;&nbsp;&nbsp;&nbsp;&nbsp;&nbsp;&nbsp;&nbsp;&nbsp;&nbsp;&nbsp;&nbsp;&nbsp;&nbsp;&nbsp;&nbsp;&nbsp;&nbsp;&nbsp;&nbsp;&nbsp;&nbsp; Ann\u00e9e 5782 L\u2019AMITIE JUDEO-CHRETIENNE de BORDEAUX L\u2019amiti\u00e9 jud\u00e9o-chr\u00e9tienne de Bordeaux re\u00e7oit le nouveau pr\u00e9sident de l\u2019AJCF Jean-Dominique Durand Le mercredi 6 octobre \u00e0 20 h \u00e0 la Maison&hellip; Lire la suite \u00ab Etat des relations Juifs &#8211; Chr\u00e9tiens en France et R\u00e9flexions sur les perspectives d\u2019avenir\u00a0\u00bb\" \/>\n<meta property=\"og:url\" content=\"https:\/\/ajc33.com\/index.php\/etat-des-relations-juifs-chretiens-en-france-et-reflexions-sur-les-perspectives-davenir\/\" \/>\n<meta property=\"og:site_name\" content=\"L&#039;amiti\u00e9 Jud\u00e9o-Chr\u00e9tienne de Bordeaux\" \/>\n<meta property=\"article:modified_time\" content=\"2021-09-24T18:05:28+00:00\" \/>\n<meta property=\"og:image\" content=\"https:\/\/ajc33.com\/wp-content\/uploads\/2018\/03\/cropped-ajc-bod-2.jpg\" \/>\n<meta name=\"twitter:card\" content=\"summary_large_image\" \/>\n<meta name=\"twitter:label1\" content=\"Dur\u00e9e de lecture estim\u00e9e\" \/>\n\t<meta name=\"twitter:data1\" content=\"1 minute\" \/>\n<script type=\"application\/ld+json\" class=\"yoast-schema-graph\">{\"@context\":\"https:\/\/schema.org\",\"@graph\":[{\"@type\":\"WebPage\",\"@id\":\"https:\/\/ajc33.com\/index.php\/etat-des-relations-juifs-chretiens-en-france-et-reflexions-sur-les-perspectives-davenir\/\",\"url\":\"https:\/\/ajc33.com\/index.php\/etat-des-relations-juifs-chretiens-en-france-et-reflexions-sur-les-perspectives-davenir\/\",\"name\":\"\u00ab Etat des relations Juifs - Chr\u00e9tiens en France et R\u00e9flexions sur les perspectives d\u2019avenir\\\" - L&#039;amiti\u00e9 Jud\u00e9o-Chr\u00e9tienne de Bordeaux\",\"isPartOf\":{\"@id\":\"https:\/\/ajc33.com\/#website\"},\"primaryImageOfPage\":{\"@id\":\"https:\/\/ajc33.com\/index.php\/etat-des-relations-juifs-chretiens-en-france-et-reflexions-sur-les-perspectives-davenir\/#primaryimage\"},\"image\":{\"@id\":\"https:\/\/ajc33.com\/index.php\/etat-des-relations-juifs-chretiens-en-france-et-reflexions-sur-les-perspectives-davenir\/#primaryimage\"},\"thumbnailUrl\":\"https:\/\/ajc33.com\/wp-content\/uploads\/2018\/03\/cropped-ajc-bod-2.jpg\",\"datePublished\":\"2021-09-24T18:04:50+00:00\",\"dateModified\":\"2021-09-24T18:05:28+00:00\",\"breadcrumb\":{\"@id\":\"https:\/\/ajc33.com\/index.php\/etat-des-relations-juifs-chretiens-en-france-et-reflexions-sur-les-perspectives-davenir\/#breadcrumb\"},\"inLanguage\":\"fr-FR\",\"potentialAction\":[{\"@type\":\"ReadAction\",\"target\":[\"https:\/\/ajc33.com\/index.php\/etat-des-relations-juifs-chretiens-en-france-et-reflexions-sur-les-perspectives-davenir\/\"]}]},{\"@type\":\"ImageObject\",\"inLanguage\":\"fr-FR\",\"@id\":\"https:\/\/ajc33.com\/index.php\/etat-des-relations-juifs-chretiens-en-france-et-reflexions-sur-les-perspectives-davenir\/#primaryimage\",\"url\":\"https:\/\/ajc33.com\/wp-content\/uploads\/2018\/03\/cropped-ajc-bod-2.jpg\",\"contentUrl\":\"https:\/\/ajc33.com\/wp-content\/uploads\/2018\/03\/cropped-ajc-bod-2.jpg\",\"width\":200,\"height\":191},{\"@type\":\"BreadcrumbList\",\"@id\":\"https:\/\/ajc33.com\/index.php\/etat-des-relations-juifs-chretiens-en-france-et-reflexions-sur-les-perspectives-davenir\/#breadcrumb\",\"itemListElement\":[{\"@type\":\"ListItem\",\"position\":1,\"name\":\"Home\",\"item\":\"https:\/\/ajc33.com\/\"},{\"@type\":\"ListItem\",\"position\":2,\"name\":\"\u00ab Etat des relations Juifs &#8211; Chr\u00e9tiens en France et R\u00e9flexions sur les perspectives d\u2019avenir&#8221;\"}]},{\"@type\":\"WebSite\",\"@id\":\"https:\/\/ajc33.com\/#website\",\"url\":\"https:\/\/ajc33.com\/\",\"name\":\"L&#039;amiti\u00e9 Jud\u00e9o-Chr\u00e9tienne de Bordeaux\",\"description\":\"\",\"publisher\":{\"@id\":\"https:\/\/ajc33.com\/#organization\"},\"potentialAction\":[{\"@type\":\"SearchAction\",\"target\":{\"@type\":\"EntryPoint\",\"urlTemplate\":\"https:\/\/ajc33.com\/?s={search_term_string}\"},\"query-input\":{\"@type\":\"PropertyValueSpecification\",\"valueRequired\":true,\"valueName\":\"search_term_string\"}}],\"inLanguage\":\"fr-FR\"},{\"@type\":\"Organization\",\"@id\":\"https:\/\/ajc33.com\/#organization\",\"name\":\"L&#039;amiti\u00e9 Jud\u00e9o-Chr\u00e9tienne de Bordeaux\",\"url\":\"https:\/\/ajc33.com\/\",\"logo\":{\"@type\":\"ImageObject\",\"inLanguage\":\"fr-FR\",\"@id\":\"https:\/\/ajc33.com\/#\/schema\/logo\/image\/\",\"url\":\"https:\/\/ajc33.com\/wp-content\/uploads\/2018\/03\/cropped-ajc-bod-2.jpg\",\"contentUrl\":\"https:\/\/ajc33.com\/wp-content\/uploads\/2018\/03\/cropped-ajc-bod-2.jpg\",\"width\":200,\"height\":191,\"caption\":\"L&#039;amiti\u00e9 Jud\u00e9o-Chr\u00e9tienne de Bordeaux\"},\"image\":{\"@id\":\"https:\/\/ajc33.com\/#\/schema\/logo\/image\/\"}}]}<\/script>\n<!-- \/ Yoast SEO plugin. -->","yoast_head_json":{"title":"\u00ab Etat des relations Juifs - Chr\u00e9tiens en France et R\u00e9flexions sur les perspectives d\u2019avenir\" - L&#039;amiti\u00e9 Jud\u00e9o-Chr\u00e9tienne de Bordeaux","robots":{"index":"index","follow":"follow","max-snippet":"max-snippet:-1","max-image-preview":"max-image-preview:large","max-video-preview":"max-video-preview:-1"},"canonical":"https:\/\/ajc33.com\/index.php\/etat-des-relations-juifs-chretiens-en-france-et-reflexions-sur-les-perspectives-davenir\/","og_locale":"fr_FR","og_type":"article","og_title":"\u00ab Etat des relations Juifs - Chr\u00e9tiens en France et R\u00e9flexions sur les perspectives d\u2019avenir\" - L&#039;amiti\u00e9 Jud\u00e9o-Chr\u00e9tienne de Bordeaux","og_description":"Ann\u00e9e 2021-2022-&nbsp;&nbsp;&nbsp;&nbsp;&nbsp;&nbsp;&nbsp;&nbsp;&nbsp;&nbsp;&nbsp;&nbsp;&nbsp;&nbsp;&nbsp;&nbsp;&nbsp;&nbsp;&nbsp;&nbsp;&nbsp;&nbsp;&nbsp;&nbsp;&nbsp;&nbsp;&nbsp;&nbsp;&nbsp;&nbsp;&nbsp;&nbsp;&nbsp;&nbsp;&nbsp;&nbsp;&nbsp;&nbsp;&nbsp;&nbsp;&nbsp;&nbsp;&nbsp;&nbsp;&nbsp;&nbsp;&nbsp;&nbsp;&nbsp;&nbsp;&nbsp; Ann\u00e9e 5782 L\u2019AMITIE JUDEO-CHRETIENNE de BORDEAUX L\u2019amiti\u00e9 jud\u00e9o-chr\u00e9tienne de Bordeaux re\u00e7oit le nouveau pr\u00e9sident de l\u2019AJCF Jean-Dominique Durand Le mercredi 6 octobre \u00e0 20 h \u00e0 la Maison&hellip; Lire la suite \u00ab Etat des relations Juifs &#8211; Chr\u00e9tiens en France et R\u00e9flexions sur les perspectives d\u2019avenir\u00a0\u00bb","og_url":"https:\/\/ajc33.com\/index.php\/etat-des-relations-juifs-chretiens-en-france-et-reflexions-sur-les-perspectives-davenir\/","og_site_name":"L&#039;amiti\u00e9 Jud\u00e9o-Chr\u00e9tienne de Bordeaux","article_modified_time":"2021-09-24T18:05:28+00:00","og_image":[{"url":"https:\/\/ajc33.com\/wp-content\/uploads\/2018\/03\/cropped-ajc-bod-2.jpg","type":"","width":"","height":""}],"twitter_card":"summary_large_image","twitter_misc":{"Dur\u00e9e de lecture estim\u00e9e":"1 minute"},"schema":{"@context":"https:\/\/schema.org","@graph":[{"@type":"WebPage","@id":"https:\/\/ajc33.com\/index.php\/etat-des-relations-juifs-chretiens-en-france-et-reflexions-sur-les-perspectives-davenir\/","url":"https:\/\/ajc33.com\/index.php\/etat-des-relations-juifs-chretiens-en-france-et-reflexions-sur-les-perspectives-davenir\/","name":"\u00ab Etat des relations Juifs - Chr\u00e9tiens en France et R\u00e9flexions sur les perspectives d\u2019avenir\" - L&#039;amiti\u00e9 Jud\u00e9o-Chr\u00e9tienne de Bordeaux","isPartOf":{"@id":"https:\/\/ajc33.com\/#website"},"primaryImageOfPage":{"@id":"https:\/\/ajc33.com\/index.php\/etat-des-relations-juifs-chretiens-en-france-et-reflexions-sur-les-perspectives-davenir\/#primaryimage"},"image":{"@id":"https:\/\/ajc33.com\/index.php\/etat-des-relations-juifs-chretiens-en-france-et-reflexions-sur-les-perspectives-davenir\/#primaryimage"},"thumbnailUrl":"https:\/\/ajc33.com\/wp-content\/uploads\/2018\/03\/cropped-ajc-bod-2.jpg","datePublished":"2021-09-24T18:04:50+00:00","dateModified":"2021-09-24T18:05:28+00:00","breadcrumb":{"@id":"https:\/\/ajc33.com\/index.php\/etat-des-relations-juifs-chretiens-en-france-et-reflexions-sur-les-perspectives-davenir\/#breadcrumb"},"inLanguage":"fr-FR","potentialAction":[{"@type":"ReadAction","target":["https:\/\/ajc33.com\/index.php\/etat-des-relations-juifs-chretiens-en-france-et-reflexions-sur-les-perspectives-davenir\/"]}]},{"@type":"ImageObject","inLanguage":"fr-FR","@id":"https:\/\/ajc33.com\/index.php\/etat-des-relations-juifs-chretiens-en-france-et-reflexions-sur-les-perspectives-davenir\/#primaryimage","url":"https:\/\/ajc33.com\/wp-content\/uploads\/2018\/03\/cropped-ajc-bod-2.jpg","contentUrl":"https:\/\/ajc33.com\/wp-content\/uploads\/2018\/03\/cropped-ajc-bod-2.jpg","width":200,"height":191},{"@type":"BreadcrumbList","@id":"https:\/\/ajc33.com\/index.php\/etat-des-relations-juifs-chretiens-en-france-et-reflexions-sur-les-perspectives-davenir\/#breadcrumb","itemListElement":[{"@type":"ListItem","position":1,"name":"Home","item":"https:\/\/ajc33.com\/"},{"@type":"ListItem","position":2,"name":"\u00ab Etat des relations Juifs &#8211; Chr\u00e9tiens en France et R\u00e9flexions sur les perspectives d\u2019avenir&#8221;"}]},{"@type":"WebSite","@id":"https:\/\/ajc33.com\/#website","url":"https:\/\/ajc33.com\/","name":"L&#039;amiti\u00e9 Jud\u00e9o-Chr\u00e9tienne de Bordeaux","description":"","publisher":{"@id":"https:\/\/ajc33.com\/#organization"},"potentialAction":[{"@type":"SearchAction","target":{"@type":"EntryPoint","urlTemplate":"https:\/\/ajc33.com\/?s={search_term_string}"},"query-input":{"@type":"PropertyValueSpecification","valueRequired":true,"valueName":"search_term_string"}}],"inLanguage":"fr-FR"},{"@type":"Organization","@id":"https:\/\/ajc33.com\/#organization","name":"L&#039;amiti\u00e9 Jud\u00e9o-Chr\u00e9tienne de Bordeaux","url":"https:\/\/ajc33.com\/","logo":{"@type":"ImageObject","inLanguage":"fr-FR","@id":"https:\/\/ajc33.com\/#\/schema\/logo\/image\/","url":"https:\/\/ajc33.com\/wp-content\/uploads\/2018\/03\/cropped-ajc-bod-2.jpg","contentUrl":"https:\/\/ajc33.com\/wp-content\/uploads\/2018\/03\/cropped-ajc-bod-2.jpg","width":200,"height":191,"caption":"L&#039;amiti\u00e9 Jud\u00e9o-Chr\u00e9tienne de Bordeaux"},"image":{"@id":"https:\/\/ajc33.com\/#\/schema\/logo\/image\/"}}]}},"jetpack_sharing_enabled":true,"_links":{"self":[{"href":"https:\/\/ajc33.com\/index.php\/wp-json\/wp\/v2\/pages\/482","targetHints":{"allow":["GET"]}}],"collection":[{"href":"https:\/\/ajc33.com\/index.php\/wp-json\/wp\/v2\/pages"}],"about":[{"href":"https:\/\/ajc33.com\/index.php\/wp-json\/wp\/v2\/types\/page"}],"author":[{"embeddable":true,"href":"https:\/\/ajc33.com\/index.php\/wp-json\/wp\/v2\/users\/1"}],"replies":[{"embeddable":true,"href":"https:\/\/ajc33.com\/index.php\/wp-json\/wp\/v2\/comments?post=482"}],"version-history":[{"count":1,"href":"https:\/\/ajc33.com\/index.php\/wp-json\/wp\/v2\/pages\/482\/revisions"}],"predecessor-version":[{"id":484,"href":"https:\/\/ajc33.com\/index.php\/wp-json\/wp\/v2\/pages\/482\/revisions\/484"}],"wp:attachment":[{"href":"https:\/\/ajc33.com\/index.php\/wp-json\/wp\/v2\/media?parent=482"}],"wp:term":[{"taxonomy":"post_tag","embeddable":true,"href":"https:\/\/ajc33.com\/index.php\/wp-json\/wp\/v2\/tags?post=482"}],"curies":[{"name":"wp","href":"https:\/\/api.w.org\/{rel}","templated":true}]}}