{"id":472,"date":"2021-05-24T19:59:32","date_gmt":"2021-05-24T17:59:32","guid":{"rendered":"https:\/\/ajc33.com\/?page_id=472"},"modified":"2021-05-24T22:38:00","modified_gmt":"2021-05-24T20:38:00","slug":"in-memoriam-la-paque-de-michel-remaud","status":"publish","type":"page","link":"https:\/\/ajc33.com\/index.php\/in-memoriam-la-paque-de-michel-remaud\/","title":{"rendered":"In Memoriam &#8211; La P\u00e2que de Michel Remaud &#8211;"},"content":{"rendered":"\n<p>En ce matin de Pentec\u00f4te, le P\u00e8re Michel Remaud est parti rejoindre la maison du P\u00e8re. \u00ab\u00a0Il est pass\u00e9 de ce monde \u00e0 son P\u00e8re\u00a0\u00bb, apr\u00e8s avoir re\u00e7u les derniers sacrements et dans la paix.C&rsquo;est un grand ap\u00f4tre du dialogue&nbsp;entre Juifs et Chr\u00e9tiens&nbsp;,&nbsp;qui s&rsquo;\u00e9teint le jour de Pentec\u00f4te, o\u00f9 tous se comprennent par l&rsquo;action de l&rsquo;Esprit Saint et un&nbsp;infatigable p\u00e8lerin de Dieu par&nbsp;<a rel=\"noreferrer noopener\" target=\"_blank\" href=\"https:\/\/fr.wikipedia.org\/wiki\/Michel_Remaud\">sa recherche incessante<\/a>&nbsp;de la V\u00e9rit\u00e9.&nbsp;La communaut\u00e9 des p\u00e8res de Chavagnes de Vend\u00e9e est tr\u00e8s \u00e9mue car plusieurs de leurs p\u00e8res sont partis des suites du Covid, ces derniers jours.Que nos pri\u00e8res les accompagnent pour traverser cette \u00e9preuve dans la foi, la lumi\u00e8re de P\u00e2ques et le souffle de Vie de la Pentec\u00f4te.<\/p>\n\n\n\n<p>Et nous confions&nbsp;<strong>P\u00e8re Michel Remaud<\/strong>&nbsp;\u00e0 votre pri\u00e8re. Il avait re\u00e7u le Prix de L&rsquo;Amiti\u00e9 jud\u00e9o-chr\u00e9tienne de France . Passionn\u00e9 des Ecritures , de l&rsquo;Evangile et de ses sources juives , il avait approfondi ce chemin de dialogue en partant vivre en Isra\u00ebl pendant 40 ans pour travailler la relation entre Juifs et Chr\u00e9tiens et la mettre au profit de toute personne int\u00e9ress\u00e9e. &nbsp;En gardant bien s\u00fbr le lien avec la France. Une immersion au coeur de cette terre de Saintet\u00e9 comme pour continuer son p\u00e8lerinage vers D.ieu et les Hommes .<br>Que nous puissions recueillir son h\u00e9ritage, son go\u00fbt de l&rsquo;\u00e9tude et&nbsp; de l&rsquo;interpr\u00e9tation des Ecritures, sa compr\u00e9hension de l&rsquo;importance du Juda\u00efsme, et d&rsquo;Israel pour la foi chr\u00e9tienne; son souci du dialogue Juif-Chr\u00e9tien dans le respect mutuel ; sa foi en J\u00e9sus-Christ et son \u00e9coute de l&rsquo;autre ; son humilit\u00e9 ; que nous puissions en vivre et le transmettre \u00e0 notre tour.<br>Que la m\u00e9moire de ce que chacun de nous a pu vivre ici ou en Israel avec lui nous rappelle la complexit\u00e9 et la richesse de cette terre&nbsp; \u00e0 l&rsquo;image de celle de tout homme et&nbsp; nous fasse vivre de la Parole de D.ieu en toute fraternit\u00e9.<\/p>\n\n\n\n<p>Catherine et&nbsp; Philippe Leruste, vice-pr\u00e9sident de l&rsquo;AJC de Bordeaux.<\/p>\n\n\n\n<p><\/p>\n\n\n\n<figure class=\"wp-block-embed is-type-video is-provider-youtube wp-block-embed-youtube wp-embed-aspect-16-9 wp-has-aspect-ratio\"><div class=\"wp-block-embed__wrapper\">\n<div class=\"jetpack-video-wrapper\"><iframe loading=\"lazy\" title=\"\ud83c\uddee\ud83c\uddf1 Rencontres autour d&#039;Isra\u00ebl : p\u00e8re Michel REMAUD - th\u00e9ologien\" width=\"825\" height=\"464\" src=\"https:\/\/www.youtube.com\/embed\/lCo7oPtSo9c?feature=oembed\" frameborder=\"0\" allow=\"accelerometer; autoplay; clipboard-write; encrypted-media; gyroscope; picture-in-picture\" allowfullscreen><\/iframe><\/div>\n<\/div><\/figure>\n\n\n\n<p><\/p>\n\n\n\n<figure class=\"wp-block-embed is-type-video is-provider-youtube wp-block-embed-youtube wp-embed-aspect-4-3 wp-has-aspect-ratio\"><div class=\"wp-block-embed__wrapper\">\n<div class=\"jetpack-video-wrapper\"><iframe loading=\"lazy\" title=\"Relations entre l&#039;Eglise et le Juda\u00efsme\" width=\"825\" height=\"619\" src=\"https:\/\/www.youtube.com\/embed\/DMcCd9IGh9g?start=376&#038;feature=oembed\" frameborder=\"0\" allow=\"accelerometer; autoplay; clipboard-write; encrypted-media; gyroscope; picture-in-picture\" allowfullscreen><\/iframe><\/div>\n<\/div><\/figure>\n\n\n\n<p>\u00a0Entretien entre Michel Remaud et un Rabbin<\/p>\n","protected":false},"excerpt":{"rendered":"<p>En ce matin de Pentec\u00f4te, le P\u00e8re Michel Remaud est parti rejoindre la maison du P\u00e8re. \u00ab\u00a0Il est pass\u00e9 de ce monde \u00e0 son P\u00e8re\u00a0\u00bb, apr\u00e8s avoir re\u00e7u les derniers&hellip; <a href=\"https:\/\/ajc33.com\/index.php\/in-memoriam-la-paque-de-michel-remaud\/\" class=\"more-link\">Lire la suite <span class=\"screen-reader-text\">In Memoriam &#8211; La P\u00e2que de Michel Remaud &#8211;<\/span><\/a><\/p>\n","protected":false},"author":1,"featured_media":0,"parent":0,"menu_order":0,"comment_status":"closed","ping_status":"closed","template":"","meta":{"footnotes":""},"tags":[],"class_list":["post-472","page","type-page","status-publish","hentry","without-featured-image"],"yoast_head":"<!-- This site is optimized with the Yoast SEO plugin v26.6 - https:\/\/yoast.com\/wordpress\/plugins\/seo\/ -->\n<title>In Memoriam - La P\u00e2que de Michel Remaud - L&#039;amiti\u00e9 Jud\u00e9o-Chr\u00e9tienne de Bordeaux<\/title>\n<meta name=\"robots\" content=\"index, follow, max-snippet:-1, max-image-preview:large, max-video-preview:-1\" \/>\n<link rel=\"canonical\" href=\"https:\/\/ajc33.com\/index.php\/in-memoriam-la-paque-de-michel-remaud\/\" \/>\n<meta property=\"og:locale\" content=\"fr_FR\" \/>\n<meta property=\"og:type\" content=\"article\" \/>\n<meta property=\"og:title\" content=\"In Memoriam - La P\u00e2que de Michel Remaud - L&#039;amiti\u00e9 Jud\u00e9o-Chr\u00e9tienne de Bordeaux\" \/>\n<meta property=\"og:description\" content=\"En ce matin de Pentec\u00f4te, le P\u00e8re Michel Remaud est parti rejoindre la maison du P\u00e8re. \u00ab\u00a0Il est pass\u00e9 de ce monde \u00e0 son P\u00e8re\u00a0\u00bb, apr\u00e8s avoir re\u00e7u les derniers&hellip; Lire la suite In Memoriam &#8211; La P\u00e2que de Michel Remaud &#8211;\" \/>\n<meta property=\"og:url\" content=\"https:\/\/ajc33.com\/index.php\/in-memoriam-la-paque-de-michel-remaud\/\" \/>\n<meta property=\"og:site_name\" content=\"L&#039;amiti\u00e9 Jud\u00e9o-Chr\u00e9tienne de Bordeaux\" \/>\n<meta property=\"article:modified_time\" content=\"2021-05-24T20:38:00+00:00\" \/>\n<meta name=\"twitter:card\" content=\"summary_large_image\" \/>\n<meta name=\"twitter:label1\" content=\"Dur\u00e9e de lecture estim\u00e9e\" \/>\n\t<meta name=\"twitter:data1\" content=\"2 minutes\" \/>\n<script type=\"application\/ld+json\" class=\"yoast-schema-graph\">{\"@context\":\"https:\/\/schema.org\",\"@graph\":[{\"@type\":\"WebPage\",\"@id\":\"https:\/\/ajc33.com\/index.php\/in-memoriam-la-paque-de-michel-remaud\/\",\"url\":\"https:\/\/ajc33.com\/index.php\/in-memoriam-la-paque-de-michel-remaud\/\",\"name\":\"In Memoriam - La P\u00e2que de Michel Remaud - L&#039;amiti\u00e9 Jud\u00e9o-Chr\u00e9tienne de Bordeaux\",\"isPartOf\":{\"@id\":\"https:\/\/ajc33.com\/#website\"},\"datePublished\":\"2021-05-24T17:59:32+00:00\",\"dateModified\":\"2021-05-24T20:38:00+00:00\",\"breadcrumb\":{\"@id\":\"https:\/\/ajc33.com\/index.php\/in-memoriam-la-paque-de-michel-remaud\/#breadcrumb\"},\"inLanguage\":\"fr-FR\",\"potentialAction\":[{\"@type\":\"ReadAction\",\"target\":[\"https:\/\/ajc33.com\/index.php\/in-memoriam-la-paque-de-michel-remaud\/\"]}]},{\"@type\":\"BreadcrumbList\",\"@id\":\"https:\/\/ajc33.com\/index.php\/in-memoriam-la-paque-de-michel-remaud\/#breadcrumb\",\"itemListElement\":[{\"@type\":\"ListItem\",\"position\":1,\"name\":\"Home\",\"item\":\"https:\/\/ajc33.com\/\"},{\"@type\":\"ListItem\",\"position\":2,\"name\":\"In Memoriam &#8211; La P\u00e2que de Michel Remaud &#8211;\"}]},{\"@type\":\"WebSite\",\"@id\":\"https:\/\/ajc33.com\/#website\",\"url\":\"https:\/\/ajc33.com\/\",\"name\":\"L&#039;amiti\u00e9 Jud\u00e9o-Chr\u00e9tienne de Bordeaux\",\"description\":\"\",\"publisher\":{\"@id\":\"https:\/\/ajc33.com\/#organization\"},\"potentialAction\":[{\"@type\":\"SearchAction\",\"target\":{\"@type\":\"EntryPoint\",\"urlTemplate\":\"https:\/\/ajc33.com\/?s={search_term_string}\"},\"query-input\":{\"@type\":\"PropertyValueSpecification\",\"valueRequired\":true,\"valueName\":\"search_term_string\"}}],\"inLanguage\":\"fr-FR\"},{\"@type\":\"Organization\",\"@id\":\"https:\/\/ajc33.com\/#organization\",\"name\":\"L&#039;amiti\u00e9 Jud\u00e9o-Chr\u00e9tienne de Bordeaux\",\"url\":\"https:\/\/ajc33.com\/\",\"logo\":{\"@type\":\"ImageObject\",\"inLanguage\":\"fr-FR\",\"@id\":\"https:\/\/ajc33.com\/#\/schema\/logo\/image\/\",\"url\":\"https:\/\/ajc33.com\/wp-content\/uploads\/2018\/03\/cropped-ajc-bod-2.jpg\",\"contentUrl\":\"https:\/\/ajc33.com\/wp-content\/uploads\/2018\/03\/cropped-ajc-bod-2.jpg\",\"width\":200,\"height\":191,\"caption\":\"L&#039;amiti\u00e9 Jud\u00e9o-Chr\u00e9tienne de Bordeaux\"},\"image\":{\"@id\":\"https:\/\/ajc33.com\/#\/schema\/logo\/image\/\"}}]}<\/script>\n<!-- \/ Yoast SEO plugin. -->","yoast_head_json":{"title":"In Memoriam - La P\u00e2que de Michel Remaud - L&#039;amiti\u00e9 Jud\u00e9o-Chr\u00e9tienne de Bordeaux","robots":{"index":"index","follow":"follow","max-snippet":"max-snippet:-1","max-image-preview":"max-image-preview:large","max-video-preview":"max-video-preview:-1"},"canonical":"https:\/\/ajc33.com\/index.php\/in-memoriam-la-paque-de-michel-remaud\/","og_locale":"fr_FR","og_type":"article","og_title":"In Memoriam - La P\u00e2que de Michel Remaud - L&#039;amiti\u00e9 Jud\u00e9o-Chr\u00e9tienne de Bordeaux","og_description":"En ce matin de Pentec\u00f4te, le P\u00e8re Michel Remaud est parti rejoindre la maison du P\u00e8re. \u00ab\u00a0Il est pass\u00e9 de ce monde \u00e0 son P\u00e8re\u00a0\u00bb, apr\u00e8s avoir re\u00e7u les derniers&hellip; Lire la suite In Memoriam &#8211; La P\u00e2que de Michel Remaud &#8211;","og_url":"https:\/\/ajc33.com\/index.php\/in-memoriam-la-paque-de-michel-remaud\/","og_site_name":"L&#039;amiti\u00e9 Jud\u00e9o-Chr\u00e9tienne de Bordeaux","article_modified_time":"2021-05-24T20:38:00+00:00","twitter_card":"summary_large_image","twitter_misc":{"Dur\u00e9e de lecture estim\u00e9e":"2 minutes"},"schema":{"@context":"https:\/\/schema.org","@graph":[{"@type":"WebPage","@id":"https:\/\/ajc33.com\/index.php\/in-memoriam-la-paque-de-michel-remaud\/","url":"https:\/\/ajc33.com\/index.php\/in-memoriam-la-paque-de-michel-remaud\/","name":"In Memoriam - La P\u00e2que de Michel Remaud - L&#039;amiti\u00e9 Jud\u00e9o-Chr\u00e9tienne de Bordeaux","isPartOf":{"@id":"https:\/\/ajc33.com\/#website"},"datePublished":"2021-05-24T17:59:32+00:00","dateModified":"2021-05-24T20:38:00+00:00","breadcrumb":{"@id":"https:\/\/ajc33.com\/index.php\/in-memoriam-la-paque-de-michel-remaud\/#breadcrumb"},"inLanguage":"fr-FR","potentialAction":[{"@type":"ReadAction","target":["https:\/\/ajc33.com\/index.php\/in-memoriam-la-paque-de-michel-remaud\/"]}]},{"@type":"BreadcrumbList","@id":"https:\/\/ajc33.com\/index.php\/in-memoriam-la-paque-de-michel-remaud\/#breadcrumb","itemListElement":[{"@type":"ListItem","position":1,"name":"Home","item":"https:\/\/ajc33.com\/"},{"@type":"ListItem","position":2,"name":"In Memoriam &#8211; La P\u00e2que de Michel Remaud &#8211;"}]},{"@type":"WebSite","@id":"https:\/\/ajc33.com\/#website","url":"https:\/\/ajc33.com\/","name":"L&#039;amiti\u00e9 Jud\u00e9o-Chr\u00e9tienne de Bordeaux","description":"","publisher":{"@id":"https:\/\/ajc33.com\/#organization"},"potentialAction":[{"@type":"SearchAction","target":{"@type":"EntryPoint","urlTemplate":"https:\/\/ajc33.com\/?s={search_term_string}"},"query-input":{"@type":"PropertyValueSpecification","valueRequired":true,"valueName":"search_term_string"}}],"inLanguage":"fr-FR"},{"@type":"Organization","@id":"https:\/\/ajc33.com\/#organization","name":"L&#039;amiti\u00e9 Jud\u00e9o-Chr\u00e9tienne de Bordeaux","url":"https:\/\/ajc33.com\/","logo":{"@type":"ImageObject","inLanguage":"fr-FR","@id":"https:\/\/ajc33.com\/#\/schema\/logo\/image\/","url":"https:\/\/ajc33.com\/wp-content\/uploads\/2018\/03\/cropped-ajc-bod-2.jpg","contentUrl":"https:\/\/ajc33.com\/wp-content\/uploads\/2018\/03\/cropped-ajc-bod-2.jpg","width":200,"height":191,"caption":"L&#039;amiti\u00e9 Jud\u00e9o-Chr\u00e9tienne de Bordeaux"},"image":{"@id":"https:\/\/ajc33.com\/#\/schema\/logo\/image\/"}}]}},"jetpack_sharing_enabled":true,"_links":{"self":[{"href":"https:\/\/ajc33.com\/index.php\/wp-json\/wp\/v2\/pages\/472","targetHints":{"allow":["GET"]}}],"collection":[{"href":"https:\/\/ajc33.com\/index.php\/wp-json\/wp\/v2\/pages"}],"about":[{"href":"https:\/\/ajc33.com\/index.php\/wp-json\/wp\/v2\/types\/page"}],"author":[{"embeddable":true,"href":"https:\/\/ajc33.com\/index.php\/wp-json\/wp\/v2\/users\/1"}],"replies":[{"embeddable":true,"href":"https:\/\/ajc33.com\/index.php\/wp-json\/wp\/v2\/comments?post=472"}],"version-history":[{"count":2,"href":"https:\/\/ajc33.com\/index.php\/wp-json\/wp\/v2\/pages\/472\/revisions"}],"predecessor-version":[{"id":479,"href":"https:\/\/ajc33.com\/index.php\/wp-json\/wp\/v2\/pages\/472\/revisions\/479"}],"wp:attachment":[{"href":"https:\/\/ajc33.com\/index.php\/wp-json\/wp\/v2\/media?parent=472"}],"wp:term":[{"taxonomy":"post_tag","embeddable":true,"href":"https:\/\/ajc33.com\/index.php\/wp-json\/wp\/v2\/tags?post=472"}],"curies":[{"name":"wp","href":"https:\/\/api.w.org\/{rel}","templated":true}]}}