{"id":453,"date":"2021-03-17T18:27:45","date_gmt":"2021-03-17T17:27:45","guid":{"rendered":"https:\/\/ajc33.com\/?page_id=453"},"modified":"2021-03-17T18:33:45","modified_gmt":"2021-03-17T17:33:45","slug":"les-serviteurs-souffrants-dans-la-bible-rabbin-ph-haddad","status":"publish","type":"page","link":"https:\/\/ajc33.com\/index.php\/les-serviteurs-souffrants-dans-la-bible-rabbin-ph-haddad\/","title":{"rendered":"Les serviteurs souffrants &#8211; dans la Bible  \u2013  Rabbin Ph.Haddad-"},"content":{"rendered":"\n<figure class=\"wp-block-image size-large is-resized is-style-default\"><img loading=\"lazy\" decoding=\"async\" src=\"https:\/\/ajc33.com\/wp-content\/uploads\/2021\/03\/affiches-1-1-790x1024.jpg\" alt=\"\" class=\"wp-image-461\" width=\"523\" height=\"677\" srcset=\"https:\/\/ajc33.com\/wp-content\/uploads\/2021\/03\/affiches-1-1-790x1024.jpg 790w, https:\/\/ajc33.com\/wp-content\/uploads\/2021\/03\/affiches-1-1-231x300.jpg 231w, https:\/\/ajc33.com\/wp-content\/uploads\/2021\/03\/affiches-1-1-768x995.jpg 768w, https:\/\/ajc33.com\/wp-content\/uploads\/2021\/03\/affiches-1-1-1185x1536.jpg 1185w, https:\/\/ajc33.com\/wp-content\/uploads\/2021\/03\/affiches-1-1.jpg 1381w\" sizes=\"auto, (max-width: 523px) 100vw, 523px\" \/><\/figure>\n\n\n\n<p id=\"block-df451983-64d7-425a-be60-c0052e9b9d8e\"><em>Le h\u00e9ros de la Bible est le Juste, l&rsquo;authentique partenaire de Dieu dans l&rsquo;Alliance. Le Juste parach\u00e8ve l&rsquo;oeuvre du Commencement, et r\u00e9-v\u00e8le la pr\u00e9sence de l&rsquo;\u00catre trois fois Saint. Mais d\u00e8s les d\u00e9buts de sa vocation le Juste conna\u00eet les \u00e9preuves, les douleurs, les souffrances. La qui\u00e9tude semble acquise au m\u00e9chant, au des-tructeur du monde qui ne lui appartient pas. Comment comprendre cette souffrance des Justes ? Peut-elle \u00eatre comprise humaine-ment ? Ne r\u00e9v\u00e8le-t-elle pas une souffrance plus ontologique celle d&rsquo;un Dieu qui ne cesse d&rsquo;ac-coucher du monde authentique ? D&rsquo;Abraham \u00e0 Job, de J\u00e9sus aux martyrs post\u00e9rieurs com-ment vivre la foi joyeuse, l&rsquo;esp\u00e9rance heureuse et la Charit\u00e9 bienveillante quand le monde a mal \u00e0 son humanit\u00e9 ? Parcours biblique en quelques heures de fraternit\u00e9 partag\u00e9e&#8230;&nbsp;<\/em><\/p>\n\n\n\n<p id=\"block-3571e2b2-3bff-42e3-b9c4-659865ba262d\">Comme vous le savez depuis bien longtemps, l&rsquo;intervention du&nbsp;Rabbin Philippe Haddad, pr\u00e9vue le 23 mars 2020 et report\u00e9e, \u00e0 la m\u00eame \u00e9poque, pour raisons de Covid, a donc bien lieu ce&nbsp;lundi 22 mars prochain \u00e0 18h\u00a0\u00bb Les serviteurs souffrants \u00e0 travers la Bible\u00a0\u00bb&nbsp;Pour les raisons sanitaires que vous connaissez, elle aura lieu par&nbsp;visio conf\u00e9rence, selon la m\u00eame formule que d&rsquo;habitude (lien ZOOM donn\u00e9 apr\u00e8s inscription)Que cela ne vous d\u00e9courage personne, car le Rabbin est bien habitu\u00e9 \u00e0 cette m\u00e9thode qu&rsquo;il est oblig\u00e9 d&rsquo;utiliser tr\u00e8s souvent et il est bien didactique et r\u00e9pondra \u00e0 vos questions ou r\u00e9flexions \u00e0 la fin de chaque intervention.&nbsp;Son intervention &#8211; apr\u00e8s l&rsquo;accueil de 18h- commencera par un temps de pri\u00e8re &#8211; nous sommes en temps de mont\u00e9e ensemble vers J\u00e9rusalem, puisque les f\u00eates de P\u00e2ques et Pessah se c\u00e9l\u00e8brent la m\u00eame semaine (semaine sainte pour nous).Les deux interventions sont coup\u00e9es pour un temps de pause et collation chez soi (nous retrouverons notre collation rencontre l&rsquo;an prochain en pr\u00e9sentiel !) et suivies de vos questions \u00e9ventuelles. Vous garderez le m\u00eame lien , ce n&rsquo;est qu&rsquo;une pause.&nbsp;Que ce temps de r\u00e9flexion sur les Serviteurs souffrants \u00e0 travers la Bible, nous retrouve ensemble tr\u00e8s nombreux.&nbsp;Faites circuler dans vos groupes, paroisses, amis&#8230;.&nbsp; Et&nbsp;inscrivez-vous vite avec le bulletin d&rsquo;inscription joint aupr\u00e8s de Jeanine Barberes&nbsp;&nbsp;<\/p>\n\n\n\n<p id=\"block-9580bcc6-9ad4-4000-80e5-29b45eefaa29\">Bien \u00e0 vous&nbsp;<\/p>\n\n\n\n<p id=\"block-8714976c-5342-4a62-83a7-1de99ee6970f\">Philippe Leruste et le comit\u00e9 dioc\u00e9sain<\/p>\n\n\n\n<p id=\"block-f5a081ce-3c84-4773-a6cc-a2f70628e8ac\">Lien pour inscription en ligne :<\/p>\n\n\n\n<p id=\"block-97a0cea5-2511-4de6-a57b-114cd1b1cde6\"><a href=\"https:\/\/www.helloasso.com\/associations\/association-amitie-judeo-chretienne-d-aquitaine\/evenements\/rencontre-avec-philippe-haddad-les-serviteurs-souffrants-dans-les-ecritures\">Conf\u00e9rence Rencontre avec philippe haddad \u00a0\u00bb les serviteurs souffrants dans les ecritures\u00a0\u00bb | \u00c9tape 1 : Choix des billets | HelloAsso<\/a><\/p>\n\n\n\n<p id=\"block-77a1a838-91da-4686-b63e-6ca23db30339\">Apr\u00e9s inscription, le lien vous sera envoy\u00e9.<\/p>\n\n\n\n<p id=\"block-91c51bd2-d9b2-4508-b442-d27da9a603cc\">Participation : 8 euros.<\/p>\n\n\n\n<p id=\"block-4d9e6385-24e9-42e4-bbf4-b398f261e8e9\">Par ch\u00e9que adresser un mail \u00e0 : <a>jbarberes@club-internet.fr<\/a><\/p>\n\n\n\n<p id=\"block-e2c28e05-7924-47b4-b080-7e03f1f303fa\">Pour plus de d\u00e9tails sur la soir\u00e9e vous pouvez t\u00e9l\u00e9charger le fichier ci-dessous :<\/p>\n\n\n\n<div class=\"wp-block-file\"><a href=\"https:\/\/ajc33.com\/wp-content\/uploads\/2021\/03\/PhHaddad-22-mars-2021.pdf\">PhHaddad-22-mars-2021<\/a><a href=\"https:\/\/ajc33.com\/wp-content\/uploads\/2021\/03\/PhHaddad-22-mars-2021.pdf\" class=\"wp-block-file__button\" download>T\u00e9l\u00e9charger<\/a><\/div>\n","protected":false},"excerpt":{"rendered":"<p>Le h\u00e9ros de la Bible est le Juste, l&rsquo;authentique partenaire de Dieu dans l&rsquo;Alliance. Le Juste parach\u00e8ve l&rsquo;oeuvre du Commencement, et r\u00e9-v\u00e8le la pr\u00e9sence de l&rsquo;\u00catre trois fois Saint. Mais&hellip; <a href=\"https:\/\/ajc33.com\/index.php\/les-serviteurs-souffrants-dans-la-bible-rabbin-ph-haddad\/\" class=\"more-link\">Lire la suite <span class=\"screen-reader-text\">Les serviteurs souffrants &#8211; dans la Bible  \u2013  Rabbin Ph.Haddad-<\/span><\/a><\/p>\n","protected":false},"author":1,"featured_media":0,"parent":0,"menu_order":0,"comment_status":"closed","ping_status":"closed","template":"","meta":{"footnotes":""},"tags":[],"class_list":["post-453","page","type-page","status-publish","hentry","without-featured-image"],"yoast_head":"<!-- This site is optimized with the Yoast SEO plugin v26.6 - https:\/\/yoast.com\/wordpress\/plugins\/seo\/ -->\n<title>Les serviteurs souffrants - dans la Bible \u2013 Rabbin Ph.Haddad- L&#039;amiti\u00e9 Jud\u00e9o-Chr\u00e9tienne de Bordeaux<\/title>\n<meta name=\"robots\" content=\"index, follow, max-snippet:-1, max-image-preview:large, max-video-preview:-1\" \/>\n<link rel=\"canonical\" href=\"https:\/\/ajc33.com\/index.php\/les-serviteurs-souffrants-dans-la-bible-rabbin-ph-haddad\/\" \/>\n<meta property=\"og:locale\" content=\"fr_FR\" \/>\n<meta property=\"og:type\" content=\"article\" \/>\n<meta property=\"og:title\" content=\"Les serviteurs souffrants - dans la Bible \u2013 Rabbin Ph.Haddad- L&#039;amiti\u00e9 Jud\u00e9o-Chr\u00e9tienne de Bordeaux\" \/>\n<meta property=\"og:description\" content=\"Le h\u00e9ros de la Bible est le Juste, l&rsquo;authentique partenaire de Dieu dans l&rsquo;Alliance. Le Juste parach\u00e8ve l&rsquo;oeuvre du Commencement, et r\u00e9-v\u00e8le la pr\u00e9sence de l&rsquo;\u00catre trois fois Saint. Mais&hellip; Lire la suite Les serviteurs souffrants &#8211; dans la Bible \u2013 Rabbin Ph.Haddad-\" \/>\n<meta property=\"og:url\" content=\"https:\/\/ajc33.com\/index.php\/les-serviteurs-souffrants-dans-la-bible-rabbin-ph-haddad\/\" \/>\n<meta property=\"og:site_name\" content=\"L&#039;amiti\u00e9 Jud\u00e9o-Chr\u00e9tienne de Bordeaux\" \/>\n<meta property=\"article:modified_time\" content=\"2021-03-17T17:33:45+00:00\" \/>\n<meta property=\"og:image\" content=\"https:\/\/ajc33.com\/wp-content\/uploads\/2021\/03\/affiches-1-1-790x1024.jpg\" \/>\n<meta name=\"twitter:card\" content=\"summary_large_image\" \/>\n<meta name=\"twitter:label1\" content=\"Dur\u00e9e de lecture estim\u00e9e\" \/>\n\t<meta name=\"twitter:data1\" content=\"2 minutes\" \/>\n<script type=\"application\/ld+json\" class=\"yoast-schema-graph\">{\"@context\":\"https:\/\/schema.org\",\"@graph\":[{\"@type\":\"WebPage\",\"@id\":\"https:\/\/ajc33.com\/index.php\/les-serviteurs-souffrants-dans-la-bible-rabbin-ph-haddad\/\",\"url\":\"https:\/\/ajc33.com\/index.php\/les-serviteurs-souffrants-dans-la-bible-rabbin-ph-haddad\/\",\"name\":\"Les serviteurs souffrants - dans la Bible \u2013 Rabbin Ph.Haddad- L&#039;amiti\u00e9 Jud\u00e9o-Chr\u00e9tienne de Bordeaux\",\"isPartOf\":{\"@id\":\"https:\/\/ajc33.com\/#website\"},\"primaryImageOfPage\":{\"@id\":\"https:\/\/ajc33.com\/index.php\/les-serviteurs-souffrants-dans-la-bible-rabbin-ph-haddad\/#primaryimage\"},\"image\":{\"@id\":\"https:\/\/ajc33.com\/index.php\/les-serviteurs-souffrants-dans-la-bible-rabbin-ph-haddad\/#primaryimage\"},\"thumbnailUrl\":\"https:\/\/ajc33.com\/wp-content\/uploads\/2021\/03\/affiches-1-1-790x1024.jpg\",\"datePublished\":\"2021-03-17T17:27:45+00:00\",\"dateModified\":\"2021-03-17T17:33:45+00:00\",\"breadcrumb\":{\"@id\":\"https:\/\/ajc33.com\/index.php\/les-serviteurs-souffrants-dans-la-bible-rabbin-ph-haddad\/#breadcrumb\"},\"inLanguage\":\"fr-FR\",\"potentialAction\":[{\"@type\":\"ReadAction\",\"target\":[\"https:\/\/ajc33.com\/index.php\/les-serviteurs-souffrants-dans-la-bible-rabbin-ph-haddad\/\"]}]},{\"@type\":\"ImageObject\",\"inLanguage\":\"fr-FR\",\"@id\":\"https:\/\/ajc33.com\/index.php\/les-serviteurs-souffrants-dans-la-bible-rabbin-ph-haddad\/#primaryimage\",\"url\":\"https:\/\/ajc33.com\/wp-content\/uploads\/2021\/03\/affiches-1-1.jpg\",\"contentUrl\":\"https:\/\/ajc33.com\/wp-content\/uploads\/2021\/03\/affiches-1-1.jpg\",\"width\":1381,\"height\":1790},{\"@type\":\"BreadcrumbList\",\"@id\":\"https:\/\/ajc33.com\/index.php\/les-serviteurs-souffrants-dans-la-bible-rabbin-ph-haddad\/#breadcrumb\",\"itemListElement\":[{\"@type\":\"ListItem\",\"position\":1,\"name\":\"Home\",\"item\":\"https:\/\/ajc33.com\/\"},{\"@type\":\"ListItem\",\"position\":2,\"name\":\"Les serviteurs souffrants &#8211; dans la Bible \u2013 Rabbin Ph.Haddad-\"}]},{\"@type\":\"WebSite\",\"@id\":\"https:\/\/ajc33.com\/#website\",\"url\":\"https:\/\/ajc33.com\/\",\"name\":\"L&#039;amiti\u00e9 Jud\u00e9o-Chr\u00e9tienne de Bordeaux\",\"description\":\"\",\"publisher\":{\"@id\":\"https:\/\/ajc33.com\/#organization\"},\"potentialAction\":[{\"@type\":\"SearchAction\",\"target\":{\"@type\":\"EntryPoint\",\"urlTemplate\":\"https:\/\/ajc33.com\/?s={search_term_string}\"},\"query-input\":{\"@type\":\"PropertyValueSpecification\",\"valueRequired\":true,\"valueName\":\"search_term_string\"}}],\"inLanguage\":\"fr-FR\"},{\"@type\":\"Organization\",\"@id\":\"https:\/\/ajc33.com\/#organization\",\"name\":\"L&#039;amiti\u00e9 Jud\u00e9o-Chr\u00e9tienne de Bordeaux\",\"url\":\"https:\/\/ajc33.com\/\",\"logo\":{\"@type\":\"ImageObject\",\"inLanguage\":\"fr-FR\",\"@id\":\"https:\/\/ajc33.com\/#\/schema\/logo\/image\/\",\"url\":\"https:\/\/ajc33.com\/wp-content\/uploads\/2018\/03\/cropped-ajc-bod-2.jpg\",\"contentUrl\":\"https:\/\/ajc33.com\/wp-content\/uploads\/2018\/03\/cropped-ajc-bod-2.jpg\",\"width\":200,\"height\":191,\"caption\":\"L&#039;amiti\u00e9 Jud\u00e9o-Chr\u00e9tienne de Bordeaux\"},\"image\":{\"@id\":\"https:\/\/ajc33.com\/#\/schema\/logo\/image\/\"}}]}<\/script>\n<!-- \/ Yoast SEO plugin. -->","yoast_head_json":{"title":"Les serviteurs souffrants - dans la Bible \u2013 Rabbin Ph.Haddad- L&#039;amiti\u00e9 Jud\u00e9o-Chr\u00e9tienne de Bordeaux","robots":{"index":"index","follow":"follow","max-snippet":"max-snippet:-1","max-image-preview":"max-image-preview:large","max-video-preview":"max-video-preview:-1"},"canonical":"https:\/\/ajc33.com\/index.php\/les-serviteurs-souffrants-dans-la-bible-rabbin-ph-haddad\/","og_locale":"fr_FR","og_type":"article","og_title":"Les serviteurs souffrants - dans la Bible \u2013 Rabbin Ph.Haddad- L&#039;amiti\u00e9 Jud\u00e9o-Chr\u00e9tienne de Bordeaux","og_description":"Le h\u00e9ros de la Bible est le Juste, l&rsquo;authentique partenaire de Dieu dans l&rsquo;Alliance. Le Juste parach\u00e8ve l&rsquo;oeuvre du Commencement, et r\u00e9-v\u00e8le la pr\u00e9sence de l&rsquo;\u00catre trois fois Saint. Mais&hellip; Lire la suite Les serviteurs souffrants &#8211; dans la Bible \u2013 Rabbin Ph.Haddad-","og_url":"https:\/\/ajc33.com\/index.php\/les-serviteurs-souffrants-dans-la-bible-rabbin-ph-haddad\/","og_site_name":"L&#039;amiti\u00e9 Jud\u00e9o-Chr\u00e9tienne de Bordeaux","article_modified_time":"2021-03-17T17:33:45+00:00","og_image":[{"url":"https:\/\/ajc33.com\/wp-content\/uploads\/2021\/03\/affiches-1-1-790x1024.jpg","type":"","width":"","height":""}],"twitter_card":"summary_large_image","twitter_misc":{"Dur\u00e9e de lecture estim\u00e9e":"2 minutes"},"schema":{"@context":"https:\/\/schema.org","@graph":[{"@type":"WebPage","@id":"https:\/\/ajc33.com\/index.php\/les-serviteurs-souffrants-dans-la-bible-rabbin-ph-haddad\/","url":"https:\/\/ajc33.com\/index.php\/les-serviteurs-souffrants-dans-la-bible-rabbin-ph-haddad\/","name":"Les serviteurs souffrants - dans la Bible \u2013 Rabbin Ph.Haddad- L&#039;amiti\u00e9 Jud\u00e9o-Chr\u00e9tienne de Bordeaux","isPartOf":{"@id":"https:\/\/ajc33.com\/#website"},"primaryImageOfPage":{"@id":"https:\/\/ajc33.com\/index.php\/les-serviteurs-souffrants-dans-la-bible-rabbin-ph-haddad\/#primaryimage"},"image":{"@id":"https:\/\/ajc33.com\/index.php\/les-serviteurs-souffrants-dans-la-bible-rabbin-ph-haddad\/#primaryimage"},"thumbnailUrl":"https:\/\/ajc33.com\/wp-content\/uploads\/2021\/03\/affiches-1-1-790x1024.jpg","datePublished":"2021-03-17T17:27:45+00:00","dateModified":"2021-03-17T17:33:45+00:00","breadcrumb":{"@id":"https:\/\/ajc33.com\/index.php\/les-serviteurs-souffrants-dans-la-bible-rabbin-ph-haddad\/#breadcrumb"},"inLanguage":"fr-FR","potentialAction":[{"@type":"ReadAction","target":["https:\/\/ajc33.com\/index.php\/les-serviteurs-souffrants-dans-la-bible-rabbin-ph-haddad\/"]}]},{"@type":"ImageObject","inLanguage":"fr-FR","@id":"https:\/\/ajc33.com\/index.php\/les-serviteurs-souffrants-dans-la-bible-rabbin-ph-haddad\/#primaryimage","url":"https:\/\/ajc33.com\/wp-content\/uploads\/2021\/03\/affiches-1-1.jpg","contentUrl":"https:\/\/ajc33.com\/wp-content\/uploads\/2021\/03\/affiches-1-1.jpg","width":1381,"height":1790},{"@type":"BreadcrumbList","@id":"https:\/\/ajc33.com\/index.php\/les-serviteurs-souffrants-dans-la-bible-rabbin-ph-haddad\/#breadcrumb","itemListElement":[{"@type":"ListItem","position":1,"name":"Home","item":"https:\/\/ajc33.com\/"},{"@type":"ListItem","position":2,"name":"Les serviteurs souffrants &#8211; dans la Bible \u2013 Rabbin Ph.Haddad-"}]},{"@type":"WebSite","@id":"https:\/\/ajc33.com\/#website","url":"https:\/\/ajc33.com\/","name":"L&#039;amiti\u00e9 Jud\u00e9o-Chr\u00e9tienne de Bordeaux","description":"","publisher":{"@id":"https:\/\/ajc33.com\/#organization"},"potentialAction":[{"@type":"SearchAction","target":{"@type":"EntryPoint","urlTemplate":"https:\/\/ajc33.com\/?s={search_term_string}"},"query-input":{"@type":"PropertyValueSpecification","valueRequired":true,"valueName":"search_term_string"}}],"inLanguage":"fr-FR"},{"@type":"Organization","@id":"https:\/\/ajc33.com\/#organization","name":"L&#039;amiti\u00e9 Jud\u00e9o-Chr\u00e9tienne de Bordeaux","url":"https:\/\/ajc33.com\/","logo":{"@type":"ImageObject","inLanguage":"fr-FR","@id":"https:\/\/ajc33.com\/#\/schema\/logo\/image\/","url":"https:\/\/ajc33.com\/wp-content\/uploads\/2018\/03\/cropped-ajc-bod-2.jpg","contentUrl":"https:\/\/ajc33.com\/wp-content\/uploads\/2018\/03\/cropped-ajc-bod-2.jpg","width":200,"height":191,"caption":"L&#039;amiti\u00e9 Jud\u00e9o-Chr\u00e9tienne de Bordeaux"},"image":{"@id":"https:\/\/ajc33.com\/#\/schema\/logo\/image\/"}}]}},"jetpack_sharing_enabled":true,"_links":{"self":[{"href":"https:\/\/ajc33.com\/index.php\/wp-json\/wp\/v2\/pages\/453","targetHints":{"allow":["GET"]}}],"collection":[{"href":"https:\/\/ajc33.com\/index.php\/wp-json\/wp\/v2\/pages"}],"about":[{"href":"https:\/\/ajc33.com\/index.php\/wp-json\/wp\/v2\/types\/page"}],"author":[{"embeddable":true,"href":"https:\/\/ajc33.com\/index.php\/wp-json\/wp\/v2\/users\/1"}],"replies":[{"embeddable":true,"href":"https:\/\/ajc33.com\/index.php\/wp-json\/wp\/v2\/comments?post=453"}],"version-history":[{"count":5,"href":"https:\/\/ajc33.com\/index.php\/wp-json\/wp\/v2\/pages\/453\/revisions"}],"predecessor-version":[{"id":467,"href":"https:\/\/ajc33.com\/index.php\/wp-json\/wp\/v2\/pages\/453\/revisions\/467"}],"wp:attachment":[{"href":"https:\/\/ajc33.com\/index.php\/wp-json\/wp\/v2\/media?parent=453"}],"wp:term":[{"taxonomy":"post_tag","embeddable":true,"href":"https:\/\/ajc33.com\/index.php\/wp-json\/wp\/v2\/tags?post=453"}],"curies":[{"name":"wp","href":"https:\/\/api.w.org\/{rel}","templated":true}]}}