{"id":429,"date":"2020-12-02T14:51:25","date_gmt":"2020-12-02T13:51:25","guid":{"rendered":"https:\/\/ajc33.com\/?page_id=429"},"modified":"2020-12-03T11:44:20","modified_gmt":"2020-12-03T10:44:20","slug":"conference-zoom-du-rabbin-rivon-krygier","status":"publish","type":"page","link":"https:\/\/ajc33.com\/index.php\/conference-zoom-du-rabbin-rivon-krygier\/","title":{"rendered":"Conf\u00e9rence ZOOM du rabbin Rivon Krygier"},"content":{"rendered":"\n<figure class=\"wp-block-image size-large is-resized\"><img loading=\"lazy\" decoding=\"async\" src=\"https:\/\/ajc33.com\/wp-content\/uploads\/2020\/12\/Rivon-731x1024.jpg\" alt=\"\" class=\"wp-image-437\" width=\"198\" height=\"277\" srcset=\"https:\/\/ajc33.com\/wp-content\/uploads\/2020\/12\/Rivon-731x1024.jpg 731w, https:\/\/ajc33.com\/wp-content\/uploads\/2020\/12\/Rivon-214x300.jpg 214w, https:\/\/ajc33.com\/wp-content\/uploads\/2020\/12\/Rivon-768x1076.jpg 768w, https:\/\/ajc33.com\/wp-content\/uploads\/2020\/12\/Rivon-1096x1536.jpg 1096w, https:\/\/ajc33.com\/wp-content\/uploads\/2020\/12\/Rivon-1462x2048.jpg 1462w, https:\/\/ajc33.com\/wp-content\/uploads\/2020\/12\/Rivon-scaled.jpg 1827w\" sizes=\"auto, (max-width: 198px) 100vw, 198px\" \/><figcaption>Source : Wikipedia<\/figcaption><\/figure>\n\n\n\n<p><strong>Lumi\u00e8res de Hanoucca (f\u00eate de la d\u00e9dicace) sur la f\u00eate de Souccot (f\u00eate des cabanes)<\/strong><br>Quel rapport entre Hanoucca et Souccot ? Tant la f\u00eate juive de la  \u00ab d\u00e9dicace \u00bb que celle des \u00ab cabanes (ou \u00ab tabernacles \u00bb) apparaissent dans le Nouveau Testament. La conf\u00e9rence en r\u00e9v\u00e9lera la richesse symbolique propre<br>au juda\u00efsme, dont le rapport m\u00e9connu qui unit les deux f\u00eates. On y d\u00e9couvrira l\u2019attente toujours vivace de r\u00e9demption et de salut universel dans le juda\u00efsme, dont l\u2019esp\u00e9rance chr\u00e9tienne est h\u00e9riti\u00e8re.<\/p>\n\n\n\n<p>Inscription obligatoire aupr\u00e8s de Jeanine Barberes <\/p>\n\n\n\n<p>Par ch\u00e8que \u00e9tabli \u00e0 l&rsquo;ordre de AJC et envoy\u00e9 \u00e0 Jeanine Barb\u00e8res (68 Avenue de Magudas 33700 M\u00e9rignac\u00a0<a rel=\"noreferrer noopener\" target=\"_blank\" href=\"mailto:jbarberes@club-internet.fr\">jbarberes@club-internet.fr<\/a>) &#8211; <\/p>\n\n\n\n<p>Voici le lien pour acc\u00e9der  \u00e0 la r\u00e9servation en ligne <a rel=\"noreferrer noopener\" target=\"_blank\" href=\"https:\/\/www.helloasso.com\/associations\/association-amitie-judeo-chretienne-d-aquitaine\/evenements\/rencontre-ajc-avec-le-rabbin-rivon-krygier\">https:\/\/www.helloasso.com\/associations\/association-amitie-judeo-chretienne-d-aquitaine\/evenements\/rencontre-ajc-avec-le-rabbin-rivon-krygier<\/a><\/p>\n\n\n\n<p>A r\u00e9ception, le lien vous sera envoy\u00e9 (en cliquant dessus, vous entrerez de suite si vous avez d\u00e9j\u00e0 zoom ; et sinon vous serez guid\u00e9 de fa\u00e7on tr\u00e8s simple pour l&rsquo;installer).<br>Nous vous demandons d\u2019entrer largement avant l\u2019heure pour permettre de commencer \u00e0 20h pr\u00e9cises en musique et par le rite de l\u2019allumage des bougies de Hanoucca.<br>Cette soir\u00e9e est ouverte \u00e0 la communaut\u00e9 juive Adath Shalom et \u00e0 ceux qui le d\u00e9sirent de l\u2019AJCF et autres groupes locaux AJC.<\/p>\n\n\n\n<p>Par ailleurs, Rabbin Krygier vient de faire publier un&nbsp;<strong>livre&nbsp;<\/strong>en octobre 2020 qui pourrait bien \u00eatre une id\u00e9e de cadeau de Hanoucca ou de No\u00ebl, aux Ed. In Press (en vente \u00e0 la Procure, chez Mollat &#8230;\u00a0\u00bb Si Dieu sait l&rsquo;avenir, sommes-nous libres d&rsquo;agir ? Omniscience et libre arbitre dans la pens\u00e9e juive \u00ab\u00a0La pr\u00e9sentation de ce livre a fait l&rsquo;objet de 2 interviews par Rabbin Ouaknine dans l&rsquo;\u00e9mission Talmudiques sur France culture, le 1 et 8 novembre 2020.Et vous pouvez \u00e9couter les suivantes du 15 et 22 novembre avec le Rabbin Philippe Haddad qui r\u00e9pond \u00e0 la question \u00a0\u00bb Qu&rsquo;est-ce qu&rsquo;un Rabbin ?\u00a0\u00bb<\/p>\n\n\n\n<p>A bient\u00f4t donc avec joie et int\u00e9r\u00eat<\/p>\n\n\n\n<p>Philippe Leruste<br>Vice-Pr\u00e9sident de l&rsquo;AJC Bordeaux<br>Et Didier GuedjPr\u00e9sident de l&rsquo;AJC Bordeaux<\/p>\n\n\n\n<p><\/p>\n","protected":false},"excerpt":{"rendered":"<p>Lumi\u00e8res de Hanoucca (f\u00eate de la d\u00e9dicace) sur la f\u00eate de Souccot (f\u00eate des cabanes)Quel rapport entre Hanoucca et Souccot ? Tant la f\u00eate juive de la \u00ab d\u00e9dicace \u00bb&hellip; <a href=\"https:\/\/ajc33.com\/index.php\/conference-zoom-du-rabbin-rivon-krygier\/\" class=\"more-link\">Lire la suite <span class=\"screen-reader-text\">Conf\u00e9rence ZOOM du rabbin Rivon Krygier<\/span><\/a><\/p>\n","protected":false},"author":1,"featured_media":0,"parent":0,"menu_order":0,"comment_status":"closed","ping_status":"closed","template":"","meta":{"footnotes":""},"tags":[],"class_list":["post-429","page","type-page","status-publish","hentry","without-featured-image"],"yoast_head":"<!-- This site is optimized with the Yoast SEO plugin v26.6 - https:\/\/yoast.com\/wordpress\/plugins\/seo\/ -->\n<title>Conf\u00e9rence ZOOM du rabbin Rivon Krygier - L&#039;amiti\u00e9 Jud\u00e9o-Chr\u00e9tienne de Bordeaux<\/title>\n<meta name=\"robots\" content=\"index, follow, max-snippet:-1, max-image-preview:large, max-video-preview:-1\" \/>\n<link rel=\"canonical\" href=\"https:\/\/ajc33.com\/index.php\/conference-zoom-du-rabbin-rivon-krygier\/\" \/>\n<meta property=\"og:locale\" content=\"fr_FR\" \/>\n<meta property=\"og:type\" content=\"article\" \/>\n<meta property=\"og:title\" content=\"Conf\u00e9rence ZOOM du rabbin Rivon Krygier - L&#039;amiti\u00e9 Jud\u00e9o-Chr\u00e9tienne de Bordeaux\" \/>\n<meta property=\"og:description\" content=\"Lumi\u00e8res de Hanoucca (f\u00eate de la d\u00e9dicace) sur la f\u00eate de Souccot (f\u00eate des cabanes)Quel rapport entre Hanoucca et Souccot ? Tant la f\u00eate juive de la \u00ab d\u00e9dicace \u00bb&hellip; Lire la suite Conf\u00e9rence ZOOM du rabbin Rivon Krygier\" \/>\n<meta property=\"og:url\" content=\"https:\/\/ajc33.com\/index.php\/conference-zoom-du-rabbin-rivon-krygier\/\" \/>\n<meta property=\"og:site_name\" content=\"L&#039;amiti\u00e9 Jud\u00e9o-Chr\u00e9tienne de Bordeaux\" \/>\n<meta property=\"article:modified_time\" content=\"2020-12-03T10:44:20+00:00\" \/>\n<meta property=\"og:image\" content=\"https:\/\/ajc33.com\/wp-content\/uploads\/2020\/12\/Rivon-731x1024.jpg\" \/>\n<meta name=\"twitter:card\" content=\"summary_large_image\" \/>\n<meta name=\"twitter:label1\" content=\"Dur\u00e9e de lecture estim\u00e9e\" \/>\n\t<meta name=\"twitter:data1\" content=\"2 minutes\" \/>\n<script type=\"application\/ld+json\" class=\"yoast-schema-graph\">{\"@context\":\"https:\/\/schema.org\",\"@graph\":[{\"@type\":\"WebPage\",\"@id\":\"https:\/\/ajc33.com\/index.php\/conference-zoom-du-rabbin-rivon-krygier\/\",\"url\":\"https:\/\/ajc33.com\/index.php\/conference-zoom-du-rabbin-rivon-krygier\/\",\"name\":\"Conf\u00e9rence ZOOM du rabbin Rivon Krygier - L&#039;amiti\u00e9 Jud\u00e9o-Chr\u00e9tienne de Bordeaux\",\"isPartOf\":{\"@id\":\"https:\/\/ajc33.com\/#website\"},\"primaryImageOfPage\":{\"@id\":\"https:\/\/ajc33.com\/index.php\/conference-zoom-du-rabbin-rivon-krygier\/#primaryimage\"},\"image\":{\"@id\":\"https:\/\/ajc33.com\/index.php\/conference-zoom-du-rabbin-rivon-krygier\/#primaryimage\"},\"thumbnailUrl\":\"https:\/\/ajc33.com\/wp-content\/uploads\/2020\/12\/Rivon-731x1024.jpg\",\"datePublished\":\"2020-12-02T13:51:25+00:00\",\"dateModified\":\"2020-12-03T10:44:20+00:00\",\"breadcrumb\":{\"@id\":\"https:\/\/ajc33.com\/index.php\/conference-zoom-du-rabbin-rivon-krygier\/#breadcrumb\"},\"inLanguage\":\"fr-FR\",\"potentialAction\":[{\"@type\":\"ReadAction\",\"target\":[\"https:\/\/ajc33.com\/index.php\/conference-zoom-du-rabbin-rivon-krygier\/\"]}]},{\"@type\":\"ImageObject\",\"inLanguage\":\"fr-FR\",\"@id\":\"https:\/\/ajc33.com\/index.php\/conference-zoom-du-rabbin-rivon-krygier\/#primaryimage\",\"url\":\"https:\/\/ajc33.com\/wp-content\/uploads\/2020\/12\/Rivon-scaled.jpg\",\"contentUrl\":\"https:\/\/ajc33.com\/wp-content\/uploads\/2020\/12\/Rivon-scaled.jpg\",\"width\":1827,\"height\":2560},{\"@type\":\"BreadcrumbList\",\"@id\":\"https:\/\/ajc33.com\/index.php\/conference-zoom-du-rabbin-rivon-krygier\/#breadcrumb\",\"itemListElement\":[{\"@type\":\"ListItem\",\"position\":1,\"name\":\"Home\",\"item\":\"https:\/\/ajc33.com\/\"},{\"@type\":\"ListItem\",\"position\":2,\"name\":\"Conf\u00e9rence ZOOM du rabbin Rivon Krygier\"}]},{\"@type\":\"WebSite\",\"@id\":\"https:\/\/ajc33.com\/#website\",\"url\":\"https:\/\/ajc33.com\/\",\"name\":\"L&#039;amiti\u00e9 Jud\u00e9o-Chr\u00e9tienne de Bordeaux\",\"description\":\"\",\"publisher\":{\"@id\":\"https:\/\/ajc33.com\/#organization\"},\"potentialAction\":[{\"@type\":\"SearchAction\",\"target\":{\"@type\":\"EntryPoint\",\"urlTemplate\":\"https:\/\/ajc33.com\/?s={search_term_string}\"},\"query-input\":{\"@type\":\"PropertyValueSpecification\",\"valueRequired\":true,\"valueName\":\"search_term_string\"}}],\"inLanguage\":\"fr-FR\"},{\"@type\":\"Organization\",\"@id\":\"https:\/\/ajc33.com\/#organization\",\"name\":\"L&#039;amiti\u00e9 Jud\u00e9o-Chr\u00e9tienne de Bordeaux\",\"url\":\"https:\/\/ajc33.com\/\",\"logo\":{\"@type\":\"ImageObject\",\"inLanguage\":\"fr-FR\",\"@id\":\"https:\/\/ajc33.com\/#\/schema\/logo\/image\/\",\"url\":\"https:\/\/ajc33.com\/wp-content\/uploads\/2018\/03\/cropped-ajc-bod-2.jpg\",\"contentUrl\":\"https:\/\/ajc33.com\/wp-content\/uploads\/2018\/03\/cropped-ajc-bod-2.jpg\",\"width\":200,\"height\":191,\"caption\":\"L&#039;amiti\u00e9 Jud\u00e9o-Chr\u00e9tienne de Bordeaux\"},\"image\":{\"@id\":\"https:\/\/ajc33.com\/#\/schema\/logo\/image\/\"}}]}<\/script>\n<!-- \/ Yoast SEO plugin. -->","yoast_head_json":{"title":"Conf\u00e9rence ZOOM du rabbin Rivon Krygier - L&#039;amiti\u00e9 Jud\u00e9o-Chr\u00e9tienne de Bordeaux","robots":{"index":"index","follow":"follow","max-snippet":"max-snippet:-1","max-image-preview":"max-image-preview:large","max-video-preview":"max-video-preview:-1"},"canonical":"https:\/\/ajc33.com\/index.php\/conference-zoom-du-rabbin-rivon-krygier\/","og_locale":"fr_FR","og_type":"article","og_title":"Conf\u00e9rence ZOOM du rabbin Rivon Krygier - L&#039;amiti\u00e9 Jud\u00e9o-Chr\u00e9tienne de Bordeaux","og_description":"Lumi\u00e8res de Hanoucca (f\u00eate de la d\u00e9dicace) sur la f\u00eate de Souccot (f\u00eate des cabanes)Quel rapport entre Hanoucca et Souccot ? Tant la f\u00eate juive de la \u00ab d\u00e9dicace \u00bb&hellip; Lire la suite Conf\u00e9rence ZOOM du rabbin Rivon Krygier","og_url":"https:\/\/ajc33.com\/index.php\/conference-zoom-du-rabbin-rivon-krygier\/","og_site_name":"L&#039;amiti\u00e9 Jud\u00e9o-Chr\u00e9tienne de Bordeaux","article_modified_time":"2020-12-03T10:44:20+00:00","og_image":[{"url":"https:\/\/ajc33.com\/wp-content\/uploads\/2020\/12\/Rivon-731x1024.jpg","type":"","width":"","height":""}],"twitter_card":"summary_large_image","twitter_misc":{"Dur\u00e9e de lecture estim\u00e9e":"2 minutes"},"schema":{"@context":"https:\/\/schema.org","@graph":[{"@type":"WebPage","@id":"https:\/\/ajc33.com\/index.php\/conference-zoom-du-rabbin-rivon-krygier\/","url":"https:\/\/ajc33.com\/index.php\/conference-zoom-du-rabbin-rivon-krygier\/","name":"Conf\u00e9rence ZOOM du rabbin Rivon Krygier - L&#039;amiti\u00e9 Jud\u00e9o-Chr\u00e9tienne de Bordeaux","isPartOf":{"@id":"https:\/\/ajc33.com\/#website"},"primaryImageOfPage":{"@id":"https:\/\/ajc33.com\/index.php\/conference-zoom-du-rabbin-rivon-krygier\/#primaryimage"},"image":{"@id":"https:\/\/ajc33.com\/index.php\/conference-zoom-du-rabbin-rivon-krygier\/#primaryimage"},"thumbnailUrl":"https:\/\/ajc33.com\/wp-content\/uploads\/2020\/12\/Rivon-731x1024.jpg","datePublished":"2020-12-02T13:51:25+00:00","dateModified":"2020-12-03T10:44:20+00:00","breadcrumb":{"@id":"https:\/\/ajc33.com\/index.php\/conference-zoom-du-rabbin-rivon-krygier\/#breadcrumb"},"inLanguage":"fr-FR","potentialAction":[{"@type":"ReadAction","target":["https:\/\/ajc33.com\/index.php\/conference-zoom-du-rabbin-rivon-krygier\/"]}]},{"@type":"ImageObject","inLanguage":"fr-FR","@id":"https:\/\/ajc33.com\/index.php\/conference-zoom-du-rabbin-rivon-krygier\/#primaryimage","url":"https:\/\/ajc33.com\/wp-content\/uploads\/2020\/12\/Rivon-scaled.jpg","contentUrl":"https:\/\/ajc33.com\/wp-content\/uploads\/2020\/12\/Rivon-scaled.jpg","width":1827,"height":2560},{"@type":"BreadcrumbList","@id":"https:\/\/ajc33.com\/index.php\/conference-zoom-du-rabbin-rivon-krygier\/#breadcrumb","itemListElement":[{"@type":"ListItem","position":1,"name":"Home","item":"https:\/\/ajc33.com\/"},{"@type":"ListItem","position":2,"name":"Conf\u00e9rence ZOOM du rabbin Rivon Krygier"}]},{"@type":"WebSite","@id":"https:\/\/ajc33.com\/#website","url":"https:\/\/ajc33.com\/","name":"L&#039;amiti\u00e9 Jud\u00e9o-Chr\u00e9tienne de Bordeaux","description":"","publisher":{"@id":"https:\/\/ajc33.com\/#organization"},"potentialAction":[{"@type":"SearchAction","target":{"@type":"EntryPoint","urlTemplate":"https:\/\/ajc33.com\/?s={search_term_string}"},"query-input":{"@type":"PropertyValueSpecification","valueRequired":true,"valueName":"search_term_string"}}],"inLanguage":"fr-FR"},{"@type":"Organization","@id":"https:\/\/ajc33.com\/#organization","name":"L&#039;amiti\u00e9 Jud\u00e9o-Chr\u00e9tienne de Bordeaux","url":"https:\/\/ajc33.com\/","logo":{"@type":"ImageObject","inLanguage":"fr-FR","@id":"https:\/\/ajc33.com\/#\/schema\/logo\/image\/","url":"https:\/\/ajc33.com\/wp-content\/uploads\/2018\/03\/cropped-ajc-bod-2.jpg","contentUrl":"https:\/\/ajc33.com\/wp-content\/uploads\/2018\/03\/cropped-ajc-bod-2.jpg","width":200,"height":191,"caption":"L&#039;amiti\u00e9 Jud\u00e9o-Chr\u00e9tienne de Bordeaux"},"image":{"@id":"https:\/\/ajc33.com\/#\/schema\/logo\/image\/"}}]}},"jetpack_sharing_enabled":true,"_links":{"self":[{"href":"https:\/\/ajc33.com\/index.php\/wp-json\/wp\/v2\/pages\/429","targetHints":{"allow":["GET"]}}],"collection":[{"href":"https:\/\/ajc33.com\/index.php\/wp-json\/wp\/v2\/pages"}],"about":[{"href":"https:\/\/ajc33.com\/index.php\/wp-json\/wp\/v2\/types\/page"}],"author":[{"embeddable":true,"href":"https:\/\/ajc33.com\/index.php\/wp-json\/wp\/v2\/users\/1"}],"replies":[{"embeddable":true,"href":"https:\/\/ajc33.com\/index.php\/wp-json\/wp\/v2\/comments?post=429"}],"version-history":[{"count":4,"href":"https:\/\/ajc33.com\/index.php\/wp-json\/wp\/v2\/pages\/429\/revisions"}],"predecessor-version":[{"id":438,"href":"https:\/\/ajc33.com\/index.php\/wp-json\/wp\/v2\/pages\/429\/revisions\/438"}],"wp:attachment":[{"href":"https:\/\/ajc33.com\/index.php\/wp-json\/wp\/v2\/media?parent=429"}],"wp:term":[{"taxonomy":"post_tag","embeddable":true,"href":"https:\/\/ajc33.com\/index.php\/wp-json\/wp\/v2\/tags?post=429"}],"curies":[{"name":"wp","href":"https:\/\/api.w.org\/{rel}","templated":true}]}}