{"id":226,"date":"2018-05-14T10:06:45","date_gmt":"2018-05-14T08:06:45","guid":{"rendered":"https:\/\/ajc33.com\/index.php\/politique-de-cookie\/"},"modified":"2018-05-14T10:06:45","modified_gmt":"2018-05-14T08:06:45","slug":"politique-de-cookie","status":"publish","type":"page","link":"https:\/\/ajc33.com\/index.php\/politique-de-cookie\/","title":{"rendered":"Politique de cookie"},"content":{"rendered":"<p>Ce site utilise des cookies &#8211; de petits fichiers texte qui sont plac\u00e9s sur votre machine pour aider le site \u00e0 fournir une meilleure exp\u00e9rience utilisateur. En g\u00e9n\u00e9ral, les cookies sont utilis\u00e9s pour conserver les pr\u00e9f\u00e9rences de l&rsquo;utilisateur, stocker des informations pour des choses comme les paniers d&rsquo;achat et fournir des donn\u00e9es de suivi anonymis\u00e9es \u00e0 des applications tierces comme Google Analytics. En r\u00e8gle g\u00e9n\u00e9rale, les cookies rendront votre exp\u00e9rience de navigation meilleure. Toutefois, vous pouvez pr\u00e9f\u00e9rer d\u00e9sactiver les cookies sur ce site et sur d&rsquo;autres. Le moyen le plus efficace consiste \u00e0 d\u00e9sactiver les cookies dans votre navigateur. Nous vous sugg\u00e9rons de consulter la section Aide de votre navigateur ou de consulter le site Web <a href=\"http:\/\/www.aboutcookies.org\">\u00c0 propos des cookies<\/a> (en anglais) qui propose des conseils pour tous les navigateurs modernes.<\/p>\n","protected":false},"excerpt":{"rendered":"<p>Ce site utilise des cookies &#8211; de petits fichiers texte qui sont plac\u00e9s sur votre machine pour aider le site \u00e0 fournir une meilleure exp\u00e9rience utilisateur. En g\u00e9n\u00e9ral, les cookies&hellip; <a href=\"https:\/\/ajc33.com\/index.php\/politique-de-cookie\/\" class=\"more-link\">Lire la suite <span class=\"screen-reader-text\">Politique de cookie<\/span><\/a><\/p>\n","protected":false},"author":1,"featured_media":0,"parent":0,"menu_order":0,"comment_status":"closed","ping_status":"closed","template":"","meta":{"footnotes":""},"tags":[],"class_list":["post-226","page","type-page","status-publish","hentry","without-featured-image"],"yoast_head":"<!-- This site is optimized with the Yoast SEO plugin v26.6 - https:\/\/yoast.com\/wordpress\/plugins\/seo\/ -->\n<title>Politique de cookie - L&#039;amiti\u00e9 Jud\u00e9o-Chr\u00e9tienne de Bordeaux<\/title>\n<meta name=\"robots\" content=\"index, follow, max-snippet:-1, max-image-preview:large, max-video-preview:-1\" \/>\n<link rel=\"canonical\" href=\"https:\/\/ajc33.com\/index.php\/politique-de-cookie\/\" \/>\n<meta property=\"og:locale\" content=\"fr_FR\" \/>\n<meta property=\"og:type\" content=\"article\" \/>\n<meta property=\"og:title\" content=\"Politique de cookie - L&#039;amiti\u00e9 Jud\u00e9o-Chr\u00e9tienne de Bordeaux\" \/>\n<meta property=\"og:description\" content=\"Ce site utilise des cookies &#8211; de petits fichiers texte qui sont plac\u00e9s sur votre machine pour aider le site \u00e0 fournir une meilleure exp\u00e9rience utilisateur. En g\u00e9n\u00e9ral, les cookies&hellip; Lire la suite Politique de cookie\" \/>\n<meta property=\"og:url\" content=\"https:\/\/ajc33.com\/index.php\/politique-de-cookie\/\" \/>\n<meta property=\"og:site_name\" content=\"L&#039;amiti\u00e9 Jud\u00e9o-Chr\u00e9tienne de Bordeaux\" \/>\n<meta name=\"twitter:card\" content=\"summary_large_image\" \/>\n<meta name=\"twitter:label1\" content=\"Dur\u00e9e de lecture estim\u00e9e\" \/>\n\t<meta name=\"twitter:data1\" content=\"1 minute\" \/>\n<script type=\"application\/ld+json\" class=\"yoast-schema-graph\">{\"@context\":\"https:\/\/schema.org\",\"@graph\":[{\"@type\":\"WebPage\",\"@id\":\"https:\/\/ajc33.com\/index.php\/politique-de-cookie\/\",\"url\":\"https:\/\/ajc33.com\/index.php\/politique-de-cookie\/\",\"name\":\"Politique de cookie - L&#039;amiti\u00e9 Jud\u00e9o-Chr\u00e9tienne de Bordeaux\",\"isPartOf\":{\"@id\":\"https:\/\/ajc33.com\/#website\"},\"datePublished\":\"2018-05-14T08:06:45+00:00\",\"breadcrumb\":{\"@id\":\"https:\/\/ajc33.com\/index.php\/politique-de-cookie\/#breadcrumb\"},\"inLanguage\":\"fr-FR\",\"potentialAction\":[{\"@type\":\"ReadAction\",\"target\":[\"https:\/\/ajc33.com\/index.php\/politique-de-cookie\/\"]}]},{\"@type\":\"BreadcrumbList\",\"@id\":\"https:\/\/ajc33.com\/index.php\/politique-de-cookie\/#breadcrumb\",\"itemListElement\":[{\"@type\":\"ListItem\",\"position\":1,\"name\":\"Home\",\"item\":\"https:\/\/ajc33.com\/\"},{\"@type\":\"ListItem\",\"position\":2,\"name\":\"Politique de cookie\"}]},{\"@type\":\"WebSite\",\"@id\":\"https:\/\/ajc33.com\/#website\",\"url\":\"https:\/\/ajc33.com\/\",\"name\":\"L&#039;amiti\u00e9 Jud\u00e9o-Chr\u00e9tienne de Bordeaux\",\"description\":\"\",\"publisher\":{\"@id\":\"https:\/\/ajc33.com\/#organization\"},\"potentialAction\":[{\"@type\":\"SearchAction\",\"target\":{\"@type\":\"EntryPoint\",\"urlTemplate\":\"https:\/\/ajc33.com\/?s={search_term_string}\"},\"query-input\":{\"@type\":\"PropertyValueSpecification\",\"valueRequired\":true,\"valueName\":\"search_term_string\"}}],\"inLanguage\":\"fr-FR\"},{\"@type\":\"Organization\",\"@id\":\"https:\/\/ajc33.com\/#organization\",\"name\":\"L&#039;amiti\u00e9 Jud\u00e9o-Chr\u00e9tienne de Bordeaux\",\"url\":\"https:\/\/ajc33.com\/\",\"logo\":{\"@type\":\"ImageObject\",\"inLanguage\":\"fr-FR\",\"@id\":\"https:\/\/ajc33.com\/#\/schema\/logo\/image\/\",\"url\":\"https:\/\/ajc33.com\/wp-content\/uploads\/2018\/03\/cropped-ajc-bod-2.jpg\",\"contentUrl\":\"https:\/\/ajc33.com\/wp-content\/uploads\/2018\/03\/cropped-ajc-bod-2.jpg\",\"width\":200,\"height\":191,\"caption\":\"L&#039;amiti\u00e9 Jud\u00e9o-Chr\u00e9tienne de Bordeaux\"},\"image\":{\"@id\":\"https:\/\/ajc33.com\/#\/schema\/logo\/image\/\"}}]}<\/script>\n<!-- \/ Yoast SEO plugin. -->","yoast_head_json":{"title":"Politique de cookie - L&#039;amiti\u00e9 Jud\u00e9o-Chr\u00e9tienne de Bordeaux","robots":{"index":"index","follow":"follow","max-snippet":"max-snippet:-1","max-image-preview":"max-image-preview:large","max-video-preview":"max-video-preview:-1"},"canonical":"https:\/\/ajc33.com\/index.php\/politique-de-cookie\/","og_locale":"fr_FR","og_type":"article","og_title":"Politique de cookie - L&#039;amiti\u00e9 Jud\u00e9o-Chr\u00e9tienne de Bordeaux","og_description":"Ce site utilise des cookies &#8211; de petits fichiers texte qui sont plac\u00e9s sur votre machine pour aider le site \u00e0 fournir une meilleure exp\u00e9rience utilisateur. En g\u00e9n\u00e9ral, les cookies&hellip; Lire la suite Politique de cookie","og_url":"https:\/\/ajc33.com\/index.php\/politique-de-cookie\/","og_site_name":"L&#039;amiti\u00e9 Jud\u00e9o-Chr\u00e9tienne de Bordeaux","twitter_card":"summary_large_image","twitter_misc":{"Dur\u00e9e de lecture estim\u00e9e":"1 minute"},"schema":{"@context":"https:\/\/schema.org","@graph":[{"@type":"WebPage","@id":"https:\/\/ajc33.com\/index.php\/politique-de-cookie\/","url":"https:\/\/ajc33.com\/index.php\/politique-de-cookie\/","name":"Politique de cookie - L&#039;amiti\u00e9 Jud\u00e9o-Chr\u00e9tienne de Bordeaux","isPartOf":{"@id":"https:\/\/ajc33.com\/#website"},"datePublished":"2018-05-14T08:06:45+00:00","breadcrumb":{"@id":"https:\/\/ajc33.com\/index.php\/politique-de-cookie\/#breadcrumb"},"inLanguage":"fr-FR","potentialAction":[{"@type":"ReadAction","target":["https:\/\/ajc33.com\/index.php\/politique-de-cookie\/"]}]},{"@type":"BreadcrumbList","@id":"https:\/\/ajc33.com\/index.php\/politique-de-cookie\/#breadcrumb","itemListElement":[{"@type":"ListItem","position":1,"name":"Home","item":"https:\/\/ajc33.com\/"},{"@type":"ListItem","position":2,"name":"Politique de cookie"}]},{"@type":"WebSite","@id":"https:\/\/ajc33.com\/#website","url":"https:\/\/ajc33.com\/","name":"L&#039;amiti\u00e9 Jud\u00e9o-Chr\u00e9tienne de Bordeaux","description":"","publisher":{"@id":"https:\/\/ajc33.com\/#organization"},"potentialAction":[{"@type":"SearchAction","target":{"@type":"EntryPoint","urlTemplate":"https:\/\/ajc33.com\/?s={search_term_string}"},"query-input":{"@type":"PropertyValueSpecification","valueRequired":true,"valueName":"search_term_string"}}],"inLanguage":"fr-FR"},{"@type":"Organization","@id":"https:\/\/ajc33.com\/#organization","name":"L&#039;amiti\u00e9 Jud\u00e9o-Chr\u00e9tienne de Bordeaux","url":"https:\/\/ajc33.com\/","logo":{"@type":"ImageObject","inLanguage":"fr-FR","@id":"https:\/\/ajc33.com\/#\/schema\/logo\/image\/","url":"https:\/\/ajc33.com\/wp-content\/uploads\/2018\/03\/cropped-ajc-bod-2.jpg","contentUrl":"https:\/\/ajc33.com\/wp-content\/uploads\/2018\/03\/cropped-ajc-bod-2.jpg","width":200,"height":191,"caption":"L&#039;amiti\u00e9 Jud\u00e9o-Chr\u00e9tienne de Bordeaux"},"image":{"@id":"https:\/\/ajc33.com\/#\/schema\/logo\/image\/"}}]}},"jetpack_sharing_enabled":true,"_links":{"self":[{"href":"https:\/\/ajc33.com\/index.php\/wp-json\/wp\/v2\/pages\/226","targetHints":{"allow":["GET"]}}],"collection":[{"href":"https:\/\/ajc33.com\/index.php\/wp-json\/wp\/v2\/pages"}],"about":[{"href":"https:\/\/ajc33.com\/index.php\/wp-json\/wp\/v2\/types\/page"}],"author":[{"embeddable":true,"href":"https:\/\/ajc33.com\/index.php\/wp-json\/wp\/v2\/users\/1"}],"replies":[{"embeddable":true,"href":"https:\/\/ajc33.com\/index.php\/wp-json\/wp\/v2\/comments?post=226"}],"version-history":[{"count":0,"href":"https:\/\/ajc33.com\/index.php\/wp-json\/wp\/v2\/pages\/226\/revisions"}],"wp:attachment":[{"href":"https:\/\/ajc33.com\/index.php\/wp-json\/wp\/v2\/media?parent=226"}],"wp:term":[{"taxonomy":"post_tag","embeddable":true,"href":"https:\/\/ajc33.com\/index.php\/wp-json\/wp\/v2\/tags?post=226"}],"curies":[{"name":"wp","href":"https:\/\/api.w.org\/{rel}","templated":true}]}}