{"id":2,"date":"2018-03-30T15:37:40","date_gmt":"2018-03-30T13:37:40","guid":{"rendered":"http:\/\/ajc33.com\/?page_id=2"},"modified":"2018-05-01T12:25:22","modified_gmt":"2018-05-01T10:25:22","slug":"page-d-exemple","status":"publish","type":"page","link":"https:\/\/ajc33.com\/index.php\/page-d-exemple\/","title":{"rendered":"Notre histoire"},"content":{"rendered":"<p><img loading=\"lazy\" decoding=\"async\" class=\" wp-image-4 aligncenter\" src=\"http:\/\/ajc33.com\/wp-content\/uploads\/2018\/03\/ajc-bod.jpg\" alt=\"\" width=\"128\" height=\"128\" srcset=\"https:\/\/ajc33.com\/wp-content\/uploads\/2018\/03\/ajc-bod.jpg 200w, https:\/\/ajc33.com\/wp-content\/uploads\/2018\/03\/ajc-bod-150x150.jpg 150w\" sizes=\"auto, (max-width: 128px) 100vw, 128px\" \/><\/p>\n<p class=\"font_9\">En 1936, Claude LEDERER a dix ans, il vit une enfance tranquille \u00e0 Saint-Leu-la-For\u00eat (Val d\u2019Oise), en r\u00e9gion parisienne, ses parents se d\u00e9vouent \u00e0 leur commerce : une pelleterie. Premi\u00e8re interrogation\u2026 \u00ab Qu\u2019est-ce qu\u2019une pelleterie ? \u00bb, \u00ab Ce n\u2019est pas un magasin de pelles, c\u2019est la pr\u00e9paration et la commercialisation des peaux \u00e0 fourrures \u2026\u00bb me r\u00e9pond-il avec malice. D\u2019origine polonaise, sa grand-m\u00e8re maternelle l\u2019\u00e9l\u00e8ve avec ses deux fr\u00e8res selon la tradition juive, en lui inculquant la langue Yidish.<br \/>\nTrois ann\u00e9es plus tard, le 1er septembre 1939, la seconde guerre mondiale \u00e9clate. Claude LEDERER est alors adolescent, il doit fuir l\u2019occupation, \u00e9chapper au sort r\u00e9serv\u00e9 aux juifs, il trouve refuge \u00e0 St C\u00f4me d\u2019Olt en Aveyron. Cinq ann\u00e9es loin de ses parents (\u00e0 l\u2019abri en Dordogne). Il doit se d\u00e9brouiller \u00ab nous n\u2019avions pas le choix, il fallait \u00eatre malin et d\u00e9brouillard \u00bb.\u00a0 Par la force des choses, il quitte l\u2019\u00e9cole avec regret mais \u00e0 la campagne, il apprend la vie.<span class=\"wixGuard\">\u200b<\/span><\/p>\n<p class=\"font_9\">Lorsque la guerre s\u2019ach\u00e8ve, Claude LEDERER a dix-neuf ans. La famille LEDERER remonte \u00e0 Paris, ils y retrouvent leur activit\u00e9 (pas leur logement), Claude travaille d\u00e9sormais avec ses parents \u00e0 la pelleterie.\u00a0 Entre-temps, il a rencontr\u00e9 Ginette.<br \/>\n\u00ab La guerre est pass\u00e9e par l\u00e0 \u00bb. Pour son mariage avec une catholique, il obtient donc le consentement de ses parents (ainsi que celui de la mairie, rappelons que la majorit\u00e9 est alors de vingt et un an) et \u00e9pouse Ginette le 13 avril 1946. Quinze jours apr\u00e8s, il est appel\u00e9 \u00e0 rejoindre le r\u00e9giment du train fran\u00e7ais, comme magasinier \u00ab Dix mois de service militaire et la seule chose que j\u2019ai apprise, c\u2019est \u00e0 conduire\u2026 \u00bb. Puis en 1947, nait Richard, leur fils unique. Ce n\u2019est qu\u2019en 1960 que Claude LEDERER s\u2019installe \u00e0 Bordeaux, pour des raisons de sant\u00e9. Le choix d\u2019une vie plus saine, plus tranquille. Avec son \u00e9pouse, ils ont alors pour projet de racheter la station-service situ\u00e9e cours Pasteur, mais l\u2019affaire ne se fait pas et c\u2019est finalement une bonneterie qui est ouverte, rue Saint James : CLAUDEL, textiles et confections.<\/p>\n<p class=\"font_9\">Claude LEDERER \u00e9prouve encore plus le besoin de transmettre ses valeurs, de faire part de son exp\u00e9rience. En 1970, il cr\u00e9e le mouvement d\u2019amiti\u00e9 jud\u00e9o-chr\u00e9tienne (AJC) de Bordeaux, qu\u2019il anime jusqu\u2019 \u00e0 une date r\u00e9cente. Sur cette m\u00eame lanc\u00e9e, il devient membre plus actif d\u2019associations comme la LICRA (ligue internationale contre le racisme et l\u2019antis\u00e9mitisme), et la LDH (Ligue des droits de l\u2019Homme). Avec l\u2019accord de l\u2019inspection acad\u00e9mique, il m\u00e8ne aupr\u00e8s des \u00e9coliers, coll\u00e9giens et lyc\u00e9ens, des actions de sensibilisation au respect et \u00e0 la politesse. Quarante ans de militantisme jusqu\u2019 \u00e0 mai dernier. A 88 ans, Monsieur LEDERER est, avec son \u00e9pouse Ginette, confortablement install\u00e9 \u00e0 la Maison Protestante de Retraite. Sur les conseils d\u2019un ami, il a choisi l\u2019\u00e9tablissement pour les valeurs qui lui sont ch\u00e8res : la\u00efcit\u00e9, solidarit\u00e9, famille, simplicit\u00e9 et s\u2019en trouve heureux.<span class=\"wixGuard\">\u200b<\/span><\/p>\n<p class=\"font_9\">source : <a href=\"http:\/\/www.maisonprotestante.fr\/journaux\/decembre_2014_n8.pdf\" target=\"_blank\" rel=\"nofollow noopener\" data-content=\"http:\/\/www.maisonprotestante.fr\/journaux\/decembre_2014_n8.pdf\" data-type=\"external\">lire ici<\/a><span class=\"wixGuard\">\u200b<\/span><\/p>\n<p class=\"font_9\">Le 20 mai 2014 f\u00fbt une occasion de le f\u00eater en le remerciant de ses actions, entour\u00e9 de ses proches\u00a0de Philippe Leruste, vice-pr\u00e9sident de l&rsquo;AJC et d\u00e9l\u00e9gu\u00e9 dioc\u00e9sain pour les relations avec le Juda\u00efsme\u00a0et Didier Guedj (pr\u00e9sident actuel).<br \/>\nA cette occasion , il lui fut remis un petit recueil de quelques lettres ou messages ou mails qui lui ont \u00e9t\u00e9 adress\u00e9s t\u00e9moignant de sa place et parole dans ce parcours de 60 ans d&rsquo;amiti\u00e9, de relation , de travail de La Parole ensemble, juifs et chr\u00e9tiens,\u00a0 de d\u00e9couverte de la vie qui nous anime, des liens tiss\u00e9s peu \u00e0 peu, ensemble &#8230;<\/p>\n<p class=\"font_9\">Pour Claude , ce fut un temps tr\u00e8s important qu&rsquo;il a mis en place au lendemain de la fin de la guerre , au temps du Cardinal Richaud , en collaboration avec une catholique du dioc\u00e8se . Une pierre\u00a0 dans son histoire personnelle aussi. Une ouverture \u00e0 l&rsquo;Eglise R\u00e9form\u00e9e puis aux Orthodoxes ces derniers temps .<br \/>\nUn\u00a0petit moment de m\u00e9moire et grand moment d&rsquo;amiti\u00e9.<span class=\"wixGuard\">\u200b<\/span><\/p>\n<p class=\"font_9\">Merci Claude pour ce bel h\u00e9ritage.<\/p>\n<p><img loading=\"lazy\" decoding=\"async\" class=\"alignnone size-medium wp-image-59\" src=\"http:\/\/ajc33.com\/wp-content\/uploads\/2018\/04\/lederer-300x224.jpg\" alt=\"\" width=\"300\" height=\"224\" srcset=\"https:\/\/ajc33.com\/wp-content\/uploads\/2018\/04\/lederer-300x224.jpg 300w, https:\/\/ajc33.com\/wp-content\/uploads\/2018\/04\/lederer.jpg 640w\" sizes=\"auto, (max-width: 300px) 100vw, 300px\" \/><\/p>\n","protected":false},"excerpt":{"rendered":"<p>En 1936, Claude LEDERER a dix ans, il vit une enfance tranquille \u00e0 Saint-Leu-la-For\u00eat (Val d\u2019Oise), en r\u00e9gion parisienne, ses parents se d\u00e9vouent \u00e0 leur commerce : une pelleterie. Premi\u00e8re&hellip; <a href=\"https:\/\/ajc33.com\/index.php\/page-d-exemple\/\" class=\"more-link\">Lire la suite <span class=\"screen-reader-text\">Notre histoire<\/span><\/a><\/p>\n","protected":false},"author":1,"featured_media":0,"parent":0,"menu_order":0,"comment_status":"closed","ping_status":"open","template":"","meta":{"footnotes":""},"tags":[],"class_list":["post-2","page","type-page","status-publish","hentry","without-featured-image"],"yoast_head":"<!-- This site is optimized with the Yoast SEO plugin v26.6 - https:\/\/yoast.com\/wordpress\/plugins\/seo\/ -->\n<title>Notre histoire - L&#039;amiti\u00e9 Jud\u00e9o-Chr\u00e9tienne de Bordeaux<\/title>\n<meta name=\"robots\" content=\"index, follow, max-snippet:-1, max-image-preview:large, max-video-preview:-1\" \/>\n<link rel=\"canonical\" href=\"https:\/\/ajc33.com\/index.php\/page-d-exemple\/\" \/>\n<meta property=\"og:locale\" content=\"fr_FR\" \/>\n<meta property=\"og:type\" content=\"article\" \/>\n<meta property=\"og:title\" content=\"Notre histoire - L&#039;amiti\u00e9 Jud\u00e9o-Chr\u00e9tienne de Bordeaux\" \/>\n<meta property=\"og:description\" content=\"En 1936, Claude LEDERER a dix ans, il vit une enfance tranquille \u00e0 Saint-Leu-la-For\u00eat (Val d\u2019Oise), en r\u00e9gion parisienne, ses parents se d\u00e9vouent \u00e0 leur commerce : une pelleterie. Premi\u00e8re&hellip; Lire la suite Notre histoire\" \/>\n<meta property=\"og:url\" content=\"https:\/\/ajc33.com\/index.php\/page-d-exemple\/\" \/>\n<meta property=\"og:site_name\" content=\"L&#039;amiti\u00e9 Jud\u00e9o-Chr\u00e9tienne de Bordeaux\" \/>\n<meta property=\"article:modified_time\" content=\"2018-05-01T10:25:22+00:00\" \/>\n<meta property=\"og:image\" content=\"http:\/\/ajc33.com\/wp-content\/uploads\/2018\/03\/ajc-bod.jpg\" \/>\n<meta name=\"twitter:card\" content=\"summary_large_image\" \/>\n<meta name=\"twitter:label1\" content=\"Dur\u00e9e de lecture estim\u00e9e\" \/>\n\t<meta name=\"twitter:data1\" content=\"3 minutes\" \/>\n<script type=\"application\/ld+json\" class=\"yoast-schema-graph\">{\"@context\":\"https:\/\/schema.org\",\"@graph\":[{\"@type\":\"WebPage\",\"@id\":\"https:\/\/ajc33.com\/index.php\/page-d-exemple\/\",\"url\":\"https:\/\/ajc33.com\/index.php\/page-d-exemple\/\",\"name\":\"Notre histoire - L&#039;amiti\u00e9 Jud\u00e9o-Chr\u00e9tienne de Bordeaux\",\"isPartOf\":{\"@id\":\"https:\/\/ajc33.com\/#website\"},\"primaryImageOfPage\":{\"@id\":\"https:\/\/ajc33.com\/index.php\/page-d-exemple\/#primaryimage\"},\"image\":{\"@id\":\"https:\/\/ajc33.com\/index.php\/page-d-exemple\/#primaryimage\"},\"thumbnailUrl\":\"http:\/\/ajc33.com\/wp-content\/uploads\/2018\/03\/ajc-bod.jpg\",\"datePublished\":\"2018-03-30T13:37:40+00:00\",\"dateModified\":\"2018-05-01T10:25:22+00:00\",\"breadcrumb\":{\"@id\":\"https:\/\/ajc33.com\/index.php\/page-d-exemple\/#breadcrumb\"},\"inLanguage\":\"fr-FR\",\"potentialAction\":[{\"@type\":\"ReadAction\",\"target\":[\"https:\/\/ajc33.com\/index.php\/page-d-exemple\/\"]}]},{\"@type\":\"ImageObject\",\"inLanguage\":\"fr-FR\",\"@id\":\"https:\/\/ajc33.com\/index.php\/page-d-exemple\/#primaryimage\",\"url\":\"http:\/\/ajc33.com\/wp-content\/uploads\/2018\/03\/ajc-bod.jpg\",\"contentUrl\":\"http:\/\/ajc33.com\/wp-content\/uploads\/2018\/03\/ajc-bod.jpg\"},{\"@type\":\"BreadcrumbList\",\"@id\":\"https:\/\/ajc33.com\/index.php\/page-d-exemple\/#breadcrumb\",\"itemListElement\":[{\"@type\":\"ListItem\",\"position\":1,\"name\":\"Home\",\"item\":\"https:\/\/ajc33.com\/\"},{\"@type\":\"ListItem\",\"position\":2,\"name\":\"Notre histoire\"}]},{\"@type\":\"WebSite\",\"@id\":\"https:\/\/ajc33.com\/#website\",\"url\":\"https:\/\/ajc33.com\/\",\"name\":\"L&#039;amiti\u00e9 Jud\u00e9o-Chr\u00e9tienne de Bordeaux\",\"description\":\"\",\"publisher\":{\"@id\":\"https:\/\/ajc33.com\/#organization\"},\"potentialAction\":[{\"@type\":\"SearchAction\",\"target\":{\"@type\":\"EntryPoint\",\"urlTemplate\":\"https:\/\/ajc33.com\/?s={search_term_string}\"},\"query-input\":{\"@type\":\"PropertyValueSpecification\",\"valueRequired\":true,\"valueName\":\"search_term_string\"}}],\"inLanguage\":\"fr-FR\"},{\"@type\":\"Organization\",\"@id\":\"https:\/\/ajc33.com\/#organization\",\"name\":\"L&#039;amiti\u00e9 Jud\u00e9o-Chr\u00e9tienne de Bordeaux\",\"url\":\"https:\/\/ajc33.com\/\",\"logo\":{\"@type\":\"ImageObject\",\"inLanguage\":\"fr-FR\",\"@id\":\"https:\/\/ajc33.com\/#\/schema\/logo\/image\/\",\"url\":\"https:\/\/ajc33.com\/wp-content\/uploads\/2018\/03\/cropped-ajc-bod-2.jpg\",\"contentUrl\":\"https:\/\/ajc33.com\/wp-content\/uploads\/2018\/03\/cropped-ajc-bod-2.jpg\",\"width\":200,\"height\":191,\"caption\":\"L&#039;amiti\u00e9 Jud\u00e9o-Chr\u00e9tienne de Bordeaux\"},\"image\":{\"@id\":\"https:\/\/ajc33.com\/#\/schema\/logo\/image\/\"}}]}<\/script>\n<!-- \/ Yoast SEO plugin. -->","yoast_head_json":{"title":"Notre histoire - L&#039;amiti\u00e9 Jud\u00e9o-Chr\u00e9tienne de Bordeaux","robots":{"index":"index","follow":"follow","max-snippet":"max-snippet:-1","max-image-preview":"max-image-preview:large","max-video-preview":"max-video-preview:-1"},"canonical":"https:\/\/ajc33.com\/index.php\/page-d-exemple\/","og_locale":"fr_FR","og_type":"article","og_title":"Notre histoire - L&#039;amiti\u00e9 Jud\u00e9o-Chr\u00e9tienne de Bordeaux","og_description":"En 1936, Claude LEDERER a dix ans, il vit une enfance tranquille \u00e0 Saint-Leu-la-For\u00eat (Val d\u2019Oise), en r\u00e9gion parisienne, ses parents se d\u00e9vouent \u00e0 leur commerce : une pelleterie. Premi\u00e8re&hellip; Lire la suite Notre histoire","og_url":"https:\/\/ajc33.com\/index.php\/page-d-exemple\/","og_site_name":"L&#039;amiti\u00e9 Jud\u00e9o-Chr\u00e9tienne de Bordeaux","article_modified_time":"2018-05-01T10:25:22+00:00","og_image":[{"url":"http:\/\/ajc33.com\/wp-content\/uploads\/2018\/03\/ajc-bod.jpg","type":"","width":"","height":""}],"twitter_card":"summary_large_image","twitter_misc":{"Dur\u00e9e de lecture estim\u00e9e":"3 minutes"},"schema":{"@context":"https:\/\/schema.org","@graph":[{"@type":"WebPage","@id":"https:\/\/ajc33.com\/index.php\/page-d-exemple\/","url":"https:\/\/ajc33.com\/index.php\/page-d-exemple\/","name":"Notre histoire - L&#039;amiti\u00e9 Jud\u00e9o-Chr\u00e9tienne de Bordeaux","isPartOf":{"@id":"https:\/\/ajc33.com\/#website"},"primaryImageOfPage":{"@id":"https:\/\/ajc33.com\/index.php\/page-d-exemple\/#primaryimage"},"image":{"@id":"https:\/\/ajc33.com\/index.php\/page-d-exemple\/#primaryimage"},"thumbnailUrl":"http:\/\/ajc33.com\/wp-content\/uploads\/2018\/03\/ajc-bod.jpg","datePublished":"2018-03-30T13:37:40+00:00","dateModified":"2018-05-01T10:25:22+00:00","breadcrumb":{"@id":"https:\/\/ajc33.com\/index.php\/page-d-exemple\/#breadcrumb"},"inLanguage":"fr-FR","potentialAction":[{"@type":"ReadAction","target":["https:\/\/ajc33.com\/index.php\/page-d-exemple\/"]}]},{"@type":"ImageObject","inLanguage":"fr-FR","@id":"https:\/\/ajc33.com\/index.php\/page-d-exemple\/#primaryimage","url":"http:\/\/ajc33.com\/wp-content\/uploads\/2018\/03\/ajc-bod.jpg","contentUrl":"http:\/\/ajc33.com\/wp-content\/uploads\/2018\/03\/ajc-bod.jpg"},{"@type":"BreadcrumbList","@id":"https:\/\/ajc33.com\/index.php\/page-d-exemple\/#breadcrumb","itemListElement":[{"@type":"ListItem","position":1,"name":"Home","item":"https:\/\/ajc33.com\/"},{"@type":"ListItem","position":2,"name":"Notre histoire"}]},{"@type":"WebSite","@id":"https:\/\/ajc33.com\/#website","url":"https:\/\/ajc33.com\/","name":"L&#039;amiti\u00e9 Jud\u00e9o-Chr\u00e9tienne de Bordeaux","description":"","publisher":{"@id":"https:\/\/ajc33.com\/#organization"},"potentialAction":[{"@type":"SearchAction","target":{"@type":"EntryPoint","urlTemplate":"https:\/\/ajc33.com\/?s={search_term_string}"},"query-input":{"@type":"PropertyValueSpecification","valueRequired":true,"valueName":"search_term_string"}}],"inLanguage":"fr-FR"},{"@type":"Organization","@id":"https:\/\/ajc33.com\/#organization","name":"L&#039;amiti\u00e9 Jud\u00e9o-Chr\u00e9tienne de Bordeaux","url":"https:\/\/ajc33.com\/","logo":{"@type":"ImageObject","inLanguage":"fr-FR","@id":"https:\/\/ajc33.com\/#\/schema\/logo\/image\/","url":"https:\/\/ajc33.com\/wp-content\/uploads\/2018\/03\/cropped-ajc-bod-2.jpg","contentUrl":"https:\/\/ajc33.com\/wp-content\/uploads\/2018\/03\/cropped-ajc-bod-2.jpg","width":200,"height":191,"caption":"L&#039;amiti\u00e9 Jud\u00e9o-Chr\u00e9tienne de Bordeaux"},"image":{"@id":"https:\/\/ajc33.com\/#\/schema\/logo\/image\/"}}]}},"jetpack_sharing_enabled":true,"_links":{"self":[{"href":"https:\/\/ajc33.com\/index.php\/wp-json\/wp\/v2\/pages\/2","targetHints":{"allow":["GET"]}}],"collection":[{"href":"https:\/\/ajc33.com\/index.php\/wp-json\/wp\/v2\/pages"}],"about":[{"href":"https:\/\/ajc33.com\/index.php\/wp-json\/wp\/v2\/types\/page"}],"author":[{"embeddable":true,"href":"https:\/\/ajc33.com\/index.php\/wp-json\/wp\/v2\/users\/1"}],"replies":[{"embeddable":true,"href":"https:\/\/ajc33.com\/index.php\/wp-json\/wp\/v2\/comments?post=2"}],"version-history":[{"count":8,"href":"https:\/\/ajc33.com\/index.php\/wp-json\/wp\/v2\/pages\/2\/revisions"}],"predecessor-version":[{"id":196,"href":"https:\/\/ajc33.com\/index.php\/wp-json\/wp\/v2\/pages\/2\/revisions\/196"}],"wp:attachment":[{"href":"https:\/\/ajc33.com\/index.php\/wp-json\/wp\/v2\/media?parent=2"}],"wp:term":[{"taxonomy":"post_tag","embeddable":true,"href":"https:\/\/ajc33.com\/index.php\/wp-json\/wp\/v2\/tags?post=2"}],"curies":[{"name":"wp","href":"https:\/\/api.w.org\/{rel}","templated":true}]}}